{"id":28512,"date":"2023-07-06T14:37:19","date_gmt":"2023-07-06T12:37:19","guid":{"rendered":"https:\/\/www.secureair.it\/?page_id=28512"},"modified":"2023-07-19T10:08:56","modified_gmt":"2023-07-19T08:08:56","slug":"a-propos-de-nous","status":"publish","type":"page","link":"https:\/\/www.secureair.it\/fr\/a-propos-de-nous\/","title":{"rendered":"\u00c0 propos de nous"},"content":{"rendered":"<div class=\"row mb-5\">\n<div class=\"col-md-8 pt-5\" style=\"background-color: #f5f5f5;\">\n<h2>Qualit\u00e9 et solidit\u00e9 100% made in Italy<\/h2>\n<p>La marque <strong>SECUREAIR\u00ae<\/strong> fait partie du groupe Gamma impianti, entreprise fond\u00e9e en 1990 par des professionnels du traitement de l\u2019air depuis les ann\u00e9es 70.<\/p>\n<p>Le premier si\u00e8ge historique est situ\u00e9 \u00e0 Venaria Reale et les ann\u00e9es d\u2019activit\u00e9 suivantes sont imm\u00e9diatement caract\u00e9ris\u00e9es par une croissance rapide, ce qui entra\u00eene une augmentation du personnel et des espaces n\u00e9cessaires, En 1998, la soci\u00e9t\u00e9 d\u00e9m\u00e9nage dans l\u2019actuel site de production de Borgaro Torinese.<\/p>\n<p>Actuellement, la zone de travail s\u2019\u00e9tend sur plus de 2000 m\u00e8tres carr\u00e9s qui permettent \u00e0 l\u2019entreprise de concevoir et de produire en autonomie, avec les normes de qualit\u00e9 les plus \u00e9lev\u00e9es et en total contr\u00f4le du savoir-faire propre et de ses clients.<\/p>\n<p>Lorsque vous achetez chez <strong>SECUREAIR\u00ae<\/strong> vous le faites en sachant que vous interagissez avec un groupe solide, bas\u00e9 sur une<strong> soci\u00e9t\u00e9 Italienne<\/strong> \u00e0 gestion familiale, qui en d\u00e9cembre 2022 a re\u00e7u le certificat \u00ab\u00a0<strong>CRIBIS Prime Company<\/strong>\u00a0\u00bb d\u00e9livr\u00e9 par la soci\u00e9t\u00e9 du groupe CRIF, leader en Italie dans les services pour la gestion du cr\u00e9dit commercial et le d\u00e9veloppement des affaires en Italie et \u00e0 l\u2019\u00e9tranger.<\/p>\n<p>&nbsp;<\/p>\n<\/div>\n<div class=\"col-md-4\"><img decoding=\"async\" class=\"alignnone size-medium wp-image-1531\" src=\"https:\/\/www.secureair.it\/wp-content\/uploads\/2019\/05\/produzione_Secureair2_DFC11-300x225.jpg\" alt=\"\" width=\"100%\" srcset=\"https:\/\/www.secureair.it\/wp-content\/uploads\/2019\/05\/produzione_Secureair2_DFC11-300x225.jpg 300w, https:\/\/www.secureair.it\/wp-content\/uploads\/2019\/05\/produzione_Secureair2_DFC11-600x450.jpg 600w, https:\/\/www.secureair.it\/wp-content\/uploads\/2019\/05\/produzione_Secureair2_DFC11-768x576.jpg 768w, https:\/\/www.secureair.it\/wp-content\/uploads\/2019\/05\/produzione_Secureair2_DFC11-1024x768.jpg 1024w, https:\/\/www.secureair.it\/wp-content\/uploads\/2019\/05\/produzione_Secureair2_DFC11-800x600.jpg 800w, https:\/\/www.secureair.it\/wp-content\/uploads\/2019\/05\/produzione_Secureair2_DFC11-400x300.jpg 400w, https:\/\/www.secureair.it\/wp-content\/uploads\/2019\/05\/produzione_Secureair2_DFC11.jpg 1280w\" sizes=\"(max-width: 300px) 100vw, 300px\" \/><\/div>\n<\/div>\n<div class=\"row mb-5\">\n<div class=\"col-md-4\"><img decoding=\"async\" class=\"alignnone size-medium wp-image-2915\" src=\"https:\/\/www.secureair.it\/wp-content\/uploads\/2020\/04\/produzione_depuratori-MFU-300x225.jpeg\" alt=\"\" width=\"100%\" srcset=\"https:\/\/www.secureair.it\/wp-content\/uploads\/2020\/04\/produzione_depuratori-MFU-300x225.jpeg 300w, https:\/\/www.secureair.it\/wp-content\/uploads\/2020\/04\/produzione_depuratori-MFU-600x450.jpeg 600w, https:\/\/www.secureair.it\/wp-content\/uploads\/2020\/04\/produzione_depuratori-MFU-1024x768.jpeg 1024w, https:\/\/www.secureair.it\/wp-content\/uploads\/2020\/04\/produzione_depuratori-MFU-768x576.jpeg 768w, https:\/\/www.secureair.it\/wp-content\/uploads\/2020\/04\/produzione_depuratori-MFU-800x600.jpeg 800w, https:\/\/www.secureair.it\/wp-content\/uploads\/2020\/04\/produzione_depuratori-MFU-400x300.jpeg 400w, https:\/\/www.secureair.it\/wp-content\/uploads\/2020\/04\/produzione_depuratori-MFU.jpeg 1280w\" sizes=\"(max-width: 300px) 100vw, 300px\" \/><\/div>\n<div class=\"col-md-8 pt-5\">\n<h2>Du producteur au consommateur<\/h2>\n<p>Le portail <strong>SECUREAIR\u00ae<\/strong> est sp\u00e9cialis\u00e9 dans les produits et solutions con\u00e7us pour <strong>augmenter la s\u00e9curit\u00e9 de l\u2019air dans les entreprises et les milieux professionnels.<\/strong><\/p>\n<p>Gr\u00e2ce \u00e0 plus de 30 ans d\u2019exp\u00e9rience dans ce domaine, le catalogue est compos\u00e9 <strong>d\u2019aspirateurs, bancs aspirants, \u00e9purateurs et produits<\/strong> qui ont en commun les meilleures technologies du secteur, avec l\u2019objectif de fournir des solutions <strong>efficaces et facilement utilisables par les op\u00e9rateurs<\/strong>, en les mettant en s\u00e9curit\u00e9 pendant leurs activit\u00e9s.<\/p>\n<p>Les principaux domaines d\u2019application de nos produits sont les trois phases qui s\u2019affrontent dans les processus d\u2019usinage \u00e0 l\u2019int\u00e9rieur des contextes m\u00e9tallurgiques\u00a0:<\/p>\n<ul>\n<li><a href=\"https:\/\/www.secureair.it\/categoria-prodotto\/aspiratori-fumi\/\">soudage<\/a> par \u00e9mission de fum\u00e9es et de micro-poussi\u00e8res<\/li>\n<li><a href=\"https:\/\/www.secureair.it\/categoria-prodotto\/aspiratori-polveri\/\">meulage<\/a> avec \u00e9mission de poussi\u00e8res et fum\u00e9es<\/li>\n<li><a href=\"https:\/\/www.secureair.it\/categoria-prodotto\/pareti-aspiranti\/cabine-aspiranti-verniciatura\/\">peinture<\/a> et retouches des articles<\/li>\n<\/ul>\n<p>En plus de ces domaines d\u2019application dans les <a href=\"https:\/\/www.secureair.it\/settori\/\">secteurs<\/a>, vous trouverez \u00e9galement des <a href=\"https:\/\/www.secureair.it\/categoria-prodotto\/ventilatori\/\">ventilateurs et des Torrini<\/a> pour la ventilation g\u00e9n\u00e9rale et une s\u00e9rie de tableaux, sondes et syst\u00e8mes pour compl\u00e9ter les syst\u00e8mes d\u2019aspiration en autonomie.<\/p>\n<\/div>\n<\/div>\n<div class=\"row\">\n<div class=\"col-md-8 pt-5\" style=\"background-color: #f5f5f5;\">\n<h2>Des interlocuteurs clairs et une assistance professionnelle<\/h2>\n<p><strong>Au sein de nos bureaux travaillent des professionnels et des consultants qui vous soutiendront pendant toutes les phases de contact\u00a0:<\/strong><\/p>\n<ul>\n<li><strong>Pr\u00e9vente et s\u00e9lection du produit\u00a0:<\/strong> si vous n\u2019\u00eates pas pr\u00eat \u00e0 acheter en ligne, vous pouvez demander des informations sur le produit qui vous int\u00e9resse et un <strong>consultant technique<\/strong> <strong>d\u00e9di\u00e9<\/strong> avec une exp\u00e9rience d\u2019aspiration et de purification des fum\u00e9es vous contactera dans les 24h,\u00a0 pour vous aider \u00e0 faire le bon choix en fonction de la probl\u00e9matique sp\u00e9cifique<\/li>\n<li><strong>Apr\u00e8s-vente et support technique\u00a0:<\/strong> les \u00e9ventuels probl\u00e8mes apr\u00e8s-vente, des probl\u00e8mes avec une exp\u00e9dition, aux clarifications d\u2019installation ou pour une maintenance, sont affront\u00e9s avec s\u00e9rieux enthousiasme par des filles et des gar\u00e7ons form\u00e9s pour donner le maximum du service \u00e0 nos clients.<\/li>\n<\/ul>\n<p>&nbsp;<\/p>\n<\/div>\n<div class=\"col-md-4\"><img loading=\"lazy\" decoding=\"async\" class=\"alignnone wp-image-26530 size-full\" src=\"https:\/\/www.secureair.it\/wp-content\/uploads\/2023\/06\/uffici_secureair.jpeg\" alt=\"\" width=\"1280\" height=\"960\" srcset=\"https:\/\/www.secureair.it\/wp-content\/uploads\/2023\/06\/uffici_secureair.jpeg 1280w, https:\/\/www.secureair.it\/wp-content\/uploads\/2023\/06\/uffici_secureair-300x225.jpeg 300w, https:\/\/www.secureair.it\/wp-content\/uploads\/2023\/06\/uffici_secureair-1024x768.jpeg 1024w, https:\/\/www.secureair.it\/wp-content\/uploads\/2023\/06\/uffici_secureair-768x576.jpeg 768w, https:\/\/www.secureair.it\/wp-content\/uploads\/2023\/06\/uffici_secureair-600x450.jpeg 600w, https:\/\/www.secureair.it\/wp-content\/uploads\/2023\/06\/uffici_secureair-800x600.jpeg 800w, https:\/\/www.secureair.it\/wp-content\/uploads\/2023\/06\/uffici_secureair-400x300.jpeg 400w\" sizes=\"auto, (max-width: 1280px) 100vw, 1280px\" \/><\/div>\n<\/div>\n","protected":false},"excerpt":{"rendered":"<p>Qualit\u00e9 et solidit\u00e9 100% made in Italy La marque SECUREAIR\u00ae fait partie du groupe Gamma impianti, entreprise fond\u00e9e en 1990 par des professionnels du traitement de l\u2019air depuis les ann\u00e9es 70. Le premier si\u00e8ge historique est situ\u00e9 \u00e0 Venaria Reale et les ann\u00e9es d\u2019activit\u00e9 suivantes sont imm\u00e9diatement caract\u00e9ris\u00e9es par une croissance rapide, ce qui entra\u00eene [&hellip;]<\/p>\n","protected":false},"author":1,"featured_media":0,"parent":0,"menu_order":15,"comment_status":"closed","ping_status":"closed","template":"page-chisiamo.php","meta":{"_acf_changed":false,"footnotes":""},"class_list":["post-28512","page","type-page","status-publish","hentry"],"acf":[],"yoast_head":"<!-- This site is optimized with the Yoast SEO plugin v27.4 - https:\/\/yoast.com\/product\/yoast-seo-wordpress\/ -->\n<title>\u00c0 propos de nous - Secure Air<\/title>\n<meta name=\"robots\" content=\"index, follow, max-snippet:-1, max-image-preview:large, max-video-preview:-1\" \/>\n<link rel=\"canonical\" href=\"https:\/\/www.secureair.it\/fr\/a-propos-de-nous\/\" \/>\n<meta property=\"og:locale\" content=\"fr_FR\" \/>\n<meta property=\"og:type\" content=\"article\" \/>\n<meta property=\"og:title\" content=\"\u00c0 propos de nous - Secure Air\" \/>\n<meta property=\"og:description\" content=\"Qualit\u00e9 et solidit\u00e9 100% made in Italy La marque SECUREAIR\u00ae fait partie du groupe Gamma impianti, entreprise fond\u00e9e en 1990 par des professionnels du traitement de l\u2019air depuis les ann\u00e9es 70. Le premier si\u00e8ge historique est situ\u00e9 \u00e0 Venaria Reale et les ann\u00e9es d\u2019activit\u00e9 suivantes sont imm\u00e9diatement caract\u00e9ris\u00e9es par une croissance rapide, ce qui entra\u00eene [&hellip;]\" \/>\n<meta property=\"og:url\" content=\"https:\/\/www.secureair.it\/fr\/a-propos-de-nous\/\" \/>\n<meta property=\"og:site_name\" content=\"Secure Air\" \/>\n<meta property=\"article:modified_time\" content=\"2023-07-19T08:08:56+00:00\" \/>\n<meta property=\"og:image\" content=\"https:\/\/www.secureair.it\/wp-content\/uploads\/2019\/05\/produzione_Secureair2_DFC11-300x225.jpg\" \/>\n<meta name=\"twitter:card\" content=\"summary_large_image\" \/>\n<meta name=\"twitter:label1\" content=\"Dur\u00e9e de lecture estim\u00e9e\" \/>\n\t<meta name=\"twitter:data1\" content=\"4 minutes\" \/>\n<script type=\"application\/ld+json\" class=\"yoast-schema-graph\">{\"@context\":\"https:\\\/\\\/schema.org\",\"@graph\":[{\"@type\":\"WebPage\",\"@id\":\"https:\\\/\\\/www.secureair.it\\\/fr\\\/a-propos-de-nous\\\/\",\"url\":\"https:\\\/\\\/www.secureair.it\\\/fr\\\/a-propos-de-nous\\\/\",\"name\":\"\u00c0 propos de nous - Secure Air\",\"isPartOf\":{\"@id\":\"https:\\\/\\\/www.secureair.it\\\/#website\"},\"primaryImageOfPage\":{\"@id\":\"https:\\\/\\\/www.secureair.it\\\/fr\\\/a-propos-de-nous\\\/#primaryimage\"},\"image\":{\"@id\":\"https:\\\/\\\/www.secureair.it\\\/fr\\\/a-propos-de-nous\\\/#primaryimage\"},\"thumbnailUrl\":\"https:\\\/\\\/www.secureair.it\\\/wp-content\\\/uploads\\\/2019\\\/05\\\/produzione_Secureair2_DFC11-300x225.jpg\",\"datePublished\":\"2023-07-06T12:37:19+00:00\",\"dateModified\":\"2023-07-19T08:08:56+00:00\",\"breadcrumb\":{\"@id\":\"https:\\\/\\\/www.secureair.it\\\/fr\\\/a-propos-de-nous\\\/#breadcrumb\"},\"inLanguage\":\"fr-FR\",\"potentialAction\":[{\"@type\":\"ReadAction\",\"target\":[\"https:\\\/\\\/www.secureair.it\\\/fr\\\/a-propos-de-nous\\\/\"]}]},{\"@type\":\"ImageObject\",\"inLanguage\":\"fr-FR\",\"@id\":\"https:\\\/\\\/www.secureair.it\\\/fr\\\/a-propos-de-nous\\\/#primaryimage\",\"url\":\"https:\\\/\\\/www.secureair.it\\\/wp-content\\\/uploads\\\/2019\\\/05\\\/produzione_Secureair2_DFC11-300x225.jpg\",\"contentUrl\":\"https:\\\/\\\/www.secureair.it\\\/wp-content\\\/uploads\\\/2019\\\/05\\\/produzione_Secureair2_DFC11-300x225.jpg\"},{\"@type\":\"BreadcrumbList\",\"@id\":\"https:\\\/\\\/www.secureair.it\\\/fr\\\/a-propos-de-nous\\\/#breadcrumb\",\"itemListElement\":[{\"@type\":\"ListItem\",\"position\":1,\"name\":\"Home\",\"item\":\"https:\\\/\\\/www.secureair.it\\\/fr\\\/\"},{\"@type\":\"ListItem\",\"position\":2,\"name\":\"\u00c0 propos de nous\"}]},{\"@type\":\"WebSite\",\"@id\":\"https:\\\/\\\/www.secureair.it\\\/#website\",\"url\":\"https:\\\/\\\/www.secureair.it\\\/\",\"name\":\"Secure Air\",\"description\":\"Sistemi di aspirazione professionali\",\"potentialAction\":[{\"@type\":\"SearchAction\",\"target\":{\"@type\":\"EntryPoint\",\"urlTemplate\":\"https:\\\/\\\/www.secureair.it\\\/?s={search_term_string}\"},\"query-input\":{\"@type\":\"PropertyValueSpecification\",\"valueRequired\":true,\"valueName\":\"search_term_string\"}}],\"inLanguage\":\"fr-FR\"}]}<\/script>\n<!-- \/ Yoast SEO plugin. -->","yoast_head_json":{"title":"\u00c0 propos de nous - Secure Air","robots":{"index":"index","follow":"follow","max-snippet":"max-snippet:-1","max-image-preview":"max-image-preview:large","max-video-preview":"max-video-preview:-1"},"canonical":"https:\/\/www.secureair.it\/fr\/a-propos-de-nous\/","og_locale":"fr_FR","og_type":"article","og_title":"\u00c0 propos de nous - Secure Air","og_description":"Qualit\u00e9 et solidit\u00e9 100% made in Italy La marque SECUREAIR\u00ae fait partie du groupe Gamma impianti, entreprise fond\u00e9e en 1990 par des professionnels du traitement de l\u2019air depuis les ann\u00e9es 70. Le premier si\u00e8ge historique est situ\u00e9 \u00e0 Venaria Reale et les ann\u00e9es d\u2019activit\u00e9 suivantes sont imm\u00e9diatement caract\u00e9ris\u00e9es par une croissance rapide, ce qui entra\u00eene [&hellip;]","og_url":"https:\/\/www.secureair.it\/fr\/a-propos-de-nous\/","og_site_name":"Secure Air","article_modified_time":"2023-07-19T08:08:56+00:00","og_image":[{"url":"https:\/\/www.secureair.it\/wp-content\/uploads\/2019\/05\/produzione_Secureair2_DFC11-300x225.jpg","type":"","width":"","height":""}],"twitter_card":"summary_large_image","twitter_misc":{"Dur\u00e9e de lecture estim\u00e9e":"4 minutes"},"schema":{"@context":"https:\/\/schema.org","@graph":[{"@type":"WebPage","@id":"https:\/\/www.secureair.it\/fr\/a-propos-de-nous\/","url":"https:\/\/www.secureair.it\/fr\/a-propos-de-nous\/","name":"\u00c0 propos de nous - Secure Air","isPartOf":{"@id":"https:\/\/www.secureair.it\/#website"},"primaryImageOfPage":{"@id":"https:\/\/www.secureair.it\/fr\/a-propos-de-nous\/#primaryimage"},"image":{"@id":"https:\/\/www.secureair.it\/fr\/a-propos-de-nous\/#primaryimage"},"thumbnailUrl":"https:\/\/www.secureair.it\/wp-content\/uploads\/2019\/05\/produzione_Secureair2_DFC11-300x225.jpg","datePublished":"2023-07-06T12:37:19+00:00","dateModified":"2023-07-19T08:08:56+00:00","breadcrumb":{"@id":"https:\/\/www.secureair.it\/fr\/a-propos-de-nous\/#breadcrumb"},"inLanguage":"fr-FR","potentialAction":[{"@type":"ReadAction","target":["https:\/\/www.secureair.it\/fr\/a-propos-de-nous\/"]}]},{"@type":"ImageObject","inLanguage":"fr-FR","@id":"https:\/\/www.secureair.it\/fr\/a-propos-de-nous\/#primaryimage","url":"https:\/\/www.secureair.it\/wp-content\/uploads\/2019\/05\/produzione_Secureair2_DFC11-300x225.jpg","contentUrl":"https:\/\/www.secureair.it\/wp-content\/uploads\/2019\/05\/produzione_Secureair2_DFC11-300x225.jpg"},{"@type":"BreadcrumbList","@id":"https:\/\/www.secureair.it\/fr\/a-propos-de-nous\/#breadcrumb","itemListElement":[{"@type":"ListItem","position":1,"name":"Home","item":"https:\/\/www.secureair.it\/fr\/"},{"@type":"ListItem","position":2,"name":"\u00c0 propos de nous"}]},{"@type":"WebSite","@id":"https:\/\/www.secureair.it\/#website","url":"https:\/\/www.secureair.it\/","name":"Secure Air","description":"Sistemi di aspirazione professionali","potentialAction":[{"@type":"SearchAction","target":{"@type":"EntryPoint","urlTemplate":"https:\/\/www.secureair.it\/?s={search_term_string}"},"query-input":{"@type":"PropertyValueSpecification","valueRequired":true,"valueName":"search_term_string"}}],"inLanguage":"fr-FR"}]}},"_links":{"self":[{"href":"https:\/\/www.secureair.it\/fr\/wp-json\/wp\/v2\/pages\/28512","targetHints":{"allow":["GET"]}}],"collection":[{"href":"https:\/\/www.secureair.it\/fr\/wp-json\/wp\/v2\/pages"}],"about":[{"href":"https:\/\/www.secureair.it\/fr\/wp-json\/wp\/v2\/types\/page"}],"author":[{"embeddable":true,"href":"https:\/\/www.secureair.it\/fr\/wp-json\/wp\/v2\/users\/1"}],"replies":[{"embeddable":true,"href":"https:\/\/www.secureair.it\/fr\/wp-json\/wp\/v2\/comments?post=28512"}],"version-history":[{"count":7,"href":"https:\/\/www.secureair.it\/fr\/wp-json\/wp\/v2\/pages\/28512\/revisions"}],"predecessor-version":[{"id":28997,"href":"https:\/\/www.secureair.it\/fr\/wp-json\/wp\/v2\/pages\/28512\/revisions\/28997"}],"wp:attachment":[{"href":"https:\/\/www.secureair.it\/fr\/wp-json\/wp\/v2\/media?parent=28512"}],"curies":[{"name":"wp","href":"https:\/\/api.w.org\/{rel}","templated":true}]}}