{"id":28519,"date":"2023-07-06T15:07:52","date_gmt":"2023-07-06T13:07:52","guid":{"rendered":"https:\/\/www.secureair.it\/?page_id=28519"},"modified":"2023-07-19T12:49:29","modified_gmt":"2023-07-19T10:49:29","slug":"domaines-dapplication","status":"publish","type":"page","link":"https:\/\/www.secureair.it\/fr\/domaines-dapplication\/","title":{"rendered":"Domaines d&rsquo;application"},"content":{"rendered":"<p>S\u00e9lectionnez le domaine d\u2019application pour afficher tous les produits sp\u00e9cifiques et solutions techniques con\u00e7ues pour l\u2019aspiration et l\u2019\u00e9puration des fum\u00e9es, poussi\u00e8res, gaz, vapeurs, brouillards et polluants a\u00e9roport\u00e9s.<\/p>\n<p>Chaque produit ou \u00e9quipement est d\u00e9velopp\u00e9 et s\u00e9lectionn\u00e9 en fonction des besoins de nos clients, transform\u00e9s en projets pendant plus de trente ans d\u2019activit\u00e9.<\/p>\n","protected":false},"excerpt":{"rendered":"<p>S\u00e9lectionnez le domaine d\u2019application pour afficher tous les produits sp\u00e9cifiques et solutions techniques con\u00e7ues pour l\u2019aspiration et l\u2019\u00e9puration des fum\u00e9es, poussi\u00e8res, gaz, vapeurs, brouillards et polluants a\u00e9roport\u00e9s. Chaque produit ou \u00e9quipement est d\u00e9velopp\u00e9 et s\u00e9lectionn\u00e9 en fonction des besoins de nos clients, transform\u00e9s en projets pendant plus de trente ans d\u2019activit\u00e9.<\/p>\n","protected":false},"author":1,"featured_media":0,"parent":0,"menu_order":25,"comment_status":"closed","ping_status":"closed","template":"page-settoriapplicazioni.php","meta":{"_acf_changed":false,"footnotes":""},"class_list":["post-28519","page","type-page","status-publish","hentry"],"acf":[],"yoast_head":"<!-- This site is optimized with the Yoast SEO plugin v27.4 - https:\/\/yoast.com\/product\/yoast-seo-wordpress\/ -->\n<title>Domaines d&#039;application - Secure Air<\/title>\n<meta name=\"robots\" content=\"index, follow, max-snippet:-1, max-image-preview:large, max-video-preview:-1\" \/>\n<link rel=\"canonical\" href=\"https:\/\/www.secureair.it\/fr\/domaines-dapplication\/\" \/>\n<meta property=\"og:locale\" content=\"fr_FR\" \/>\n<meta property=\"og:type\" content=\"article\" \/>\n<meta property=\"og:title\" content=\"Domaines d&#039;application - Secure Air\" \/>\n<meta property=\"og:description\" content=\"S\u00e9lectionnez le domaine d\u2019application pour afficher tous les produits sp\u00e9cifiques et solutions techniques con\u00e7ues pour l\u2019aspiration et l\u2019\u00e9puration des fum\u00e9es, poussi\u00e8res, gaz, vapeurs, brouillards et polluants a\u00e9roport\u00e9s. Chaque produit ou \u00e9quipement est d\u00e9velopp\u00e9 et s\u00e9lectionn\u00e9 en fonction des besoins de nos clients, transform\u00e9s en projets pendant plus de trente ans d\u2019activit\u00e9.\" \/>\n<meta property=\"og:url\" content=\"https:\/\/www.secureair.it\/fr\/domaines-dapplication\/\" \/>\n<meta property=\"og:site_name\" content=\"Secure Air\" \/>\n<meta property=\"article:modified_time\" content=\"2023-07-19T10:49:29+00:00\" \/>\n<meta name=\"twitter:card\" content=\"summary_large_image\" \/>\n<meta name=\"twitter:label1\" content=\"Dur\u00e9e de lecture estim\u00e9e\" \/>\n\t<meta name=\"twitter:data1\" content=\"1 minute\" \/>\n<script type=\"application\/ld+json\" class=\"yoast-schema-graph\">{\"@context\":\"https:\\\/\\\/schema.org\",\"@graph\":[{\"@type\":\"WebPage\",\"@id\":\"https:\\\/\\\/www.secureair.it\\\/fr\\\/domaines-dapplication\\\/\",\"url\":\"https:\\\/\\\/www.secureair.it\\\/fr\\\/domaines-dapplication\\\/\",\"name\":\"Domaines d'application - Secure Air\",\"isPartOf\":{\"@id\":\"https:\\\/\\\/www.secureair.it\\\/#website\"},\"datePublished\":\"2023-07-06T13:07:52+00:00\",\"dateModified\":\"2023-07-19T10:49:29+00:00\",\"breadcrumb\":{\"@id\":\"https:\\\/\\\/www.secureair.it\\\/fr\\\/domaines-dapplication\\\/#breadcrumb\"},\"inLanguage\":\"fr-FR\",\"potentialAction\":[{\"@type\":\"ReadAction\",\"target\":[\"https:\\\/\\\/www.secureair.it\\\/fr\\\/domaines-dapplication\\\/\"]}]},{\"@type\":\"BreadcrumbList\",\"@id\":\"https:\\\/\\\/www.secureair.it\\\/fr\\\/domaines-dapplication\\\/#breadcrumb\",\"itemListElement\":[{\"@type\":\"ListItem\",\"position\":1,\"name\":\"Home\",\"item\":\"https:\\\/\\\/www.secureair.it\\\/fr\\\/\"},{\"@type\":\"ListItem\",\"position\":2,\"name\":\"Domaines d&#8217;application\"}]},{\"@type\":\"WebSite\",\"@id\":\"https:\\\/\\\/www.secureair.it\\\/#website\",\"url\":\"https:\\\/\\\/www.secureair.it\\\/\",\"name\":\"Secure Air\",\"description\":\"Sistemi di aspirazione professionali\",\"potentialAction\":[{\"@type\":\"SearchAction\",\"target\":{\"@type\":\"EntryPoint\",\"urlTemplate\":\"https:\\\/\\\/www.secureair.it\\\/?s={search_term_string}\"},\"query-input\":{\"@type\":\"PropertyValueSpecification\",\"valueRequired\":true,\"valueName\":\"search_term_string\"}}],\"inLanguage\":\"fr-FR\"}]}<\/script>\n<!-- \/ Yoast SEO plugin. -->","yoast_head_json":{"title":"Domaines d'application - Secure Air","robots":{"index":"index","follow":"follow","max-snippet":"max-snippet:-1","max-image-preview":"max-image-preview:large","max-video-preview":"max-video-preview:-1"},"canonical":"https:\/\/www.secureair.it\/fr\/domaines-dapplication\/","og_locale":"fr_FR","og_type":"article","og_title":"Domaines d'application - Secure Air","og_description":"S\u00e9lectionnez le domaine d\u2019application pour afficher tous les produits sp\u00e9cifiques et solutions techniques con\u00e7ues pour l\u2019aspiration et l\u2019\u00e9puration des fum\u00e9es, poussi\u00e8res, gaz, vapeurs, brouillards et polluants a\u00e9roport\u00e9s. Chaque produit ou \u00e9quipement est d\u00e9velopp\u00e9 et s\u00e9lectionn\u00e9 en fonction des besoins de nos clients, transform\u00e9s en projets pendant plus de trente ans d\u2019activit\u00e9.","og_url":"https:\/\/www.secureair.it\/fr\/domaines-dapplication\/","og_site_name":"Secure Air","article_modified_time":"2023-07-19T10:49:29+00:00","twitter_card":"summary_large_image","twitter_misc":{"Dur\u00e9e de lecture estim\u00e9e":"1 minute"},"schema":{"@context":"https:\/\/schema.org","@graph":[{"@type":"WebPage","@id":"https:\/\/www.secureair.it\/fr\/domaines-dapplication\/","url":"https:\/\/www.secureair.it\/fr\/domaines-dapplication\/","name":"Domaines d'application - Secure Air","isPartOf":{"@id":"https:\/\/www.secureair.it\/#website"},"datePublished":"2023-07-06T13:07:52+00:00","dateModified":"2023-07-19T10:49:29+00:00","breadcrumb":{"@id":"https:\/\/www.secureair.it\/fr\/domaines-dapplication\/#breadcrumb"},"inLanguage":"fr-FR","potentialAction":[{"@type":"ReadAction","target":["https:\/\/www.secureair.it\/fr\/domaines-dapplication\/"]}]},{"@type":"BreadcrumbList","@id":"https:\/\/www.secureair.it\/fr\/domaines-dapplication\/#breadcrumb","itemListElement":[{"@type":"ListItem","position":1,"name":"Home","item":"https:\/\/www.secureair.it\/fr\/"},{"@type":"ListItem","position":2,"name":"Domaines d&#8217;application"}]},{"@type":"WebSite","@id":"https:\/\/www.secureair.it\/#website","url":"https:\/\/www.secureair.it\/","name":"Secure Air","description":"Sistemi di aspirazione professionali","potentialAction":[{"@type":"SearchAction","target":{"@type":"EntryPoint","urlTemplate":"https:\/\/www.secureair.it\/?s={search_term_string}"},"query-input":{"@type":"PropertyValueSpecification","valueRequired":true,"valueName":"search_term_string"}}],"inLanguage":"fr-FR"}]}},"_links":{"self":[{"href":"https:\/\/www.secureair.it\/fr\/wp-json\/wp\/v2\/pages\/28519","targetHints":{"allow":["GET"]}}],"collection":[{"href":"https:\/\/www.secureair.it\/fr\/wp-json\/wp\/v2\/pages"}],"about":[{"href":"https:\/\/www.secureair.it\/fr\/wp-json\/wp\/v2\/types\/page"}],"author":[{"embeddable":true,"href":"https:\/\/www.secureair.it\/fr\/wp-json\/wp\/v2\/users\/1"}],"replies":[{"embeddable":true,"href":"https:\/\/www.secureair.it\/fr\/wp-json\/wp\/v2\/comments?post=28519"}],"version-history":[{"count":3,"href":"https:\/\/www.secureair.it\/fr\/wp-json\/wp\/v2\/pages\/28519\/revisions"}],"predecessor-version":[{"id":29018,"href":"https:\/\/www.secureair.it\/fr\/wp-json\/wp\/v2\/pages\/28519\/revisions\/29018"}],"wp:attachment":[{"href":"https:\/\/www.secureair.it\/fr\/wp-json\/wp\/v2\/media?parent=28519"}],"curies":[{"name":"wp","href":"https:\/\/api.w.org\/{rel}","templated":true}]}}