{"id":28529,"date":"2022-12-20T12:48:30","date_gmt":"2022-12-20T11:48:30","guid":{"rendered":"https:\/\/www.secureair.it\/le-nostre-offerte\/"},"modified":"2023-09-11T09:08:50","modified_gmt":"2023-09-11T07:08:50","slug":"le-nostre-offerte","status":"publish","type":"page","link":"https:\/\/www.secureair.it\/fr\/le-nostre-offerte\/","title":{"rendered":"Offres"},"content":{"rendered":"<p>Nous s\u00e9lectionnons p\u00e9riodiquement une s\u00e9rie de produits et d\u2019\u00e9quipements, propos\u00e9s \u00e0 des conditions sp\u00e9ciales et en livraison rapide.<\/p>\n<p>Les quantit\u00e9s sont limit\u00e9es et jusqu\u2019\u00e0 \u00e9puisement des stocks, nous vous conseillons donc de revenir p\u00e9riodiquement pour saisir de nouvelles opportunit\u00e9s importantes !<\/p>\n","protected":false},"excerpt":{"rendered":"<p>Nous s\u00e9lectionnons p\u00e9riodiquement une s\u00e9rie de produits et d\u2019\u00e9quipements, propos\u00e9s \u00e0 des conditions sp\u00e9ciales et en livraison rapide. Les quantit\u00e9s sont limit\u00e9es et jusqu\u2019\u00e0 \u00e9puisement des stocks, nous vous conseillons donc de revenir p\u00e9riodiquement pour saisir de nouvelles opportunit\u00e9s importantes !<\/p>\n","protected":false},"author":1,"featured_media":27249,"parent":0,"menu_order":6,"comment_status":"closed","ping_status":"closed","template":"page-offerte.php","meta":{"_acf_changed":false,"footnotes":""},"class_list":["post-28529","page","type-page","status-publish","has-post-thumbnail","hentry"],"acf":[],"yoast_head":"<!-- This site is optimized with the Yoast SEO plugin v27.4 - https:\/\/yoast.com\/product\/yoast-seo-wordpress\/ -->\n<title>Offerte Sistemi di Aspirazione Professionali - Secure Air<\/title>\n<meta name=\"description\" content=\"Selezioniamo periodicamente prodotti ed apparecchiature per l&#039;aspirazione, proposte in offerta a condizioni speciali ed in consegna rapida.\" \/>\n<meta name=\"robots\" content=\"index, follow, max-snippet:-1, max-image-preview:large, max-video-preview:-1\" \/>\n<link rel=\"canonical\" href=\"https:\/\/www.secureair.it\/fr\/le-nostre-offerte\/\" \/>\n<meta property=\"og:locale\" content=\"fr_FR\" \/>\n<meta property=\"og:type\" content=\"article\" \/>\n<meta property=\"og:title\" content=\"Offerte Sistemi di Aspirazione Professionali - Secure Air\" \/>\n<meta property=\"og:description\" content=\"Selezioniamo periodicamente prodotti ed apparecchiature per l&#039;aspirazione, proposte in offerta a condizioni speciali ed in consegna rapida.\" \/>\n<meta property=\"og:url\" content=\"https:\/\/www.secureair.it\/fr\/le-nostre-offerte\/\" \/>\n<meta property=\"og:site_name\" content=\"Secure Air\" \/>\n<meta property=\"article:modified_time\" content=\"2023-09-11T07:08:50+00:00\" \/>\n<meta property=\"og:image\" content=\"https:\/\/www.secureair.it\/wp-content\/uploads\/2020\/08\/aspiratore_mobile_spazi_confinatiFVS1.jpg\" \/>\n\t<meta property=\"og:image:width\" content=\"1280\" \/>\n\t<meta property=\"og:image:height\" content=\"903\" \/>\n\t<meta property=\"og:image:type\" content=\"image\/jpeg\" \/>\n<meta name=\"twitter:card\" content=\"summary_large_image\" \/>\n<meta name=\"twitter:label1\" content=\"Dur\u00e9e de lecture estim\u00e9e\" \/>\n\t<meta name=\"twitter:data1\" content=\"1 minute\" \/>\n<script type=\"application\/ld+json\" class=\"yoast-schema-graph\">{\"@context\":\"https:\\\/\\\/schema.org\",\"@graph\":[{\"@type\":\"WebPage\",\"@id\":\"https:\\\/\\\/www.secureair.it\\\/fr\\\/le-nostre-offerte\\\/\",\"url\":\"https:\\\/\\\/www.secureair.it\\\/fr\\\/le-nostre-offerte\\\/\",\"name\":\"Offerte Sistemi di Aspirazione Professionali - Secure Air\",\"isPartOf\":{\"@id\":\"https:\\\/\\\/www.secureair.it\\\/#website\"},\"primaryImageOfPage\":{\"@id\":\"https:\\\/\\\/www.secureair.it\\\/fr\\\/le-nostre-offerte\\\/#primaryimage\"},\"image\":{\"@id\":\"https:\\\/\\\/www.secureair.it\\\/fr\\\/le-nostre-offerte\\\/#primaryimage\"},\"thumbnailUrl\":\"https:\\\/\\\/www.secureair.it\\\/wp-content\\\/uploads\\\/2020\\\/08\\\/aspiratore_mobile_spazi_confinatiFVS1.jpg\",\"datePublished\":\"2022-12-20T11:48:30+00:00\",\"dateModified\":\"2023-09-11T07:08:50+00:00\",\"description\":\"Selezioniamo periodicamente prodotti ed apparecchiature per l'aspirazione, proposte in offerta a condizioni speciali ed in consegna rapida.\",\"breadcrumb\":{\"@id\":\"https:\\\/\\\/www.secureair.it\\\/fr\\\/le-nostre-offerte\\\/#breadcrumb\"},\"inLanguage\":\"fr-FR\",\"potentialAction\":[{\"@type\":\"ReadAction\",\"target\":[\"https:\\\/\\\/www.secureair.it\\\/fr\\\/le-nostre-offerte\\\/\"]}]},{\"@type\":\"ImageObject\",\"inLanguage\":\"fr-FR\",\"@id\":\"https:\\\/\\\/www.secureair.it\\\/fr\\\/le-nostre-offerte\\\/#primaryimage\",\"url\":\"https:\\\/\\\/www.secureair.it\\\/wp-content\\\/uploads\\\/2020\\\/08\\\/aspiratore_mobile_spazi_confinatiFVS1.jpg\",\"contentUrl\":\"https:\\\/\\\/www.secureair.it\\\/wp-content\\\/uploads\\\/2020\\\/08\\\/aspiratore_mobile_spazi_confinatiFVS1.jpg\",\"width\":1280,\"height\":903},{\"@type\":\"BreadcrumbList\",\"@id\":\"https:\\\/\\\/www.secureair.it\\\/fr\\\/le-nostre-offerte\\\/#breadcrumb\",\"itemListElement\":[{\"@type\":\"ListItem\",\"position\":1,\"name\":\"Home\",\"item\":\"https:\\\/\\\/www.secureair.it\\\/fr\\\/\"},{\"@type\":\"ListItem\",\"position\":2,\"name\":\"Offres\"}]},{\"@type\":\"WebSite\",\"@id\":\"https:\\\/\\\/www.secureair.it\\\/#website\",\"url\":\"https:\\\/\\\/www.secureair.it\\\/\",\"name\":\"Secure Air\",\"description\":\"Sistemi di aspirazione professionali\",\"potentialAction\":[{\"@type\":\"SearchAction\",\"target\":{\"@type\":\"EntryPoint\",\"urlTemplate\":\"https:\\\/\\\/www.secureair.it\\\/?s={search_term_string}\"},\"query-input\":{\"@type\":\"PropertyValueSpecification\",\"valueRequired\":true,\"valueName\":\"search_term_string\"}}],\"inLanguage\":\"fr-FR\"}]}<\/script>\n<!-- \/ Yoast SEO plugin. -->","yoast_head_json":{"title":"Offerte Sistemi di Aspirazione Professionali - Secure Air","description":"Selezioniamo periodicamente prodotti ed apparecchiature per l'aspirazione, proposte in offerta a condizioni speciali ed in consegna rapida.","robots":{"index":"index","follow":"follow","max-snippet":"max-snippet:-1","max-image-preview":"max-image-preview:large","max-video-preview":"max-video-preview:-1"},"canonical":"https:\/\/www.secureair.it\/fr\/le-nostre-offerte\/","og_locale":"fr_FR","og_type":"article","og_title":"Offerte Sistemi di Aspirazione Professionali - Secure Air","og_description":"Selezioniamo periodicamente prodotti ed apparecchiature per l'aspirazione, proposte in offerta a condizioni speciali ed in consegna rapida.","og_url":"https:\/\/www.secureair.it\/fr\/le-nostre-offerte\/","og_site_name":"Secure Air","article_modified_time":"2023-09-11T07:08:50+00:00","og_image":[{"width":1280,"height":903,"url":"https:\/\/www.secureair.it\/wp-content\/uploads\/2020\/08\/aspiratore_mobile_spazi_confinatiFVS1.jpg","type":"image\/jpeg"}],"twitter_card":"summary_large_image","twitter_misc":{"Dur\u00e9e de lecture estim\u00e9e":"1 minute"},"schema":{"@context":"https:\/\/schema.org","@graph":[{"@type":"WebPage","@id":"https:\/\/www.secureair.it\/fr\/le-nostre-offerte\/","url":"https:\/\/www.secureair.it\/fr\/le-nostre-offerte\/","name":"Offerte Sistemi di Aspirazione Professionali - Secure Air","isPartOf":{"@id":"https:\/\/www.secureair.it\/#website"},"primaryImageOfPage":{"@id":"https:\/\/www.secureair.it\/fr\/le-nostre-offerte\/#primaryimage"},"image":{"@id":"https:\/\/www.secureair.it\/fr\/le-nostre-offerte\/#primaryimage"},"thumbnailUrl":"https:\/\/www.secureair.it\/wp-content\/uploads\/2020\/08\/aspiratore_mobile_spazi_confinatiFVS1.jpg","datePublished":"2022-12-20T11:48:30+00:00","dateModified":"2023-09-11T07:08:50+00:00","description":"Selezioniamo periodicamente prodotti ed apparecchiature per l'aspirazione, proposte in offerta a condizioni speciali ed in consegna rapida.","breadcrumb":{"@id":"https:\/\/www.secureair.it\/fr\/le-nostre-offerte\/#breadcrumb"},"inLanguage":"fr-FR","potentialAction":[{"@type":"ReadAction","target":["https:\/\/www.secureair.it\/fr\/le-nostre-offerte\/"]}]},{"@type":"ImageObject","inLanguage":"fr-FR","@id":"https:\/\/www.secureair.it\/fr\/le-nostre-offerte\/#primaryimage","url":"https:\/\/www.secureair.it\/wp-content\/uploads\/2020\/08\/aspiratore_mobile_spazi_confinatiFVS1.jpg","contentUrl":"https:\/\/www.secureair.it\/wp-content\/uploads\/2020\/08\/aspiratore_mobile_spazi_confinatiFVS1.jpg","width":1280,"height":903},{"@type":"BreadcrumbList","@id":"https:\/\/www.secureair.it\/fr\/le-nostre-offerte\/#breadcrumb","itemListElement":[{"@type":"ListItem","position":1,"name":"Home","item":"https:\/\/www.secureair.it\/fr\/"},{"@type":"ListItem","position":2,"name":"Offres"}]},{"@type":"WebSite","@id":"https:\/\/www.secureair.it\/#website","url":"https:\/\/www.secureair.it\/","name":"Secure Air","description":"Sistemi di aspirazione professionali","potentialAction":[{"@type":"SearchAction","target":{"@type":"EntryPoint","urlTemplate":"https:\/\/www.secureair.it\/?s={search_term_string}"},"query-input":{"@type":"PropertyValueSpecification","valueRequired":true,"valueName":"search_term_string"}}],"inLanguage":"fr-FR"}]}},"_links":{"self":[{"href":"https:\/\/www.secureair.it\/fr\/wp-json\/wp\/v2\/pages\/28529","targetHints":{"allow":["GET"]}}],"collection":[{"href":"https:\/\/www.secureair.it\/fr\/wp-json\/wp\/v2\/pages"}],"about":[{"href":"https:\/\/www.secureair.it\/fr\/wp-json\/wp\/v2\/types\/page"}],"author":[{"embeddable":true,"href":"https:\/\/www.secureair.it\/fr\/wp-json\/wp\/v2\/users\/1"}],"replies":[{"embeddable":true,"href":"https:\/\/www.secureair.it\/fr\/wp-json\/wp\/v2\/comments?post=28529"}],"version-history":[{"count":2,"href":"https:\/\/www.secureair.it\/fr\/wp-json\/wp\/v2\/pages\/28529\/revisions"}],"predecessor-version":[{"id":29473,"href":"https:\/\/www.secureair.it\/fr\/wp-json\/wp\/v2\/pages\/28529\/revisions\/29473"}],"wp:featuredmedia":[{"embeddable":true,"href":"https:\/\/www.secureair.it\/fr\/wp-json\/wp\/v2\/media\/27249"}],"wp:attachment":[{"href":"https:\/\/www.secureair.it\/fr\/wp-json\/wp\/v2\/media?parent=28529"}],"curies":[{"name":"wp","href":"https:\/\/api.w.org\/{rel}","templated":true}]}}