{"id":29005,"date":"2018-08-20T17:04:09","date_gmt":"2018-08-20T15:04:09","guid":{"rendered":"https:\/\/www.secureair.it\/a-propos-de-nous\/reference-standards\/"},"modified":"2023-07-19T11:45:03","modified_gmt":"2023-07-19T09:45:03","slug":"normes-de-reference","status":"publish","type":"page","link":"https:\/\/www.secureair.it\/fr\/a-propos-de-nous\/normes-de-reference\/","title":{"rendered":"Normes de r\u00e9f\u00e9rence"},"content":{"rendered":"<div class=\"page\" title=\"Page 3\">\n<div class=\"section\">\n<div class=\"layoutArea\">\n<div class=\"column\">\n<p>Les syst\u00e8mes d\u2019aspiration et les syst\u00e8mes de filtration de l\u2019air doivent satisfaire \u00e0 des exigences r\u00e9glementaires pr\u00e9cises afin de prot\u00e9ger la qualit\u00e9 de l\u2019air dans l\u2019environnement de travail et la sant\u00e9 de ceux qui y travaillent.<\/p>\n<p>La r\u00e9glementation de r\u00e9f\u00e9rence <strong>en ce qui concerne le milieu de travail et le D.lgs. n. 81 de 2008<\/strong> \u00ab\u00a0<em>Protection de la sant\u00e9 et de la s\u00e9curit\u00e9 sur les lieux de travail<\/em>\u00a0\u00bb qui a remplac\u00e9 les pr\u00e9c\u00e9dents en la mati\u00e8re tels que le D.P.R. n. 303\/56 \u00ab\u00a0R\u00e8gles g\u00e9n\u00e9rales pour l\u2019hygi\u00e8ne du travail\u00a0\u00bb, le D.P.R. n. 547\/55 \u00ab\u00a0R\u00e8gles pour la pr\u00e9vention des accidents du travail\u00a0\u00bb et le D\u00e9cret L\u00e9gislatif n. 626\/94 \u00ab\u00a0Mise en \u0153uvre des directives CEE concernant l\u2019am\u00e9lioration de la s\u00e9curit\u00e9 et de la sant\u00e9 des travailleurs au travail\u00a0\u00bb la tr\u00e8s c\u00e9l\u00e8bre \u00ab\u00a0626\u00a0\u00bb.<\/p>\n<p><strong>Le D.lgs. n. 81 de 2008 met en \u00e9vidence en plusieurs points l\u2019obligation des syst\u00e8mes d\u2019aspiration localis\u00e9e<\/strong>, \u00e0 l\u2019annexe IV &#8211; Exigences des lieux de travail, aux points 2.1.5. \/ 2.2.2. et encore \u00e0 l\u2019annexe V &#8211; Prescriptions de s\u00e9curit\u00e9 des \u00e9quipements de travail, au point 4.1.<\/p>\n<p>Les contr\u00f4les sur cette mati\u00e8re sont confi\u00e9s \u00e0 l\u2019ASL territorialement comp\u00e9tente par l\u2019interm\u00e9diaire du SHST (Service d\u2019hygi\u00e8ne et de s\u00e9curit\u00e9 au travail).<\/p>\n<p>Il convient de souligner que le <strong>non-respect des dispositions<\/strong> l\u00e9gales du d\u00e9cret l\u00e9gislatif 81\/08 en la mati\u00e8re <strong>est passible de poursuites p\u00e9nales pour les employeurs et les dirigeants<\/strong> (art. 55) en ce qui concerne l\u2019absence de syst\u00e8mes de protection appropri\u00e9s. Les pr\u00e9pos\u00e9s (art. 56) et les travailleurs (art. 59) sont \u00e9galement punissables en ce qui concerne respectivement le manque de vigilance et la non-utilisation des syst\u00e8mes de protection mis en place.<\/p>\n<\/div>\n<\/div>\n<\/div>\n<\/div>\n","protected":false},"excerpt":{"rendered":"<p>Les syst\u00e8mes d\u2019aspiration et les syst\u00e8mes de filtration de l\u2019air doivent satisfaire \u00e0 des exigences r\u00e9glementaires pr\u00e9cises afin de prot\u00e9ger la qualit\u00e9 de l\u2019air dans l\u2019environnement de travail et la sant\u00e9 de ceux qui y travaillent. La r\u00e9glementation de r\u00e9f\u00e9rence en ce qui concerne le milieu de travail et le D.lgs. n. 81 de 2008 [&hellip;]<\/p>\n","protected":false},"author":1,"featured_media":27444,"parent":28512,"menu_order":19,"comment_status":"closed","ping_status":"closed","template":"","meta":{"_acf_changed":false,"footnotes":""},"class_list":["post-29005","page","type-page","status-publish","has-post-thumbnail","hentry"],"acf":[],"yoast_head":"<!-- This site is optimized with the Yoast SEO plugin v27.4 - https:\/\/yoast.com\/product\/yoast-seo-wordpress\/ -->\n<title>Normes de r\u00e9f\u00e9rence sistemi di aspirazione e filtrazione - Secure Air<\/title>\n<meta name=\"description\" content=\"Gli impianti di aspirazione ed i sistemi di filtrazione aria devono soddisfare precise prescrizioni ai fini della qualita\u0300 dell&#039;aria nell&#039;ambiente di lavoro.\" \/>\n<meta name=\"robots\" content=\"index, follow, max-snippet:-1, max-image-preview:large, max-video-preview:-1\" \/>\n<link rel=\"canonical\" href=\"https:\/\/www.secureair.it\/fr\/a-propos-de-nous\/normes-de-reference\/\" \/>\n<meta property=\"og:locale\" content=\"fr_FR\" \/>\n<meta property=\"og:type\" content=\"article\" \/>\n<meta property=\"og:title\" content=\"Normes de r\u00e9f\u00e9rence sistemi di aspirazione e filtrazione - Secure Air\" \/>\n<meta property=\"og:description\" content=\"Gli impianti di aspirazione ed i sistemi di filtrazione aria devono soddisfare precise prescrizioni ai fini della qualita\u0300 dell&#039;aria nell&#039;ambiente di lavoro.\" \/>\n<meta property=\"og:url\" content=\"https:\/\/www.secureair.it\/fr\/a-propos-de-nous\/normes-de-reference\/\" \/>\n<meta property=\"og:site_name\" content=\"Secure Air\" \/>\n<meta property=\"article:modified_time\" content=\"2023-07-19T09:45:03+00:00\" \/>\n<meta property=\"og:image\" content=\"https:\/\/www.secureair.it\/wp-content\/uploads\/2021\/10\/banco_aspirante_braccio_parete2.jpg\" \/>\n\t<meta property=\"og:image:width\" content=\"960\" \/>\n\t<meta property=\"og:image:height\" content=\"720\" \/>\n\t<meta property=\"og:image:type\" content=\"image\/jpeg\" \/>\n<meta name=\"twitter:card\" content=\"summary_large_image\" \/>\n<meta name=\"twitter:label1\" content=\"Dur\u00e9e de lecture estim\u00e9e\" \/>\n\t<meta name=\"twitter:data1\" content=\"2 minutes\" \/>\n<script type=\"application\/ld+json\" class=\"yoast-schema-graph\">{\"@context\":\"https:\\\/\\\/schema.org\",\"@graph\":[{\"@type\":\"WebPage\",\"@id\":\"https:\\\/\\\/www.secureair.it\\\/fr\\\/a-propos-de-nous\\\/normes-de-reference\\\/\",\"url\":\"https:\\\/\\\/www.secureair.it\\\/fr\\\/a-propos-de-nous\\\/normes-de-reference\\\/\",\"name\":\"Normes de r\u00e9f\u00e9rence sistemi di aspirazione e filtrazione - Secure Air\",\"isPartOf\":{\"@id\":\"https:\\\/\\\/www.secureair.it\\\/#website\"},\"primaryImageOfPage\":{\"@id\":\"https:\\\/\\\/www.secureair.it\\\/fr\\\/a-propos-de-nous\\\/normes-de-reference\\\/#primaryimage\"},\"image\":{\"@id\":\"https:\\\/\\\/www.secureair.it\\\/fr\\\/a-propos-de-nous\\\/normes-de-reference\\\/#primaryimage\"},\"thumbnailUrl\":\"https:\\\/\\\/www.secureair.it\\\/wp-content\\\/uploads\\\/2021\\\/10\\\/banco_aspirante_braccio_parete2.jpg\",\"datePublished\":\"2018-08-20T15:04:09+00:00\",\"dateModified\":\"2023-07-19T09:45:03+00:00\",\"description\":\"Gli impianti di aspirazione ed i sistemi di filtrazione aria devono soddisfare precise prescrizioni ai fini della qualita\u0300 dell'aria nell'ambiente di lavoro.\",\"breadcrumb\":{\"@id\":\"https:\\\/\\\/www.secureair.it\\\/fr\\\/a-propos-de-nous\\\/normes-de-reference\\\/#breadcrumb\"},\"inLanguage\":\"fr-FR\",\"potentialAction\":[{\"@type\":\"ReadAction\",\"target\":[\"https:\\\/\\\/www.secureair.it\\\/fr\\\/a-propos-de-nous\\\/normes-de-reference\\\/\"]}]},{\"@type\":\"ImageObject\",\"inLanguage\":\"fr-FR\",\"@id\":\"https:\\\/\\\/www.secureair.it\\\/fr\\\/a-propos-de-nous\\\/normes-de-reference\\\/#primaryimage\",\"url\":\"https:\\\/\\\/www.secureair.it\\\/wp-content\\\/uploads\\\/2021\\\/10\\\/banco_aspirante_braccio_parete2.jpg\",\"contentUrl\":\"https:\\\/\\\/www.secureair.it\\\/wp-content\\\/uploads\\\/2021\\\/10\\\/banco_aspirante_braccio_parete2.jpg\",\"width\":960,\"height\":720},{\"@type\":\"BreadcrumbList\",\"@id\":\"https:\\\/\\\/www.secureair.it\\\/fr\\\/a-propos-de-nous\\\/normes-de-reference\\\/#breadcrumb\",\"itemListElement\":[{\"@type\":\"ListItem\",\"position\":1,\"name\":\"Home\",\"item\":\"https:\\\/\\\/www.secureair.it\\\/fr\\\/\"},{\"@type\":\"ListItem\",\"position\":2,\"name\":\"\u00c0 propos de nous\",\"item\":\"https:\\\/\\\/www.secureair.it\\\/fr\\\/a-propos-de-nous\\\/\"},{\"@type\":\"ListItem\",\"position\":3,\"name\":\"Normes de r\u00e9f\u00e9rence\"}]},{\"@type\":\"WebSite\",\"@id\":\"https:\\\/\\\/www.secureair.it\\\/#website\",\"url\":\"https:\\\/\\\/www.secureair.it\\\/\",\"name\":\"Secure Air\",\"description\":\"Sistemi di aspirazione professionali\",\"potentialAction\":[{\"@type\":\"SearchAction\",\"target\":{\"@type\":\"EntryPoint\",\"urlTemplate\":\"https:\\\/\\\/www.secureair.it\\\/?s={search_term_string}\"},\"query-input\":{\"@type\":\"PropertyValueSpecification\",\"valueRequired\":true,\"valueName\":\"search_term_string\"}}],\"inLanguage\":\"fr-FR\"}]}<\/script>\n<!-- \/ Yoast SEO plugin. -->","yoast_head_json":{"title":"Normes de r\u00e9f\u00e9rence sistemi di aspirazione e filtrazione - Secure Air","description":"Gli impianti di aspirazione ed i sistemi di filtrazione aria devono soddisfare precise prescrizioni ai fini della qualita\u0300 dell'aria nell'ambiente di lavoro.","robots":{"index":"index","follow":"follow","max-snippet":"max-snippet:-1","max-image-preview":"max-image-preview:large","max-video-preview":"max-video-preview:-1"},"canonical":"https:\/\/www.secureair.it\/fr\/a-propos-de-nous\/normes-de-reference\/","og_locale":"fr_FR","og_type":"article","og_title":"Normes de r\u00e9f\u00e9rence sistemi di aspirazione e filtrazione - Secure Air","og_description":"Gli impianti di aspirazione ed i sistemi di filtrazione aria devono soddisfare precise prescrizioni ai fini della qualita\u0300 dell'aria nell'ambiente di lavoro.","og_url":"https:\/\/www.secureair.it\/fr\/a-propos-de-nous\/normes-de-reference\/","og_site_name":"Secure Air","article_modified_time":"2023-07-19T09:45:03+00:00","og_image":[{"width":960,"height":720,"url":"https:\/\/www.secureair.it\/wp-content\/uploads\/2021\/10\/banco_aspirante_braccio_parete2.jpg","type":"image\/jpeg"}],"twitter_card":"summary_large_image","twitter_misc":{"Dur\u00e9e de lecture estim\u00e9e":"2 minutes"},"schema":{"@context":"https:\/\/schema.org","@graph":[{"@type":"WebPage","@id":"https:\/\/www.secureair.it\/fr\/a-propos-de-nous\/normes-de-reference\/","url":"https:\/\/www.secureair.it\/fr\/a-propos-de-nous\/normes-de-reference\/","name":"Normes de r\u00e9f\u00e9rence sistemi di aspirazione e filtrazione - Secure Air","isPartOf":{"@id":"https:\/\/www.secureair.it\/#website"},"primaryImageOfPage":{"@id":"https:\/\/www.secureair.it\/fr\/a-propos-de-nous\/normes-de-reference\/#primaryimage"},"image":{"@id":"https:\/\/www.secureair.it\/fr\/a-propos-de-nous\/normes-de-reference\/#primaryimage"},"thumbnailUrl":"https:\/\/www.secureair.it\/wp-content\/uploads\/2021\/10\/banco_aspirante_braccio_parete2.jpg","datePublished":"2018-08-20T15:04:09+00:00","dateModified":"2023-07-19T09:45:03+00:00","description":"Gli impianti di aspirazione ed i sistemi di filtrazione aria devono soddisfare precise prescrizioni ai fini della qualita\u0300 dell'aria nell'ambiente di lavoro.","breadcrumb":{"@id":"https:\/\/www.secureair.it\/fr\/a-propos-de-nous\/normes-de-reference\/#breadcrumb"},"inLanguage":"fr-FR","potentialAction":[{"@type":"ReadAction","target":["https:\/\/www.secureair.it\/fr\/a-propos-de-nous\/normes-de-reference\/"]}]},{"@type":"ImageObject","inLanguage":"fr-FR","@id":"https:\/\/www.secureair.it\/fr\/a-propos-de-nous\/normes-de-reference\/#primaryimage","url":"https:\/\/www.secureair.it\/wp-content\/uploads\/2021\/10\/banco_aspirante_braccio_parete2.jpg","contentUrl":"https:\/\/www.secureair.it\/wp-content\/uploads\/2021\/10\/banco_aspirante_braccio_parete2.jpg","width":960,"height":720},{"@type":"BreadcrumbList","@id":"https:\/\/www.secureair.it\/fr\/a-propos-de-nous\/normes-de-reference\/#breadcrumb","itemListElement":[{"@type":"ListItem","position":1,"name":"Home","item":"https:\/\/www.secureair.it\/fr\/"},{"@type":"ListItem","position":2,"name":"\u00c0 propos de nous","item":"https:\/\/www.secureair.it\/fr\/a-propos-de-nous\/"},{"@type":"ListItem","position":3,"name":"Normes de r\u00e9f\u00e9rence"}]},{"@type":"WebSite","@id":"https:\/\/www.secureair.it\/#website","url":"https:\/\/www.secureair.it\/","name":"Secure Air","description":"Sistemi di aspirazione professionali","potentialAction":[{"@type":"SearchAction","target":{"@type":"EntryPoint","urlTemplate":"https:\/\/www.secureair.it\/?s={search_term_string}"},"query-input":{"@type":"PropertyValueSpecification","valueRequired":true,"valueName":"search_term_string"}}],"inLanguage":"fr-FR"}]}},"_links":{"self":[{"href":"https:\/\/www.secureair.it\/fr\/wp-json\/wp\/v2\/pages\/29005","targetHints":{"allow":["GET"]}}],"collection":[{"href":"https:\/\/www.secureair.it\/fr\/wp-json\/wp\/v2\/pages"}],"about":[{"href":"https:\/\/www.secureair.it\/fr\/wp-json\/wp\/v2\/types\/page"}],"author":[{"embeddable":true,"href":"https:\/\/www.secureair.it\/fr\/wp-json\/wp\/v2\/users\/1"}],"replies":[{"embeddable":true,"href":"https:\/\/www.secureair.it\/fr\/wp-json\/wp\/v2\/comments?post=29005"}],"version-history":[{"count":3,"href":"https:\/\/www.secureair.it\/fr\/wp-json\/wp\/v2\/pages\/29005\/revisions"}],"predecessor-version":[{"id":29009,"href":"https:\/\/www.secureair.it\/fr\/wp-json\/wp\/v2\/pages\/29005\/revisions\/29009"}],"up":[{"embeddable":true,"href":"https:\/\/www.secureair.it\/fr\/wp-json\/wp\/v2\/pages\/28512"}],"wp:featuredmedia":[{"embeddable":true,"href":"https:\/\/www.secureair.it\/fr\/wp-json\/wp\/v2\/media\/27444"}],"wp:attachment":[{"href":"https:\/\/www.secureair.it\/fr\/wp-json\/wp\/v2\/media?parent=29005"}],"curies":[{"name":"wp","href":"https:\/\/api.w.org\/{rel}","templated":true}]}}