{"id":29010,"date":"2018-08-20T17:04:30","date_gmt":"2018-08-20T15:04:30","guid":{"rendered":"https:\/\/www.secureair.it\/a-propos-de-nous\/rischi-per-sistema-respiratorio\/"},"modified":"2023-07-19T12:17:56","modified_gmt":"2023-07-19T10:17:56","slug":"risques-pour-le-systeme-respiratoire","status":"publish","type":"page","link":"https:\/\/www.secureair.it\/fr\/a-propos-de-nous\/risques-pour-le-systeme-respiratoire\/","title":{"rendered":"Risques pour le syst\u00e8me respiratoire"},"content":{"rendered":"<p>Les fum\u00e9es, les poussi\u00e8res et les \u00e9manations peuvent \u00eatre tr\u00e8s nocives si elles atteignent le syst\u00e8me respiratoire de l\u2019\u00eatre humain qui peut \u00eatre divis\u00e9 en trois parties\u00a0: <strong>les voies respiratoires sup\u00e9rieures, l\u2019arbre trach\u00e9obronchique et la r\u00e9gion alv\u00e9olaire.<\/strong><\/p>\n<p>Sur la base de cette subdivision, trois fractions de particules ont \u00e9t\u00e9 d\u00e9finies selon leur taille\u00a0: les fractions inhalable, thoracique et alv\u00e9olaire (selon la norme AFNOR EN 481) qui fournissent des indications sur la p\u00e9n\u00e9tration et le d\u00e9p\u00f4t des particules dans le syst\u00e8me respiratoire et sur leurs effets potentiels sur la sant\u00e9.<\/p>\n<table style=\"border-collapse: collapse; width: 100%;\" border=\"1\" width=\"691\">\n<tbody>\n<tr>\n<td style=\"width: 50%;\">\n<div class=\"layoutArea\">\n<div class=\"column\"><\/div>\n<\/div>\n<div class=\"layoutArea\">\n<div class=\"column\">\n<p style=\"text-align: left;\">Fraction inhalable\u00a0: fraction massique de particules en suspension dans l\u2019air qui peuvent p\u00e9n\u00e9trer dans l\u2019organisme par la bouche et le nez puis se d\u00e9poser dans les voies respiratoires; elles comprennent des particules dont le diam\u00e8tre a\u00e9rodynamique peut atteindre 100 \u03bcm.<\/p>\n<\/div>\n<\/div>\n<\/td>\n<td style=\"width: 50%; text-align: center;\"><img loading=\"lazy\" decoding=\"async\" class=\"alignnone size-medium wp-image-958\" src=\"https:\/\/secureair.it\/wp-content\/uploads\/2018\/11\/regionirespiratorie-298x300.jpg\" alt=\"\" width=\"298\" height=\"300\" srcset=\"https:\/\/www.secureair.it\/wp-content\/uploads\/2018\/11\/regionirespiratorie-298x300.jpg 298w, https:\/\/www.secureair.it\/wp-content\/uploads\/2018\/11\/regionirespiratorie-300x302.jpg 300w, https:\/\/www.secureair.it\/wp-content\/uploads\/2018\/11\/regionirespiratorie-100x100.jpg 100w, https:\/\/www.secureair.it\/wp-content\/uploads\/2018\/11\/regionirespiratorie-150x150.jpg 150w, https:\/\/www.secureair.it\/wp-content\/uploads\/2018\/11\/regionirespiratorie.jpg 388w\" sizes=\"auto, (max-width: 298px) 100vw, 298px\" \/><\/td>\n<\/tr>\n<\/tbody>\n<\/table>\n<div class=\"column\"><\/div>\n<div class=\"layoutArea\">\n<div class=\"column\">\n<p>&nbsp;<\/p>\n<\/div>\n<\/div>\n<div class=\"layoutArea\">\n<div class=\"column\">\n<p>Fraction thoracique : fraction massique de particules qui, une fois inhal\u00e9es, peuvent p\u00e9n\u00e9trer au-del\u00e0 du larynx; elles comprennent des particules dont le diam\u00e8tre a\u00e9rodynamique peut atteindre 3 \u03bcm.<\/p>\n<p>Fraction alv\u00e9olaire : fraction massique de particules qui, une fois inhal\u00e9es, peuvent p\u00e9n\u00e9trer jusqu\u2019aux alv\u00e9oles pulmonaires; elles comprennent des particules dont le diam\u00e8tre a\u00e9rodynamique peut atteindre 10 \u03bcm. En ce qui concerne les particules \u00e9mises en dehors des activit\u00e9s de soudage et de d\u00e9coupe d\u2019un diam\u00e8tre a\u00e9rodynamique inf\u00e9rieur \u00e0 1 \u03bcm, la fraction alv\u00e9olaire joue un r\u00f4le central en ce qui concerne les effets sur la sant\u00e9. Les donn\u00e9es relatives aux poussi\u00e8res inhalables conduisent plus \u00e0 une surestimation qu\u2019\u00e0 une sous-estimation de l\u2019exposition.<\/p>\n<\/div>\n<\/div>\n<div class=\"layoutArea\">\n<div class=\"column\"><\/div>\n<\/div>\n<div class=\"layoutArea\">\n<div class=\"column\">\n<p><em><span style=\"font-family: arial, helvetica, sans-serif; font-size: 8pt;\">Source\u00a0: Guide INRS ED 6132 sur les risques de fum\u00e9es de soudage<\/span><\/em><\/p>\n<\/div>\n<\/div>\n","protected":false},"excerpt":{"rendered":"<p>Les fum\u00e9es, les poussi\u00e8res et les \u00e9manations peuvent \u00eatre tr\u00e8s nocives si elles atteignent le syst\u00e8me respiratoire de l\u2019\u00eatre humain qui peut \u00eatre divis\u00e9 en trois parties\u00a0: les voies respiratoires sup\u00e9rieures, l\u2019arbre trach\u00e9obronchique et la r\u00e9gion alv\u00e9olaire. Sur la base de cette subdivision, trois fractions de particules ont \u00e9t\u00e9 d\u00e9finies selon leur taille\u00a0: les fractions [&hellip;]<\/p>\n","protected":false},"author":1,"featured_media":27424,"parent":28512,"menu_order":24,"comment_status":"closed","ping_status":"closed","template":"","meta":{"_acf_changed":false,"footnotes":""},"class_list":["post-29010","page","type-page","status-publish","has-post-thumbnail","hentry"],"acf":[],"yoast_head":"<!-- This site is optimized with the Yoast SEO plugin v27.4 - https:\/\/yoast.com\/product\/yoast-seo-wordpress\/ -->\n<title>Risques pour le syst\u00e8me respiratoire - Secure Air<\/title>\n<meta name=\"description\" content=\"Fumi, polveri ed esalazioni possono essere molto dannosi se raggiungono il sistema respiratorio dell&#039;essere umano\" \/>\n<meta name=\"robots\" content=\"index, follow, max-snippet:-1, max-image-preview:large, max-video-preview:-1\" \/>\n<link rel=\"canonical\" href=\"https:\/\/www.secureair.it\/fr\/a-propos-de-nous\/risques-pour-le-systeme-respiratoire\/\" \/>\n<meta property=\"og:locale\" content=\"fr_FR\" \/>\n<meta property=\"og:type\" content=\"article\" \/>\n<meta property=\"og:title\" content=\"Risques pour le syst\u00e8me respiratoire - Secure Air\" \/>\n<meta property=\"og:description\" content=\"Fumi, polveri ed esalazioni possono essere molto dannosi se raggiungono il sistema respiratorio dell&#039;essere umano\" \/>\n<meta property=\"og:url\" content=\"https:\/\/www.secureair.it\/fr\/a-propos-de-nous\/risques-pour-le-systeme-respiratoire\/\" \/>\n<meta property=\"og:site_name\" content=\"Secure Air\" \/>\n<meta property=\"article:modified_time\" content=\"2023-07-19T10:17:56+00:00\" \/>\n<meta property=\"og:image\" content=\"https:\/\/www.secureair.it\/wp-content\/uploads\/2021\/07\/lavorazioni-orafe.jpg\" \/>\n\t<meta property=\"og:image:width\" content=\"768\" \/>\n\t<meta property=\"og:image:height\" content=\"620\" \/>\n\t<meta property=\"og:image:type\" content=\"image\/jpeg\" \/>\n<meta name=\"twitter:card\" content=\"summary_large_image\" \/>\n<meta name=\"twitter:label1\" content=\"Dur\u00e9e de lecture estim\u00e9e\" \/>\n\t<meta name=\"twitter:data1\" content=\"2 minutes\" \/>\n<script type=\"application\/ld+json\" class=\"yoast-schema-graph\">{\"@context\":\"https:\\\/\\\/schema.org\",\"@graph\":[{\"@type\":\"WebPage\",\"@id\":\"https:\\\/\\\/www.secureair.it\\\/fr\\\/a-propos-de-nous\\\/risques-pour-le-systeme-respiratoire\\\/\",\"url\":\"https:\\\/\\\/www.secureair.it\\\/fr\\\/a-propos-de-nous\\\/risques-pour-le-systeme-respiratoire\\\/\",\"name\":\"Risques pour le syst\u00e8me respiratoire - Secure Air\",\"isPartOf\":{\"@id\":\"https:\\\/\\\/www.secureair.it\\\/#website\"},\"primaryImageOfPage\":{\"@id\":\"https:\\\/\\\/www.secureair.it\\\/fr\\\/a-propos-de-nous\\\/risques-pour-le-systeme-respiratoire\\\/#primaryimage\"},\"image\":{\"@id\":\"https:\\\/\\\/www.secureair.it\\\/fr\\\/a-propos-de-nous\\\/risques-pour-le-systeme-respiratoire\\\/#primaryimage\"},\"thumbnailUrl\":\"https:\\\/\\\/www.secureair.it\\\/wp-content\\\/uploads\\\/2021\\\/07\\\/lavorazioni-orafe.jpg\",\"datePublished\":\"2018-08-20T15:04:30+00:00\",\"dateModified\":\"2023-07-19T10:17:56+00:00\",\"description\":\"Fumi, polveri ed esalazioni possono essere molto dannosi se raggiungono il sistema respiratorio dell'essere umano\",\"breadcrumb\":{\"@id\":\"https:\\\/\\\/www.secureair.it\\\/fr\\\/a-propos-de-nous\\\/risques-pour-le-systeme-respiratoire\\\/#breadcrumb\"},\"inLanguage\":\"fr-FR\",\"potentialAction\":[{\"@type\":\"ReadAction\",\"target\":[\"https:\\\/\\\/www.secureair.it\\\/fr\\\/a-propos-de-nous\\\/risques-pour-le-systeme-respiratoire\\\/\"]}]},{\"@type\":\"ImageObject\",\"inLanguage\":\"fr-FR\",\"@id\":\"https:\\\/\\\/www.secureair.it\\\/fr\\\/a-propos-de-nous\\\/risques-pour-le-systeme-respiratoire\\\/#primaryimage\",\"url\":\"https:\\\/\\\/www.secureair.it\\\/wp-content\\\/uploads\\\/2021\\\/07\\\/lavorazioni-orafe.jpg\",\"contentUrl\":\"https:\\\/\\\/www.secureair.it\\\/wp-content\\\/uploads\\\/2021\\\/07\\\/lavorazioni-orafe.jpg\",\"width\":768,\"height\":620},{\"@type\":\"BreadcrumbList\",\"@id\":\"https:\\\/\\\/www.secureair.it\\\/fr\\\/a-propos-de-nous\\\/risques-pour-le-systeme-respiratoire\\\/#breadcrumb\",\"itemListElement\":[{\"@type\":\"ListItem\",\"position\":1,\"name\":\"Home\",\"item\":\"https:\\\/\\\/www.secureair.it\\\/fr\\\/\"},{\"@type\":\"ListItem\",\"position\":2,\"name\":\"\u00c0 propos de nous\",\"item\":\"https:\\\/\\\/www.secureair.it\\\/fr\\\/a-propos-de-nous\\\/\"},{\"@type\":\"ListItem\",\"position\":3,\"name\":\"Risques pour le syst\u00e8me respiratoire\"}]},{\"@type\":\"WebSite\",\"@id\":\"https:\\\/\\\/www.secureair.it\\\/#website\",\"url\":\"https:\\\/\\\/www.secureair.it\\\/\",\"name\":\"Secure Air\",\"description\":\"Sistemi di aspirazione professionali\",\"potentialAction\":[{\"@type\":\"SearchAction\",\"target\":{\"@type\":\"EntryPoint\",\"urlTemplate\":\"https:\\\/\\\/www.secureair.it\\\/?s={search_term_string}\"},\"query-input\":{\"@type\":\"PropertyValueSpecification\",\"valueRequired\":true,\"valueName\":\"search_term_string\"}}],\"inLanguage\":\"fr-FR\"}]}<\/script>\n<!-- \/ Yoast SEO plugin. -->","yoast_head_json":{"title":"Risques pour le syst\u00e8me respiratoire - Secure Air","description":"Fumi, polveri ed esalazioni possono essere molto dannosi se raggiungono il sistema respiratorio dell'essere umano","robots":{"index":"index","follow":"follow","max-snippet":"max-snippet:-1","max-image-preview":"max-image-preview:large","max-video-preview":"max-video-preview:-1"},"canonical":"https:\/\/www.secureair.it\/fr\/a-propos-de-nous\/risques-pour-le-systeme-respiratoire\/","og_locale":"fr_FR","og_type":"article","og_title":"Risques pour le syst\u00e8me respiratoire - Secure Air","og_description":"Fumi, polveri ed esalazioni possono essere molto dannosi se raggiungono il sistema respiratorio dell'essere umano","og_url":"https:\/\/www.secureair.it\/fr\/a-propos-de-nous\/risques-pour-le-systeme-respiratoire\/","og_site_name":"Secure Air","article_modified_time":"2023-07-19T10:17:56+00:00","og_image":[{"width":768,"height":620,"url":"https:\/\/www.secureair.it\/wp-content\/uploads\/2021\/07\/lavorazioni-orafe.jpg","type":"image\/jpeg"}],"twitter_card":"summary_large_image","twitter_misc":{"Dur\u00e9e de lecture estim\u00e9e":"2 minutes"},"schema":{"@context":"https:\/\/schema.org","@graph":[{"@type":"WebPage","@id":"https:\/\/www.secureair.it\/fr\/a-propos-de-nous\/risques-pour-le-systeme-respiratoire\/","url":"https:\/\/www.secureair.it\/fr\/a-propos-de-nous\/risques-pour-le-systeme-respiratoire\/","name":"Risques pour le syst\u00e8me respiratoire - Secure Air","isPartOf":{"@id":"https:\/\/www.secureair.it\/#website"},"primaryImageOfPage":{"@id":"https:\/\/www.secureair.it\/fr\/a-propos-de-nous\/risques-pour-le-systeme-respiratoire\/#primaryimage"},"image":{"@id":"https:\/\/www.secureair.it\/fr\/a-propos-de-nous\/risques-pour-le-systeme-respiratoire\/#primaryimage"},"thumbnailUrl":"https:\/\/www.secureair.it\/wp-content\/uploads\/2021\/07\/lavorazioni-orafe.jpg","datePublished":"2018-08-20T15:04:30+00:00","dateModified":"2023-07-19T10:17:56+00:00","description":"Fumi, polveri ed esalazioni possono essere molto dannosi se raggiungono il sistema respiratorio dell'essere umano","breadcrumb":{"@id":"https:\/\/www.secureair.it\/fr\/a-propos-de-nous\/risques-pour-le-systeme-respiratoire\/#breadcrumb"},"inLanguage":"fr-FR","potentialAction":[{"@type":"ReadAction","target":["https:\/\/www.secureair.it\/fr\/a-propos-de-nous\/risques-pour-le-systeme-respiratoire\/"]}]},{"@type":"ImageObject","inLanguage":"fr-FR","@id":"https:\/\/www.secureair.it\/fr\/a-propos-de-nous\/risques-pour-le-systeme-respiratoire\/#primaryimage","url":"https:\/\/www.secureair.it\/wp-content\/uploads\/2021\/07\/lavorazioni-orafe.jpg","contentUrl":"https:\/\/www.secureair.it\/wp-content\/uploads\/2021\/07\/lavorazioni-orafe.jpg","width":768,"height":620},{"@type":"BreadcrumbList","@id":"https:\/\/www.secureair.it\/fr\/a-propos-de-nous\/risques-pour-le-systeme-respiratoire\/#breadcrumb","itemListElement":[{"@type":"ListItem","position":1,"name":"Home","item":"https:\/\/www.secureair.it\/fr\/"},{"@type":"ListItem","position":2,"name":"\u00c0 propos de nous","item":"https:\/\/www.secureair.it\/fr\/a-propos-de-nous\/"},{"@type":"ListItem","position":3,"name":"Risques pour le syst\u00e8me respiratoire"}]},{"@type":"WebSite","@id":"https:\/\/www.secureair.it\/#website","url":"https:\/\/www.secureair.it\/","name":"Secure Air","description":"Sistemi di aspirazione professionali","potentialAction":[{"@type":"SearchAction","target":{"@type":"EntryPoint","urlTemplate":"https:\/\/www.secureair.it\/?s={search_term_string}"},"query-input":{"@type":"PropertyValueSpecification","valueRequired":true,"valueName":"search_term_string"}}],"inLanguage":"fr-FR"}]}},"_links":{"self":[{"href":"https:\/\/www.secureair.it\/fr\/wp-json\/wp\/v2\/pages\/29010","targetHints":{"allow":["GET"]}}],"collection":[{"href":"https:\/\/www.secureair.it\/fr\/wp-json\/wp\/v2\/pages"}],"about":[{"href":"https:\/\/www.secureair.it\/fr\/wp-json\/wp\/v2\/types\/page"}],"author":[{"embeddable":true,"href":"https:\/\/www.secureair.it\/fr\/wp-json\/wp\/v2\/users\/1"}],"replies":[{"embeddable":true,"href":"https:\/\/www.secureair.it\/fr\/wp-json\/wp\/v2\/comments?post=29010"}],"version-history":[{"count":5,"href":"https:\/\/www.secureair.it\/fr\/wp-json\/wp\/v2\/pages\/29010\/revisions"}],"predecessor-version":[{"id":29017,"href":"https:\/\/www.secureair.it\/fr\/wp-json\/wp\/v2\/pages\/29010\/revisions\/29017"}],"up":[{"embeddable":true,"href":"https:\/\/www.secureair.it\/fr\/wp-json\/wp\/v2\/pages\/28512"}],"wp:featuredmedia":[{"embeddable":true,"href":"https:\/\/www.secureair.it\/fr\/wp-json\/wp\/v2\/media\/27424"}],"wp:attachment":[{"href":"https:\/\/www.secureair.it\/fr\/wp-json\/wp\/v2\/media?parent=29010"}],"curies":[{"name":"wp","href":"https:\/\/api.w.org\/{rel}","templated":true}]}}