{"id":27609,"date":"2023-07-06T10:35:03","date_gmt":"2023-07-06T10:35:03","guid":{"rendered":""},"modified":"2026-05-10T04:00:04","modified_gmt":"2026-05-10T04:00:04","slug":"ecran-de-soudage-200x200-cm-avec-cadre-et-rideau","status":"publish","type":"product","link":"https:\/\/www.secureair.it\/fr\/prodotto\/ecran-de-soudage-200x200-cm-avec-cadre-et-rideau\/","title":{"rendered":"\u00c9cran de soudage SCS200 avec cadre et rideau"},"content":{"rendered":"<p>L&rsquo;<strong> \u00e9cran de protection <\/strong>Secure Air est id\u00e9al pour s\u00e9parer de mani\u00e8re flexible les zones de travail et cr\u00e9er de nouveaux postes de soudage facilement et rapidement accessibles.<\/p>\n<p>Les \u00e9crans sont livr\u00e9s en kit avec tout le n\u00e9cessaire pour le montage de la toile tendue.<\/p>\n","protected":false},"excerpt":{"rendered":"<p>L&rsquo; \u00e9cran de protection Secure Air est id\u00e9al pour s\u00e9parer de mani\u00e8re flexible les zones de travail et cr\u00e9er de nouveaux postes de soudage facilement et rapidement accessibles. Les \u00e9crans sont livr\u00e9s en kit avec tout le n\u00e9cessaire pour le montage de la toile tendue.<\/p>\n","protected":false},"featured_media":32659,"comment_status":"closed","ping_status":"closed","template":"","meta":{"_acf_changed":false},"product_brand":[],"product_cat":[],"product_tag":[],"class_list":{"0":"post-27609","1":"product","2":"type-product","3":"status-publish","4":"has-post-thumbnail","7":"first","8":"instock","9":"taxable","10":"shipping-taxable","11":"product-type-simple"},"acf":[],"yoast_head":"<!-- This site is optimized with the Yoast SEO plugin v27.4 - https:\/\/yoast.com\/product\/yoast-seo-wordpress\/ -->\n<title>\u00c9cran de soudage SCS200 avec cadre et rideau - Secure Air<\/title>\n<meta name=\"description\" content=\"Cerchi un \u00c9cran de soudage SCS200 avec cadre et rideau? Compralo ora su Secure Air\" \/>\n<meta name=\"robots\" content=\"index, follow, max-snippet:-1, max-image-preview:large, max-video-preview:-1\" \/>\n<link rel=\"canonical\" href=\"https:\/\/www.secureair.it\/fr\/prodotto\/ecran-de-soudage-200x200-cm-avec-cadre-et-rideau\/\" \/>\n<meta property=\"og:locale\" content=\"fr_FR\" \/>\n<meta property=\"og:type\" content=\"article\" \/>\n<meta property=\"og:title\" content=\"\u00c9cran de soudage SCS200 avec cadre et rideau - Secure Air\" \/>\n<meta property=\"og:description\" content=\"Cerchi un \u00c9cran de soudage SCS200 avec cadre et rideau? Compralo ora su Secure Air\" \/>\n<meta property=\"og:url\" content=\"https:\/\/www.secureair.it\/fr\/prodotto\/ecran-de-soudage-200x200-cm-avec-cadre-et-rideau\/\" \/>\n<meta property=\"og:site_name\" content=\"Secure Air\" \/>\n<meta property=\"article:modified_time\" content=\"2026-05-10T04:00:04+00:00\" \/>\n<meta name=\"twitter:card\" content=\"summary_large_image\" \/>\n<script type=\"application\/ld+json\" class=\"yoast-schema-graph\">{\"@context\":\"https:\\\/\\\/schema.org\",\"@graph\":[{\"@type\":\"WebPage\",\"@id\":\"https:\\\/\\\/www.secureair.it\\\/fr\\\/prodotto\\\/ecran-de-soudage-200x200-cm-avec-cadre-et-rideau\\\/\",\"url\":\"https:\\\/\\\/www.secureair.it\\\/fr\\\/prodotto\\\/ecran-de-soudage-200x200-cm-avec-cadre-et-rideau\\\/\",\"name\":\"\u00c9cran de soudage SCS200 avec cadre et rideau - Secure Air\",\"isPartOf\":{\"@id\":\"https:\\\/\\\/www.secureair.it\\\/#website\"},\"primaryImageOfPage\":{\"@id\":\"https:\\\/\\\/www.secureair.it\\\/fr\\\/prodotto\\\/ecran-de-soudage-200x200-cm-avec-cadre-et-rideau\\\/#primaryimage\"},\"image\":{\"@id\":\"https:\\\/\\\/www.secureair.it\\\/fr\\\/prodotto\\\/ecran-de-soudage-200x200-cm-avec-cadre-et-rideau\\\/#primaryimage\"},\"thumbnailUrl\":\"https:\\\/\\\/www.secureair.it\\\/wp-content\\\/uploads\\\/onpage\\\/op_image_623761a77449673b230d35f1d287a5bf967666ca.1980x.webp\",\"datePublished\":\"2023-07-06T10:35:03+00:00\",\"dateModified\":\"2026-05-10T04:00:04+00:00\",\"description\":\"Cerchi un \u00c9cran de soudage SCS200 avec cadre et rideau? Compralo ora su Secure Air\",\"breadcrumb\":{\"@id\":\"https:\\\/\\\/www.secureair.it\\\/fr\\\/prodotto\\\/ecran-de-soudage-200x200-cm-avec-cadre-et-rideau\\\/#breadcrumb\"},\"inLanguage\":\"fr-FR\",\"potentialAction\":[{\"@type\":\"ReadAction\",\"target\":[\"https:\\\/\\\/www.secureair.it\\\/fr\\\/prodotto\\\/ecran-de-soudage-200x200-cm-avec-cadre-et-rideau\\\/\"]}]},{\"@type\":\"ImageObject\",\"inLanguage\":\"fr-FR\",\"@id\":\"https:\\\/\\\/www.secureair.it\\\/fr\\\/prodotto\\\/ecran-de-soudage-200x200-cm-avec-cadre-et-rideau\\\/#primaryimage\",\"url\":\"https:\\\/\\\/www.secureair.it\\\/wp-content\\\/uploads\\\/onpage\\\/op_image_623761a77449673b230d35f1d287a5bf967666ca.1980x.webp\",\"contentUrl\":\"https:\\\/\\\/www.secureair.it\\\/wp-content\\\/uploads\\\/onpage\\\/op_image_623761a77449673b230d35f1d287a5bf967666ca.1980x.webp\",\"width\":1980,\"height\":1707},{\"@type\":\"BreadcrumbList\",\"@id\":\"https:\\\/\\\/www.secureair.it\\\/fr\\\/prodotto\\\/ecran-de-soudage-200x200-cm-avec-cadre-et-rideau\\\/#breadcrumb\",\"itemListElement\":[{\"@type\":\"ListItem\",\"position\":1,\"name\":\"Home\",\"item\":\"https:\\\/\\\/www.secureair.it\\\/fr\\\/\"},{\"@type\":\"ListItem\",\"position\":2,\"name\":\"Produits\",\"item\":\"https:\\\/\\\/www.secureair.it\\\/fr\\\/produits\\\/\"},{\"@type\":\"ListItem\",\"position\":3,\"name\":\"\u00c9cran de soudage 200\u00d7200 cm avec cadre et rideau\"}]},{\"@type\":\"WebSite\",\"@id\":\"https:\\\/\\\/www.secureair.it\\\/#website\",\"url\":\"https:\\\/\\\/www.secureair.it\\\/\",\"name\":\"Secure Air\",\"description\":\"Sistemi di aspirazione professionali\",\"potentialAction\":[{\"@type\":\"SearchAction\",\"target\":{\"@type\":\"EntryPoint\",\"urlTemplate\":\"https:\\\/\\\/www.secureair.it\\\/?s={search_term_string}\"},\"query-input\":{\"@type\":\"PropertyValueSpecification\",\"valueRequired\":true,\"valueName\":\"search_term_string\"}}],\"inLanguage\":\"fr-FR\"}]}<\/script>\n<!-- \/ Yoast SEO plugin. -->","yoast_head_json":{"title":"\u00c9cran de soudage SCS200 avec cadre et rideau - Secure Air","description":"Cerchi un \u00c9cran de soudage SCS200 avec cadre et rideau? Compralo ora su Secure Air","robots":{"index":"index","follow":"follow","max-snippet":"max-snippet:-1","max-image-preview":"max-image-preview:large","max-video-preview":"max-video-preview:-1"},"canonical":"https:\/\/www.secureair.it\/fr\/prodotto\/ecran-de-soudage-200x200-cm-avec-cadre-et-rideau\/","og_locale":"fr_FR","og_type":"article","og_title":"\u00c9cran de soudage SCS200 avec cadre et rideau - Secure Air","og_description":"Cerchi un \u00c9cran de soudage SCS200 avec cadre et rideau? Compralo ora su Secure Air","og_url":"https:\/\/www.secureair.it\/fr\/prodotto\/ecran-de-soudage-200x200-cm-avec-cadre-et-rideau\/","og_site_name":"Secure Air","article_modified_time":"2026-05-10T04:00:04+00:00","twitter_card":"summary_large_image","schema":{"@context":"https:\/\/schema.org","@graph":[{"@type":"WebPage","@id":"https:\/\/www.secureair.it\/fr\/prodotto\/ecran-de-soudage-200x200-cm-avec-cadre-et-rideau\/","url":"https:\/\/www.secureair.it\/fr\/prodotto\/ecran-de-soudage-200x200-cm-avec-cadre-et-rideau\/","name":"\u00c9cran de soudage SCS200 avec cadre et rideau - Secure Air","isPartOf":{"@id":"https:\/\/www.secureair.it\/#website"},"primaryImageOfPage":{"@id":"https:\/\/www.secureair.it\/fr\/prodotto\/ecran-de-soudage-200x200-cm-avec-cadre-et-rideau\/#primaryimage"},"image":{"@id":"https:\/\/www.secureair.it\/fr\/prodotto\/ecran-de-soudage-200x200-cm-avec-cadre-et-rideau\/#primaryimage"},"thumbnailUrl":"https:\/\/www.secureair.it\/wp-content\/uploads\/onpage\/op_image_623761a77449673b230d35f1d287a5bf967666ca.1980x.webp","datePublished":"2023-07-06T10:35:03+00:00","dateModified":"2026-05-10T04:00:04+00:00","description":"Cerchi un \u00c9cran de soudage SCS200 avec cadre et rideau? Compralo ora su Secure Air","breadcrumb":{"@id":"https:\/\/www.secureair.it\/fr\/prodotto\/ecran-de-soudage-200x200-cm-avec-cadre-et-rideau\/#breadcrumb"},"inLanguage":"fr-FR","potentialAction":[{"@type":"ReadAction","target":["https:\/\/www.secureair.it\/fr\/prodotto\/ecran-de-soudage-200x200-cm-avec-cadre-et-rideau\/"]}]},{"@type":"ImageObject","inLanguage":"fr-FR","@id":"https:\/\/www.secureair.it\/fr\/prodotto\/ecran-de-soudage-200x200-cm-avec-cadre-et-rideau\/#primaryimage","url":"https:\/\/www.secureair.it\/wp-content\/uploads\/onpage\/op_image_623761a77449673b230d35f1d287a5bf967666ca.1980x.webp","contentUrl":"https:\/\/www.secureair.it\/wp-content\/uploads\/onpage\/op_image_623761a77449673b230d35f1d287a5bf967666ca.1980x.webp","width":1980,"height":1707},{"@type":"BreadcrumbList","@id":"https:\/\/www.secureair.it\/fr\/prodotto\/ecran-de-soudage-200x200-cm-avec-cadre-et-rideau\/#breadcrumb","itemListElement":[{"@type":"ListItem","position":1,"name":"Home","item":"https:\/\/www.secureair.it\/fr\/"},{"@type":"ListItem","position":2,"name":"Produits","item":"https:\/\/www.secureair.it\/fr\/produits\/"},{"@type":"ListItem","position":3,"name":"\u00c9cran de soudage 200\u00d7200 cm avec cadre et rideau"}]},{"@type":"WebSite","@id":"https:\/\/www.secureair.it\/#website","url":"https:\/\/www.secureair.it\/","name":"Secure Air","description":"Sistemi di aspirazione professionali","potentialAction":[{"@type":"SearchAction","target":{"@type":"EntryPoint","urlTemplate":"https:\/\/www.secureair.it\/?s={search_term_string}"},"query-input":{"@type":"PropertyValueSpecification","valueRequired":true,"valueName":"search_term_string"}}],"inLanguage":"fr-FR"}]}},"_links":{"self":[{"href":"https:\/\/www.secureair.it\/fr\/wp-json\/wp\/v2\/product\/27609","targetHints":{"allow":["GET"]}}],"collection":[{"href":"https:\/\/www.secureair.it\/fr\/wp-json\/wp\/v2\/product"}],"about":[{"href":"https:\/\/www.secureair.it\/fr\/wp-json\/wp\/v2\/types\/product"}],"replies":[{"embeddable":true,"href":"https:\/\/www.secureair.it\/fr\/wp-json\/wp\/v2\/comments?post=27609"}],"wp:featuredmedia":[{"embeddable":true,"href":"https:\/\/www.secureair.it\/fr\/wp-json\/wp\/v2\/media\/32659"}],"wp:attachment":[{"href":"https:\/\/www.secureair.it\/fr\/wp-json\/wp\/v2\/media?parent=27609"}],"wp:term":[{"taxonomy":"product_brand","embeddable":true,"href":"https:\/\/www.secureair.it\/fr\/wp-json\/wp\/v2\/product_brand?post=27609"},{"taxonomy":"product_cat","embeddable":true,"href":"https:\/\/www.secureair.it\/fr\/wp-json\/wp\/v2\/product_cat?post=27609"},{"taxonomy":"product_tag","embeddable":true,"href":"https:\/\/www.secureair.it\/fr\/wp-json\/wp\/v2\/product_tag?post=27609"}],"curies":[{"name":"wp","href":"https:\/\/api.w.org\/{rel}","templated":true}]}}