{"id":27610,"date":"2023-07-06T10:35:03","date_gmt":"2023-07-06T10:35:03","guid":{"rendered":""},"modified":"2026-04-28T22:00:04","modified_gmt":"2026-04-28T22:00:04","slug":"panneau-de-commande-supplementaire-vt6-air-pour-les-tableaux-de-distribution-qei","status":"publish","type":"product","link":"https:\/\/www.secureair.it\/fr\/prodotto\/panneau-de-commande-supplementaire-vt6-air-pour-les-tableaux-de-distribution-qei\/","title":{"rendered":"Panneau op\u00e9rateur VT6 AIR suppl\u00e9mentaire pour tableaux QEI"},"content":{"rendered":"<p><strong>Panneau op\u00e9rateur VT6 AIR suppl\u00e9mentaire pour l&rsquo;appareillage de commutation QEI. <\/strong>Fonctionnalit\u00e9 de base similaire \u00e0 celle du VT6 HVAC, mais avec un PID plus avanc\u00e9 et un capteur de pression 0-999 ou 0-3000 mmH2O int\u00e9gr\u00e9.<\/p>\n","protected":false},"excerpt":{"rendered":"<p>Panneau op\u00e9rateur VT6 AIR suppl\u00e9mentaire pour l&rsquo;appareillage de commutation QEI. Fonctionnalit\u00e9 de base similaire \u00e0 celle du VT6 HVAC, mais avec un PID plus avanc\u00e9 et un capteur de pression 0-999 ou 0-3000 mmH2O int\u00e9gr\u00e9.<\/p>\n","protected":false},"featured_media":32662,"comment_status":"closed","ping_status":"closed","template":"","meta":{"_acf_changed":false},"product_brand":[],"product_cat":[],"product_tag":[],"class_list":{"0":"post-27610","1":"product","2":"type-product","3":"status-publish","4":"has-post-thumbnail","7":"first","8":"instock","9":"taxable","10":"shipping-taxable","11":"purchasable","12":"product-type-simple"},"acf":[],"yoast_head":"<!-- This site is optimized with the Yoast SEO plugin v27.4 - https:\/\/yoast.com\/product\/yoast-seo-wordpress\/ -->\n<title>Panneau op\u00e9rateur VT6 AIR suppl\u00e9mentaire pour tableaux QEI - Secure Air<\/title>\n<meta name=\"description\" content=\"Cerchi un Panneau op\u00e9rateur VT6 AIR suppl\u00e9mentaire pour tableaux QEI? Compralo ora su Secure Air\" \/>\n<meta name=\"robots\" content=\"index, follow, max-snippet:-1, max-image-preview:large, max-video-preview:-1\" \/>\n<link rel=\"canonical\" href=\"https:\/\/www.secureair.it\/fr\/prodotto\/panneau-de-commande-supplementaire-vt6-air-pour-les-tableaux-de-distribution-qei\/\" \/>\n<meta property=\"og:locale\" content=\"fr_FR\" \/>\n<meta property=\"og:type\" content=\"article\" \/>\n<meta property=\"og:title\" content=\"Panneau op\u00e9rateur VT6 AIR suppl\u00e9mentaire pour tableaux QEI - Secure Air\" \/>\n<meta property=\"og:description\" content=\"Cerchi un Panneau op\u00e9rateur VT6 AIR suppl\u00e9mentaire pour tableaux QEI? Compralo ora su Secure Air\" \/>\n<meta property=\"og:url\" content=\"https:\/\/www.secureair.it\/fr\/prodotto\/panneau-de-commande-supplementaire-vt6-air-pour-les-tableaux-de-distribution-qei\/\" \/>\n<meta property=\"og:site_name\" content=\"Secure Air\" \/>\n<meta property=\"article:modified_time\" content=\"2026-04-28T22:00:04+00:00\" \/>\n<meta name=\"twitter:card\" content=\"summary_large_image\" \/>\n<script type=\"application\/ld+json\" class=\"yoast-schema-graph\">{\"@context\":\"https:\\\/\\\/schema.org\",\"@graph\":[{\"@type\":\"WebPage\",\"@id\":\"https:\\\/\\\/www.secureair.it\\\/fr\\\/prodotto\\\/panneau-de-commande-supplementaire-vt6-air-pour-les-tableaux-de-distribution-qei\\\/\",\"url\":\"https:\\\/\\\/www.secureair.it\\\/fr\\\/prodotto\\\/panneau-de-commande-supplementaire-vt6-air-pour-les-tableaux-de-distribution-qei\\\/\",\"name\":\"Panneau op\u00e9rateur VT6 AIR suppl\u00e9mentaire pour tableaux QEI - Secure Air\",\"isPartOf\":{\"@id\":\"https:\\\/\\\/www.secureair.it\\\/#website\"},\"primaryImageOfPage\":{\"@id\":\"https:\\\/\\\/www.secureair.it\\\/fr\\\/prodotto\\\/panneau-de-commande-supplementaire-vt6-air-pour-les-tableaux-de-distribution-qei\\\/#primaryimage\"},\"image\":{\"@id\":\"https:\\\/\\\/www.secureair.it\\\/fr\\\/prodotto\\\/panneau-de-commande-supplementaire-vt6-air-pour-les-tableaux-de-distribution-qei\\\/#primaryimage\"},\"thumbnailUrl\":\"https:\\\/\\\/www.secureair.it\\\/wp-content\\\/uploads\\\/onpage\\\/op_image_52f09853833986cb45e0aa60abd7b6bf8c211c26.1980x.webp\",\"datePublished\":\"2023-07-06T10:35:03+00:00\",\"dateModified\":\"2026-04-28T22:00:04+00:00\",\"description\":\"Cerchi un Panneau op\u00e9rateur VT6 AIR suppl\u00e9mentaire pour tableaux QEI? Compralo ora su Secure Air\",\"breadcrumb\":{\"@id\":\"https:\\\/\\\/www.secureair.it\\\/fr\\\/prodotto\\\/panneau-de-commande-supplementaire-vt6-air-pour-les-tableaux-de-distribution-qei\\\/#breadcrumb\"},\"inLanguage\":\"fr-FR\",\"potentialAction\":[{\"@type\":\"ReadAction\",\"target\":[\"https:\\\/\\\/www.secureair.it\\\/fr\\\/prodotto\\\/panneau-de-commande-supplementaire-vt6-air-pour-les-tableaux-de-distribution-qei\\\/\"]}]},{\"@type\":\"ImageObject\",\"inLanguage\":\"fr-FR\",\"@id\":\"https:\\\/\\\/www.secureair.it\\\/fr\\\/prodotto\\\/panneau-de-commande-supplementaire-vt6-air-pour-les-tableaux-de-distribution-qei\\\/#primaryimage\",\"url\":\"https:\\\/\\\/www.secureair.it\\\/wp-content\\\/uploads\\\/onpage\\\/op_image_52f09853833986cb45e0aa60abd7b6bf8c211c26.1980x.webp\",\"contentUrl\":\"https:\\\/\\\/www.secureair.it\\\/wp-content\\\/uploads\\\/onpage\\\/op_image_52f09853833986cb45e0aa60abd7b6bf8c211c26.1980x.webp\",\"width\":1980,\"height\":1244},{\"@type\":\"BreadcrumbList\",\"@id\":\"https:\\\/\\\/www.secureair.it\\\/fr\\\/prodotto\\\/panneau-de-commande-supplementaire-vt6-air-pour-les-tableaux-de-distribution-qei\\\/#breadcrumb\",\"itemListElement\":[{\"@type\":\"ListItem\",\"position\":1,\"name\":\"Home\",\"item\":\"https:\\\/\\\/www.secureair.it\\\/fr\\\/\"},{\"@type\":\"ListItem\",\"position\":2,\"name\":\"Produits\",\"item\":\"https:\\\/\\\/www.secureair.it\\\/fr\\\/produits\\\/\"},{\"@type\":\"ListItem\",\"position\":3,\"name\":\"panneau de commande suppl\u00e9mentaire VT6 AIR pour les tableaux de distribution QEI\"}]},{\"@type\":\"WebSite\",\"@id\":\"https:\\\/\\\/www.secureair.it\\\/#website\",\"url\":\"https:\\\/\\\/www.secureair.it\\\/\",\"name\":\"Secure Air\",\"description\":\"Sistemi di aspirazione professionali\",\"potentialAction\":[{\"@type\":\"SearchAction\",\"target\":{\"@type\":\"EntryPoint\",\"urlTemplate\":\"https:\\\/\\\/www.secureair.it\\\/?s={search_term_string}\"},\"query-input\":{\"@type\":\"PropertyValueSpecification\",\"valueRequired\":true,\"valueName\":\"search_term_string\"}}],\"inLanguage\":\"fr-FR\"}]}<\/script>\n<!-- \/ Yoast SEO plugin. -->","yoast_head_json":{"title":"Panneau op\u00e9rateur VT6 AIR suppl\u00e9mentaire pour tableaux QEI - Secure Air","description":"Cerchi un Panneau op\u00e9rateur VT6 AIR suppl\u00e9mentaire pour tableaux QEI? Compralo ora su Secure Air","robots":{"index":"index","follow":"follow","max-snippet":"max-snippet:-1","max-image-preview":"max-image-preview:large","max-video-preview":"max-video-preview:-1"},"canonical":"https:\/\/www.secureair.it\/fr\/prodotto\/panneau-de-commande-supplementaire-vt6-air-pour-les-tableaux-de-distribution-qei\/","og_locale":"fr_FR","og_type":"article","og_title":"Panneau op\u00e9rateur VT6 AIR suppl\u00e9mentaire pour tableaux QEI - Secure Air","og_description":"Cerchi un Panneau op\u00e9rateur VT6 AIR suppl\u00e9mentaire pour tableaux QEI? Compralo ora su Secure Air","og_url":"https:\/\/www.secureair.it\/fr\/prodotto\/panneau-de-commande-supplementaire-vt6-air-pour-les-tableaux-de-distribution-qei\/","og_site_name":"Secure Air","article_modified_time":"2026-04-28T22:00:04+00:00","twitter_card":"summary_large_image","schema":{"@context":"https:\/\/schema.org","@graph":[{"@type":"WebPage","@id":"https:\/\/www.secureair.it\/fr\/prodotto\/panneau-de-commande-supplementaire-vt6-air-pour-les-tableaux-de-distribution-qei\/","url":"https:\/\/www.secureair.it\/fr\/prodotto\/panneau-de-commande-supplementaire-vt6-air-pour-les-tableaux-de-distribution-qei\/","name":"Panneau op\u00e9rateur VT6 AIR suppl\u00e9mentaire pour tableaux QEI - Secure Air","isPartOf":{"@id":"https:\/\/www.secureair.it\/#website"},"primaryImageOfPage":{"@id":"https:\/\/www.secureair.it\/fr\/prodotto\/panneau-de-commande-supplementaire-vt6-air-pour-les-tableaux-de-distribution-qei\/#primaryimage"},"image":{"@id":"https:\/\/www.secureair.it\/fr\/prodotto\/panneau-de-commande-supplementaire-vt6-air-pour-les-tableaux-de-distribution-qei\/#primaryimage"},"thumbnailUrl":"https:\/\/www.secureair.it\/wp-content\/uploads\/onpage\/op_image_52f09853833986cb45e0aa60abd7b6bf8c211c26.1980x.webp","datePublished":"2023-07-06T10:35:03+00:00","dateModified":"2026-04-28T22:00:04+00:00","description":"Cerchi un Panneau op\u00e9rateur VT6 AIR suppl\u00e9mentaire pour tableaux QEI? Compralo ora su Secure Air","breadcrumb":{"@id":"https:\/\/www.secureair.it\/fr\/prodotto\/panneau-de-commande-supplementaire-vt6-air-pour-les-tableaux-de-distribution-qei\/#breadcrumb"},"inLanguage":"fr-FR","potentialAction":[{"@type":"ReadAction","target":["https:\/\/www.secureair.it\/fr\/prodotto\/panneau-de-commande-supplementaire-vt6-air-pour-les-tableaux-de-distribution-qei\/"]}]},{"@type":"ImageObject","inLanguage":"fr-FR","@id":"https:\/\/www.secureair.it\/fr\/prodotto\/panneau-de-commande-supplementaire-vt6-air-pour-les-tableaux-de-distribution-qei\/#primaryimage","url":"https:\/\/www.secureair.it\/wp-content\/uploads\/onpage\/op_image_52f09853833986cb45e0aa60abd7b6bf8c211c26.1980x.webp","contentUrl":"https:\/\/www.secureair.it\/wp-content\/uploads\/onpage\/op_image_52f09853833986cb45e0aa60abd7b6bf8c211c26.1980x.webp","width":1980,"height":1244},{"@type":"BreadcrumbList","@id":"https:\/\/www.secureair.it\/fr\/prodotto\/panneau-de-commande-supplementaire-vt6-air-pour-les-tableaux-de-distribution-qei\/#breadcrumb","itemListElement":[{"@type":"ListItem","position":1,"name":"Home","item":"https:\/\/www.secureair.it\/fr\/"},{"@type":"ListItem","position":2,"name":"Produits","item":"https:\/\/www.secureair.it\/fr\/produits\/"},{"@type":"ListItem","position":3,"name":"panneau de commande suppl\u00e9mentaire VT6 AIR pour les tableaux de distribution QEI"}]},{"@type":"WebSite","@id":"https:\/\/www.secureair.it\/#website","url":"https:\/\/www.secureair.it\/","name":"Secure Air","description":"Sistemi di aspirazione professionali","potentialAction":[{"@type":"SearchAction","target":{"@type":"EntryPoint","urlTemplate":"https:\/\/www.secureair.it\/?s={search_term_string}"},"query-input":{"@type":"PropertyValueSpecification","valueRequired":true,"valueName":"search_term_string"}}],"inLanguage":"fr-FR"}]}},"_links":{"self":[{"href":"https:\/\/www.secureair.it\/fr\/wp-json\/wp\/v2\/product\/27610","targetHints":{"allow":["GET"]}}],"collection":[{"href":"https:\/\/www.secureair.it\/fr\/wp-json\/wp\/v2\/product"}],"about":[{"href":"https:\/\/www.secureair.it\/fr\/wp-json\/wp\/v2\/types\/product"}],"replies":[{"embeddable":true,"href":"https:\/\/www.secureair.it\/fr\/wp-json\/wp\/v2\/comments?post=27610"}],"wp:featuredmedia":[{"embeddable":true,"href":"https:\/\/www.secureair.it\/fr\/wp-json\/wp\/v2\/media\/32662"}],"wp:attachment":[{"href":"https:\/\/www.secureair.it\/fr\/wp-json\/wp\/v2\/media?parent=27610"}],"wp:term":[{"taxonomy":"product_brand","embeddable":true,"href":"https:\/\/www.secureair.it\/fr\/wp-json\/wp\/v2\/product_brand?post=27610"},{"taxonomy":"product_cat","embeddable":true,"href":"https:\/\/www.secureair.it\/fr\/wp-json\/wp\/v2\/product_cat?post=27610"},{"taxonomy":"product_tag","embeddable":true,"href":"https:\/\/www.secureair.it\/fr\/wp-json\/wp\/v2\/product_tag?post=27610"}],"curies":[{"name":"wp","href":"https:\/\/api.w.org\/{rel}","templated":true}]}}