{"id":27626,"date":"2023-07-06T10:35:03","date_gmt":"2023-07-06T10:35:03","guid":{"rendered":""},"modified":"2026-04-14T10:00:14","modified_gmt":"2026-04-14T10:00:14","slug":"mur-daspiration-wfdm-pour-la-poussiere-de-marbre","status":"publish","type":"product","link":"https:\/\/www.secureair.it\/fr\/prodotto\/mur-daspiration-wfdm-pour-la-poussiere-de-marbre\/","title":{"rendered":"Paroi aspirante WFDM pour poussi\u00e8res de marbre, pierre ou agr\u00e9gats"},"content":{"rendered":"<p>La paroi aspirante <strong>WFDM<\/strong> avec filtration int\u00e9gr\u00e9e est la solution id\u00e9ale pour l&rsquo;aspiration et la filtration \u00e0 99% des poussi\u00e8res g\u00e9n\u00e9r\u00e9es par le traitement manuel \u00e0 sec du marbre, de la pierre ou d&rsquo;autres mat\u00e9riaux inertes. Gr\u00e2ce \u00e0 sa conception en forme d&rsquo;armoire, il est facile \u00e0 installer et garantit la sant\u00e9 des op\u00e9rateurs en les prot\u00e9geant, ainsi que l&rsquo;environnement de travail, des poussi\u00e8res volatiles, qui sont aspir\u00e9es par l&rsquo;avant \u00e0 travers des ouvertures sp\u00e9cialement con\u00e7ues \u00e0 hauteur de travail.<\/p>\n","protected":false},"excerpt":{"rendered":"<p>La paroi aspirante WFDM avec filtration int\u00e9gr\u00e9e est la solution id\u00e9ale pour l&rsquo;aspiration et la filtration \u00e0 99% des poussi\u00e8res g\u00e9n\u00e9r\u00e9es par le traitement manuel \u00e0 sec du marbre, de la pierre ou d&rsquo;autres mat\u00e9riaux inertes. Gr\u00e2ce \u00e0 sa conception en forme d&rsquo;armoire, il est facile \u00e0 installer et garantit la sant\u00e9 des op\u00e9rateurs en [&hellip;]<\/p>\n","protected":false},"featured_media":32701,"comment_status":"closed","ping_status":"closed","template":"","meta":{"_acf_changed":false},"product_brand":[],"product_cat":[],"product_tag":[],"class_list":{"0":"post-27626","1":"product","2":"type-product","3":"status-publish","4":"has-post-thumbnail","7":"first","8":"instock","9":"taxable","10":"shipping-taxable","11":"product-type-simple"},"acf":[],"yoast_head":"<!-- This site is optimized with the Yoast SEO plugin v27.4 - https:\/\/yoast.com\/product\/yoast-seo-wordpress\/ -->\n<title>Paroi aspirante WFDM pour poussi\u00e8res de marbre, pierre ou agr\u00e9gats - Secure Air<\/title>\n<meta name=\"description\" content=\"Cerchi un Paroi aspirante WFDM pour poussi\u00e8res de marbre, pierre ou agr\u00e9gats? Compralo ora su Secure Air\" \/>\n<meta name=\"robots\" content=\"index, follow, max-snippet:-1, max-image-preview:large, max-video-preview:-1\" \/>\n<link rel=\"canonical\" href=\"https:\/\/www.secureair.it\/fr\/prodotto\/mur-daspiration-wfdm-pour-la-poussiere-de-marbre\/\" \/>\n<meta property=\"og:locale\" content=\"fr_FR\" \/>\n<meta property=\"og:type\" content=\"article\" \/>\n<meta property=\"og:title\" content=\"Paroi aspirante WFDM pour poussi\u00e8res de marbre, pierre ou agr\u00e9gats - Secure Air\" \/>\n<meta property=\"og:description\" content=\"Cerchi un Paroi aspirante WFDM pour poussi\u00e8res de marbre, pierre ou agr\u00e9gats? Compralo ora su Secure Air\" \/>\n<meta property=\"og:url\" content=\"https:\/\/www.secureair.it\/fr\/prodotto\/mur-daspiration-wfdm-pour-la-poussiere-de-marbre\/\" \/>\n<meta property=\"og:site_name\" content=\"Secure Air\" \/>\n<meta property=\"article:modified_time\" content=\"2026-04-14T10:00:14+00:00\" \/>\n<meta name=\"twitter:card\" content=\"summary_large_image\" \/>\n<script type=\"application\/ld+json\" class=\"yoast-schema-graph\">{\"@context\":\"https:\\\/\\\/schema.org\",\"@graph\":[{\"@type\":\"WebPage\",\"@id\":\"https:\\\/\\\/www.secureair.it\\\/fr\\\/prodotto\\\/mur-daspiration-wfdm-pour-la-poussiere-de-marbre\\\/\",\"url\":\"https:\\\/\\\/www.secureair.it\\\/fr\\\/prodotto\\\/mur-daspiration-wfdm-pour-la-poussiere-de-marbre\\\/\",\"name\":\"Paroi aspirante WFDM pour poussi\u00e8res de marbre, pierre ou agr\u00e9gats - Secure Air\",\"isPartOf\":{\"@id\":\"https:\\\/\\\/www.secureair.it\\\/#website\"},\"primaryImageOfPage\":{\"@id\":\"https:\\\/\\\/www.secureair.it\\\/fr\\\/prodotto\\\/mur-daspiration-wfdm-pour-la-poussiere-de-marbre\\\/#primaryimage\"},\"image\":{\"@id\":\"https:\\\/\\\/www.secureair.it\\\/fr\\\/prodotto\\\/mur-daspiration-wfdm-pour-la-poussiere-de-marbre\\\/#primaryimage\"},\"thumbnailUrl\":\"https:\\\/\\\/www.secureair.it\\\/wp-content\\\/uploads\\\/onpage\\\/op_image_3a5171cfe88f2f612d6cd35ce07b3a7468f34c79.1980x.webp\",\"datePublished\":\"2023-07-06T10:35:03+00:00\",\"dateModified\":\"2026-04-14T10:00:14+00:00\",\"description\":\"Cerchi un Paroi aspirante WFDM pour poussi\u00e8res de marbre, pierre ou agr\u00e9gats? Compralo ora su Secure Air\",\"breadcrumb\":{\"@id\":\"https:\\\/\\\/www.secureair.it\\\/fr\\\/prodotto\\\/mur-daspiration-wfdm-pour-la-poussiere-de-marbre\\\/#breadcrumb\"},\"inLanguage\":\"fr-FR\",\"potentialAction\":[{\"@type\":\"ReadAction\",\"target\":[\"https:\\\/\\\/www.secureair.it\\\/fr\\\/prodotto\\\/mur-daspiration-wfdm-pour-la-poussiere-de-marbre\\\/\"]}]},{\"@type\":\"ImageObject\",\"inLanguage\":\"fr-FR\",\"@id\":\"https:\\\/\\\/www.secureair.it\\\/fr\\\/prodotto\\\/mur-daspiration-wfdm-pour-la-poussiere-de-marbre\\\/#primaryimage\",\"url\":\"https:\\\/\\\/www.secureair.it\\\/wp-content\\\/uploads\\\/onpage\\\/op_image_3a5171cfe88f2f612d6cd35ce07b3a7468f34c79.1980x.webp\",\"contentUrl\":\"https:\\\/\\\/www.secureair.it\\\/wp-content\\\/uploads\\\/onpage\\\/op_image_3a5171cfe88f2f612d6cd35ce07b3a7468f34c79.1980x.webp\",\"width\":1980,\"height\":2062},{\"@type\":\"BreadcrumbList\",\"@id\":\"https:\\\/\\\/www.secureair.it\\\/fr\\\/prodotto\\\/mur-daspiration-wfdm-pour-la-poussiere-de-marbre\\\/#breadcrumb\",\"itemListElement\":[{\"@type\":\"ListItem\",\"position\":1,\"name\":\"Home\",\"item\":\"https:\\\/\\\/www.secureair.it\\\/fr\\\/\"},{\"@type\":\"ListItem\",\"position\":2,\"name\":\"Produits\",\"item\":\"https:\\\/\\\/www.secureair.it\\\/fr\\\/produits\\\/\"},{\"@type\":\"ListItem\",\"position\":3,\"name\":\"Mur d&#8217;aspiration WFDM pour la poussi\u00e8re de marbre\"}]},{\"@type\":\"WebSite\",\"@id\":\"https:\\\/\\\/www.secureair.it\\\/#website\",\"url\":\"https:\\\/\\\/www.secureair.it\\\/\",\"name\":\"Secure Air\",\"description\":\"Sistemi di aspirazione professionali\",\"potentialAction\":[{\"@type\":\"SearchAction\",\"target\":{\"@type\":\"EntryPoint\",\"urlTemplate\":\"https:\\\/\\\/www.secureair.it\\\/?s={search_term_string}\"},\"query-input\":{\"@type\":\"PropertyValueSpecification\",\"valueRequired\":true,\"valueName\":\"search_term_string\"}}],\"inLanguage\":\"fr-FR\"}]}<\/script>\n<!-- \/ Yoast SEO plugin. -->","yoast_head_json":{"title":"Paroi aspirante WFDM pour poussi\u00e8res de marbre, pierre ou agr\u00e9gats - Secure Air","description":"Cerchi un Paroi aspirante WFDM pour poussi\u00e8res de marbre, pierre ou agr\u00e9gats? Compralo ora su Secure Air","robots":{"index":"index","follow":"follow","max-snippet":"max-snippet:-1","max-image-preview":"max-image-preview:large","max-video-preview":"max-video-preview:-1"},"canonical":"https:\/\/www.secureair.it\/fr\/prodotto\/mur-daspiration-wfdm-pour-la-poussiere-de-marbre\/","og_locale":"fr_FR","og_type":"article","og_title":"Paroi aspirante WFDM pour poussi\u00e8res de marbre, pierre ou agr\u00e9gats - Secure Air","og_description":"Cerchi un Paroi aspirante WFDM pour poussi\u00e8res de marbre, pierre ou agr\u00e9gats? Compralo ora su Secure Air","og_url":"https:\/\/www.secureair.it\/fr\/prodotto\/mur-daspiration-wfdm-pour-la-poussiere-de-marbre\/","og_site_name":"Secure Air","article_modified_time":"2026-04-14T10:00:14+00:00","twitter_card":"summary_large_image","schema":{"@context":"https:\/\/schema.org","@graph":[{"@type":"WebPage","@id":"https:\/\/www.secureair.it\/fr\/prodotto\/mur-daspiration-wfdm-pour-la-poussiere-de-marbre\/","url":"https:\/\/www.secureair.it\/fr\/prodotto\/mur-daspiration-wfdm-pour-la-poussiere-de-marbre\/","name":"Paroi aspirante WFDM pour poussi\u00e8res de marbre, pierre ou agr\u00e9gats - Secure Air","isPartOf":{"@id":"https:\/\/www.secureair.it\/#website"},"primaryImageOfPage":{"@id":"https:\/\/www.secureair.it\/fr\/prodotto\/mur-daspiration-wfdm-pour-la-poussiere-de-marbre\/#primaryimage"},"image":{"@id":"https:\/\/www.secureair.it\/fr\/prodotto\/mur-daspiration-wfdm-pour-la-poussiere-de-marbre\/#primaryimage"},"thumbnailUrl":"https:\/\/www.secureair.it\/wp-content\/uploads\/onpage\/op_image_3a5171cfe88f2f612d6cd35ce07b3a7468f34c79.1980x.webp","datePublished":"2023-07-06T10:35:03+00:00","dateModified":"2026-04-14T10:00:14+00:00","description":"Cerchi un Paroi aspirante WFDM pour poussi\u00e8res de marbre, pierre ou agr\u00e9gats? Compralo ora su Secure Air","breadcrumb":{"@id":"https:\/\/www.secureair.it\/fr\/prodotto\/mur-daspiration-wfdm-pour-la-poussiere-de-marbre\/#breadcrumb"},"inLanguage":"fr-FR","potentialAction":[{"@type":"ReadAction","target":["https:\/\/www.secureair.it\/fr\/prodotto\/mur-daspiration-wfdm-pour-la-poussiere-de-marbre\/"]}]},{"@type":"ImageObject","inLanguage":"fr-FR","@id":"https:\/\/www.secureair.it\/fr\/prodotto\/mur-daspiration-wfdm-pour-la-poussiere-de-marbre\/#primaryimage","url":"https:\/\/www.secureair.it\/wp-content\/uploads\/onpage\/op_image_3a5171cfe88f2f612d6cd35ce07b3a7468f34c79.1980x.webp","contentUrl":"https:\/\/www.secureair.it\/wp-content\/uploads\/onpage\/op_image_3a5171cfe88f2f612d6cd35ce07b3a7468f34c79.1980x.webp","width":1980,"height":2062},{"@type":"BreadcrumbList","@id":"https:\/\/www.secureair.it\/fr\/prodotto\/mur-daspiration-wfdm-pour-la-poussiere-de-marbre\/#breadcrumb","itemListElement":[{"@type":"ListItem","position":1,"name":"Home","item":"https:\/\/www.secureair.it\/fr\/"},{"@type":"ListItem","position":2,"name":"Produits","item":"https:\/\/www.secureair.it\/fr\/produits\/"},{"@type":"ListItem","position":3,"name":"Mur d&#8217;aspiration WFDM pour la poussi\u00e8re de marbre"}]},{"@type":"WebSite","@id":"https:\/\/www.secureair.it\/#website","url":"https:\/\/www.secureair.it\/","name":"Secure Air","description":"Sistemi di aspirazione professionali","potentialAction":[{"@type":"SearchAction","target":{"@type":"EntryPoint","urlTemplate":"https:\/\/www.secureair.it\/?s={search_term_string}"},"query-input":{"@type":"PropertyValueSpecification","valueRequired":true,"valueName":"search_term_string"}}],"inLanguage":"fr-FR"}]}},"_links":{"self":[{"href":"https:\/\/www.secureair.it\/fr\/wp-json\/wp\/v2\/product\/27626","targetHints":{"allow":["GET"]}}],"collection":[{"href":"https:\/\/www.secureair.it\/fr\/wp-json\/wp\/v2\/product"}],"about":[{"href":"https:\/\/www.secureair.it\/fr\/wp-json\/wp\/v2\/types\/product"}],"replies":[{"embeddable":true,"href":"https:\/\/www.secureair.it\/fr\/wp-json\/wp\/v2\/comments?post=27626"}],"wp:featuredmedia":[{"embeddable":true,"href":"https:\/\/www.secureair.it\/fr\/wp-json\/wp\/v2\/media\/32701"}],"wp:attachment":[{"href":"https:\/\/www.secureair.it\/fr\/wp-json\/wp\/v2\/media?parent=27626"}],"wp:term":[{"taxonomy":"product_brand","embeddable":true,"href":"https:\/\/www.secureair.it\/fr\/wp-json\/wp\/v2\/product_brand?post=27626"},{"taxonomy":"product_cat","embeddable":true,"href":"https:\/\/www.secureair.it\/fr\/wp-json\/wp\/v2\/product_cat?post=27626"},{"taxonomy":"product_tag","embeddable":true,"href":"https:\/\/www.secureair.it\/fr\/wp-json\/wp\/v2\/product_tag?post=27626"}],"curies":[{"name":"wp","href":"https:\/\/api.w.org\/{rel}","templated":true}]}}