{"id":27628,"date":"2023-07-06T10:35:04","date_gmt":"2023-07-06T10:35:04","guid":{"rendered":""},"modified":"2026-04-14T10:00:14","modified_gmt":"2026-04-14T10:00:14","slug":"banc-daspiration-sbv-avec-ventilateur-et-filtres-integres","status":"publish","type":"product","link":"https:\/\/www.secureair.it\/fr\/prodotto\/banc-daspiration-sbv-avec-ventilateur-et-filtres-integres\/","title":{"rendered":"Banc d&rsquo;aspiration SBV avec ventilateur et filtres int\u00e9gr\u00e9s"},"content":{"rendered":"<p><strong>La table aspirante SBV<\/strong> est con\u00e7ue pour prot\u00e9ger l&rsquo;op\u00e9rateur contre les fum\u00e9es et les poussi\u00e8res volatiles \u00e9mises par les op\u00e9rations professionnelles telles que le soudage, l&rsquo;\u00e9bavurage, le pon\u00e7age ou le meulage des m\u00e9taux dans l&rsquo;industrie m\u00e9tallurgique, les fonderies et tous les secteurs o\u00f9 des traitements de surface avec des abrasifs secs sont effectu\u00e9s. Elle est \u00e9galement utilis\u00e9e pour le nettoyage des pi\u00e8ces ou le soufflage de pi\u00e8ces avec \u00e9mission de poussi\u00e8res.<\/p>\n<p><strong>La table d&rsquo;aspiration est pr\u00eate \u00e0 l&#8217;emploi<\/strong>, aucun ventilateur, filtre externe ou raccordement \u00e9lectrique n&rsquo;est n\u00e9cessaire car l&rsquo;interrupteur marche\/arr\u00eat est d\u00e9j\u00e0 \u00e9quip\u00e9 d&rsquo;une prise triphas\u00e9e.<\/p>\n<p>La table dans sa version de base, dont les prix sont indiqu\u00e9s dans le tableau ci-dessous, est d\u00e9j\u00e0 fournie avec un plateau, une fa\u00e7ade aspirante, un interrupteur magn\u00e9tothermique marche\/arr\u00eat c\u00e2bl\u00e9 au moteur et des pieds r\u00e9glables.<\/p>\n","protected":false},"excerpt":{"rendered":"<p>La table aspirante SBV est con\u00e7ue pour prot\u00e9ger l&rsquo;op\u00e9rateur contre les fum\u00e9es et les poussi\u00e8res volatiles \u00e9mises par les op\u00e9rations professionnelles telles que le soudage, l&rsquo;\u00e9bavurage, le pon\u00e7age ou le meulage des m\u00e9taux dans l&rsquo;industrie m\u00e9tallurgique, les fonderies et tous les secteurs o\u00f9 des traitements de surface avec des abrasifs secs sont effectu\u00e9s. Elle est [&hellip;]<\/p>\n","protected":false},"featured_media":33376,"comment_status":"closed","ping_status":"closed","template":"","meta":{"_acf_changed":false},"product_brand":[],"product_cat":[],"product_tag":[],"class_list":{"0":"post-27628","1":"product","2":"type-product","3":"status-publish","4":"has-post-thumbnail","7":"first","8":"instock","9":"taxable","10":"shipping-taxable","11":"product-type-simple"},"acf":[],"yoast_head":"<!-- This site is optimized with the Yoast SEO plugin v27.4 - https:\/\/yoast.com\/product\/yoast-seo-wordpress\/ -->\n<title>Banc d&#039;aspiration SBV avec ventilateur et filtres int\u00e9gr\u00e9s - Secure Air<\/title>\n<meta name=\"description\" content=\"Cerchi un Banc d&#039;aspiration SBV avec ventilateur et filtres int\u00e9gr\u00e9s? Compralo ora su Secure Air\" \/>\n<meta name=\"robots\" content=\"index, follow, max-snippet:-1, max-image-preview:large, max-video-preview:-1\" \/>\n<link rel=\"canonical\" href=\"https:\/\/www.secureair.it\/fr\/prodotto\/banc-daspiration-sbv-avec-ventilateur-et-filtres-integres\/\" \/>\n<meta property=\"og:locale\" content=\"fr_FR\" \/>\n<meta property=\"og:type\" content=\"article\" \/>\n<meta property=\"og:title\" content=\"Banc d&#039;aspiration SBV avec ventilateur et filtres int\u00e9gr\u00e9s - Secure Air\" \/>\n<meta property=\"og:description\" content=\"Cerchi un Banc d&#039;aspiration SBV avec ventilateur et filtres int\u00e9gr\u00e9s? Compralo ora su Secure Air\" \/>\n<meta property=\"og:url\" content=\"https:\/\/www.secureair.it\/fr\/prodotto\/banc-daspiration-sbv-avec-ventilateur-et-filtres-integres\/\" \/>\n<meta property=\"og:site_name\" content=\"Secure Air\" \/>\n<meta property=\"article:modified_time\" content=\"2026-04-14T10:00:14+00:00\" \/>\n<meta name=\"twitter:card\" content=\"summary_large_image\" \/>\n<meta name=\"twitter:label1\" content=\"Dur\u00e9e de lecture estim\u00e9e\" \/>\n\t<meta name=\"twitter:data1\" content=\"1 minute\" \/>\n<script type=\"application\/ld+json\" class=\"yoast-schema-graph\">{\"@context\":\"https:\\\/\\\/schema.org\",\"@graph\":[{\"@type\":\"WebPage\",\"@id\":\"https:\\\/\\\/www.secureair.it\\\/fr\\\/prodotto\\\/banc-daspiration-sbv-avec-ventilateur-et-filtres-integres\\\/\",\"url\":\"https:\\\/\\\/www.secureair.it\\\/fr\\\/prodotto\\\/banc-daspiration-sbv-avec-ventilateur-et-filtres-integres\\\/\",\"name\":\"Banc d'aspiration SBV avec ventilateur et filtres int\u00e9gr\u00e9s - Secure Air\",\"isPartOf\":{\"@id\":\"https:\\\/\\\/www.secureair.it\\\/#website\"},\"primaryImageOfPage\":{\"@id\":\"https:\\\/\\\/www.secureair.it\\\/fr\\\/prodotto\\\/banc-daspiration-sbv-avec-ventilateur-et-filtres-integres\\\/#primaryimage\"},\"image\":{\"@id\":\"https:\\\/\\\/www.secureair.it\\\/fr\\\/prodotto\\\/banc-daspiration-sbv-avec-ventilateur-et-filtres-integres\\\/#primaryimage\"},\"thumbnailUrl\":\"https:\\\/\\\/www.secureair.it\\\/wp-content\\\/uploads\\\/onpage\\\/op_image_bacc070ba947e9a0976bb0294ddcbd63ec400b10.1980x.webp\",\"datePublished\":\"2023-07-06T10:35:04+00:00\",\"dateModified\":\"2026-04-14T10:00:14+00:00\",\"description\":\"Cerchi un Banc d'aspiration SBV avec ventilateur et filtres int\u00e9gr\u00e9s? Compralo ora su Secure Air\",\"breadcrumb\":{\"@id\":\"https:\\\/\\\/www.secureair.it\\\/fr\\\/prodotto\\\/banc-daspiration-sbv-avec-ventilateur-et-filtres-integres\\\/#breadcrumb\"},\"inLanguage\":\"fr-FR\",\"potentialAction\":[{\"@type\":\"ReadAction\",\"target\":[\"https:\\\/\\\/www.secureair.it\\\/fr\\\/prodotto\\\/banc-daspiration-sbv-avec-ventilateur-et-filtres-integres\\\/\"]}]},{\"@type\":\"ImageObject\",\"inLanguage\":\"fr-FR\",\"@id\":\"https:\\\/\\\/www.secureair.it\\\/fr\\\/prodotto\\\/banc-daspiration-sbv-avec-ventilateur-et-filtres-integres\\\/#primaryimage\",\"url\":\"https:\\\/\\\/www.secureair.it\\\/wp-content\\\/uploads\\\/onpage\\\/op_image_bacc070ba947e9a0976bb0294ddcbd63ec400b10.1980x.webp\",\"contentUrl\":\"https:\\\/\\\/www.secureair.it\\\/wp-content\\\/uploads\\\/onpage\\\/op_image_bacc070ba947e9a0976bb0294ddcbd63ec400b10.1980x.webp\",\"width\":1980,\"height\":2475,\"caption\":\"banco aspirante\"},{\"@type\":\"BreadcrumbList\",\"@id\":\"https:\\\/\\\/www.secureair.it\\\/fr\\\/prodotto\\\/banc-daspiration-sbv-avec-ventilateur-et-filtres-integres\\\/#breadcrumb\",\"itemListElement\":[{\"@type\":\"ListItem\",\"position\":1,\"name\":\"Home\",\"item\":\"https:\\\/\\\/www.secureair.it\\\/fr\\\/\"},{\"@type\":\"ListItem\",\"position\":2,\"name\":\"Produits\",\"item\":\"https:\\\/\\\/www.secureair.it\\\/fr\\\/produits\\\/\"},{\"@type\":\"ListItem\",\"position\":3,\"name\":\"Banc d&#8217;aspiration SBV avec ventilateur et filtres int\u00e9gr\u00e9s\"}]},{\"@type\":\"WebSite\",\"@id\":\"https:\\\/\\\/www.secureair.it\\\/#website\",\"url\":\"https:\\\/\\\/www.secureair.it\\\/\",\"name\":\"Secure Air\",\"description\":\"Sistemi di aspirazione professionali\",\"potentialAction\":[{\"@type\":\"SearchAction\",\"target\":{\"@type\":\"EntryPoint\",\"urlTemplate\":\"https:\\\/\\\/www.secureair.it\\\/?s={search_term_string}\"},\"query-input\":{\"@type\":\"PropertyValueSpecification\",\"valueRequired\":true,\"valueName\":\"search_term_string\"}}],\"inLanguage\":\"fr-FR\"}]}<\/script>\n<!-- \/ Yoast SEO plugin. -->","yoast_head_json":{"title":"Banc d'aspiration SBV avec ventilateur et filtres int\u00e9gr\u00e9s - Secure Air","description":"Cerchi un Banc d'aspiration SBV avec ventilateur et filtres int\u00e9gr\u00e9s? Compralo ora su Secure Air","robots":{"index":"index","follow":"follow","max-snippet":"max-snippet:-1","max-image-preview":"max-image-preview:large","max-video-preview":"max-video-preview:-1"},"canonical":"https:\/\/www.secureair.it\/fr\/prodotto\/banc-daspiration-sbv-avec-ventilateur-et-filtres-integres\/","og_locale":"fr_FR","og_type":"article","og_title":"Banc d'aspiration SBV avec ventilateur et filtres int\u00e9gr\u00e9s - Secure Air","og_description":"Cerchi un Banc d'aspiration SBV avec ventilateur et filtres int\u00e9gr\u00e9s? Compralo ora su Secure Air","og_url":"https:\/\/www.secureair.it\/fr\/prodotto\/banc-daspiration-sbv-avec-ventilateur-et-filtres-integres\/","og_site_name":"Secure Air","article_modified_time":"2026-04-14T10:00:14+00:00","twitter_card":"summary_large_image","twitter_misc":{"Dur\u00e9e de lecture estim\u00e9e":"1 minute"},"schema":{"@context":"https:\/\/schema.org","@graph":[{"@type":"WebPage","@id":"https:\/\/www.secureair.it\/fr\/prodotto\/banc-daspiration-sbv-avec-ventilateur-et-filtres-integres\/","url":"https:\/\/www.secureair.it\/fr\/prodotto\/banc-daspiration-sbv-avec-ventilateur-et-filtres-integres\/","name":"Banc d'aspiration SBV avec ventilateur et filtres int\u00e9gr\u00e9s - Secure Air","isPartOf":{"@id":"https:\/\/www.secureair.it\/#website"},"primaryImageOfPage":{"@id":"https:\/\/www.secureair.it\/fr\/prodotto\/banc-daspiration-sbv-avec-ventilateur-et-filtres-integres\/#primaryimage"},"image":{"@id":"https:\/\/www.secureair.it\/fr\/prodotto\/banc-daspiration-sbv-avec-ventilateur-et-filtres-integres\/#primaryimage"},"thumbnailUrl":"https:\/\/www.secureair.it\/wp-content\/uploads\/onpage\/op_image_bacc070ba947e9a0976bb0294ddcbd63ec400b10.1980x.webp","datePublished":"2023-07-06T10:35:04+00:00","dateModified":"2026-04-14T10:00:14+00:00","description":"Cerchi un Banc d'aspiration SBV avec ventilateur et filtres int\u00e9gr\u00e9s? Compralo ora su Secure Air","breadcrumb":{"@id":"https:\/\/www.secureair.it\/fr\/prodotto\/banc-daspiration-sbv-avec-ventilateur-et-filtres-integres\/#breadcrumb"},"inLanguage":"fr-FR","potentialAction":[{"@type":"ReadAction","target":["https:\/\/www.secureair.it\/fr\/prodotto\/banc-daspiration-sbv-avec-ventilateur-et-filtres-integres\/"]}]},{"@type":"ImageObject","inLanguage":"fr-FR","@id":"https:\/\/www.secureair.it\/fr\/prodotto\/banc-daspiration-sbv-avec-ventilateur-et-filtres-integres\/#primaryimage","url":"https:\/\/www.secureair.it\/wp-content\/uploads\/onpage\/op_image_bacc070ba947e9a0976bb0294ddcbd63ec400b10.1980x.webp","contentUrl":"https:\/\/www.secureair.it\/wp-content\/uploads\/onpage\/op_image_bacc070ba947e9a0976bb0294ddcbd63ec400b10.1980x.webp","width":1980,"height":2475,"caption":"banco aspirante"},{"@type":"BreadcrumbList","@id":"https:\/\/www.secureair.it\/fr\/prodotto\/banc-daspiration-sbv-avec-ventilateur-et-filtres-integres\/#breadcrumb","itemListElement":[{"@type":"ListItem","position":1,"name":"Home","item":"https:\/\/www.secureair.it\/fr\/"},{"@type":"ListItem","position":2,"name":"Produits","item":"https:\/\/www.secureair.it\/fr\/produits\/"},{"@type":"ListItem","position":3,"name":"Banc d&#8217;aspiration SBV avec ventilateur et filtres int\u00e9gr\u00e9s"}]},{"@type":"WebSite","@id":"https:\/\/www.secureair.it\/#website","url":"https:\/\/www.secureair.it\/","name":"Secure Air","description":"Sistemi di aspirazione professionali","potentialAction":[{"@type":"SearchAction","target":{"@type":"EntryPoint","urlTemplate":"https:\/\/www.secureair.it\/?s={search_term_string}"},"query-input":{"@type":"PropertyValueSpecification","valueRequired":true,"valueName":"search_term_string"}}],"inLanguage":"fr-FR"}]}},"_links":{"self":[{"href":"https:\/\/www.secureair.it\/fr\/wp-json\/wp\/v2\/product\/27628","targetHints":{"allow":["GET"]}}],"collection":[{"href":"https:\/\/www.secureair.it\/fr\/wp-json\/wp\/v2\/product"}],"about":[{"href":"https:\/\/www.secureair.it\/fr\/wp-json\/wp\/v2\/types\/product"}],"replies":[{"embeddable":true,"href":"https:\/\/www.secureair.it\/fr\/wp-json\/wp\/v2\/comments?post=27628"}],"wp:featuredmedia":[{"embeddable":true,"href":"https:\/\/www.secureair.it\/fr\/wp-json\/wp\/v2\/media\/33376"}],"wp:attachment":[{"href":"https:\/\/www.secureair.it\/fr\/wp-json\/wp\/v2\/media?parent=27628"}],"wp:term":[{"taxonomy":"product_brand","embeddable":true,"href":"https:\/\/www.secureair.it\/fr\/wp-json\/wp\/v2\/product_brand?post=27628"},{"taxonomy":"product_cat","embeddable":true,"href":"https:\/\/www.secureair.it\/fr\/wp-json\/wp\/v2\/product_cat?post=27628"},{"taxonomy":"product_tag","embeddable":true,"href":"https:\/\/www.secureair.it\/fr\/wp-json\/wp\/v2\/product_tag?post=27628"}],"curies":[{"name":"wp","href":"https:\/\/api.w.org\/{rel}","templated":true}]}}