{"id":27632,"date":"2023-07-06T10:35:04","date_gmt":"2023-07-06T10:35:04","guid":{"rendered":""},"modified":"2026-04-14T10:00:14","modified_gmt":"2026-04-14T10:00:14","slug":"ventilateur-centrifuge-en-ligne-gaine-scc","status":"publish","type":"product","link":"https:\/\/www.secureair.it\/fr\/prodotto\/ventilateur-centrifuge-en-ligne-gaine-scc\/","title":{"rendered":"Ventilateur centrifuge en ligne SCC"},"content":{"rendered":"<p>Les ventilateurs centrifuges en ligne gain\u00e9s SCC sont tr\u00e8s faciles \u00e0 utiliser gr\u00e2ce \u00e0 la fixation rapide avec installation en ligne ou en parall\u00e8le et aux moteurs monophas\u00e9s 230V Hz50 \u00e0 2 vitesses.<\/p>\n","protected":false},"excerpt":{"rendered":"<p>Les ventilateurs centrifuges en ligne gain\u00e9s SCC sont tr\u00e8s faciles \u00e0 utiliser gr\u00e2ce \u00e0 la fixation rapide avec installation en ligne ou en parall\u00e8le et aux moteurs monophas\u00e9s 230V Hz50 \u00e0 2 vitesses.<\/p>\n","protected":false},"featured_media":32716,"comment_status":"closed","ping_status":"closed","template":"","meta":{"_acf_changed":false},"product_brand":[],"product_cat":[],"product_tag":[],"class_list":{"0":"post-27632","1":"product","2":"type-product","3":"status-publish","4":"has-post-thumbnail","7":"first","8":"instock","9":"taxable","10":"shipping-taxable","11":"product-type-simple"},"acf":[],"yoast_head":"<!-- This site is optimized with the Yoast SEO plugin v27.4 - https:\/\/yoast.com\/product\/yoast-seo-wordpress\/ -->\n<title>Ventilateur centrifuge en ligne SCC - Secure Air<\/title>\n<meta name=\"description\" content=\"Cerchi un Ventilateur centrifuge en ligne SCC? Compralo ora su Secure Air\" \/>\n<meta name=\"robots\" content=\"index, follow, max-snippet:-1, max-image-preview:large, max-video-preview:-1\" \/>\n<link rel=\"canonical\" href=\"https:\/\/www.secureair.it\/fr\/prodotto\/ventilateur-centrifuge-en-ligne-gaine-scc\/\" \/>\n<meta property=\"og:locale\" content=\"fr_FR\" \/>\n<meta property=\"og:type\" content=\"article\" \/>\n<meta property=\"og:title\" content=\"Ventilateur centrifuge en ligne SCC - Secure Air\" \/>\n<meta property=\"og:description\" content=\"Cerchi un Ventilateur centrifuge en ligne SCC? Compralo ora su Secure Air\" \/>\n<meta property=\"og:url\" content=\"https:\/\/www.secureair.it\/fr\/prodotto\/ventilateur-centrifuge-en-ligne-gaine-scc\/\" \/>\n<meta property=\"og:site_name\" content=\"Secure Air\" \/>\n<meta property=\"article:modified_time\" content=\"2026-04-14T10:00:14+00:00\" \/>\n<meta name=\"twitter:card\" content=\"summary_large_image\" \/>\n<script type=\"application\/ld+json\" class=\"yoast-schema-graph\">{\"@context\":\"https:\\\/\\\/schema.org\",\"@graph\":[{\"@type\":\"WebPage\",\"@id\":\"https:\\\/\\\/www.secureair.it\\\/fr\\\/prodotto\\\/ventilateur-centrifuge-en-ligne-gaine-scc\\\/\",\"url\":\"https:\\\/\\\/www.secureair.it\\\/fr\\\/prodotto\\\/ventilateur-centrifuge-en-ligne-gaine-scc\\\/\",\"name\":\"Ventilateur centrifuge en ligne SCC - Secure Air\",\"isPartOf\":{\"@id\":\"https:\\\/\\\/www.secureair.it\\\/#website\"},\"primaryImageOfPage\":{\"@id\":\"https:\\\/\\\/www.secureair.it\\\/fr\\\/prodotto\\\/ventilateur-centrifuge-en-ligne-gaine-scc\\\/#primaryimage\"},\"image\":{\"@id\":\"https:\\\/\\\/www.secureair.it\\\/fr\\\/prodotto\\\/ventilateur-centrifuge-en-ligne-gaine-scc\\\/#primaryimage\"},\"thumbnailUrl\":\"https:\\\/\\\/www.secureair.it\\\/wp-content\\\/uploads\\\/onpage\\\/op_image_8f151cd9fa523d5543b00c39ed3907851ced6374.1980x.webp\",\"datePublished\":\"2023-07-06T10:35:04+00:00\",\"dateModified\":\"2026-04-14T10:00:14+00:00\",\"description\":\"Cerchi un Ventilateur centrifuge en ligne SCC? Compralo ora su Secure Air\",\"breadcrumb\":{\"@id\":\"https:\\\/\\\/www.secureair.it\\\/fr\\\/prodotto\\\/ventilateur-centrifuge-en-ligne-gaine-scc\\\/#breadcrumb\"},\"inLanguage\":\"fr-FR\",\"potentialAction\":[{\"@type\":\"ReadAction\",\"target\":[\"https:\\\/\\\/www.secureair.it\\\/fr\\\/prodotto\\\/ventilateur-centrifuge-en-ligne-gaine-scc\\\/\"]}]},{\"@type\":\"ImageObject\",\"inLanguage\":\"fr-FR\",\"@id\":\"https:\\\/\\\/www.secureair.it\\\/fr\\\/prodotto\\\/ventilateur-centrifuge-en-ligne-gaine-scc\\\/#primaryimage\",\"url\":\"https:\\\/\\\/www.secureair.it\\\/wp-content\\\/uploads\\\/onpage\\\/op_image_8f151cd9fa523d5543b00c39ed3907851ced6374.1980x.webp\",\"contentUrl\":\"https:\\\/\\\/www.secureair.it\\\/wp-content\\\/uploads\\\/onpage\\\/op_image_8f151cd9fa523d5543b00c39ed3907851ced6374.1980x.webp\",\"width\":1980,\"height\":2020},{\"@type\":\"BreadcrumbList\",\"@id\":\"https:\\\/\\\/www.secureair.it\\\/fr\\\/prodotto\\\/ventilateur-centrifuge-en-ligne-gaine-scc\\\/#breadcrumb\",\"itemListElement\":[{\"@type\":\"ListItem\",\"position\":1,\"name\":\"Home\",\"item\":\"https:\\\/\\\/www.secureair.it\\\/fr\\\/\"},{\"@type\":\"ListItem\",\"position\":2,\"name\":\"Produits\",\"item\":\"https:\\\/\\\/www.secureair.it\\\/fr\\\/produits\\\/\"},{\"@type\":\"ListItem\",\"position\":3,\"name\":\"Ventilateur centrifuge en ligne gain\u00e9 SCC\"}]},{\"@type\":\"WebSite\",\"@id\":\"https:\\\/\\\/www.secureair.it\\\/#website\",\"url\":\"https:\\\/\\\/www.secureair.it\\\/\",\"name\":\"Secure Air\",\"description\":\"Sistemi di aspirazione professionali\",\"potentialAction\":[{\"@type\":\"SearchAction\",\"target\":{\"@type\":\"EntryPoint\",\"urlTemplate\":\"https:\\\/\\\/www.secureair.it\\\/?s={search_term_string}\"},\"query-input\":{\"@type\":\"PropertyValueSpecification\",\"valueRequired\":true,\"valueName\":\"search_term_string\"}}],\"inLanguage\":\"fr-FR\"}]}<\/script>\n<!-- \/ Yoast SEO plugin. -->","yoast_head_json":{"title":"Ventilateur centrifuge en ligne SCC - Secure Air","description":"Cerchi un Ventilateur centrifuge en ligne SCC? Compralo ora su Secure Air","robots":{"index":"index","follow":"follow","max-snippet":"max-snippet:-1","max-image-preview":"max-image-preview:large","max-video-preview":"max-video-preview:-1"},"canonical":"https:\/\/www.secureair.it\/fr\/prodotto\/ventilateur-centrifuge-en-ligne-gaine-scc\/","og_locale":"fr_FR","og_type":"article","og_title":"Ventilateur centrifuge en ligne SCC - Secure Air","og_description":"Cerchi un Ventilateur centrifuge en ligne SCC? Compralo ora su Secure Air","og_url":"https:\/\/www.secureair.it\/fr\/prodotto\/ventilateur-centrifuge-en-ligne-gaine-scc\/","og_site_name":"Secure Air","article_modified_time":"2026-04-14T10:00:14+00:00","twitter_card":"summary_large_image","schema":{"@context":"https:\/\/schema.org","@graph":[{"@type":"WebPage","@id":"https:\/\/www.secureair.it\/fr\/prodotto\/ventilateur-centrifuge-en-ligne-gaine-scc\/","url":"https:\/\/www.secureair.it\/fr\/prodotto\/ventilateur-centrifuge-en-ligne-gaine-scc\/","name":"Ventilateur centrifuge en ligne SCC - Secure Air","isPartOf":{"@id":"https:\/\/www.secureair.it\/#website"},"primaryImageOfPage":{"@id":"https:\/\/www.secureair.it\/fr\/prodotto\/ventilateur-centrifuge-en-ligne-gaine-scc\/#primaryimage"},"image":{"@id":"https:\/\/www.secureair.it\/fr\/prodotto\/ventilateur-centrifuge-en-ligne-gaine-scc\/#primaryimage"},"thumbnailUrl":"https:\/\/www.secureair.it\/wp-content\/uploads\/onpage\/op_image_8f151cd9fa523d5543b00c39ed3907851ced6374.1980x.webp","datePublished":"2023-07-06T10:35:04+00:00","dateModified":"2026-04-14T10:00:14+00:00","description":"Cerchi un Ventilateur centrifuge en ligne SCC? Compralo ora su Secure Air","breadcrumb":{"@id":"https:\/\/www.secureair.it\/fr\/prodotto\/ventilateur-centrifuge-en-ligne-gaine-scc\/#breadcrumb"},"inLanguage":"fr-FR","potentialAction":[{"@type":"ReadAction","target":["https:\/\/www.secureair.it\/fr\/prodotto\/ventilateur-centrifuge-en-ligne-gaine-scc\/"]}]},{"@type":"ImageObject","inLanguage":"fr-FR","@id":"https:\/\/www.secureair.it\/fr\/prodotto\/ventilateur-centrifuge-en-ligne-gaine-scc\/#primaryimage","url":"https:\/\/www.secureair.it\/wp-content\/uploads\/onpage\/op_image_8f151cd9fa523d5543b00c39ed3907851ced6374.1980x.webp","contentUrl":"https:\/\/www.secureair.it\/wp-content\/uploads\/onpage\/op_image_8f151cd9fa523d5543b00c39ed3907851ced6374.1980x.webp","width":1980,"height":2020},{"@type":"BreadcrumbList","@id":"https:\/\/www.secureair.it\/fr\/prodotto\/ventilateur-centrifuge-en-ligne-gaine-scc\/#breadcrumb","itemListElement":[{"@type":"ListItem","position":1,"name":"Home","item":"https:\/\/www.secureair.it\/fr\/"},{"@type":"ListItem","position":2,"name":"Produits","item":"https:\/\/www.secureair.it\/fr\/produits\/"},{"@type":"ListItem","position":3,"name":"Ventilateur centrifuge en ligne gain\u00e9 SCC"}]},{"@type":"WebSite","@id":"https:\/\/www.secureair.it\/#website","url":"https:\/\/www.secureair.it\/","name":"Secure Air","description":"Sistemi di aspirazione professionali","potentialAction":[{"@type":"SearchAction","target":{"@type":"EntryPoint","urlTemplate":"https:\/\/www.secureair.it\/?s={search_term_string}"},"query-input":{"@type":"PropertyValueSpecification","valueRequired":true,"valueName":"search_term_string"}}],"inLanguage":"fr-FR"}]}},"_links":{"self":[{"href":"https:\/\/www.secureair.it\/fr\/wp-json\/wp\/v2\/product\/27632","targetHints":{"allow":["GET"]}}],"collection":[{"href":"https:\/\/www.secureair.it\/fr\/wp-json\/wp\/v2\/product"}],"about":[{"href":"https:\/\/www.secureair.it\/fr\/wp-json\/wp\/v2\/types\/product"}],"replies":[{"embeddable":true,"href":"https:\/\/www.secureair.it\/fr\/wp-json\/wp\/v2\/comments?post=27632"}],"wp:featuredmedia":[{"embeddable":true,"href":"https:\/\/www.secureair.it\/fr\/wp-json\/wp\/v2\/media\/32716"}],"wp:attachment":[{"href":"https:\/\/www.secureair.it\/fr\/wp-json\/wp\/v2\/media?parent=27632"}],"wp:term":[{"taxonomy":"product_brand","embeddable":true,"href":"https:\/\/www.secureair.it\/fr\/wp-json\/wp\/v2\/product_brand?post=27632"},{"taxonomy":"product_cat","embeddable":true,"href":"https:\/\/www.secureair.it\/fr\/wp-json\/wp\/v2\/product_cat?post=27632"},{"taxonomy":"product_tag","embeddable":true,"href":"https:\/\/www.secureair.it\/fr\/wp-json\/wp\/v2\/product_tag?post=27632"}],"curies":[{"name":"wp","href":"https:\/\/api.w.org\/{rel}","templated":true}]}}