{"id":27642,"date":"2023-07-06T10:35:04","date_gmt":"2023-07-06T10:35:04","guid":{"rendered":""},"modified":"2026-04-14T10:00:14","modified_gmt":"2026-04-14T10:00:14","slug":"couverture-de-securite-top-pour-le-soudage","status":"publish","type":"product","link":"https:\/\/www.secureair.it\/fr\/prodotto\/couverture-de-securite-top-pour-le-soudage\/","title":{"rendered":"Couverture de s\u00e9curit\u00e9 TOP pour le soudage"},"content":{"rendered":"<p>La couverture de la s\u00e9rie TOP est recommand\u00e9e pour la protection horizontale et, par cons\u00e9quent, les mat\u00e9riaux incandescents peuvent tomber et se refroidir sur elle sans la perforer. En effet, Thetis p\u00e8se 1100gr\/m\u00b2 et a une \u00e9paisseur de 1,4mm. Elle subit \u00e9galement un traitement \u00e0 base de graphite sur les deux faces (pr\u00e9sent en noir) qui augmente la temp\u00e9rature de r\u00e9sistance jusqu&rsquo;\u00e0 700\u00b0C avec des pointes pour de courtes p\u00e9riodes jusqu&rsquo;\u00e0 900\u00b0C.<\/p>\n","protected":false},"excerpt":{"rendered":"<p>La couverture de la s\u00e9rie TOP est recommand\u00e9e pour la protection horizontale et, par cons\u00e9quent, les mat\u00e9riaux incandescents peuvent tomber et se refroidir sur elle sans la perforer. En effet, Thetis p\u00e8se 1100gr\/m\u00b2 et a une \u00e9paisseur de 1,4mm. Elle subit \u00e9galement un traitement \u00e0 base de graphite sur les deux faces (pr\u00e9sent en noir) [&hellip;]<\/p>\n","protected":false},"featured_media":32737,"comment_status":"closed","ping_status":"closed","template":"","meta":{"_acf_changed":false},"product_brand":[],"product_cat":[],"product_tag":[],"class_list":{"0":"post-27642","1":"product","2":"type-product","3":"status-publish","4":"has-post-thumbnail","7":"first","8":"instock","9":"taxable","10":"shipping-taxable","11":"product-type-simple"},"acf":[],"yoast_head":"<!-- This site is optimized with the Yoast SEO plugin v27.4 - https:\/\/yoast.com\/product\/yoast-seo-wordpress\/ -->\n<title>Couverture de s\u00e9curit\u00e9 TOP pour le soudage - Secure Air<\/title>\n<meta name=\"description\" content=\"Cerchi un Couverture de s\u00e9curit\u00e9 TOP pour le soudage? Compralo ora su Secure Air\" \/>\n<meta name=\"robots\" content=\"index, follow, max-snippet:-1, max-image-preview:large, max-video-preview:-1\" \/>\n<link rel=\"canonical\" href=\"https:\/\/www.secureair.it\/fr\/prodotto\/couverture-de-securite-top-pour-le-soudage\/\" \/>\n<meta property=\"og:locale\" content=\"fr_FR\" \/>\n<meta property=\"og:type\" content=\"article\" \/>\n<meta property=\"og:title\" content=\"Couverture de s\u00e9curit\u00e9 TOP pour le soudage - Secure Air\" \/>\n<meta property=\"og:description\" content=\"Cerchi un Couverture de s\u00e9curit\u00e9 TOP pour le soudage? Compralo ora su Secure Air\" \/>\n<meta property=\"og:url\" content=\"https:\/\/www.secureair.it\/fr\/prodotto\/couverture-de-securite-top-pour-le-soudage\/\" \/>\n<meta property=\"og:site_name\" content=\"Secure Air\" \/>\n<meta property=\"article:modified_time\" content=\"2026-04-14T10:00:14+00:00\" \/>\n<meta name=\"twitter:card\" content=\"summary_large_image\" \/>\n<script type=\"application\/ld+json\" class=\"yoast-schema-graph\">{\"@context\":\"https:\\\/\\\/schema.org\",\"@graph\":[{\"@type\":\"WebPage\",\"@id\":\"https:\\\/\\\/www.secureair.it\\\/fr\\\/prodotto\\\/couverture-de-securite-top-pour-le-soudage\\\/\",\"url\":\"https:\\\/\\\/www.secureair.it\\\/fr\\\/prodotto\\\/couverture-de-securite-top-pour-le-soudage\\\/\",\"name\":\"Couverture de s\u00e9curit\u00e9 TOP pour le soudage - Secure Air\",\"isPartOf\":{\"@id\":\"https:\\\/\\\/www.secureair.it\\\/#website\"},\"primaryImageOfPage\":{\"@id\":\"https:\\\/\\\/www.secureair.it\\\/fr\\\/prodotto\\\/couverture-de-securite-top-pour-le-soudage\\\/#primaryimage\"},\"image\":{\"@id\":\"https:\\\/\\\/www.secureair.it\\\/fr\\\/prodotto\\\/couverture-de-securite-top-pour-le-soudage\\\/#primaryimage\"},\"thumbnailUrl\":\"https:\\\/\\\/www.secureair.it\\\/wp-content\\\/uploads\\\/onpage\\\/op_image_9af088cea8c3b49ba6b0630764bfb50da7b9ac72.1980x.webp\",\"datePublished\":\"2023-07-06T10:35:04+00:00\",\"dateModified\":\"2026-04-14T10:00:14+00:00\",\"description\":\"Cerchi un Couverture de s\u00e9curit\u00e9 TOP pour le soudage? Compralo ora su Secure Air\",\"breadcrumb\":{\"@id\":\"https:\\\/\\\/www.secureair.it\\\/fr\\\/prodotto\\\/couverture-de-securite-top-pour-le-soudage\\\/#breadcrumb\"},\"inLanguage\":\"fr-FR\",\"potentialAction\":[{\"@type\":\"ReadAction\",\"target\":[\"https:\\\/\\\/www.secureair.it\\\/fr\\\/prodotto\\\/couverture-de-securite-top-pour-le-soudage\\\/\"]}]},{\"@type\":\"ImageObject\",\"inLanguage\":\"fr-FR\",\"@id\":\"https:\\\/\\\/www.secureair.it\\\/fr\\\/prodotto\\\/couverture-de-securite-top-pour-le-soudage\\\/#primaryimage\",\"url\":\"https:\\\/\\\/www.secureair.it\\\/wp-content\\\/uploads\\\/onpage\\\/op_image_9af088cea8c3b49ba6b0630764bfb50da7b9ac72.1980x.webp\",\"contentUrl\":\"https:\\\/\\\/www.secureair.it\\\/wp-content\\\/uploads\\\/onpage\\\/op_image_9af088cea8c3b49ba6b0630764bfb50da7b9ac72.1980x.webp\",\"width\":1980,\"height\":1980},{\"@type\":\"BreadcrumbList\",\"@id\":\"https:\\\/\\\/www.secureair.it\\\/fr\\\/prodotto\\\/couverture-de-securite-top-pour-le-soudage\\\/#breadcrumb\",\"itemListElement\":[{\"@type\":\"ListItem\",\"position\":1,\"name\":\"Home\",\"item\":\"https:\\\/\\\/www.secureair.it\\\/fr\\\/\"},{\"@type\":\"ListItem\",\"position\":2,\"name\":\"Produits\",\"item\":\"https:\\\/\\\/www.secureair.it\\\/fr\\\/produits\\\/\"},{\"@type\":\"ListItem\",\"position\":3,\"name\":\"Couverture de s\u00e9curit\u00e9 TOP pour le soudage\"}]},{\"@type\":\"WebSite\",\"@id\":\"https:\\\/\\\/www.secureair.it\\\/#website\",\"url\":\"https:\\\/\\\/www.secureair.it\\\/\",\"name\":\"Secure Air\",\"description\":\"Sistemi di aspirazione professionali\",\"potentialAction\":[{\"@type\":\"SearchAction\",\"target\":{\"@type\":\"EntryPoint\",\"urlTemplate\":\"https:\\\/\\\/www.secureair.it\\\/?s={search_term_string}\"},\"query-input\":{\"@type\":\"PropertyValueSpecification\",\"valueRequired\":true,\"valueName\":\"search_term_string\"}}],\"inLanguage\":\"fr-FR\"}]}<\/script>\n<!-- \/ Yoast SEO plugin. -->","yoast_head_json":{"title":"Couverture de s\u00e9curit\u00e9 TOP pour le soudage - Secure Air","description":"Cerchi un Couverture de s\u00e9curit\u00e9 TOP pour le soudage? Compralo ora su Secure Air","robots":{"index":"index","follow":"follow","max-snippet":"max-snippet:-1","max-image-preview":"max-image-preview:large","max-video-preview":"max-video-preview:-1"},"canonical":"https:\/\/www.secureair.it\/fr\/prodotto\/couverture-de-securite-top-pour-le-soudage\/","og_locale":"fr_FR","og_type":"article","og_title":"Couverture de s\u00e9curit\u00e9 TOP pour le soudage - Secure Air","og_description":"Cerchi un Couverture de s\u00e9curit\u00e9 TOP pour le soudage? Compralo ora su Secure Air","og_url":"https:\/\/www.secureair.it\/fr\/prodotto\/couverture-de-securite-top-pour-le-soudage\/","og_site_name":"Secure Air","article_modified_time":"2026-04-14T10:00:14+00:00","twitter_card":"summary_large_image","schema":{"@context":"https:\/\/schema.org","@graph":[{"@type":"WebPage","@id":"https:\/\/www.secureair.it\/fr\/prodotto\/couverture-de-securite-top-pour-le-soudage\/","url":"https:\/\/www.secureair.it\/fr\/prodotto\/couverture-de-securite-top-pour-le-soudage\/","name":"Couverture de s\u00e9curit\u00e9 TOP pour le soudage - Secure Air","isPartOf":{"@id":"https:\/\/www.secureair.it\/#website"},"primaryImageOfPage":{"@id":"https:\/\/www.secureair.it\/fr\/prodotto\/couverture-de-securite-top-pour-le-soudage\/#primaryimage"},"image":{"@id":"https:\/\/www.secureair.it\/fr\/prodotto\/couverture-de-securite-top-pour-le-soudage\/#primaryimage"},"thumbnailUrl":"https:\/\/www.secureair.it\/wp-content\/uploads\/onpage\/op_image_9af088cea8c3b49ba6b0630764bfb50da7b9ac72.1980x.webp","datePublished":"2023-07-06T10:35:04+00:00","dateModified":"2026-04-14T10:00:14+00:00","description":"Cerchi un Couverture de s\u00e9curit\u00e9 TOP pour le soudage? Compralo ora su Secure Air","breadcrumb":{"@id":"https:\/\/www.secureair.it\/fr\/prodotto\/couverture-de-securite-top-pour-le-soudage\/#breadcrumb"},"inLanguage":"fr-FR","potentialAction":[{"@type":"ReadAction","target":["https:\/\/www.secureair.it\/fr\/prodotto\/couverture-de-securite-top-pour-le-soudage\/"]}]},{"@type":"ImageObject","inLanguage":"fr-FR","@id":"https:\/\/www.secureair.it\/fr\/prodotto\/couverture-de-securite-top-pour-le-soudage\/#primaryimage","url":"https:\/\/www.secureair.it\/wp-content\/uploads\/onpage\/op_image_9af088cea8c3b49ba6b0630764bfb50da7b9ac72.1980x.webp","contentUrl":"https:\/\/www.secureair.it\/wp-content\/uploads\/onpage\/op_image_9af088cea8c3b49ba6b0630764bfb50da7b9ac72.1980x.webp","width":1980,"height":1980},{"@type":"BreadcrumbList","@id":"https:\/\/www.secureair.it\/fr\/prodotto\/couverture-de-securite-top-pour-le-soudage\/#breadcrumb","itemListElement":[{"@type":"ListItem","position":1,"name":"Home","item":"https:\/\/www.secureair.it\/fr\/"},{"@type":"ListItem","position":2,"name":"Produits","item":"https:\/\/www.secureair.it\/fr\/produits\/"},{"@type":"ListItem","position":3,"name":"Couverture de s\u00e9curit\u00e9 TOP pour le soudage"}]},{"@type":"WebSite","@id":"https:\/\/www.secureair.it\/#website","url":"https:\/\/www.secureair.it\/","name":"Secure Air","description":"Sistemi di aspirazione professionali","potentialAction":[{"@type":"SearchAction","target":{"@type":"EntryPoint","urlTemplate":"https:\/\/www.secureair.it\/?s={search_term_string}"},"query-input":{"@type":"PropertyValueSpecification","valueRequired":true,"valueName":"search_term_string"}}],"inLanguage":"fr-FR"}]}},"_links":{"self":[{"href":"https:\/\/www.secureair.it\/fr\/wp-json\/wp\/v2\/product\/27642","targetHints":{"allow":["GET"]}}],"collection":[{"href":"https:\/\/www.secureair.it\/fr\/wp-json\/wp\/v2\/product"}],"about":[{"href":"https:\/\/www.secureair.it\/fr\/wp-json\/wp\/v2\/types\/product"}],"replies":[{"embeddable":true,"href":"https:\/\/www.secureair.it\/fr\/wp-json\/wp\/v2\/comments?post=27642"}],"wp:featuredmedia":[{"embeddable":true,"href":"https:\/\/www.secureair.it\/fr\/wp-json\/wp\/v2\/media\/32737"}],"wp:attachment":[{"href":"https:\/\/www.secureair.it\/fr\/wp-json\/wp\/v2\/media?parent=27642"}],"wp:term":[{"taxonomy":"product_brand","embeddable":true,"href":"https:\/\/www.secureair.it\/fr\/wp-json\/wp\/v2\/product_brand?post=27642"},{"taxonomy":"product_cat","embeddable":true,"href":"https:\/\/www.secureair.it\/fr\/wp-json\/wp\/v2\/product_cat?post=27642"},{"taxonomy":"product_tag","embeddable":true,"href":"https:\/\/www.secureair.it\/fr\/wp-json\/wp\/v2\/product_tag?post=27642"}],"curies":[{"name":"wp","href":"https:\/\/api.w.org\/{rel}","templated":true}]}}