{"id":27648,"date":"2023-07-06T10:35:04","date_gmt":"2023-07-06T10:35:04","guid":{"rendered":""},"modified":"2026-04-14T10:00:14","modified_gmt":"2026-04-14T10:00:14","slug":"aspirateur-de-fumees-de-soudage-a-haute-pression-gtc1a22","status":"publish","type":"product","link":"https:\/\/www.secureair.it\/fr\/prodotto\/aspirateur-de-fumees-de-soudage-a-haute-pression-gtc1a22\/","title":{"rendered":"Aspirateur de fum\u00e9es de soudage \u00e0 haute pression GTC1A22"},"content":{"rendered":"<p><strong>Aspirateur de fum\u00e9es de soudage mobile sur roulettes GTC1A22 <\/strong>avec filtration microm\u00e9trique int\u00e9gr\u00e9e, pour une aspiration optimale \u00e0 haute pression des fum\u00e9es \u00e0 travers deux torches d&rsquo;aspiration de soudage simultan\u00e9es ou d&rsquo;autres applications n\u00e9cessitant des tuyaux de petite section.\u00a0<\/p>\n","protected":false},"excerpt":{"rendered":"<p>Aspirateur de fum\u00e9es de soudage mobile sur roulettes GTC1A22 avec filtration microm\u00e9trique int\u00e9gr\u00e9e, pour une aspiration optimale \u00e0 haute pression des fum\u00e9es \u00e0 travers deux torches d&rsquo;aspiration de soudage simultan\u00e9es ou d&rsquo;autres applications n\u00e9cessitant des tuyaux de petite section.\u00a0<\/p>\n","protected":false},"featured_media":32752,"comment_status":"closed","ping_status":"closed","template":"","meta":{"_acf_changed":false},"product_brand":[],"product_cat":[],"product_tag":[],"class_list":{"0":"post-27648","1":"product","2":"type-product","3":"status-publish","4":"has-post-thumbnail","7":"first","8":"instock","9":"taxable","10":"shipping-taxable","11":"purchasable","12":"product-type-simple"},"acf":[],"yoast_head":"<!-- This site is optimized with the Yoast SEO plugin v27.4 - https:\/\/yoast.com\/product\/yoast-seo-wordpress\/ -->\n<title>Aspirateur de fum\u00e9es de soudage \u00e0 haute pression GTC1A22 - Secure Air<\/title>\n<meta name=\"description\" content=\"Cerchi un Aspirateur de fum\u00e9es de soudage \u00e0 haute pression GTC1A22? Compralo ora su Secure Air\" \/>\n<meta name=\"robots\" content=\"index, follow, max-snippet:-1, max-image-preview:large, max-video-preview:-1\" \/>\n<link rel=\"canonical\" href=\"https:\/\/www.secureair.it\/fr\/prodotto\/aspirateur-de-fumees-de-soudage-a-haute-pression-gtc1a22\/\" \/>\n<meta property=\"og:locale\" content=\"fr_FR\" \/>\n<meta property=\"og:type\" content=\"article\" \/>\n<meta property=\"og:title\" content=\"Aspirateur de fum\u00e9es de soudage \u00e0 haute pression GTC1A22 - Secure Air\" \/>\n<meta property=\"og:description\" content=\"Cerchi un Aspirateur de fum\u00e9es de soudage \u00e0 haute pression GTC1A22? Compralo ora su Secure Air\" \/>\n<meta property=\"og:url\" content=\"https:\/\/www.secureair.it\/fr\/prodotto\/aspirateur-de-fumees-de-soudage-a-haute-pression-gtc1a22\/\" \/>\n<meta property=\"og:site_name\" content=\"Secure Air\" \/>\n<meta property=\"article:modified_time\" content=\"2026-04-14T10:00:14+00:00\" \/>\n<meta name=\"twitter:card\" content=\"summary_large_image\" \/>\n<script type=\"application\/ld+json\" class=\"yoast-schema-graph\">{\"@context\":\"https:\\\/\\\/schema.org\",\"@graph\":[{\"@type\":\"WebPage\",\"@id\":\"https:\\\/\\\/www.secureair.it\\\/fr\\\/prodotto\\\/aspirateur-de-fumees-de-soudage-a-haute-pression-gtc1a22\\\/\",\"url\":\"https:\\\/\\\/www.secureair.it\\\/fr\\\/prodotto\\\/aspirateur-de-fumees-de-soudage-a-haute-pression-gtc1a22\\\/\",\"name\":\"Aspirateur de fum\u00e9es de soudage \u00e0 haute pression GTC1A22 - Secure Air\",\"isPartOf\":{\"@id\":\"https:\\\/\\\/www.secureair.it\\\/#website\"},\"primaryImageOfPage\":{\"@id\":\"https:\\\/\\\/www.secureair.it\\\/fr\\\/prodotto\\\/aspirateur-de-fumees-de-soudage-a-haute-pression-gtc1a22\\\/#primaryimage\"},\"image\":{\"@id\":\"https:\\\/\\\/www.secureair.it\\\/fr\\\/prodotto\\\/aspirateur-de-fumees-de-soudage-a-haute-pression-gtc1a22\\\/#primaryimage\"},\"thumbnailUrl\":\"https:\\\/\\\/www.secureair.it\\\/wp-content\\\/uploads\\\/onpage\\\/op_image_965b726ba1d4e1e4a26752a19648e2f8208f39a7.1980x.webp\",\"datePublished\":\"2023-07-06T10:35:04+00:00\",\"dateModified\":\"2026-04-14T10:00:14+00:00\",\"description\":\"Cerchi un Aspirateur de fum\u00e9es de soudage \u00e0 haute pression GTC1A22? Compralo ora su Secure Air\",\"breadcrumb\":{\"@id\":\"https:\\\/\\\/www.secureair.it\\\/fr\\\/prodotto\\\/aspirateur-de-fumees-de-soudage-a-haute-pression-gtc1a22\\\/#breadcrumb\"},\"inLanguage\":\"fr-FR\",\"potentialAction\":[{\"@type\":\"ReadAction\",\"target\":[\"https:\\\/\\\/www.secureair.it\\\/fr\\\/prodotto\\\/aspirateur-de-fumees-de-soudage-a-haute-pression-gtc1a22\\\/\"]}]},{\"@type\":\"ImageObject\",\"inLanguage\":\"fr-FR\",\"@id\":\"https:\\\/\\\/www.secureair.it\\\/fr\\\/prodotto\\\/aspirateur-de-fumees-de-soudage-a-haute-pression-gtc1a22\\\/#primaryimage\",\"url\":\"https:\\\/\\\/www.secureair.it\\\/wp-content\\\/uploads\\\/onpage\\\/op_image_965b726ba1d4e1e4a26752a19648e2f8208f39a7.1980x.webp\",\"contentUrl\":\"https:\\\/\\\/www.secureair.it\\\/wp-content\\\/uploads\\\/onpage\\\/op_image_965b726ba1d4e1e4a26752a19648e2f8208f39a7.1980x.webp\",\"width\":1980,\"height\":2275},{\"@type\":\"BreadcrumbList\",\"@id\":\"https:\\\/\\\/www.secureair.it\\\/fr\\\/prodotto\\\/aspirateur-de-fumees-de-soudage-a-haute-pression-gtc1a22\\\/#breadcrumb\",\"itemListElement\":[{\"@type\":\"ListItem\",\"position\":1,\"name\":\"Home\",\"item\":\"https:\\\/\\\/www.secureair.it\\\/fr\\\/\"},{\"@type\":\"ListItem\",\"position\":2,\"name\":\"Produits\",\"item\":\"https:\\\/\\\/www.secureair.it\\\/fr\\\/produits\\\/\"},{\"@type\":\"ListItem\",\"position\":3,\"name\":\"Aspirateur de fum\u00e9es de soudage \u00e0 haute pression GTC1A22\"}]},{\"@type\":\"WebSite\",\"@id\":\"https:\\\/\\\/www.secureair.it\\\/#website\",\"url\":\"https:\\\/\\\/www.secureair.it\\\/\",\"name\":\"Secure Air\",\"description\":\"Sistemi di aspirazione professionali\",\"potentialAction\":[{\"@type\":\"SearchAction\",\"target\":{\"@type\":\"EntryPoint\",\"urlTemplate\":\"https:\\\/\\\/www.secureair.it\\\/?s={search_term_string}\"},\"query-input\":{\"@type\":\"PropertyValueSpecification\",\"valueRequired\":true,\"valueName\":\"search_term_string\"}}],\"inLanguage\":\"fr-FR\"}]}<\/script>\n<!-- \/ Yoast SEO plugin. -->","yoast_head_json":{"title":"Aspirateur de fum\u00e9es de soudage \u00e0 haute pression GTC1A22 - Secure Air","description":"Cerchi un Aspirateur de fum\u00e9es de soudage \u00e0 haute pression GTC1A22? Compralo ora su Secure Air","robots":{"index":"index","follow":"follow","max-snippet":"max-snippet:-1","max-image-preview":"max-image-preview:large","max-video-preview":"max-video-preview:-1"},"canonical":"https:\/\/www.secureair.it\/fr\/prodotto\/aspirateur-de-fumees-de-soudage-a-haute-pression-gtc1a22\/","og_locale":"fr_FR","og_type":"article","og_title":"Aspirateur de fum\u00e9es de soudage \u00e0 haute pression GTC1A22 - Secure Air","og_description":"Cerchi un Aspirateur de fum\u00e9es de soudage \u00e0 haute pression GTC1A22? Compralo ora su Secure Air","og_url":"https:\/\/www.secureair.it\/fr\/prodotto\/aspirateur-de-fumees-de-soudage-a-haute-pression-gtc1a22\/","og_site_name":"Secure Air","article_modified_time":"2026-04-14T10:00:14+00:00","twitter_card":"summary_large_image","schema":{"@context":"https:\/\/schema.org","@graph":[{"@type":"WebPage","@id":"https:\/\/www.secureair.it\/fr\/prodotto\/aspirateur-de-fumees-de-soudage-a-haute-pression-gtc1a22\/","url":"https:\/\/www.secureair.it\/fr\/prodotto\/aspirateur-de-fumees-de-soudage-a-haute-pression-gtc1a22\/","name":"Aspirateur de fum\u00e9es de soudage \u00e0 haute pression GTC1A22 - Secure Air","isPartOf":{"@id":"https:\/\/www.secureair.it\/#website"},"primaryImageOfPage":{"@id":"https:\/\/www.secureair.it\/fr\/prodotto\/aspirateur-de-fumees-de-soudage-a-haute-pression-gtc1a22\/#primaryimage"},"image":{"@id":"https:\/\/www.secureair.it\/fr\/prodotto\/aspirateur-de-fumees-de-soudage-a-haute-pression-gtc1a22\/#primaryimage"},"thumbnailUrl":"https:\/\/www.secureair.it\/wp-content\/uploads\/onpage\/op_image_965b726ba1d4e1e4a26752a19648e2f8208f39a7.1980x.webp","datePublished":"2023-07-06T10:35:04+00:00","dateModified":"2026-04-14T10:00:14+00:00","description":"Cerchi un Aspirateur de fum\u00e9es de soudage \u00e0 haute pression GTC1A22? Compralo ora su Secure Air","breadcrumb":{"@id":"https:\/\/www.secureair.it\/fr\/prodotto\/aspirateur-de-fumees-de-soudage-a-haute-pression-gtc1a22\/#breadcrumb"},"inLanguage":"fr-FR","potentialAction":[{"@type":"ReadAction","target":["https:\/\/www.secureair.it\/fr\/prodotto\/aspirateur-de-fumees-de-soudage-a-haute-pression-gtc1a22\/"]}]},{"@type":"ImageObject","inLanguage":"fr-FR","@id":"https:\/\/www.secureair.it\/fr\/prodotto\/aspirateur-de-fumees-de-soudage-a-haute-pression-gtc1a22\/#primaryimage","url":"https:\/\/www.secureair.it\/wp-content\/uploads\/onpage\/op_image_965b726ba1d4e1e4a26752a19648e2f8208f39a7.1980x.webp","contentUrl":"https:\/\/www.secureair.it\/wp-content\/uploads\/onpage\/op_image_965b726ba1d4e1e4a26752a19648e2f8208f39a7.1980x.webp","width":1980,"height":2275},{"@type":"BreadcrumbList","@id":"https:\/\/www.secureair.it\/fr\/prodotto\/aspirateur-de-fumees-de-soudage-a-haute-pression-gtc1a22\/#breadcrumb","itemListElement":[{"@type":"ListItem","position":1,"name":"Home","item":"https:\/\/www.secureair.it\/fr\/"},{"@type":"ListItem","position":2,"name":"Produits","item":"https:\/\/www.secureair.it\/fr\/produits\/"},{"@type":"ListItem","position":3,"name":"Aspirateur de fum\u00e9es de soudage \u00e0 haute pression GTC1A22"}]},{"@type":"WebSite","@id":"https:\/\/www.secureair.it\/#website","url":"https:\/\/www.secureair.it\/","name":"Secure Air","description":"Sistemi di aspirazione professionali","potentialAction":[{"@type":"SearchAction","target":{"@type":"EntryPoint","urlTemplate":"https:\/\/www.secureair.it\/?s={search_term_string}"},"query-input":{"@type":"PropertyValueSpecification","valueRequired":true,"valueName":"search_term_string"}}],"inLanguage":"fr-FR"}]}},"_links":{"self":[{"href":"https:\/\/www.secureair.it\/fr\/wp-json\/wp\/v2\/product\/27648","targetHints":{"allow":["GET"]}}],"collection":[{"href":"https:\/\/www.secureair.it\/fr\/wp-json\/wp\/v2\/product"}],"about":[{"href":"https:\/\/www.secureair.it\/fr\/wp-json\/wp\/v2\/types\/product"}],"replies":[{"embeddable":true,"href":"https:\/\/www.secureair.it\/fr\/wp-json\/wp\/v2\/comments?post=27648"}],"wp:featuredmedia":[{"embeddable":true,"href":"https:\/\/www.secureair.it\/fr\/wp-json\/wp\/v2\/media\/32752"}],"wp:attachment":[{"href":"https:\/\/www.secureair.it\/fr\/wp-json\/wp\/v2\/media?parent=27648"}],"wp:term":[{"taxonomy":"product_brand","embeddable":true,"href":"https:\/\/www.secureair.it\/fr\/wp-json\/wp\/v2\/product_brand?post=27648"},{"taxonomy":"product_cat","embeddable":true,"href":"https:\/\/www.secureair.it\/fr\/wp-json\/wp\/v2\/product_cat?post=27648"},{"taxonomy":"product_tag","embeddable":true,"href":"https:\/\/www.secureair.it\/fr\/wp-json\/wp\/v2\/product_tag?post=27648"}],"curies":[{"name":"wp","href":"https:\/\/api.w.org\/{rel}","templated":true}]}}