{"id":27663,"date":"2023-07-06T10:35:04","date_gmt":"2023-07-06T10:35:04","guid":{"rendered":""},"modified":"2026-04-28T22:00:04","modified_gmt":"2026-04-28T22:00:04","slug":"aspirateur-de-fumees-de-soudage-mfu-hwf23-avec-double-bras-3m","status":"publish","type":"product","link":"https:\/\/www.secureair.it\/fr\/prodotto\/aspirateur-de-fumees-de-soudage-mfu-hwf23-avec-double-bras-3m\/","title":{"rendered":"MFU-HWF23 Aspirateur de fum\u00e9es de soudage double bras 3m"},"content":{"rendered":"<p>Aspirateur mobile pour fum\u00e9es de soudage MFU-HWF23 \u00e0 double bras superflex, avec filtration efficace H13 99,99 %.<\/p>\n","protected":false},"excerpt":{"rendered":"<p>Aspirateur mobile pour fum\u00e9es de soudage MFU-HWF23 \u00e0 double bras superflex, avec filtration efficace H13 99,99 %.<\/p>\n","protected":false},"featured_media":32791,"comment_status":"closed","ping_status":"closed","template":"","meta":{"_acf_changed":false},"product_brand":[],"product_cat":[],"product_tag":[],"class_list":{"0":"post-27663","1":"product","2":"type-product","3":"status-publish","4":"has-post-thumbnail","7":"first","8":"instock","9":"taxable","10":"shipping-taxable","11":"purchasable","12":"product-type-simple"},"acf":[],"yoast_head":"<!-- This site is optimized with the Yoast SEO plugin v27.4 - https:\/\/yoast.com\/product\/yoast-seo-wordpress\/ -->\n<title>MFU-HWF23 Aspirateur de fum\u00e9es de soudage double bras 3m - Secure Air<\/title>\n<meta name=\"description\" content=\"Cerchi un MFU-HWF23 Aspirateur de fum\u00e9es de soudage double bras 3m? Compralo ora su Secure Air\" \/>\n<meta name=\"robots\" content=\"index, follow, max-snippet:-1, max-image-preview:large, max-video-preview:-1\" \/>\n<link rel=\"canonical\" href=\"https:\/\/www.secureair.it\/fr\/prodotto\/mfu-hwf23-aspirateur-de-fumees-de-soudage-double-bras-3m\/\" \/>\n<meta property=\"og:locale\" content=\"fr_FR\" \/>\n<meta property=\"og:type\" content=\"article\" \/>\n<meta property=\"og:title\" content=\"MFU-HWF23 Aspirateur de fum\u00e9es de soudage double bras 3m - Secure Air\" \/>\n<meta property=\"og:description\" content=\"Cerchi un MFU-HWF23 Aspirateur de fum\u00e9es de soudage double bras 3m? Compralo ora su Secure Air\" \/>\n<meta property=\"og:url\" content=\"https:\/\/www.secureair.it\/fr\/prodotto\/mfu-hwf23-aspirateur-de-fumees-de-soudage-double-bras-3m\/\" \/>\n<meta property=\"og:site_name\" content=\"Secure Air\" \/>\n<meta property=\"article:modified_time\" content=\"2026-04-28T22:00:04+00:00\" \/>\n<meta name=\"twitter:card\" content=\"summary_large_image\" \/>\n<script type=\"application\/ld+json\" class=\"yoast-schema-graph\">{\"@context\":\"https:\\\/\\\/schema.org\",\"@graph\":[{\"@type\":\"WebPage\",\"@id\":\"https:\\\/\\\/www.secureair.it\\\/fr\\\/prodotto\\\/mfu-hwf23-aspirateur-de-fumees-de-soudage-double-bras-3m\\\/\",\"url\":\"https:\\\/\\\/www.secureair.it\\\/fr\\\/prodotto\\\/mfu-hwf23-aspirateur-de-fumees-de-soudage-double-bras-3m\\\/\",\"name\":\"MFU-HWF23 Aspirateur de fum\u00e9es de soudage double bras 3m - Secure Air\",\"isPartOf\":{\"@id\":\"https:\\\/\\\/www.secureair.it\\\/#website\"},\"primaryImageOfPage\":{\"@id\":\"https:\\\/\\\/www.secureair.it\\\/fr\\\/prodotto\\\/mfu-hwf23-aspirateur-de-fumees-de-soudage-double-bras-3m\\\/#primaryimage\"},\"image\":{\"@id\":\"https:\\\/\\\/www.secureair.it\\\/fr\\\/prodotto\\\/mfu-hwf23-aspirateur-de-fumees-de-soudage-double-bras-3m\\\/#primaryimage\"},\"thumbnailUrl\":\"https:\\\/\\\/www.secureair.it\\\/wp-content\\\/uploads\\\/onpage\\\/op_image_e3413b78d9eec37d8f94a2556514cd6b08d0c42b.1980x.webp\",\"datePublished\":\"2023-07-06T10:35:04+00:00\",\"dateModified\":\"2026-04-28T22:00:04+00:00\",\"description\":\"Cerchi un MFU-HWF23 Aspirateur de fum\u00e9es de soudage double bras 3m? Compralo ora su Secure Air\",\"breadcrumb\":{\"@id\":\"https:\\\/\\\/www.secureair.it\\\/fr\\\/prodotto\\\/mfu-hwf23-aspirateur-de-fumees-de-soudage-double-bras-3m\\\/#breadcrumb\"},\"inLanguage\":\"fr-FR\",\"potentialAction\":[{\"@type\":\"ReadAction\",\"target\":[\"https:\\\/\\\/www.secureair.it\\\/fr\\\/prodotto\\\/mfu-hwf23-aspirateur-de-fumees-de-soudage-double-bras-3m\\\/\"]}]},{\"@type\":\"ImageObject\",\"inLanguage\":\"fr-FR\",\"@id\":\"https:\\\/\\\/www.secureair.it\\\/fr\\\/prodotto\\\/mfu-hwf23-aspirateur-de-fumees-de-soudage-double-bras-3m\\\/#primaryimage\",\"url\":\"https:\\\/\\\/www.secureair.it\\\/wp-content\\\/uploads\\\/onpage\\\/op_image_e3413b78d9eec37d8f94a2556514cd6b08d0c42b.1980x.webp\",\"contentUrl\":\"https:\\\/\\\/www.secureair.it\\\/wp-content\\\/uploads\\\/onpage\\\/op_image_e3413b78d9eec37d8f94a2556514cd6b08d0c42b.1980x.webp\",\"width\":1980,\"height\":1707},{\"@type\":\"BreadcrumbList\",\"@id\":\"https:\\\/\\\/www.secureair.it\\\/fr\\\/prodotto\\\/mfu-hwf23-aspirateur-de-fumees-de-soudage-double-bras-3m\\\/#breadcrumb\",\"itemListElement\":[{\"@type\":\"ListItem\",\"position\":1,\"name\":\"Home\",\"item\":\"https:\\\/\\\/www.secureair.it\\\/fr\\\/\"},{\"@type\":\"ListItem\",\"position\":2,\"name\":\"Produits\",\"item\":\"https:\\\/\\\/www.secureair.it\\\/fr\\\/produits\\\/\"},{\"@type\":\"ListItem\",\"position\":3,\"name\":\"MFU-HWF23 Aspirateur de fum\u00e9es de soudage double bras 3m\"}]},{\"@type\":\"WebSite\",\"@id\":\"https:\\\/\\\/www.secureair.it\\\/#website\",\"url\":\"https:\\\/\\\/www.secureair.it\\\/\",\"name\":\"Secure Air\",\"description\":\"Sistemi di aspirazione professionali\",\"potentialAction\":[{\"@type\":\"SearchAction\",\"target\":{\"@type\":\"EntryPoint\",\"urlTemplate\":\"https:\\\/\\\/www.secureair.it\\\/?s={search_term_string}\"},\"query-input\":{\"@type\":\"PropertyValueSpecification\",\"valueRequired\":true,\"valueName\":\"search_term_string\"}}],\"inLanguage\":\"fr-FR\"}]}<\/script>\n<!-- \/ Yoast SEO plugin. -->","yoast_head_json":{"title":"MFU-HWF23 Aspirateur de fum\u00e9es de soudage double bras 3m - Secure Air","description":"Cerchi un MFU-HWF23 Aspirateur de fum\u00e9es de soudage double bras 3m? Compralo ora su Secure Air","robots":{"index":"index","follow":"follow","max-snippet":"max-snippet:-1","max-image-preview":"max-image-preview:large","max-video-preview":"max-video-preview:-1"},"canonical":"https:\/\/www.secureair.it\/fr\/prodotto\/mfu-hwf23-aspirateur-de-fumees-de-soudage-double-bras-3m\/","og_locale":"fr_FR","og_type":"article","og_title":"MFU-HWF23 Aspirateur de fum\u00e9es de soudage double bras 3m - Secure Air","og_description":"Cerchi un MFU-HWF23 Aspirateur de fum\u00e9es de soudage double bras 3m? Compralo ora su Secure Air","og_url":"https:\/\/www.secureair.it\/fr\/prodotto\/mfu-hwf23-aspirateur-de-fumees-de-soudage-double-bras-3m\/","og_site_name":"Secure Air","article_modified_time":"2026-04-28T22:00:04+00:00","twitter_card":"summary_large_image","schema":{"@context":"https:\/\/schema.org","@graph":[{"@type":"WebPage","@id":"https:\/\/www.secureair.it\/fr\/prodotto\/mfu-hwf23-aspirateur-de-fumees-de-soudage-double-bras-3m\/","url":"https:\/\/www.secureair.it\/fr\/prodotto\/mfu-hwf23-aspirateur-de-fumees-de-soudage-double-bras-3m\/","name":"MFU-HWF23 Aspirateur de fum\u00e9es de soudage double bras 3m - Secure Air","isPartOf":{"@id":"https:\/\/www.secureair.it\/#website"},"primaryImageOfPage":{"@id":"https:\/\/www.secureair.it\/fr\/prodotto\/mfu-hwf23-aspirateur-de-fumees-de-soudage-double-bras-3m\/#primaryimage"},"image":{"@id":"https:\/\/www.secureair.it\/fr\/prodotto\/mfu-hwf23-aspirateur-de-fumees-de-soudage-double-bras-3m\/#primaryimage"},"thumbnailUrl":"https:\/\/www.secureair.it\/wp-content\/uploads\/onpage\/op_image_e3413b78d9eec37d8f94a2556514cd6b08d0c42b.1980x.webp","datePublished":"2023-07-06T10:35:04+00:00","dateModified":"2026-04-28T22:00:04+00:00","description":"Cerchi un MFU-HWF23 Aspirateur de fum\u00e9es de soudage double bras 3m? Compralo ora su Secure Air","breadcrumb":{"@id":"https:\/\/www.secureair.it\/fr\/prodotto\/mfu-hwf23-aspirateur-de-fumees-de-soudage-double-bras-3m\/#breadcrumb"},"inLanguage":"fr-FR","potentialAction":[{"@type":"ReadAction","target":["https:\/\/www.secureair.it\/fr\/prodotto\/mfu-hwf23-aspirateur-de-fumees-de-soudage-double-bras-3m\/"]}]},{"@type":"ImageObject","inLanguage":"fr-FR","@id":"https:\/\/www.secureair.it\/fr\/prodotto\/mfu-hwf23-aspirateur-de-fumees-de-soudage-double-bras-3m\/#primaryimage","url":"https:\/\/www.secureair.it\/wp-content\/uploads\/onpage\/op_image_e3413b78d9eec37d8f94a2556514cd6b08d0c42b.1980x.webp","contentUrl":"https:\/\/www.secureair.it\/wp-content\/uploads\/onpage\/op_image_e3413b78d9eec37d8f94a2556514cd6b08d0c42b.1980x.webp","width":1980,"height":1707},{"@type":"BreadcrumbList","@id":"https:\/\/www.secureair.it\/fr\/prodotto\/mfu-hwf23-aspirateur-de-fumees-de-soudage-double-bras-3m\/#breadcrumb","itemListElement":[{"@type":"ListItem","position":1,"name":"Home","item":"https:\/\/www.secureair.it\/fr\/"},{"@type":"ListItem","position":2,"name":"Produits","item":"https:\/\/www.secureair.it\/fr\/produits\/"},{"@type":"ListItem","position":3,"name":"MFU-HWF23 Aspirateur de fum\u00e9es de soudage double bras 3m"}]},{"@type":"WebSite","@id":"https:\/\/www.secureair.it\/#website","url":"https:\/\/www.secureair.it\/","name":"Secure Air","description":"Sistemi di aspirazione professionali","potentialAction":[{"@type":"SearchAction","target":{"@type":"EntryPoint","urlTemplate":"https:\/\/www.secureair.it\/?s={search_term_string}"},"query-input":{"@type":"PropertyValueSpecification","valueRequired":true,"valueName":"search_term_string"}}],"inLanguage":"fr-FR"}]}},"_links":{"self":[{"href":"https:\/\/www.secureair.it\/fr\/wp-json\/wp\/v2\/product\/27663","targetHints":{"allow":["GET"]}}],"collection":[{"href":"https:\/\/www.secureair.it\/fr\/wp-json\/wp\/v2\/product"}],"about":[{"href":"https:\/\/www.secureair.it\/fr\/wp-json\/wp\/v2\/types\/product"}],"replies":[{"embeddable":true,"href":"https:\/\/www.secureair.it\/fr\/wp-json\/wp\/v2\/comments?post=27663"}],"wp:featuredmedia":[{"embeddable":true,"href":"https:\/\/www.secureair.it\/fr\/wp-json\/wp\/v2\/media\/32791"}],"wp:attachment":[{"href":"https:\/\/www.secureair.it\/fr\/wp-json\/wp\/v2\/media?parent=27663"}],"wp:term":[{"taxonomy":"product_brand","embeddable":true,"href":"https:\/\/www.secureair.it\/fr\/wp-json\/wp\/v2\/product_brand?post=27663"},{"taxonomy":"product_cat","embeddable":true,"href":"https:\/\/www.secureair.it\/fr\/wp-json\/wp\/v2\/product_cat?post=27663"},{"taxonomy":"product_tag","embeddable":true,"href":"https:\/\/www.secureair.it\/fr\/wp-json\/wp\/v2\/product_tag?post=27663"}],"curies":[{"name":"wp","href":"https:\/\/api.w.org\/{rel}","templated":true}]}}