{"id":27684,"date":"2023-07-06T10:35:05","date_gmt":"2023-07-06T10:35:05","guid":{"rendered":""},"modified":"2026-04-28T22:00:04","modified_gmt":"2026-04-28T22:00:04","slug":"paroi-daspiration-de-la-cabine-de-pulverisation-wfpn","status":"publish","type":"product","link":"https:\/\/www.secureair.it\/fr\/prodotto\/paroi-daspiration-de-la-cabine-de-pulverisation-wfpn\/","title":{"rendered":"Paroi d&rsquo;aspiration de la cabine de pulv\u00e9risation WFPN"},"content":{"rendered":"<p>Les <strong>cabines de pulv\u00e9risation WFPN<\/strong> sont \u00e9quip\u00e9es d&rsquo;une filtration s\u00e8che et d&rsquo;une aspiration int\u00e9gr\u00e9es et, gr\u00e2ce \u00e0 leur g\u00e9om\u00e9trie, forment un front d&rsquo;aspiration \u00e0 vitesse constante pour capturer les polluants produits par des op\u00e9rations telles que la peinture, le rev\u00eatement de r\u00e9sine, le collage et tous les traitements professionnels qui g\u00e9n\u00e8rent une surpulv\u00e9risation de l&rsquo;application.<\/p>\n","protected":false},"excerpt":{"rendered":"<p>Les cabines de pulv\u00e9risation WFPN sont \u00e9quip\u00e9es d&rsquo;une filtration s\u00e8che et d&rsquo;une aspiration int\u00e9gr\u00e9es et, gr\u00e2ce \u00e0 leur g\u00e9om\u00e9trie, forment un front d&rsquo;aspiration \u00e0 vitesse constante pour capturer les polluants produits par des op\u00e9rations telles que la peinture, le rev\u00eatement de r\u00e9sine, le collage et tous les traitements professionnels qui g\u00e9n\u00e8rent une surpulv\u00e9risation de l&rsquo;application.<\/p>\n","protected":false},"featured_media":32842,"comment_status":"closed","ping_status":"closed","template":"","meta":{"_acf_changed":false},"product_brand":[],"product_cat":[],"product_tag":[],"class_list":{"0":"post-27684","1":"product","2":"type-product","3":"status-publish","4":"has-post-thumbnail","7":"first","8":"instock","9":"taxable","10":"shipping-taxable","11":"product-type-simple"},"acf":[],"yoast_head":"<!-- This site is optimized with the Yoast SEO plugin v27.4 - https:\/\/yoast.com\/product\/yoast-seo-wordpress\/ -->\n<title>Paroi d&#039;aspiration de la cabine de pulv\u00e9risation WFPN - Secure Air<\/title>\n<meta name=\"description\" content=\"Cerchi un Paroi d&#039;aspiration de la cabine de pulv\u00e9risation WFPN? Compralo ora su Secure Air\" \/>\n<meta name=\"robots\" content=\"index, follow, max-snippet:-1, max-image-preview:large, max-video-preview:-1\" \/>\n<link rel=\"canonical\" href=\"https:\/\/www.secureair.it\/fr\/prodotto\/paroi-daspiration-de-la-cabine-de-pulverisation-wfpn\/\" \/>\n<meta property=\"og:locale\" content=\"fr_FR\" \/>\n<meta property=\"og:type\" content=\"article\" \/>\n<meta property=\"og:title\" content=\"Paroi d&#039;aspiration de la cabine de pulv\u00e9risation WFPN - Secure Air\" \/>\n<meta property=\"og:description\" content=\"Cerchi un Paroi d&#039;aspiration de la cabine de pulv\u00e9risation WFPN? Compralo ora su Secure Air\" \/>\n<meta property=\"og:url\" content=\"https:\/\/www.secureair.it\/fr\/prodotto\/paroi-daspiration-de-la-cabine-de-pulverisation-wfpn\/\" \/>\n<meta property=\"og:site_name\" content=\"Secure Air\" \/>\n<meta property=\"article:modified_time\" content=\"2026-04-28T22:00:04+00:00\" \/>\n<meta name=\"twitter:card\" content=\"summary_large_image\" \/>\n<script type=\"application\/ld+json\" class=\"yoast-schema-graph\">{\"@context\":\"https:\\\/\\\/schema.org\",\"@graph\":[{\"@type\":\"WebPage\",\"@id\":\"https:\\\/\\\/www.secureair.it\\\/fr\\\/prodotto\\\/paroi-daspiration-de-la-cabine-de-pulverisation-wfpn\\\/\",\"url\":\"https:\\\/\\\/www.secureair.it\\\/fr\\\/prodotto\\\/paroi-daspiration-de-la-cabine-de-pulverisation-wfpn\\\/\",\"name\":\"Paroi d'aspiration de la cabine de pulv\u00e9risation WFPN - Secure Air\",\"isPartOf\":{\"@id\":\"https:\\\/\\\/www.secureair.it\\\/#website\"},\"primaryImageOfPage\":{\"@id\":\"https:\\\/\\\/www.secureair.it\\\/fr\\\/prodotto\\\/paroi-daspiration-de-la-cabine-de-pulverisation-wfpn\\\/#primaryimage\"},\"image\":{\"@id\":\"https:\\\/\\\/www.secureair.it\\\/fr\\\/prodotto\\\/paroi-daspiration-de-la-cabine-de-pulverisation-wfpn\\\/#primaryimage\"},\"thumbnailUrl\":\"https:\\\/\\\/www.secureair.it\\\/wp-content\\\/uploads\\\/onpage\\\/op_image_5edba698c3f913ae05eef7cd30633e21de6633f0.1980x-scaled.webp\",\"datePublished\":\"2023-07-06T10:35:05+00:00\",\"dateModified\":\"2026-04-28T22:00:04+00:00\",\"description\":\"Cerchi un Paroi d'aspiration de la cabine de pulv\u00e9risation WFPN? Compralo ora su Secure Air\",\"breadcrumb\":{\"@id\":\"https:\\\/\\\/www.secureair.it\\\/fr\\\/prodotto\\\/paroi-daspiration-de-la-cabine-de-pulverisation-wfpn\\\/#breadcrumb\"},\"inLanguage\":\"fr-FR\",\"potentialAction\":[{\"@type\":\"ReadAction\",\"target\":[\"https:\\\/\\\/www.secureair.it\\\/fr\\\/prodotto\\\/paroi-daspiration-de-la-cabine-de-pulverisation-wfpn\\\/\"]}]},{\"@type\":\"ImageObject\",\"inLanguage\":\"fr-FR\",\"@id\":\"https:\\\/\\\/www.secureair.it\\\/fr\\\/prodotto\\\/paroi-daspiration-de-la-cabine-de-pulverisation-wfpn\\\/#primaryimage\",\"url\":\"https:\\\/\\\/www.secureair.it\\\/wp-content\\\/uploads\\\/onpage\\\/op_image_5edba698c3f913ae05eef7cd30633e21de6633f0.1980x-scaled.webp\",\"contentUrl\":\"https:\\\/\\\/www.secureair.it\\\/wp-content\\\/uploads\\\/onpage\\\/op_image_5edba698c3f913ae05eef7cd30633e21de6633f0.1980x-scaled.webp\",\"width\":1921,\"height\":2560},{\"@type\":\"BreadcrumbList\",\"@id\":\"https:\\\/\\\/www.secureair.it\\\/fr\\\/prodotto\\\/paroi-daspiration-de-la-cabine-de-pulverisation-wfpn\\\/#breadcrumb\",\"itemListElement\":[{\"@type\":\"ListItem\",\"position\":1,\"name\":\"Home\",\"item\":\"https:\\\/\\\/www.secureair.it\\\/fr\\\/\"},{\"@type\":\"ListItem\",\"position\":2,\"name\":\"Produits\",\"item\":\"https:\\\/\\\/www.secureair.it\\\/fr\\\/produits\\\/\"},{\"@type\":\"ListItem\",\"position\":3,\"name\":\"Paroi d&#8217;aspiration de la cabine de pulv\u00e9risation WFPN\"}]},{\"@type\":\"WebSite\",\"@id\":\"https:\\\/\\\/www.secureair.it\\\/#website\",\"url\":\"https:\\\/\\\/www.secureair.it\\\/\",\"name\":\"Secure Air\",\"description\":\"Sistemi di aspirazione professionali\",\"potentialAction\":[{\"@type\":\"SearchAction\",\"target\":{\"@type\":\"EntryPoint\",\"urlTemplate\":\"https:\\\/\\\/www.secureair.it\\\/?s={search_term_string}\"},\"query-input\":{\"@type\":\"PropertyValueSpecification\",\"valueRequired\":true,\"valueName\":\"search_term_string\"}}],\"inLanguage\":\"fr-FR\"}]}<\/script>\n<!-- \/ Yoast SEO plugin. -->","yoast_head_json":{"title":"Paroi d'aspiration de la cabine de pulv\u00e9risation WFPN - Secure Air","description":"Cerchi un Paroi d'aspiration de la cabine de pulv\u00e9risation WFPN? Compralo ora su Secure Air","robots":{"index":"index","follow":"follow","max-snippet":"max-snippet:-1","max-image-preview":"max-image-preview:large","max-video-preview":"max-video-preview:-1"},"canonical":"https:\/\/www.secureair.it\/fr\/prodotto\/paroi-daspiration-de-la-cabine-de-pulverisation-wfpn\/","og_locale":"fr_FR","og_type":"article","og_title":"Paroi d'aspiration de la cabine de pulv\u00e9risation WFPN - Secure Air","og_description":"Cerchi un Paroi d'aspiration de la cabine de pulv\u00e9risation WFPN? Compralo ora su Secure Air","og_url":"https:\/\/www.secureair.it\/fr\/prodotto\/paroi-daspiration-de-la-cabine-de-pulverisation-wfpn\/","og_site_name":"Secure Air","article_modified_time":"2026-04-28T22:00:04+00:00","twitter_card":"summary_large_image","schema":{"@context":"https:\/\/schema.org","@graph":[{"@type":"WebPage","@id":"https:\/\/www.secureair.it\/fr\/prodotto\/paroi-daspiration-de-la-cabine-de-pulverisation-wfpn\/","url":"https:\/\/www.secureair.it\/fr\/prodotto\/paroi-daspiration-de-la-cabine-de-pulverisation-wfpn\/","name":"Paroi d'aspiration de la cabine de pulv\u00e9risation WFPN - Secure Air","isPartOf":{"@id":"https:\/\/www.secureair.it\/#website"},"primaryImageOfPage":{"@id":"https:\/\/www.secureair.it\/fr\/prodotto\/paroi-daspiration-de-la-cabine-de-pulverisation-wfpn\/#primaryimage"},"image":{"@id":"https:\/\/www.secureair.it\/fr\/prodotto\/paroi-daspiration-de-la-cabine-de-pulverisation-wfpn\/#primaryimage"},"thumbnailUrl":"https:\/\/www.secureair.it\/wp-content\/uploads\/onpage\/op_image_5edba698c3f913ae05eef7cd30633e21de6633f0.1980x-scaled.webp","datePublished":"2023-07-06T10:35:05+00:00","dateModified":"2026-04-28T22:00:04+00:00","description":"Cerchi un Paroi d'aspiration de la cabine de pulv\u00e9risation WFPN? Compralo ora su Secure Air","breadcrumb":{"@id":"https:\/\/www.secureair.it\/fr\/prodotto\/paroi-daspiration-de-la-cabine-de-pulverisation-wfpn\/#breadcrumb"},"inLanguage":"fr-FR","potentialAction":[{"@type":"ReadAction","target":["https:\/\/www.secureair.it\/fr\/prodotto\/paroi-daspiration-de-la-cabine-de-pulverisation-wfpn\/"]}]},{"@type":"ImageObject","inLanguage":"fr-FR","@id":"https:\/\/www.secureair.it\/fr\/prodotto\/paroi-daspiration-de-la-cabine-de-pulverisation-wfpn\/#primaryimage","url":"https:\/\/www.secureair.it\/wp-content\/uploads\/onpage\/op_image_5edba698c3f913ae05eef7cd30633e21de6633f0.1980x-scaled.webp","contentUrl":"https:\/\/www.secureair.it\/wp-content\/uploads\/onpage\/op_image_5edba698c3f913ae05eef7cd30633e21de6633f0.1980x-scaled.webp","width":1921,"height":2560},{"@type":"BreadcrumbList","@id":"https:\/\/www.secureair.it\/fr\/prodotto\/paroi-daspiration-de-la-cabine-de-pulverisation-wfpn\/#breadcrumb","itemListElement":[{"@type":"ListItem","position":1,"name":"Home","item":"https:\/\/www.secureair.it\/fr\/"},{"@type":"ListItem","position":2,"name":"Produits","item":"https:\/\/www.secureair.it\/fr\/produits\/"},{"@type":"ListItem","position":3,"name":"Paroi d&#8217;aspiration de la cabine de pulv\u00e9risation WFPN"}]},{"@type":"WebSite","@id":"https:\/\/www.secureair.it\/#website","url":"https:\/\/www.secureair.it\/","name":"Secure Air","description":"Sistemi di aspirazione professionali","potentialAction":[{"@type":"SearchAction","target":{"@type":"EntryPoint","urlTemplate":"https:\/\/www.secureair.it\/?s={search_term_string}"},"query-input":{"@type":"PropertyValueSpecification","valueRequired":true,"valueName":"search_term_string"}}],"inLanguage":"fr-FR"}]}},"_links":{"self":[{"href":"https:\/\/www.secureair.it\/fr\/wp-json\/wp\/v2\/product\/27684","targetHints":{"allow":["GET"]}}],"collection":[{"href":"https:\/\/www.secureair.it\/fr\/wp-json\/wp\/v2\/product"}],"about":[{"href":"https:\/\/www.secureair.it\/fr\/wp-json\/wp\/v2\/types\/product"}],"replies":[{"embeddable":true,"href":"https:\/\/www.secureair.it\/fr\/wp-json\/wp\/v2\/comments?post=27684"}],"wp:featuredmedia":[{"embeddable":true,"href":"https:\/\/www.secureair.it\/fr\/wp-json\/wp\/v2\/media\/32842"}],"wp:attachment":[{"href":"https:\/\/www.secureair.it\/fr\/wp-json\/wp\/v2\/media?parent=27684"}],"wp:term":[{"taxonomy":"product_brand","embeddable":true,"href":"https:\/\/www.secureair.it\/fr\/wp-json\/wp\/v2\/product_brand?post=27684"},{"taxonomy":"product_cat","embeddable":true,"href":"https:\/\/www.secureair.it\/fr\/wp-json\/wp\/v2\/product_cat?post=27684"},{"taxonomy":"product_tag","embeddable":true,"href":"https:\/\/www.secureair.it\/fr\/wp-json\/wp\/v2\/product_tag?post=27684"}],"curies":[{"name":"wp","href":"https:\/\/api.w.org\/{rel}","templated":true}]}}