{"id":27686,"date":"2023-07-06T10:35:05","date_gmt":"2023-07-06T10:35:05","guid":{"rendered":""},"modified":"2026-04-14T10:00:14","modified_gmt":"2026-04-14T10:00:14","slug":"banc-daspiration-sbp-pour-le-moulage-par-soufflage-de-pieces-seches","status":"publish","type":"product","link":"https:\/\/www.secureair.it\/fr\/prodotto\/banc-daspiration-sbp-pour-le-moulage-par-soufflage-de-pieces-seches\/","title":{"rendered":"Banc d&rsquo;aspiration SBP pour le moulage par soufflage de pi\u00e8ces s\u00e8ches"},"content":{"rendered":"<p>Le <strong>banc d&rsquo;aspiration SBP<\/strong> est utilis\u00e9 pour aspirer les poussi\u00e8res g\u00e9n\u00e9r\u00e9es lors des op\u00e9rations de nettoyage et de soufflage des pi\u00e8ces \u00e0 l&rsquo;aide d&rsquo;air comprim\u00e9, afin d&rsquo;\u00e9viter qu&rsquo;elles ne soient respir\u00e9es par les op\u00e9rateurs et qu&rsquo;elles ne polluent l&rsquo;environnement de travail, \u00e9tant donn\u00e9 qu&rsquo;elles sont tr\u00e8s volatiles. <\/p>\n","protected":false},"excerpt":{"rendered":"<p>Le banc d&rsquo;aspiration SBP est utilis\u00e9 pour aspirer les poussi\u00e8res g\u00e9n\u00e9r\u00e9es lors des op\u00e9rations de nettoyage et de soufflage des pi\u00e8ces \u00e0 l&rsquo;aide d&rsquo;air comprim\u00e9, afin d&rsquo;\u00e9viter qu&rsquo;elles ne soient respir\u00e9es par les op\u00e9rateurs et qu&rsquo;elles ne polluent l&rsquo;environnement de travail, \u00e9tant donn\u00e9 qu&rsquo;elles sont tr\u00e8s volatiles.<\/p>\n","protected":false},"featured_media":32848,"comment_status":"closed","ping_status":"closed","template":"","meta":{"_acf_changed":false},"product_brand":[],"product_cat":[],"product_tag":[],"class_list":{"0":"post-27686","1":"product","2":"type-product","3":"status-publish","4":"has-post-thumbnail","7":"first","8":"instock","9":"taxable","10":"shipping-taxable","11":"purchasable","12":"product-type-simple"},"acf":[],"yoast_head":"<!-- This site is optimized with the Yoast SEO plugin v27.4 - https:\/\/yoast.com\/product\/yoast-seo-wordpress\/ -->\n<title>Banc d&#039;aspiration SBP pour le moulage par soufflage de pi\u00e8ces s\u00e8ches - Secure Air<\/title>\n<meta name=\"description\" content=\"Cerchi un Banc d&#039;aspiration SBP pour le moulage par soufflage de pi\u00e8ces s\u00e8ches? Compralo ora su Secure Air\" \/>\n<meta name=\"robots\" content=\"index, follow, max-snippet:-1, max-image-preview:large, max-video-preview:-1\" \/>\n<link rel=\"canonical\" href=\"https:\/\/www.secureair.it\/fr\/prodotto\/banc-daspiration-sbp-pour-le-moulage-par-soufflage-de-pieces-seches\/\" \/>\n<meta property=\"og:locale\" content=\"fr_FR\" \/>\n<meta property=\"og:type\" content=\"article\" \/>\n<meta property=\"og:title\" content=\"Banc d&#039;aspiration SBP pour le moulage par soufflage de pi\u00e8ces s\u00e8ches - Secure Air\" \/>\n<meta property=\"og:description\" content=\"Cerchi un Banc d&#039;aspiration SBP pour le moulage par soufflage de pi\u00e8ces s\u00e8ches? Compralo ora su Secure Air\" \/>\n<meta property=\"og:url\" content=\"https:\/\/www.secureair.it\/fr\/prodotto\/banc-daspiration-sbp-pour-le-moulage-par-soufflage-de-pieces-seches\/\" \/>\n<meta property=\"og:site_name\" content=\"Secure Air\" \/>\n<meta property=\"article:modified_time\" content=\"2026-04-14T10:00:14+00:00\" \/>\n<meta name=\"twitter:card\" content=\"summary_large_image\" \/>\n<script type=\"application\/ld+json\" class=\"yoast-schema-graph\">{\"@context\":\"https:\\\/\\\/schema.org\",\"@graph\":[{\"@type\":\"WebPage\",\"@id\":\"https:\\\/\\\/www.secureair.it\\\/fr\\\/prodotto\\\/banc-daspiration-sbp-pour-le-moulage-par-soufflage-de-pieces-seches\\\/\",\"url\":\"https:\\\/\\\/www.secureair.it\\\/fr\\\/prodotto\\\/banc-daspiration-sbp-pour-le-moulage-par-soufflage-de-pieces-seches\\\/\",\"name\":\"Banc d'aspiration SBP pour le moulage par soufflage de pi\u00e8ces s\u00e8ches - Secure Air\",\"isPartOf\":{\"@id\":\"https:\\\/\\\/www.secureair.it\\\/#website\"},\"primaryImageOfPage\":{\"@id\":\"https:\\\/\\\/www.secureair.it\\\/fr\\\/prodotto\\\/banc-daspiration-sbp-pour-le-moulage-par-soufflage-de-pieces-seches\\\/#primaryimage\"},\"image\":{\"@id\":\"https:\\\/\\\/www.secureair.it\\\/fr\\\/prodotto\\\/banc-daspiration-sbp-pour-le-moulage-par-soufflage-de-pieces-seches\\\/#primaryimage\"},\"thumbnailUrl\":\"https:\\\/\\\/www.secureair.it\\\/wp-content\\\/uploads\\\/onpage\\\/op_image_c03bd8dd03d8b6c60c568adaf6a6f836d7f31e53.1980x.webp\",\"datePublished\":\"2023-07-06T10:35:05+00:00\",\"dateModified\":\"2026-04-14T10:00:14+00:00\",\"description\":\"Cerchi un Banc d'aspiration SBP pour le moulage par soufflage de pi\u00e8ces s\u00e8ches? Compralo ora su Secure Air\",\"breadcrumb\":{\"@id\":\"https:\\\/\\\/www.secureair.it\\\/fr\\\/prodotto\\\/banc-daspiration-sbp-pour-le-moulage-par-soufflage-de-pieces-seches\\\/#breadcrumb\"},\"inLanguage\":\"fr-FR\",\"potentialAction\":[{\"@type\":\"ReadAction\",\"target\":[\"https:\\\/\\\/www.secureair.it\\\/fr\\\/prodotto\\\/banc-daspiration-sbp-pour-le-moulage-par-soufflage-de-pieces-seches\\\/\"]}]},{\"@type\":\"ImageObject\",\"inLanguage\":\"fr-FR\",\"@id\":\"https:\\\/\\\/www.secureair.it\\\/fr\\\/prodotto\\\/banc-daspiration-sbp-pour-le-moulage-par-soufflage-de-pieces-seches\\\/#primaryimage\",\"url\":\"https:\\\/\\\/www.secureair.it\\\/wp-content\\\/uploads\\\/onpage\\\/op_image_c03bd8dd03d8b6c60c568adaf6a6f836d7f31e53.1980x.webp\",\"contentUrl\":\"https:\\\/\\\/www.secureair.it\\\/wp-content\\\/uploads\\\/onpage\\\/op_image_c03bd8dd03d8b6c60c568adaf6a6f836d7f31e53.1980x.webp\",\"width\":1980,\"height\":1535},{\"@type\":\"BreadcrumbList\",\"@id\":\"https:\\\/\\\/www.secureair.it\\\/fr\\\/prodotto\\\/banc-daspiration-sbp-pour-le-moulage-par-soufflage-de-pieces-seches\\\/#breadcrumb\",\"itemListElement\":[{\"@type\":\"ListItem\",\"position\":1,\"name\":\"Home\",\"item\":\"https:\\\/\\\/www.secureair.it\\\/fr\\\/\"},{\"@type\":\"ListItem\",\"position\":2,\"name\":\"Produits\",\"item\":\"https:\\\/\\\/www.secureair.it\\\/fr\\\/produits\\\/\"},{\"@type\":\"ListItem\",\"position\":3,\"name\":\"Banc d&#8217;aspiration SBP pour le moulage par soufflage de pi\u00e8ces s\u00e8ches\"}]},{\"@type\":\"WebSite\",\"@id\":\"https:\\\/\\\/www.secureair.it\\\/#website\",\"url\":\"https:\\\/\\\/www.secureair.it\\\/\",\"name\":\"Secure Air\",\"description\":\"Sistemi di aspirazione professionali\",\"potentialAction\":[{\"@type\":\"SearchAction\",\"target\":{\"@type\":\"EntryPoint\",\"urlTemplate\":\"https:\\\/\\\/www.secureair.it\\\/?s={search_term_string}\"},\"query-input\":{\"@type\":\"PropertyValueSpecification\",\"valueRequired\":true,\"valueName\":\"search_term_string\"}}],\"inLanguage\":\"fr-FR\"}]}<\/script>\n<!-- \/ Yoast SEO plugin. -->","yoast_head_json":{"title":"Banc d'aspiration SBP pour le moulage par soufflage de pi\u00e8ces s\u00e8ches - Secure Air","description":"Cerchi un Banc d'aspiration SBP pour le moulage par soufflage de pi\u00e8ces s\u00e8ches? Compralo ora su Secure Air","robots":{"index":"index","follow":"follow","max-snippet":"max-snippet:-1","max-image-preview":"max-image-preview:large","max-video-preview":"max-video-preview:-1"},"canonical":"https:\/\/www.secureair.it\/fr\/prodotto\/banc-daspiration-sbp-pour-le-moulage-par-soufflage-de-pieces-seches\/","og_locale":"fr_FR","og_type":"article","og_title":"Banc d'aspiration SBP pour le moulage par soufflage de pi\u00e8ces s\u00e8ches - Secure Air","og_description":"Cerchi un Banc d'aspiration SBP pour le moulage par soufflage de pi\u00e8ces s\u00e8ches? Compralo ora su Secure Air","og_url":"https:\/\/www.secureair.it\/fr\/prodotto\/banc-daspiration-sbp-pour-le-moulage-par-soufflage-de-pieces-seches\/","og_site_name":"Secure Air","article_modified_time":"2026-04-14T10:00:14+00:00","twitter_card":"summary_large_image","schema":{"@context":"https:\/\/schema.org","@graph":[{"@type":"WebPage","@id":"https:\/\/www.secureair.it\/fr\/prodotto\/banc-daspiration-sbp-pour-le-moulage-par-soufflage-de-pieces-seches\/","url":"https:\/\/www.secureair.it\/fr\/prodotto\/banc-daspiration-sbp-pour-le-moulage-par-soufflage-de-pieces-seches\/","name":"Banc d'aspiration SBP pour le moulage par soufflage de pi\u00e8ces s\u00e8ches - Secure Air","isPartOf":{"@id":"https:\/\/www.secureair.it\/#website"},"primaryImageOfPage":{"@id":"https:\/\/www.secureair.it\/fr\/prodotto\/banc-daspiration-sbp-pour-le-moulage-par-soufflage-de-pieces-seches\/#primaryimage"},"image":{"@id":"https:\/\/www.secureair.it\/fr\/prodotto\/banc-daspiration-sbp-pour-le-moulage-par-soufflage-de-pieces-seches\/#primaryimage"},"thumbnailUrl":"https:\/\/www.secureair.it\/wp-content\/uploads\/onpage\/op_image_c03bd8dd03d8b6c60c568adaf6a6f836d7f31e53.1980x.webp","datePublished":"2023-07-06T10:35:05+00:00","dateModified":"2026-04-14T10:00:14+00:00","description":"Cerchi un Banc d'aspiration SBP pour le moulage par soufflage de pi\u00e8ces s\u00e8ches? Compralo ora su Secure Air","breadcrumb":{"@id":"https:\/\/www.secureair.it\/fr\/prodotto\/banc-daspiration-sbp-pour-le-moulage-par-soufflage-de-pieces-seches\/#breadcrumb"},"inLanguage":"fr-FR","potentialAction":[{"@type":"ReadAction","target":["https:\/\/www.secureair.it\/fr\/prodotto\/banc-daspiration-sbp-pour-le-moulage-par-soufflage-de-pieces-seches\/"]}]},{"@type":"ImageObject","inLanguage":"fr-FR","@id":"https:\/\/www.secureair.it\/fr\/prodotto\/banc-daspiration-sbp-pour-le-moulage-par-soufflage-de-pieces-seches\/#primaryimage","url":"https:\/\/www.secureair.it\/wp-content\/uploads\/onpage\/op_image_c03bd8dd03d8b6c60c568adaf6a6f836d7f31e53.1980x.webp","contentUrl":"https:\/\/www.secureair.it\/wp-content\/uploads\/onpage\/op_image_c03bd8dd03d8b6c60c568adaf6a6f836d7f31e53.1980x.webp","width":1980,"height":1535},{"@type":"BreadcrumbList","@id":"https:\/\/www.secureair.it\/fr\/prodotto\/banc-daspiration-sbp-pour-le-moulage-par-soufflage-de-pieces-seches\/#breadcrumb","itemListElement":[{"@type":"ListItem","position":1,"name":"Home","item":"https:\/\/www.secureair.it\/fr\/"},{"@type":"ListItem","position":2,"name":"Produits","item":"https:\/\/www.secureair.it\/fr\/produits\/"},{"@type":"ListItem","position":3,"name":"Banc d&#8217;aspiration SBP pour le moulage par soufflage de pi\u00e8ces s\u00e8ches"}]},{"@type":"WebSite","@id":"https:\/\/www.secureair.it\/#website","url":"https:\/\/www.secureair.it\/","name":"Secure Air","description":"Sistemi di aspirazione professionali","potentialAction":[{"@type":"SearchAction","target":{"@type":"EntryPoint","urlTemplate":"https:\/\/www.secureair.it\/?s={search_term_string}"},"query-input":{"@type":"PropertyValueSpecification","valueRequired":true,"valueName":"search_term_string"}}],"inLanguage":"fr-FR"}]}},"_links":{"self":[{"href":"https:\/\/www.secureair.it\/fr\/wp-json\/wp\/v2\/product\/27686","targetHints":{"allow":["GET"]}}],"collection":[{"href":"https:\/\/www.secureair.it\/fr\/wp-json\/wp\/v2\/product"}],"about":[{"href":"https:\/\/www.secureair.it\/fr\/wp-json\/wp\/v2\/types\/product"}],"replies":[{"embeddable":true,"href":"https:\/\/www.secureair.it\/fr\/wp-json\/wp\/v2\/comments?post=27686"}],"wp:featuredmedia":[{"embeddable":true,"href":"https:\/\/www.secureair.it\/fr\/wp-json\/wp\/v2\/media\/32848"}],"wp:attachment":[{"href":"https:\/\/www.secureair.it\/fr\/wp-json\/wp\/v2\/media?parent=27686"}],"wp:term":[{"taxonomy":"product_brand","embeddable":true,"href":"https:\/\/www.secureair.it\/fr\/wp-json\/wp\/v2\/product_brand?post=27686"},{"taxonomy":"product_cat","embeddable":true,"href":"https:\/\/www.secureair.it\/fr\/wp-json\/wp\/v2\/product_cat?post=27686"},{"taxonomy":"product_tag","embeddable":true,"href":"https:\/\/www.secureair.it\/fr\/wp-json\/wp\/v2\/product_tag?post=27686"}],"curies":[{"name":"wp","href":"https:\/\/api.w.org\/{rel}","templated":true}]}}