{"id":27699,"date":"2023-07-06T10:35:05","date_gmt":"2023-07-06T10:35:05","guid":{"rendered":""},"modified":"2026-04-28T22:00:04","modified_gmt":"2026-04-28T22:00:04","slug":"aspirateur-mural-de-gaz-dechappement-gsw2t575-a-deux-tuyaux-moto-et-voiture","status":"publish","type":"product","link":"https:\/\/www.secureair.it\/fr\/prodotto\/aspirateur-mural-de-gaz-dechappement-gsw2t575-a-deux-tuyaux-moto-et-voiture\/","title":{"rendered":"GSW2T575 aspirateur mural de gaz d&rsquo;\u00e9chappement \u00e0 deux tuyaux [moto et voiture]"},"content":{"rendered":"<p>Le ventilateur <strong>extracteur mural de la s\u00e9rie GSW2T575<\/strong> est une solution simple et \u00e9conomique pour l&rsquo;extraction des gaz d&rsquo;\u00e9chappement des motos ou des v\u00e9hicules de petite\/moyenne taille, lorsque ceux-ci sont stationn\u00e9s \u00e0 l&rsquo;int\u00e9rieur mais qu&rsquo;il est n\u00e9cessaire de laisser le moteur tourner pour des tests techniques ou un stationnement temporaire <\/p>\n","protected":false},"excerpt":{"rendered":"<p>Le ventilateur extracteur mural de la s\u00e9rie GSW2T575 est une solution simple et \u00e9conomique pour l&rsquo;extraction des gaz d&rsquo;\u00e9chappement des motos ou des v\u00e9hicules de petite\/moyenne taille, lorsque ceux-ci sont stationn\u00e9s \u00e0 l&rsquo;int\u00e9rieur mais qu&rsquo;il est n\u00e9cessaire de laisser le moteur tourner pour des tests techniques ou un stationnement temporaire<\/p>\n","protected":false},"featured_media":32881,"comment_status":"closed","ping_status":"closed","template":"","meta":{"_acf_changed":false},"product_brand":[],"product_cat":[],"product_tag":[],"class_list":{"0":"post-27699","1":"product","2":"type-product","3":"status-publish","4":"has-post-thumbnail","7":"first","8":"instock","9":"taxable","10":"shipping-taxable","11":"purchasable","12":"product-type-simple"},"acf":[],"yoast_head":"<!-- This site is optimized with the Yoast SEO plugin v27.4 - https:\/\/yoast.com\/product\/yoast-seo-wordpress\/ -->\n<title>GSW2T575 aspirateur mural de gaz d&#039;\u00e9chappement \u00e0 deux tuyaux [moto et voiture] - Secure Air<\/title>\n<meta name=\"description\" content=\"Cerchi un GSW2T575 aspirateur mural de gaz d&#039;\u00e9chappement \u00e0 deux tuyaux [moto et voiture]? Compralo ora su Secure Air\" \/>\n<meta name=\"robots\" content=\"index, follow, max-snippet:-1, max-image-preview:large, max-video-preview:-1\" \/>\n<link rel=\"canonical\" href=\"https:\/\/www.secureair.it\/fr\/prodotto\/gsw2t575-aspirateur-mural-de-gaz-dechappement-a-deux-tuyaux-moto-et-voiture\/\" \/>\n<meta property=\"og:locale\" content=\"fr_FR\" \/>\n<meta property=\"og:type\" content=\"article\" \/>\n<meta property=\"og:title\" content=\"GSW2T575 aspirateur mural de gaz d&#039;\u00e9chappement \u00e0 deux tuyaux [moto et voiture] - Secure Air\" \/>\n<meta property=\"og:description\" content=\"Cerchi un GSW2T575 aspirateur mural de gaz d&#039;\u00e9chappement \u00e0 deux tuyaux [moto et voiture]? Compralo ora su Secure Air\" \/>\n<meta property=\"og:url\" content=\"https:\/\/www.secureair.it\/fr\/prodotto\/gsw2t575-aspirateur-mural-de-gaz-dechappement-a-deux-tuyaux-moto-et-voiture\/\" \/>\n<meta property=\"og:site_name\" content=\"Secure Air\" \/>\n<meta property=\"article:modified_time\" content=\"2026-04-28T22:00:04+00:00\" \/>\n<meta name=\"twitter:card\" content=\"summary_large_image\" \/>\n<script type=\"application\/ld+json\" class=\"yoast-schema-graph\">{\"@context\":\"https:\\\/\\\/schema.org\",\"@graph\":[{\"@type\":\"WebPage\",\"@id\":\"https:\\\/\\\/www.secureair.it\\\/fr\\\/prodotto\\\/gsw2t575-aspirateur-mural-de-gaz-dechappement-a-deux-tuyaux-moto-et-voiture\\\/\",\"url\":\"https:\\\/\\\/www.secureair.it\\\/fr\\\/prodotto\\\/gsw2t575-aspirateur-mural-de-gaz-dechappement-a-deux-tuyaux-moto-et-voiture\\\/\",\"name\":\"GSW2T575 aspirateur mural de gaz d'\u00e9chappement \u00e0 deux tuyaux [moto et voiture] - Secure Air\",\"isPartOf\":{\"@id\":\"https:\\\/\\\/www.secureair.it\\\/#website\"},\"primaryImageOfPage\":{\"@id\":\"https:\\\/\\\/www.secureair.it\\\/fr\\\/prodotto\\\/gsw2t575-aspirateur-mural-de-gaz-dechappement-a-deux-tuyaux-moto-et-voiture\\\/#primaryimage\"},\"image\":{\"@id\":\"https:\\\/\\\/www.secureair.it\\\/fr\\\/prodotto\\\/gsw2t575-aspirateur-mural-de-gaz-dechappement-a-deux-tuyaux-moto-et-voiture\\\/#primaryimage\"},\"thumbnailUrl\":\"https:\\\/\\\/www.secureair.it\\\/wp-content\\\/uploads\\\/onpage\\\/op_image_4ac21b4ba6f07f3c3d5d59e706db210908761e17.1980x-scaled.webp\",\"datePublished\":\"2023-07-06T10:35:05+00:00\",\"dateModified\":\"2026-04-28T22:00:04+00:00\",\"description\":\"Cerchi un GSW2T575 aspirateur mural de gaz d'\u00e9chappement \u00e0 deux tuyaux [moto et voiture]? Compralo ora su Secure Air\",\"breadcrumb\":{\"@id\":\"https:\\\/\\\/www.secureair.it\\\/fr\\\/prodotto\\\/gsw2t575-aspirateur-mural-de-gaz-dechappement-a-deux-tuyaux-moto-et-voiture\\\/#breadcrumb\"},\"inLanguage\":\"fr-FR\",\"potentialAction\":[{\"@type\":\"ReadAction\",\"target\":[\"https:\\\/\\\/www.secureair.it\\\/fr\\\/prodotto\\\/gsw2t575-aspirateur-mural-de-gaz-dechappement-a-deux-tuyaux-moto-et-voiture\\\/\"]}]},{\"@type\":\"ImageObject\",\"inLanguage\":\"fr-FR\",\"@id\":\"https:\\\/\\\/www.secureair.it\\\/fr\\\/prodotto\\\/gsw2t575-aspirateur-mural-de-gaz-dechappement-a-deux-tuyaux-moto-et-voiture\\\/#primaryimage\",\"url\":\"https:\\\/\\\/www.secureair.it\\\/wp-content\\\/uploads\\\/onpage\\\/op_image_4ac21b4ba6f07f3c3d5d59e706db210908761e17.1980x-scaled.webp\",\"contentUrl\":\"https:\\\/\\\/www.secureair.it\\\/wp-content\\\/uploads\\\/onpage\\\/op_image_4ac21b4ba6f07f3c3d5d59e706db210908761e17.1980x-scaled.webp\",\"width\":1562,\"height\":2560},{\"@type\":\"BreadcrumbList\",\"@id\":\"https:\\\/\\\/www.secureair.it\\\/fr\\\/prodotto\\\/gsw2t575-aspirateur-mural-de-gaz-dechappement-a-deux-tuyaux-moto-et-voiture\\\/#breadcrumb\",\"itemListElement\":[{\"@type\":\"ListItem\",\"position\":1,\"name\":\"Home\",\"item\":\"https:\\\/\\\/www.secureair.it\\\/fr\\\/\"},{\"@type\":\"ListItem\",\"position\":2,\"name\":\"Produits\",\"item\":\"https:\\\/\\\/www.secureair.it\\\/fr\\\/produits\\\/\"},{\"@type\":\"ListItem\",\"position\":3,\"name\":\"GSW2T575 aspirateur mural de gaz d&#8217;\u00e9chappement \u00e0 deux tuyaux [moto et voiture]\"}]},{\"@type\":\"WebSite\",\"@id\":\"https:\\\/\\\/www.secureair.it\\\/#website\",\"url\":\"https:\\\/\\\/www.secureair.it\\\/\",\"name\":\"Secure Air\",\"description\":\"Sistemi di aspirazione professionali\",\"potentialAction\":[{\"@type\":\"SearchAction\",\"target\":{\"@type\":\"EntryPoint\",\"urlTemplate\":\"https:\\\/\\\/www.secureair.it\\\/?s={search_term_string}\"},\"query-input\":{\"@type\":\"PropertyValueSpecification\",\"valueRequired\":true,\"valueName\":\"search_term_string\"}}],\"inLanguage\":\"fr-FR\"}]}<\/script>\n<!-- \/ Yoast SEO plugin. -->","yoast_head_json":{"title":"GSW2T575 aspirateur mural de gaz d'\u00e9chappement \u00e0 deux tuyaux [moto et voiture] - Secure Air","description":"Cerchi un GSW2T575 aspirateur mural de gaz d'\u00e9chappement \u00e0 deux tuyaux [moto et voiture]? Compralo ora su Secure Air","robots":{"index":"index","follow":"follow","max-snippet":"max-snippet:-1","max-image-preview":"max-image-preview:large","max-video-preview":"max-video-preview:-1"},"canonical":"https:\/\/www.secureair.it\/fr\/prodotto\/gsw2t575-aspirateur-mural-de-gaz-dechappement-a-deux-tuyaux-moto-et-voiture\/","og_locale":"fr_FR","og_type":"article","og_title":"GSW2T575 aspirateur mural de gaz d'\u00e9chappement \u00e0 deux tuyaux [moto et voiture] - Secure Air","og_description":"Cerchi un GSW2T575 aspirateur mural de gaz d'\u00e9chappement \u00e0 deux tuyaux [moto et voiture]? Compralo ora su Secure Air","og_url":"https:\/\/www.secureair.it\/fr\/prodotto\/gsw2t575-aspirateur-mural-de-gaz-dechappement-a-deux-tuyaux-moto-et-voiture\/","og_site_name":"Secure Air","article_modified_time":"2026-04-28T22:00:04+00:00","twitter_card":"summary_large_image","schema":{"@context":"https:\/\/schema.org","@graph":[{"@type":"WebPage","@id":"https:\/\/www.secureair.it\/fr\/prodotto\/gsw2t575-aspirateur-mural-de-gaz-dechappement-a-deux-tuyaux-moto-et-voiture\/","url":"https:\/\/www.secureair.it\/fr\/prodotto\/gsw2t575-aspirateur-mural-de-gaz-dechappement-a-deux-tuyaux-moto-et-voiture\/","name":"GSW2T575 aspirateur mural de gaz d'\u00e9chappement \u00e0 deux tuyaux [moto et voiture] - Secure Air","isPartOf":{"@id":"https:\/\/www.secureair.it\/#website"},"primaryImageOfPage":{"@id":"https:\/\/www.secureair.it\/fr\/prodotto\/gsw2t575-aspirateur-mural-de-gaz-dechappement-a-deux-tuyaux-moto-et-voiture\/#primaryimage"},"image":{"@id":"https:\/\/www.secureair.it\/fr\/prodotto\/gsw2t575-aspirateur-mural-de-gaz-dechappement-a-deux-tuyaux-moto-et-voiture\/#primaryimage"},"thumbnailUrl":"https:\/\/www.secureair.it\/wp-content\/uploads\/onpage\/op_image_4ac21b4ba6f07f3c3d5d59e706db210908761e17.1980x-scaled.webp","datePublished":"2023-07-06T10:35:05+00:00","dateModified":"2026-04-28T22:00:04+00:00","description":"Cerchi un GSW2T575 aspirateur mural de gaz d'\u00e9chappement \u00e0 deux tuyaux [moto et voiture]? Compralo ora su Secure Air","breadcrumb":{"@id":"https:\/\/www.secureair.it\/fr\/prodotto\/gsw2t575-aspirateur-mural-de-gaz-dechappement-a-deux-tuyaux-moto-et-voiture\/#breadcrumb"},"inLanguage":"fr-FR","potentialAction":[{"@type":"ReadAction","target":["https:\/\/www.secureair.it\/fr\/prodotto\/gsw2t575-aspirateur-mural-de-gaz-dechappement-a-deux-tuyaux-moto-et-voiture\/"]}]},{"@type":"ImageObject","inLanguage":"fr-FR","@id":"https:\/\/www.secureair.it\/fr\/prodotto\/gsw2t575-aspirateur-mural-de-gaz-dechappement-a-deux-tuyaux-moto-et-voiture\/#primaryimage","url":"https:\/\/www.secureair.it\/wp-content\/uploads\/onpage\/op_image_4ac21b4ba6f07f3c3d5d59e706db210908761e17.1980x-scaled.webp","contentUrl":"https:\/\/www.secureair.it\/wp-content\/uploads\/onpage\/op_image_4ac21b4ba6f07f3c3d5d59e706db210908761e17.1980x-scaled.webp","width":1562,"height":2560},{"@type":"BreadcrumbList","@id":"https:\/\/www.secureair.it\/fr\/prodotto\/gsw2t575-aspirateur-mural-de-gaz-dechappement-a-deux-tuyaux-moto-et-voiture\/#breadcrumb","itemListElement":[{"@type":"ListItem","position":1,"name":"Home","item":"https:\/\/www.secureair.it\/fr\/"},{"@type":"ListItem","position":2,"name":"Produits","item":"https:\/\/www.secureair.it\/fr\/produits\/"},{"@type":"ListItem","position":3,"name":"GSW2T575 aspirateur mural de gaz d&#8217;\u00e9chappement \u00e0 deux tuyaux [moto et voiture]"}]},{"@type":"WebSite","@id":"https:\/\/www.secureair.it\/#website","url":"https:\/\/www.secureair.it\/","name":"Secure Air","description":"Sistemi di aspirazione professionali","potentialAction":[{"@type":"SearchAction","target":{"@type":"EntryPoint","urlTemplate":"https:\/\/www.secureair.it\/?s={search_term_string}"},"query-input":{"@type":"PropertyValueSpecification","valueRequired":true,"valueName":"search_term_string"}}],"inLanguage":"fr-FR"}]}},"_links":{"self":[{"href":"https:\/\/www.secureair.it\/fr\/wp-json\/wp\/v2\/product\/27699","targetHints":{"allow":["GET"]}}],"collection":[{"href":"https:\/\/www.secureair.it\/fr\/wp-json\/wp\/v2\/product"}],"about":[{"href":"https:\/\/www.secureair.it\/fr\/wp-json\/wp\/v2\/types\/product"}],"replies":[{"embeddable":true,"href":"https:\/\/www.secureair.it\/fr\/wp-json\/wp\/v2\/comments?post=27699"}],"wp:featuredmedia":[{"embeddable":true,"href":"https:\/\/www.secureair.it\/fr\/wp-json\/wp\/v2\/media\/32881"}],"wp:attachment":[{"href":"https:\/\/www.secureair.it\/fr\/wp-json\/wp\/v2\/media?parent=27699"}],"wp:term":[{"taxonomy":"product_brand","embeddable":true,"href":"https:\/\/www.secureair.it\/fr\/wp-json\/wp\/v2\/product_brand?post=27699"},{"taxonomy":"product_cat","embeddable":true,"href":"https:\/\/www.secureair.it\/fr\/wp-json\/wp\/v2\/product_cat?post=27699"},{"taxonomy":"product_tag","embeddable":true,"href":"https:\/\/www.secureair.it\/fr\/wp-json\/wp\/v2\/product_tag?post=27699"}],"curies":[{"name":"wp","href":"https:\/\/api.w.org\/{rel}","templated":true}]}}