{"id":27716,"date":"2023-07-06T10:35:05","date_gmt":"2023-07-06T10:35:05","guid":{"rendered":""},"modified":"2026-04-28T22:00:04","modified_gmt":"2026-04-28T22:00:04","slug":"bras-daspiration-mural-autoportant-hrm160","status":"publish","type":"product","link":"https:\/\/www.secureair.it\/fr\/prodotto\/bras-daspiration-mural-autoportant-hrm160\/","title":{"rendered":"Bras d&rsquo;aspiration mural autoportant HRM160"},"content":{"rendered":"<p>Gr\u00e2ce aux doubles pantographes externes,<strong>le bras d&rsquo;aspiration HRM<\/strong> peut \u00eatre d\u00e9plac\u00e9 dans toutes les directions en douceur et en l\u00e9g\u00e8ret\u00e9 et maintient la position souhait\u00e9e pour un confort de travail maximal. La stabilit\u00e9 et la pr\u00e9cision sont assur\u00e9es par le syst\u00e8me de ressort et d&#8217;embrayage en plastique. La hotte d&rsquo;aspiration est \u00e9quip\u00e9e d&rsquo;une poign\u00e9e ergonomique pour un positionnement ais\u00e9. <\/p>\n","protected":false},"excerpt":{"rendered":"<p>Gr\u00e2ce aux doubles pantographes externes,le bras d&rsquo;aspiration HRM peut \u00eatre d\u00e9plac\u00e9 dans toutes les directions en douceur et en l\u00e9g\u00e8ret\u00e9 et maintient la position souhait\u00e9e pour un confort de travail maximal. La stabilit\u00e9 et la pr\u00e9cision sont assur\u00e9es par le syst\u00e8me de ressort et d&#8217;embrayage en plastique. La hotte d&rsquo;aspiration est \u00e9quip\u00e9e d&rsquo;une poign\u00e9e ergonomique [&hellip;]<\/p>\n","protected":false},"featured_media":32935,"comment_status":"closed","ping_status":"closed","template":"","meta":{"_acf_changed":false},"product_brand":[],"product_cat":[],"product_tag":[],"class_list":{"0":"post-27716","1":"product","2":"type-product","3":"status-publish","4":"has-post-thumbnail","7":"first","8":"instock","9":"taxable","10":"shipping-taxable","11":"product-type-simple"},"acf":[],"yoast_head":"<!-- This site is optimized with the Yoast SEO plugin v27.4 - https:\/\/yoast.com\/product\/yoast-seo-wordpress\/ -->\n<title>Bras d&#039;aspiration mural autoportant HRM160 - Secure Air<\/title>\n<meta name=\"description\" content=\"Cerchi un Bras d&#039;aspiration mural autoportant HRM160? Compralo ora su Secure Air\" \/>\n<meta name=\"robots\" content=\"index, follow, max-snippet:-1, max-image-preview:large, max-video-preview:-1\" \/>\n<link rel=\"canonical\" href=\"https:\/\/www.secureair.it\/prodotto\/braccio-aspirante-autoportante-da-parete-hrm160\/\" \/>\n<meta property=\"og:locale\" content=\"fr_FR\" \/>\n<meta property=\"og:type\" content=\"article\" \/>\n<meta property=\"og:title\" content=\"Bras d&#039;aspiration mural autoportant HRM160 - Secure Air\" \/>\n<meta property=\"og:description\" content=\"Cerchi un Bras d&#039;aspiration mural autoportant HRM160? Compralo ora su Secure Air\" \/>\n<meta property=\"og:url\" content=\"https:\/\/www.secureair.it\/prodotto\/braccio-aspirante-autoportante-da-parete-hrm160\/\" \/>\n<meta property=\"og:site_name\" content=\"Secure Air\" \/>\n<meta property=\"article:modified_time\" content=\"2026-04-28T22:00:04+00:00\" \/>\n<meta name=\"twitter:card\" content=\"summary_large_image\" \/>\n<script type=\"application\/ld+json\" class=\"yoast-schema-graph\">{\"@context\":\"https:\\\/\\\/schema.org\",\"@graph\":[{\"@type\":\"WebPage\",\"@id\":\"https:\\\/\\\/www.secureair.it\\\/prodotto\\\/braccio-aspirante-autoportante-da-parete-hrm160\\\/\",\"url\":\"https:\\\/\\\/www.secureair.it\\\/prodotto\\\/braccio-aspirante-autoportante-da-parete-hrm160\\\/\",\"name\":\"Bras d'aspiration mural autoportant HRM160 - Secure Air\",\"isPartOf\":{\"@id\":\"https:\\\/\\\/www.secureair.it\\\/#website\"},\"primaryImageOfPage\":{\"@id\":\"https:\\\/\\\/www.secureair.it\\\/prodotto\\\/braccio-aspirante-autoportante-da-parete-hrm160\\\/#primaryimage\"},\"image\":{\"@id\":\"https:\\\/\\\/www.secureair.it\\\/prodotto\\\/braccio-aspirante-autoportante-da-parete-hrm160\\\/#primaryimage\"},\"thumbnailUrl\":\"https:\\\/\\\/www.secureair.it\\\/wp-content\\\/uploads\\\/onpage\\\/op_image_bed7ddde7199cfca14773cfa5f0f9eaf1c7ede50.1980x.webp\",\"datePublished\":\"2023-07-06T10:35:05+00:00\",\"dateModified\":\"2026-04-28T22:00:04+00:00\",\"description\":\"Cerchi un Bras d'aspiration mural autoportant HRM160? Compralo ora su Secure Air\",\"breadcrumb\":{\"@id\":\"https:\\\/\\\/www.secureair.it\\\/prodotto\\\/braccio-aspirante-autoportante-da-parete-hrm160\\\/#breadcrumb\"},\"inLanguage\":\"fr-FR\",\"potentialAction\":[{\"@type\":\"ReadAction\",\"target\":[\"https:\\\/\\\/www.secureair.it\\\/prodotto\\\/braccio-aspirante-autoportante-da-parete-hrm160\\\/\"]}]},{\"@type\":\"ImageObject\",\"inLanguage\":\"fr-FR\",\"@id\":\"https:\\\/\\\/www.secureair.it\\\/prodotto\\\/braccio-aspirante-autoportante-da-parete-hrm160\\\/#primaryimage\",\"url\":\"https:\\\/\\\/www.secureair.it\\\/wp-content\\\/uploads\\\/onpage\\\/op_image_bed7ddde7199cfca14773cfa5f0f9eaf1c7ede50.1980x.webp\",\"contentUrl\":\"https:\\\/\\\/www.secureair.it\\\/wp-content\\\/uploads\\\/onpage\\\/op_image_bed7ddde7199cfca14773cfa5f0f9eaf1c7ede50.1980x.webp\",\"width\":1980,\"height\":2106},{\"@type\":\"BreadcrumbList\",\"@id\":\"https:\\\/\\\/www.secureair.it\\\/prodotto\\\/braccio-aspirante-autoportante-da-parete-hrm160\\\/#breadcrumb\",\"itemListElement\":[{\"@type\":\"ListItem\",\"position\":1,\"name\":\"Home\",\"item\":\"https:\\\/\\\/www.secureair.it\\\/fr\\\/\"},{\"@type\":\"ListItem\",\"position\":2,\"name\":\"Produits\",\"item\":\"https:\\\/\\\/www.secureair.it\\\/fr\\\/produits\\\/\"},{\"@type\":\"ListItem\",\"position\":3,\"name\":\"Bras d&#8217;aspiration mural autoportant HRM160\"}]},{\"@type\":\"WebSite\",\"@id\":\"https:\\\/\\\/www.secureair.it\\\/#website\",\"url\":\"https:\\\/\\\/www.secureair.it\\\/\",\"name\":\"Secure Air\",\"description\":\"Sistemi di aspirazione professionali\",\"potentialAction\":[{\"@type\":\"SearchAction\",\"target\":{\"@type\":\"EntryPoint\",\"urlTemplate\":\"https:\\\/\\\/www.secureair.it\\\/?s={search_term_string}\"},\"query-input\":{\"@type\":\"PropertyValueSpecification\",\"valueRequired\":true,\"valueName\":\"search_term_string\"}}],\"inLanguage\":\"fr-FR\"}]}<\/script>\n<!-- \/ Yoast SEO plugin. -->","yoast_head_json":{"title":"Bras d'aspiration mural autoportant HRM160 - Secure Air","description":"Cerchi un Bras d'aspiration mural autoportant HRM160? Compralo ora su Secure Air","robots":{"index":"index","follow":"follow","max-snippet":"max-snippet:-1","max-image-preview":"max-image-preview:large","max-video-preview":"max-video-preview:-1"},"canonical":"https:\/\/www.secureair.it\/prodotto\/braccio-aspirante-autoportante-da-parete-hrm160\/","og_locale":"fr_FR","og_type":"article","og_title":"Bras d'aspiration mural autoportant HRM160 - Secure Air","og_description":"Cerchi un Bras d'aspiration mural autoportant HRM160? Compralo ora su Secure Air","og_url":"https:\/\/www.secureair.it\/prodotto\/braccio-aspirante-autoportante-da-parete-hrm160\/","og_site_name":"Secure Air","article_modified_time":"2026-04-28T22:00:04+00:00","twitter_card":"summary_large_image","schema":{"@context":"https:\/\/schema.org","@graph":[{"@type":"WebPage","@id":"https:\/\/www.secureair.it\/prodotto\/braccio-aspirante-autoportante-da-parete-hrm160\/","url":"https:\/\/www.secureair.it\/prodotto\/braccio-aspirante-autoportante-da-parete-hrm160\/","name":"Bras d'aspiration mural autoportant HRM160 - Secure Air","isPartOf":{"@id":"https:\/\/www.secureair.it\/#website"},"primaryImageOfPage":{"@id":"https:\/\/www.secureair.it\/prodotto\/braccio-aspirante-autoportante-da-parete-hrm160\/#primaryimage"},"image":{"@id":"https:\/\/www.secureair.it\/prodotto\/braccio-aspirante-autoportante-da-parete-hrm160\/#primaryimage"},"thumbnailUrl":"https:\/\/www.secureair.it\/wp-content\/uploads\/onpage\/op_image_bed7ddde7199cfca14773cfa5f0f9eaf1c7ede50.1980x.webp","datePublished":"2023-07-06T10:35:05+00:00","dateModified":"2026-04-28T22:00:04+00:00","description":"Cerchi un Bras d'aspiration mural autoportant HRM160? Compralo ora su Secure Air","breadcrumb":{"@id":"https:\/\/www.secureair.it\/prodotto\/braccio-aspirante-autoportante-da-parete-hrm160\/#breadcrumb"},"inLanguage":"fr-FR","potentialAction":[{"@type":"ReadAction","target":["https:\/\/www.secureair.it\/prodotto\/braccio-aspirante-autoportante-da-parete-hrm160\/"]}]},{"@type":"ImageObject","inLanguage":"fr-FR","@id":"https:\/\/www.secureair.it\/prodotto\/braccio-aspirante-autoportante-da-parete-hrm160\/#primaryimage","url":"https:\/\/www.secureair.it\/wp-content\/uploads\/onpage\/op_image_bed7ddde7199cfca14773cfa5f0f9eaf1c7ede50.1980x.webp","contentUrl":"https:\/\/www.secureair.it\/wp-content\/uploads\/onpage\/op_image_bed7ddde7199cfca14773cfa5f0f9eaf1c7ede50.1980x.webp","width":1980,"height":2106},{"@type":"BreadcrumbList","@id":"https:\/\/www.secureair.it\/prodotto\/braccio-aspirante-autoportante-da-parete-hrm160\/#breadcrumb","itemListElement":[{"@type":"ListItem","position":1,"name":"Home","item":"https:\/\/www.secureair.it\/fr\/"},{"@type":"ListItem","position":2,"name":"Produits","item":"https:\/\/www.secureair.it\/fr\/produits\/"},{"@type":"ListItem","position":3,"name":"Bras d&#8217;aspiration mural autoportant HRM160"}]},{"@type":"WebSite","@id":"https:\/\/www.secureair.it\/#website","url":"https:\/\/www.secureair.it\/","name":"Secure Air","description":"Sistemi di aspirazione professionali","potentialAction":[{"@type":"SearchAction","target":{"@type":"EntryPoint","urlTemplate":"https:\/\/www.secureair.it\/?s={search_term_string}"},"query-input":{"@type":"PropertyValueSpecification","valueRequired":true,"valueName":"search_term_string"}}],"inLanguage":"fr-FR"}]}},"_links":{"self":[{"href":"https:\/\/www.secureair.it\/fr\/wp-json\/wp\/v2\/product\/27716","targetHints":{"allow":["GET"]}}],"collection":[{"href":"https:\/\/www.secureair.it\/fr\/wp-json\/wp\/v2\/product"}],"about":[{"href":"https:\/\/www.secureair.it\/fr\/wp-json\/wp\/v2\/types\/product"}],"replies":[{"embeddable":true,"href":"https:\/\/www.secureair.it\/fr\/wp-json\/wp\/v2\/comments?post=27716"}],"wp:featuredmedia":[{"embeddable":true,"href":"https:\/\/www.secureair.it\/fr\/wp-json\/wp\/v2\/media\/32935"}],"wp:attachment":[{"href":"https:\/\/www.secureair.it\/fr\/wp-json\/wp\/v2\/media?parent=27716"}],"wp:term":[{"taxonomy":"product_brand","embeddable":true,"href":"https:\/\/www.secureair.it\/fr\/wp-json\/wp\/v2\/product_brand?post=27716"},{"taxonomy":"product_cat","embeddable":true,"href":"https:\/\/www.secureair.it\/fr\/wp-json\/wp\/v2\/product_cat?post=27716"},{"taxonomy":"product_tag","embeddable":true,"href":"https:\/\/www.secureair.it\/fr\/wp-json\/wp\/v2\/product_tag?post=27716"}],"curies":[{"name":"wp","href":"https:\/\/api.w.org\/{rel}","templated":true}]}}