{"id":27718,"date":"2023-07-06T10:35:05","date_gmt":"2023-07-06T10:35:05","guid":{"rendered":""},"modified":"2026-04-28T22:00:04","modified_gmt":"2026-04-28T22:00:04","slug":"sonde-triboelectrique-de-detection-des-poussieres-demission-des-cheminees","status":"publish","type":"product","link":"https:\/\/www.secureair.it\/fr\/prodotto\/sonde-triboelectrique-de-detection-des-poussieres-demission-des-cheminees\/","title":{"rendered":"Sonde tribo\u00e9lectrique de d\u00e9tection des poussi\u00e8res d&rsquo;\u00e9mission des chemin\u00e9es"},"content":{"rendered":"<p>Sonde certifi\u00e9e ATEX II 3D EEx IP65 T85\u00b0C &#8211; zone 22D<\/p>\n<p>La lecture de la <strong>concentration de poussi\u00e8res \u00e9mises par une chemin\u00e9e industrielle <\/strong>est fondamentale pour \u00eatre s\u00fbr de respecter les limites l\u00e9gales. De plus, en pr\u00e9sence de syst\u00e8mes de filtration, elle permet d&rsquo;\u00eatre alert\u00e9 en cas de dysfonctionnement.<\/p>\n<p>Gr\u00e2ce \u00e0 la sonde tribo\u00e9lectrique certifi\u00e9e, il est possible de contr\u00f4ler les poussi\u00e8res \u00e0 l&rsquo;\u00e9mission et d&rsquo;effectuer des relev\u00e9s de concentration en mg\/mc.<\/p>\n","protected":false},"excerpt":{"rendered":"<p>Sonde certifi\u00e9e ATEX II 3D EEx IP65 T85\u00b0C &#8211; zone 22D La lecture de la concentration de poussi\u00e8res \u00e9mises par une chemin\u00e9e industrielle est fondamentale pour \u00eatre s\u00fbr de respecter les limites l\u00e9gales. De plus, en pr\u00e9sence de syst\u00e8mes de filtration, elle permet d&rsquo;\u00eatre alert\u00e9 en cas de dysfonctionnement. Gr\u00e2ce \u00e0 la sonde tribo\u00e9lectrique certifi\u00e9e, [&hellip;]<\/p>\n","protected":false},"featured_media":32941,"comment_status":"closed","ping_status":"closed","template":"","meta":{"_acf_changed":false},"product_brand":[],"product_cat":[],"product_tag":[],"class_list":{"0":"post-27718","1":"product","2":"type-product","3":"status-publish","4":"has-post-thumbnail","7":"first","8":"instock","9":"taxable","10":"shipping-taxable","11":"product-type-simple"},"acf":[],"yoast_head":"<!-- This site is optimized with the Yoast SEO plugin v27.4 - https:\/\/yoast.com\/product\/yoast-seo-wordpress\/ -->\n<title>Sonde tribo\u00e9lectrique de d\u00e9tection des poussi\u00e8res d&#039;\u00e9mission des chemin\u00e9es - Secure Air<\/title>\n<meta name=\"description\" content=\"Cerchi un Sonde tribo\u00e9lectrique de d\u00e9tection des poussi\u00e8res d&#039;\u00e9mission des chemin\u00e9es? Compralo ora su Secure Air\" \/>\n<meta name=\"robots\" content=\"index, follow, max-snippet:-1, max-image-preview:large, max-video-preview:-1\" \/>\n<link rel=\"canonical\" href=\"https:\/\/www.secureair.it\/prodotto\/sonda-triboelettrica-di-rilevamento-polveri-emissione-camino\/\" \/>\n<meta property=\"og:locale\" content=\"fr_FR\" \/>\n<meta property=\"og:type\" content=\"article\" \/>\n<meta property=\"og:title\" content=\"Sonde tribo\u00e9lectrique de d\u00e9tection des poussi\u00e8res d&#039;\u00e9mission des chemin\u00e9es - Secure Air\" \/>\n<meta property=\"og:description\" content=\"Cerchi un Sonde tribo\u00e9lectrique de d\u00e9tection des poussi\u00e8res d&#039;\u00e9mission des chemin\u00e9es? Compralo ora su Secure Air\" \/>\n<meta property=\"og:url\" content=\"https:\/\/www.secureair.it\/prodotto\/sonda-triboelettrica-di-rilevamento-polveri-emissione-camino\/\" \/>\n<meta property=\"og:site_name\" content=\"Secure Air\" \/>\n<meta property=\"article:modified_time\" content=\"2026-04-28T22:00:04+00:00\" \/>\n<meta name=\"twitter:card\" content=\"summary_large_image\" \/>\n<script type=\"application\/ld+json\" class=\"yoast-schema-graph\">{\"@context\":\"https:\\\/\\\/schema.org\",\"@graph\":[{\"@type\":\"WebPage\",\"@id\":\"https:\\\/\\\/www.secureair.it\\\/prodotto\\\/sonda-triboelettrica-di-rilevamento-polveri-emissione-camino\\\/\",\"url\":\"https:\\\/\\\/www.secureair.it\\\/prodotto\\\/sonda-triboelettrica-di-rilevamento-polveri-emissione-camino\\\/\",\"name\":\"Sonde tribo\u00e9lectrique de d\u00e9tection des poussi\u00e8res d'\u00e9mission des chemin\u00e9es - Secure Air\",\"isPartOf\":{\"@id\":\"https:\\\/\\\/www.secureair.it\\\/#website\"},\"primaryImageOfPage\":{\"@id\":\"https:\\\/\\\/www.secureair.it\\\/prodotto\\\/sonda-triboelettrica-di-rilevamento-polveri-emissione-camino\\\/#primaryimage\"},\"image\":{\"@id\":\"https:\\\/\\\/www.secureair.it\\\/prodotto\\\/sonda-triboelettrica-di-rilevamento-polveri-emissione-camino\\\/#primaryimage\"},\"thumbnailUrl\":\"https:\\\/\\\/www.secureair.it\\\/wp-content\\\/uploads\\\/onpage\\\/op_image_d8bed0fc8b3bb1b618bd8f9963d0d4e16805e8fe.1980x.webp\",\"datePublished\":\"2023-07-06T10:35:05+00:00\",\"dateModified\":\"2026-04-28T22:00:04+00:00\",\"description\":\"Cerchi un Sonde tribo\u00e9lectrique de d\u00e9tection des poussi\u00e8res d'\u00e9mission des chemin\u00e9es? Compralo ora su Secure Air\",\"breadcrumb\":{\"@id\":\"https:\\\/\\\/www.secureair.it\\\/prodotto\\\/sonda-triboelettrica-di-rilevamento-polveri-emissione-camino\\\/#breadcrumb\"},\"inLanguage\":\"fr-FR\",\"potentialAction\":[{\"@type\":\"ReadAction\",\"target\":[\"https:\\\/\\\/www.secureair.it\\\/prodotto\\\/sonda-triboelettrica-di-rilevamento-polveri-emissione-camino\\\/\"]}]},{\"@type\":\"ImageObject\",\"inLanguage\":\"fr-FR\",\"@id\":\"https:\\\/\\\/www.secureair.it\\\/prodotto\\\/sonda-triboelettrica-di-rilevamento-polveri-emissione-camino\\\/#primaryimage\",\"url\":\"https:\\\/\\\/www.secureair.it\\\/wp-content\\\/uploads\\\/onpage\\\/op_image_d8bed0fc8b3bb1b618bd8f9963d0d4e16805e8fe.1980x.webp\",\"contentUrl\":\"https:\\\/\\\/www.secureair.it\\\/wp-content\\\/uploads\\\/onpage\\\/op_image_d8bed0fc8b3bb1b618bd8f9963d0d4e16805e8fe.1980x.webp\",\"width\":1980,\"height\":1320},{\"@type\":\"BreadcrumbList\",\"@id\":\"https:\\\/\\\/www.secureair.it\\\/prodotto\\\/sonda-triboelettrica-di-rilevamento-polveri-emissione-camino\\\/#breadcrumb\",\"itemListElement\":[{\"@type\":\"ListItem\",\"position\":1,\"name\":\"Home\",\"item\":\"https:\\\/\\\/www.secureair.it\\\/fr\\\/\"},{\"@type\":\"ListItem\",\"position\":2,\"name\":\"Produits\",\"item\":\"https:\\\/\\\/www.secureair.it\\\/fr\\\/produits\\\/\"},{\"@type\":\"ListItem\",\"position\":3,\"name\":\"Sonde tribo\u00e9lectrique de d\u00e9tection des poussi\u00e8res d&#8217;\u00e9mission des chemin\u00e9es\"}]},{\"@type\":\"WebSite\",\"@id\":\"https:\\\/\\\/www.secureair.it\\\/#website\",\"url\":\"https:\\\/\\\/www.secureair.it\\\/\",\"name\":\"Secure Air\",\"description\":\"Sistemi di aspirazione professionali\",\"potentialAction\":[{\"@type\":\"SearchAction\",\"target\":{\"@type\":\"EntryPoint\",\"urlTemplate\":\"https:\\\/\\\/www.secureair.it\\\/?s={search_term_string}\"},\"query-input\":{\"@type\":\"PropertyValueSpecification\",\"valueRequired\":true,\"valueName\":\"search_term_string\"}}],\"inLanguage\":\"fr-FR\"}]}<\/script>\n<!-- \/ Yoast SEO plugin. -->","yoast_head_json":{"title":"Sonde tribo\u00e9lectrique de d\u00e9tection des poussi\u00e8res d'\u00e9mission des chemin\u00e9es - Secure Air","description":"Cerchi un Sonde tribo\u00e9lectrique de d\u00e9tection des poussi\u00e8res d'\u00e9mission des chemin\u00e9es? Compralo ora su Secure Air","robots":{"index":"index","follow":"follow","max-snippet":"max-snippet:-1","max-image-preview":"max-image-preview:large","max-video-preview":"max-video-preview:-1"},"canonical":"https:\/\/www.secureair.it\/prodotto\/sonda-triboelettrica-di-rilevamento-polveri-emissione-camino\/","og_locale":"fr_FR","og_type":"article","og_title":"Sonde tribo\u00e9lectrique de d\u00e9tection des poussi\u00e8res d'\u00e9mission des chemin\u00e9es - Secure Air","og_description":"Cerchi un Sonde tribo\u00e9lectrique de d\u00e9tection des poussi\u00e8res d'\u00e9mission des chemin\u00e9es? Compralo ora su Secure Air","og_url":"https:\/\/www.secureair.it\/prodotto\/sonda-triboelettrica-di-rilevamento-polveri-emissione-camino\/","og_site_name":"Secure Air","article_modified_time":"2026-04-28T22:00:04+00:00","twitter_card":"summary_large_image","schema":{"@context":"https:\/\/schema.org","@graph":[{"@type":"WebPage","@id":"https:\/\/www.secureair.it\/prodotto\/sonda-triboelettrica-di-rilevamento-polveri-emissione-camino\/","url":"https:\/\/www.secureair.it\/prodotto\/sonda-triboelettrica-di-rilevamento-polveri-emissione-camino\/","name":"Sonde tribo\u00e9lectrique de d\u00e9tection des poussi\u00e8res d'\u00e9mission des chemin\u00e9es - Secure Air","isPartOf":{"@id":"https:\/\/www.secureair.it\/#website"},"primaryImageOfPage":{"@id":"https:\/\/www.secureair.it\/prodotto\/sonda-triboelettrica-di-rilevamento-polveri-emissione-camino\/#primaryimage"},"image":{"@id":"https:\/\/www.secureair.it\/prodotto\/sonda-triboelettrica-di-rilevamento-polveri-emissione-camino\/#primaryimage"},"thumbnailUrl":"https:\/\/www.secureair.it\/wp-content\/uploads\/onpage\/op_image_d8bed0fc8b3bb1b618bd8f9963d0d4e16805e8fe.1980x.webp","datePublished":"2023-07-06T10:35:05+00:00","dateModified":"2026-04-28T22:00:04+00:00","description":"Cerchi un Sonde tribo\u00e9lectrique de d\u00e9tection des poussi\u00e8res d'\u00e9mission des chemin\u00e9es? Compralo ora su Secure Air","breadcrumb":{"@id":"https:\/\/www.secureair.it\/prodotto\/sonda-triboelettrica-di-rilevamento-polveri-emissione-camino\/#breadcrumb"},"inLanguage":"fr-FR","potentialAction":[{"@type":"ReadAction","target":["https:\/\/www.secureair.it\/prodotto\/sonda-triboelettrica-di-rilevamento-polveri-emissione-camino\/"]}]},{"@type":"ImageObject","inLanguage":"fr-FR","@id":"https:\/\/www.secureair.it\/prodotto\/sonda-triboelettrica-di-rilevamento-polveri-emissione-camino\/#primaryimage","url":"https:\/\/www.secureair.it\/wp-content\/uploads\/onpage\/op_image_d8bed0fc8b3bb1b618bd8f9963d0d4e16805e8fe.1980x.webp","contentUrl":"https:\/\/www.secureair.it\/wp-content\/uploads\/onpage\/op_image_d8bed0fc8b3bb1b618bd8f9963d0d4e16805e8fe.1980x.webp","width":1980,"height":1320},{"@type":"BreadcrumbList","@id":"https:\/\/www.secureair.it\/prodotto\/sonda-triboelettrica-di-rilevamento-polveri-emissione-camino\/#breadcrumb","itemListElement":[{"@type":"ListItem","position":1,"name":"Home","item":"https:\/\/www.secureair.it\/fr\/"},{"@type":"ListItem","position":2,"name":"Produits","item":"https:\/\/www.secureair.it\/fr\/produits\/"},{"@type":"ListItem","position":3,"name":"Sonde tribo\u00e9lectrique de d\u00e9tection des poussi\u00e8res d&#8217;\u00e9mission des chemin\u00e9es"}]},{"@type":"WebSite","@id":"https:\/\/www.secureair.it\/#website","url":"https:\/\/www.secureair.it\/","name":"Secure Air","description":"Sistemi di aspirazione professionali","potentialAction":[{"@type":"SearchAction","target":{"@type":"EntryPoint","urlTemplate":"https:\/\/www.secureair.it\/?s={search_term_string}"},"query-input":{"@type":"PropertyValueSpecification","valueRequired":true,"valueName":"search_term_string"}}],"inLanguage":"fr-FR"}]}},"_links":{"self":[{"href":"https:\/\/www.secureair.it\/fr\/wp-json\/wp\/v2\/product\/27718","targetHints":{"allow":["GET"]}}],"collection":[{"href":"https:\/\/www.secureair.it\/fr\/wp-json\/wp\/v2\/product"}],"about":[{"href":"https:\/\/www.secureair.it\/fr\/wp-json\/wp\/v2\/types\/product"}],"replies":[{"embeddable":true,"href":"https:\/\/www.secureair.it\/fr\/wp-json\/wp\/v2\/comments?post=27718"}],"wp:featuredmedia":[{"embeddable":true,"href":"https:\/\/www.secureair.it\/fr\/wp-json\/wp\/v2\/media\/32941"}],"wp:attachment":[{"href":"https:\/\/www.secureair.it\/fr\/wp-json\/wp\/v2\/media?parent=27718"}],"wp:term":[{"taxonomy":"product_brand","embeddable":true,"href":"https:\/\/www.secureair.it\/fr\/wp-json\/wp\/v2\/product_brand?post=27718"},{"taxonomy":"product_cat","embeddable":true,"href":"https:\/\/www.secureair.it\/fr\/wp-json\/wp\/v2\/product_cat?post=27718"},{"taxonomy":"product_tag","embeddable":true,"href":"https:\/\/www.secureair.it\/fr\/wp-json\/wp\/v2\/product_tag?post=27718"}],"curies":[{"name":"wp","href":"https:\/\/api.w.org\/{rel}","templated":true}]}}