{"id":27727,"date":"2023-07-06T10:35:06","date_gmt":"2023-07-06T10:35:06","guid":{"rendered":""},"modified":"2026-04-14T10:00:14","modified_gmt":"2026-04-14T10:00:14","slug":"aspirateur-de-poussiere-dfc11nbm-avec-filtres-autonettoyants-sans-bras","status":"publish","type":"product","link":"https:\/\/www.secureair.it\/fr\/prodotto\/aspirateur-de-poussiere-dfc11nbm-avec-filtres-autonettoyants-sans-bras\/","title":{"rendered":"Aspirateur de poussi\u00e8res et de fum\u00e9es DFC11NBM"},"content":{"rendered":"<p>L&rsquo;aspirateur mobile de poussi\u00e8res et de fum\u00e9es DFC11 avec filtres autonettoyants est la solution id\u00e9ale pour l&rsquo;aspiration et la filtration des fum\u00e9es et des micropoussi\u00e8res g\u00e9n\u00e9r\u00e9es lors des processus de traitement de surface des m\u00e9taux ou des mat\u00e9riaux composites.<\/p>\n","protected":false},"excerpt":{"rendered":"<p>L&rsquo;aspirateur mobile de poussi\u00e8res et de fum\u00e9es DFC11 avec filtres autonettoyants est la solution id\u00e9ale pour l&rsquo;aspiration et la filtration des fum\u00e9es et des micropoussi\u00e8res g\u00e9n\u00e9r\u00e9es lors des processus de traitement de surface des m\u00e9taux ou des mat\u00e9riaux composites.<\/p>\n","protected":false},"featured_media":32644,"comment_status":"closed","ping_status":"closed","template":"","meta":{"_acf_changed":false},"product_brand":[],"product_cat":[],"product_tag":[],"class_list":{"0":"post-27727","1":"product","2":"type-product","3":"status-publish","4":"has-post-thumbnail","7":"first","8":"instock","9":"taxable","10":"shipping-taxable","11":"purchasable","12":"product-type-simple"},"acf":[],"yoast_head":"<!-- This site is optimized with the Yoast SEO plugin v27.4 - https:\/\/yoast.com\/product\/yoast-seo-wordpress\/ -->\n<title>Aspirateur de poussi\u00e8res et de fum\u00e9es DFC11NBM - Secure Air<\/title>\n<meta name=\"description\" content=\"Cerchi un Aspirateur de poussi\u00e8res et de fum\u00e9es DFC11NBM? Compralo ora su Secure Air\" \/>\n<meta name=\"robots\" content=\"index, follow, max-snippet:-1, max-image-preview:large, max-video-preview:-1\" \/>\n<link rel=\"canonical\" href=\"https:\/\/www.secureair.it\/prodotto\/aspiratore-polveri-dfc11nbm-con-filtri-autopulenti-senza-braccio\/\" \/>\n<meta property=\"og:locale\" content=\"fr_FR\" \/>\n<meta property=\"og:type\" content=\"article\" \/>\n<meta property=\"og:title\" content=\"Aspirateur de poussi\u00e8res et de fum\u00e9es DFC11NBM - Secure Air\" \/>\n<meta property=\"og:description\" content=\"Cerchi un Aspirateur de poussi\u00e8res et de fum\u00e9es DFC11NBM? Compralo ora su Secure Air\" \/>\n<meta property=\"og:url\" content=\"https:\/\/www.secureair.it\/prodotto\/aspiratore-polveri-dfc11nbm-con-filtri-autopulenti-senza-braccio\/\" \/>\n<meta property=\"og:site_name\" content=\"Secure Air\" \/>\n<meta property=\"article:modified_time\" content=\"2026-04-14T10:00:14+00:00\" \/>\n<meta name=\"twitter:card\" content=\"summary_large_image\" \/>\n<script type=\"application\/ld+json\" class=\"yoast-schema-graph\">{\"@context\":\"https:\\\/\\\/schema.org\",\"@graph\":[{\"@type\":\"WebPage\",\"@id\":\"https:\\\/\\\/www.secureair.it\\\/prodotto\\\/aspiratore-polveri-dfc11nbm-con-filtri-autopulenti-senza-braccio\\\/\",\"url\":\"https:\\\/\\\/www.secureair.it\\\/prodotto\\\/aspiratore-polveri-dfc11nbm-con-filtri-autopulenti-senza-braccio\\\/\",\"name\":\"Aspirateur de poussi\u00e8res et de fum\u00e9es DFC11NBM - Secure Air\",\"isPartOf\":{\"@id\":\"https:\\\/\\\/www.secureair.it\\\/#website\"},\"primaryImageOfPage\":{\"@id\":\"https:\\\/\\\/www.secureair.it\\\/prodotto\\\/aspiratore-polveri-dfc11nbm-con-filtri-autopulenti-senza-braccio\\\/#primaryimage\"},\"image\":{\"@id\":\"https:\\\/\\\/www.secureair.it\\\/prodotto\\\/aspiratore-polveri-dfc11nbm-con-filtri-autopulenti-senza-braccio\\\/#primaryimage\"},\"thumbnailUrl\":\"https:\\\/\\\/www.secureair.it\\\/wp-content\\\/uploads\\\/onpage\\\/op_image_b91922fca79c7743fed5b564a23e9412b88615df.1980x-scaled.webp\",\"datePublished\":\"2023-07-06T10:35:06+00:00\",\"dateModified\":\"2026-04-14T10:00:14+00:00\",\"description\":\"Cerchi un Aspirateur de poussi\u00e8res et de fum\u00e9es DFC11NBM? Compralo ora su Secure Air\",\"breadcrumb\":{\"@id\":\"https:\\\/\\\/www.secureair.it\\\/prodotto\\\/aspiratore-polveri-dfc11nbm-con-filtri-autopulenti-senza-braccio\\\/#breadcrumb\"},\"inLanguage\":\"fr-FR\",\"potentialAction\":[{\"@type\":\"ReadAction\",\"target\":[\"https:\\\/\\\/www.secureair.it\\\/prodotto\\\/aspiratore-polveri-dfc11nbm-con-filtri-autopulenti-senza-braccio\\\/\"]}]},{\"@type\":\"ImageObject\",\"inLanguage\":\"fr-FR\",\"@id\":\"https:\\\/\\\/www.secureair.it\\\/prodotto\\\/aspiratore-polveri-dfc11nbm-con-filtri-autopulenti-senza-braccio\\\/#primaryimage\",\"url\":\"https:\\\/\\\/www.secureair.it\\\/wp-content\\\/uploads\\\/onpage\\\/op_image_b91922fca79c7743fed5b564a23e9412b88615df.1980x-scaled.webp\",\"contentUrl\":\"https:\\\/\\\/www.secureair.it\\\/wp-content\\\/uploads\\\/onpage\\\/op_image_b91922fca79c7743fed5b564a23e9412b88615df.1980x-scaled.webp\",\"width\":1357,\"height\":2560},{\"@type\":\"BreadcrumbList\",\"@id\":\"https:\\\/\\\/www.secureair.it\\\/prodotto\\\/aspiratore-polveri-dfc11nbm-con-filtri-autopulenti-senza-braccio\\\/#breadcrumb\",\"itemListElement\":[{\"@type\":\"ListItem\",\"position\":1,\"name\":\"Home\",\"item\":\"https:\\\/\\\/www.secureair.it\\\/fr\\\/\"},{\"@type\":\"ListItem\",\"position\":2,\"name\":\"Produits\",\"item\":\"https:\\\/\\\/www.secureair.it\\\/fr\\\/produits\\\/\"},{\"@type\":\"ListItem\",\"position\":3,\"name\":\"Aspirateur de poussi\u00e8re DFC11NBM avec filtres autonettoyants sans bras\"}]},{\"@type\":\"WebSite\",\"@id\":\"https:\\\/\\\/www.secureair.it\\\/#website\",\"url\":\"https:\\\/\\\/www.secureair.it\\\/\",\"name\":\"Secure Air\",\"description\":\"Sistemi di aspirazione professionali\",\"potentialAction\":[{\"@type\":\"SearchAction\",\"target\":{\"@type\":\"EntryPoint\",\"urlTemplate\":\"https:\\\/\\\/www.secureair.it\\\/?s={search_term_string}\"},\"query-input\":{\"@type\":\"PropertyValueSpecification\",\"valueRequired\":true,\"valueName\":\"search_term_string\"}}],\"inLanguage\":\"fr-FR\"}]}<\/script>\n<!-- \/ Yoast SEO plugin. -->","yoast_head_json":{"title":"Aspirateur de poussi\u00e8res et de fum\u00e9es DFC11NBM - Secure Air","description":"Cerchi un Aspirateur de poussi\u00e8res et de fum\u00e9es DFC11NBM? Compralo ora su Secure Air","robots":{"index":"index","follow":"follow","max-snippet":"max-snippet:-1","max-image-preview":"max-image-preview:large","max-video-preview":"max-video-preview:-1"},"canonical":"https:\/\/www.secureair.it\/prodotto\/aspiratore-polveri-dfc11nbm-con-filtri-autopulenti-senza-braccio\/","og_locale":"fr_FR","og_type":"article","og_title":"Aspirateur de poussi\u00e8res et de fum\u00e9es DFC11NBM - Secure Air","og_description":"Cerchi un Aspirateur de poussi\u00e8res et de fum\u00e9es DFC11NBM? Compralo ora su Secure Air","og_url":"https:\/\/www.secureair.it\/prodotto\/aspiratore-polveri-dfc11nbm-con-filtri-autopulenti-senza-braccio\/","og_site_name":"Secure Air","article_modified_time":"2026-04-14T10:00:14+00:00","twitter_card":"summary_large_image","schema":{"@context":"https:\/\/schema.org","@graph":[{"@type":"WebPage","@id":"https:\/\/www.secureair.it\/prodotto\/aspiratore-polveri-dfc11nbm-con-filtri-autopulenti-senza-braccio\/","url":"https:\/\/www.secureair.it\/prodotto\/aspiratore-polveri-dfc11nbm-con-filtri-autopulenti-senza-braccio\/","name":"Aspirateur de poussi\u00e8res et de fum\u00e9es DFC11NBM - Secure Air","isPartOf":{"@id":"https:\/\/www.secureair.it\/#website"},"primaryImageOfPage":{"@id":"https:\/\/www.secureair.it\/prodotto\/aspiratore-polveri-dfc11nbm-con-filtri-autopulenti-senza-braccio\/#primaryimage"},"image":{"@id":"https:\/\/www.secureair.it\/prodotto\/aspiratore-polveri-dfc11nbm-con-filtri-autopulenti-senza-braccio\/#primaryimage"},"thumbnailUrl":"https:\/\/www.secureair.it\/wp-content\/uploads\/onpage\/op_image_b91922fca79c7743fed5b564a23e9412b88615df.1980x-scaled.webp","datePublished":"2023-07-06T10:35:06+00:00","dateModified":"2026-04-14T10:00:14+00:00","description":"Cerchi un Aspirateur de poussi\u00e8res et de fum\u00e9es DFC11NBM? Compralo ora su Secure Air","breadcrumb":{"@id":"https:\/\/www.secureair.it\/prodotto\/aspiratore-polveri-dfc11nbm-con-filtri-autopulenti-senza-braccio\/#breadcrumb"},"inLanguage":"fr-FR","potentialAction":[{"@type":"ReadAction","target":["https:\/\/www.secureair.it\/prodotto\/aspiratore-polveri-dfc11nbm-con-filtri-autopulenti-senza-braccio\/"]}]},{"@type":"ImageObject","inLanguage":"fr-FR","@id":"https:\/\/www.secureair.it\/prodotto\/aspiratore-polveri-dfc11nbm-con-filtri-autopulenti-senza-braccio\/#primaryimage","url":"https:\/\/www.secureair.it\/wp-content\/uploads\/onpage\/op_image_b91922fca79c7743fed5b564a23e9412b88615df.1980x-scaled.webp","contentUrl":"https:\/\/www.secureair.it\/wp-content\/uploads\/onpage\/op_image_b91922fca79c7743fed5b564a23e9412b88615df.1980x-scaled.webp","width":1357,"height":2560},{"@type":"BreadcrumbList","@id":"https:\/\/www.secureair.it\/prodotto\/aspiratore-polveri-dfc11nbm-con-filtri-autopulenti-senza-braccio\/#breadcrumb","itemListElement":[{"@type":"ListItem","position":1,"name":"Home","item":"https:\/\/www.secureair.it\/fr\/"},{"@type":"ListItem","position":2,"name":"Produits","item":"https:\/\/www.secureair.it\/fr\/produits\/"},{"@type":"ListItem","position":3,"name":"Aspirateur de poussi\u00e8re DFC11NBM avec filtres autonettoyants sans bras"}]},{"@type":"WebSite","@id":"https:\/\/www.secureair.it\/#website","url":"https:\/\/www.secureair.it\/","name":"Secure Air","description":"Sistemi di aspirazione professionali","potentialAction":[{"@type":"SearchAction","target":{"@type":"EntryPoint","urlTemplate":"https:\/\/www.secureair.it\/?s={search_term_string}"},"query-input":{"@type":"PropertyValueSpecification","valueRequired":true,"valueName":"search_term_string"}}],"inLanguage":"fr-FR"}]}},"_links":{"self":[{"href":"https:\/\/www.secureair.it\/fr\/wp-json\/wp\/v2\/product\/27727","targetHints":{"allow":["GET"]}}],"collection":[{"href":"https:\/\/www.secureair.it\/fr\/wp-json\/wp\/v2\/product"}],"about":[{"href":"https:\/\/www.secureair.it\/fr\/wp-json\/wp\/v2\/types\/product"}],"replies":[{"embeddable":true,"href":"https:\/\/www.secureair.it\/fr\/wp-json\/wp\/v2\/comments?post=27727"}],"wp:featuredmedia":[{"embeddable":true,"href":"https:\/\/www.secureair.it\/fr\/wp-json\/wp\/v2\/media\/32644"}],"wp:attachment":[{"href":"https:\/\/www.secureair.it\/fr\/wp-json\/wp\/v2\/media?parent=27727"}],"wp:term":[{"taxonomy":"product_brand","embeddable":true,"href":"https:\/\/www.secureair.it\/fr\/wp-json\/wp\/v2\/product_brand?post=27727"},{"taxonomy":"product_cat","embeddable":true,"href":"https:\/\/www.secureair.it\/fr\/wp-json\/wp\/v2\/product_cat?post=27727"},{"taxonomy":"product_tag","embeddable":true,"href":"https:\/\/www.secureair.it\/fr\/wp-json\/wp\/v2\/product_tag?post=27727"}],"curies":[{"name":"wp","href":"https:\/\/api.w.org\/{rel}","templated":true}]}}