{"id":27741,"date":"2023-07-06T10:35:06","date_gmt":"2023-07-06T10:35:06","guid":{"rendered":""},"modified":"2026-05-05T08:00:04","modified_gmt":"2026-05-05T08:00:04","slug":"grille-de-broyage-200x200-cm-avec-cadre-et-toile-ignifugee","status":"publish","type":"product","link":"https:\/\/www.secureair.it\/fr\/prodotto\/grille-de-broyage-200x200-cm-avec-cadre-et-toile-ignifugee\/","title":{"rendered":"Crible de broyage SMI200 avec cadre et tissu ignifuge"},"content":{"rendered":"<p>L&rsquo;<strong>\u00e9cran de protection des zones de broyage<\/strong> est la solution id\u00e9ale pour s\u00e9parer de mani\u00e8re flexible les zones de travail et cr\u00e9er de nouveaux postes de broyage facilement et rapidement accessibles, tout en prot\u00e9geant l&rsquo;environnement des \u00e9clats et des \u00e9tincelles.<\/p>\n<p>L&rsquo;\u00e9cran est exp\u00e9di\u00e9 d\u00e9mont\u00e9, sous forme de kit contenant tout ce qui est n\u00e9cessaire pour assembler l&rsquo;\u00e9cran en quelques minutes seulement.<\/p>\n","protected":false},"excerpt":{"rendered":"<p>L&rsquo;\u00e9cran de protection des zones de broyage est la solution id\u00e9ale pour s\u00e9parer de mani\u00e8re flexible les zones de travail et cr\u00e9er de nouveaux postes de broyage facilement et rapidement accessibles, tout en prot\u00e9geant l&rsquo;environnement des \u00e9clats et des \u00e9tincelles. L&rsquo;\u00e9cran est exp\u00e9di\u00e9 d\u00e9mont\u00e9, sous forme de kit contenant tout ce qui est n\u00e9cessaire pour [&hellip;]<\/p>\n","protected":false},"featured_media":32986,"comment_status":"closed","ping_status":"closed","template":"","meta":{"_acf_changed":false},"product_brand":[],"product_cat":[],"product_tag":[],"class_list":{"0":"post-27741","1":"product","2":"type-product","3":"status-publish","4":"has-post-thumbnail","7":"first","8":"instock","9":"taxable","10":"shipping-taxable","11":"purchasable","12":"product-type-simple"},"acf":[],"yoast_head":"<!-- This site is optimized with the Yoast SEO plugin v27.4 - https:\/\/yoast.com\/product\/yoast-seo-wordpress\/ -->\n<title>Crible de broyage SMI200 avec cadre et tissu ignifuge - Secure Air<\/title>\n<meta name=\"description\" content=\"Cerchi un Crible de broyage SMI200 avec cadre et tissu ignifuge? Compralo ora su Secure Air\" \/>\n<meta name=\"robots\" content=\"index, follow, max-snippet:-1, max-image-preview:large, max-video-preview:-1\" \/>\n<link rel=\"canonical\" href=\"https:\/\/www.secureair.it\/prodotto\/schermo-per-molatura-smi200-con-telaio-e-telo-ignifugo\/\" \/>\n<meta property=\"og:locale\" content=\"fr_FR\" \/>\n<meta property=\"og:type\" content=\"article\" \/>\n<meta property=\"og:title\" content=\"Crible de broyage SMI200 avec cadre et tissu ignifuge - Secure Air\" \/>\n<meta property=\"og:description\" content=\"Cerchi un Crible de broyage SMI200 avec cadre et tissu ignifuge? Compralo ora su Secure Air\" \/>\n<meta property=\"og:url\" content=\"https:\/\/www.secureair.it\/prodotto\/schermo-per-molatura-smi200-con-telaio-e-telo-ignifugo\/\" \/>\n<meta property=\"og:site_name\" content=\"Secure Air\" \/>\n<meta property=\"article:modified_time\" content=\"2026-05-05T08:00:04+00:00\" \/>\n<meta name=\"twitter:card\" content=\"summary_large_image\" \/>\n<script type=\"application\/ld+json\" class=\"yoast-schema-graph\">{\"@context\":\"https:\\\/\\\/schema.org\",\"@graph\":[{\"@type\":\"WebPage\",\"@id\":\"https:\\\/\\\/www.secureair.it\\\/prodotto\\\/schermo-per-molatura-smi200-con-telaio-e-telo-ignifugo\\\/\",\"url\":\"https:\\\/\\\/www.secureair.it\\\/prodotto\\\/schermo-per-molatura-smi200-con-telaio-e-telo-ignifugo\\\/\",\"name\":\"Crible de broyage SMI200 avec cadre et tissu ignifuge - Secure Air\",\"isPartOf\":{\"@id\":\"https:\\\/\\\/www.secureair.it\\\/#website\"},\"primaryImageOfPage\":{\"@id\":\"https:\\\/\\\/www.secureair.it\\\/prodotto\\\/schermo-per-molatura-smi200-con-telaio-e-telo-ignifugo\\\/#primaryimage\"},\"image\":{\"@id\":\"https:\\\/\\\/www.secureair.it\\\/prodotto\\\/schermo-per-molatura-smi200-con-telaio-e-telo-ignifugo\\\/#primaryimage\"},\"thumbnailUrl\":\"https:\\\/\\\/www.secureair.it\\\/wp-content\\\/uploads\\\/onpage\\\/op_image_fedbc9f662f0bd45dcb8fd079cfb4f6ec253eff7.1980x.webp\",\"datePublished\":\"2023-07-06T10:35:06+00:00\",\"dateModified\":\"2026-05-05T08:00:04+00:00\",\"description\":\"Cerchi un Crible de broyage SMI200 avec cadre et tissu ignifuge? Compralo ora su Secure Air\",\"breadcrumb\":{\"@id\":\"https:\\\/\\\/www.secureair.it\\\/prodotto\\\/schermo-per-molatura-smi200-con-telaio-e-telo-ignifugo\\\/#breadcrumb\"},\"inLanguage\":\"fr-FR\",\"potentialAction\":[{\"@type\":\"ReadAction\",\"target\":[\"https:\\\/\\\/www.secureair.it\\\/prodotto\\\/schermo-per-molatura-smi200-con-telaio-e-telo-ignifugo\\\/\"]}]},{\"@type\":\"ImageObject\",\"inLanguage\":\"fr-FR\",\"@id\":\"https:\\\/\\\/www.secureair.it\\\/prodotto\\\/schermo-per-molatura-smi200-con-telaio-e-telo-ignifugo\\\/#primaryimage\",\"url\":\"https:\\\/\\\/www.secureair.it\\\/wp-content\\\/uploads\\\/onpage\\\/op_image_fedbc9f662f0bd45dcb8fd079cfb4f6ec253eff7.1980x.webp\",\"contentUrl\":\"https:\\\/\\\/www.secureair.it\\\/wp-content\\\/uploads\\\/onpage\\\/op_image_fedbc9f662f0bd45dcb8fd079cfb4f6ec253eff7.1980x.webp\",\"width\":1980,\"height\":1800},{\"@type\":\"BreadcrumbList\",\"@id\":\"https:\\\/\\\/www.secureair.it\\\/prodotto\\\/schermo-per-molatura-smi200-con-telaio-e-telo-ignifugo\\\/#breadcrumb\",\"itemListElement\":[{\"@type\":\"ListItem\",\"position\":1,\"name\":\"Home\",\"item\":\"https:\\\/\\\/www.secureair.it\\\/fr\\\/\"},{\"@type\":\"ListItem\",\"position\":2,\"name\":\"Produits\",\"item\":\"https:\\\/\\\/www.secureair.it\\\/fr\\\/produits\\\/\"},{\"@type\":\"ListItem\",\"position\":3,\"name\":\"Grille de broyage 200\u00d7200 cm avec cadre et toile ignifug\u00e9e\"}]},{\"@type\":\"WebSite\",\"@id\":\"https:\\\/\\\/www.secureair.it\\\/#website\",\"url\":\"https:\\\/\\\/www.secureair.it\\\/\",\"name\":\"Secure Air\",\"description\":\"Sistemi di aspirazione professionali\",\"potentialAction\":[{\"@type\":\"SearchAction\",\"target\":{\"@type\":\"EntryPoint\",\"urlTemplate\":\"https:\\\/\\\/www.secureair.it\\\/?s={search_term_string}\"},\"query-input\":{\"@type\":\"PropertyValueSpecification\",\"valueRequired\":true,\"valueName\":\"search_term_string\"}}],\"inLanguage\":\"fr-FR\"}]}<\/script>\n<!-- \/ Yoast SEO plugin. -->","yoast_head_json":{"title":"Crible de broyage SMI200 avec cadre et tissu ignifuge - Secure Air","description":"Cerchi un Crible de broyage SMI200 avec cadre et tissu ignifuge? Compralo ora su Secure Air","robots":{"index":"index","follow":"follow","max-snippet":"max-snippet:-1","max-image-preview":"max-image-preview:large","max-video-preview":"max-video-preview:-1"},"canonical":"https:\/\/www.secureair.it\/prodotto\/schermo-per-molatura-smi200-con-telaio-e-telo-ignifugo\/","og_locale":"fr_FR","og_type":"article","og_title":"Crible de broyage SMI200 avec cadre et tissu ignifuge - Secure Air","og_description":"Cerchi un Crible de broyage SMI200 avec cadre et tissu ignifuge? Compralo ora su Secure Air","og_url":"https:\/\/www.secureair.it\/prodotto\/schermo-per-molatura-smi200-con-telaio-e-telo-ignifugo\/","og_site_name":"Secure Air","article_modified_time":"2026-05-05T08:00:04+00:00","twitter_card":"summary_large_image","schema":{"@context":"https:\/\/schema.org","@graph":[{"@type":"WebPage","@id":"https:\/\/www.secureair.it\/prodotto\/schermo-per-molatura-smi200-con-telaio-e-telo-ignifugo\/","url":"https:\/\/www.secureair.it\/prodotto\/schermo-per-molatura-smi200-con-telaio-e-telo-ignifugo\/","name":"Crible de broyage SMI200 avec cadre et tissu ignifuge - Secure Air","isPartOf":{"@id":"https:\/\/www.secureair.it\/#website"},"primaryImageOfPage":{"@id":"https:\/\/www.secureair.it\/prodotto\/schermo-per-molatura-smi200-con-telaio-e-telo-ignifugo\/#primaryimage"},"image":{"@id":"https:\/\/www.secureair.it\/prodotto\/schermo-per-molatura-smi200-con-telaio-e-telo-ignifugo\/#primaryimage"},"thumbnailUrl":"https:\/\/www.secureair.it\/wp-content\/uploads\/onpage\/op_image_fedbc9f662f0bd45dcb8fd079cfb4f6ec253eff7.1980x.webp","datePublished":"2023-07-06T10:35:06+00:00","dateModified":"2026-05-05T08:00:04+00:00","description":"Cerchi un Crible de broyage SMI200 avec cadre et tissu ignifuge? Compralo ora su Secure Air","breadcrumb":{"@id":"https:\/\/www.secureair.it\/prodotto\/schermo-per-molatura-smi200-con-telaio-e-telo-ignifugo\/#breadcrumb"},"inLanguage":"fr-FR","potentialAction":[{"@type":"ReadAction","target":["https:\/\/www.secureair.it\/prodotto\/schermo-per-molatura-smi200-con-telaio-e-telo-ignifugo\/"]}]},{"@type":"ImageObject","inLanguage":"fr-FR","@id":"https:\/\/www.secureair.it\/prodotto\/schermo-per-molatura-smi200-con-telaio-e-telo-ignifugo\/#primaryimage","url":"https:\/\/www.secureair.it\/wp-content\/uploads\/onpage\/op_image_fedbc9f662f0bd45dcb8fd079cfb4f6ec253eff7.1980x.webp","contentUrl":"https:\/\/www.secureair.it\/wp-content\/uploads\/onpage\/op_image_fedbc9f662f0bd45dcb8fd079cfb4f6ec253eff7.1980x.webp","width":1980,"height":1800},{"@type":"BreadcrumbList","@id":"https:\/\/www.secureair.it\/prodotto\/schermo-per-molatura-smi200-con-telaio-e-telo-ignifugo\/#breadcrumb","itemListElement":[{"@type":"ListItem","position":1,"name":"Home","item":"https:\/\/www.secureair.it\/fr\/"},{"@type":"ListItem","position":2,"name":"Produits","item":"https:\/\/www.secureair.it\/fr\/produits\/"},{"@type":"ListItem","position":3,"name":"Grille de broyage 200\u00d7200 cm avec cadre et toile ignifug\u00e9e"}]},{"@type":"WebSite","@id":"https:\/\/www.secureair.it\/#website","url":"https:\/\/www.secureair.it\/","name":"Secure Air","description":"Sistemi di aspirazione professionali","potentialAction":[{"@type":"SearchAction","target":{"@type":"EntryPoint","urlTemplate":"https:\/\/www.secureair.it\/?s={search_term_string}"},"query-input":{"@type":"PropertyValueSpecification","valueRequired":true,"valueName":"search_term_string"}}],"inLanguage":"fr-FR"}]}},"_links":{"self":[{"href":"https:\/\/www.secureair.it\/fr\/wp-json\/wp\/v2\/product\/27741","targetHints":{"allow":["GET"]}}],"collection":[{"href":"https:\/\/www.secureair.it\/fr\/wp-json\/wp\/v2\/product"}],"about":[{"href":"https:\/\/www.secureair.it\/fr\/wp-json\/wp\/v2\/types\/product"}],"replies":[{"embeddable":true,"href":"https:\/\/www.secureair.it\/fr\/wp-json\/wp\/v2\/comments?post=27741"}],"wp:featuredmedia":[{"embeddable":true,"href":"https:\/\/www.secureair.it\/fr\/wp-json\/wp\/v2\/media\/32986"}],"wp:attachment":[{"href":"https:\/\/www.secureair.it\/fr\/wp-json\/wp\/v2\/media?parent=27741"}],"wp:term":[{"taxonomy":"product_brand","embeddable":true,"href":"https:\/\/www.secureair.it\/fr\/wp-json\/wp\/v2\/product_brand?post=27741"},{"taxonomy":"product_cat","embeddable":true,"href":"https:\/\/www.secureair.it\/fr\/wp-json\/wp\/v2\/product_cat?post=27741"},{"taxonomy":"product_tag","embeddable":true,"href":"https:\/\/www.secureair.it\/fr\/wp-json\/wp\/v2\/product_tag?post=27741"}],"curies":[{"name":"wp","href":"https:\/\/api.w.org\/{rel}","templated":true}]}}