{"id":27743,"date":"2023-07-06T10:35:06","date_gmt":"2023-07-06T10:35:06","guid":{"rendered":""},"modified":"2026-04-28T22:00:04","modified_gmt":"2026-04-28T22:00:04","slug":"rideaux-de-soudure-tensal-conformes-a-la-norme-en-iso-25980","status":"publish","type":"product","link":"https:\/\/www.secureair.it\/fr\/prodotto\/rideaux-de-soudure-tensal-conformes-a-la-norme-en-iso-25980\/","title":{"rendered":"Rideaux de soudure TENSAL conformes \u00e0 la norme EN ISO 25980"},"content":{"rendered":"<p>Les <strong>rideaux de protection<\/strong> <strong>TENSAL <\/strong>sont id\u00e9aux pour s\u00e9parer les zones de travail et pour cr\u00e9er de nouveaux postes de soudure facilement et rapidement accessibles.<\/p>\n<p>Ils sont fournis avec des \u0153illets sur la face sup\u00e9rieure, des boutons-pression sur les deux faces verticales et des crochets de suspension.<\/p>\n","protected":false},"excerpt":{"rendered":"<p>Les rideaux de protection TENSAL sont id\u00e9aux pour s\u00e9parer les zones de travail et pour cr\u00e9er de nouveaux postes de soudure facilement et rapidement accessibles. Ils sont fournis avec des \u0153illets sur la face sup\u00e9rieure, des boutons-pression sur les deux faces verticales et des crochets de suspension.<\/p>\n","protected":false},"featured_media":32992,"comment_status":"closed","ping_status":"closed","template":"","meta":{"_acf_changed":false},"product_brand":[],"product_cat":[],"product_tag":[],"class_list":{"0":"post-27743","1":"product","2":"type-product","3":"status-publish","4":"has-post-thumbnail","7":"first","8":"instock","9":"taxable","10":"shipping-taxable","11":"product-type-simple"},"acf":[],"yoast_head":"<!-- This site is optimized with the Yoast SEO plugin v27.4 - https:\/\/yoast.com\/product\/yoast-seo-wordpress\/ -->\n<title>Rideaux de soudure TENSAL conformes \u00e0 la norme EN ISO 25980 - Secure Air<\/title>\n<meta name=\"description\" content=\"Cerchi un Rideaux de soudure TENSAL conformes \u00e0 la norme EN ISO 25980? Compralo ora su Secure Air\" \/>\n<meta name=\"robots\" content=\"index, follow, max-snippet:-1, max-image-preview:large, max-video-preview:-1\" \/>\n<link rel=\"canonical\" href=\"https:\/\/www.secureair.it\/prodotto\/tende-di-saldatura-tensal-conformi-alla-norma-en-iso-25980\/\" \/>\n<meta property=\"og:locale\" content=\"fr_FR\" \/>\n<meta property=\"og:type\" content=\"article\" \/>\n<meta property=\"og:title\" content=\"Rideaux de soudure TENSAL conformes \u00e0 la norme EN ISO 25980 - Secure Air\" \/>\n<meta property=\"og:description\" content=\"Cerchi un Rideaux de soudure TENSAL conformes \u00e0 la norme EN ISO 25980? Compralo ora su Secure Air\" \/>\n<meta property=\"og:url\" content=\"https:\/\/www.secureair.it\/prodotto\/tende-di-saldatura-tensal-conformi-alla-norma-en-iso-25980\/\" \/>\n<meta property=\"og:site_name\" content=\"Secure Air\" \/>\n<meta property=\"article:modified_time\" content=\"2026-04-28T22:00:04+00:00\" \/>\n<meta name=\"twitter:card\" content=\"summary_large_image\" \/>\n<script type=\"application\/ld+json\" class=\"yoast-schema-graph\">{\"@context\":\"https:\\\/\\\/schema.org\",\"@graph\":[{\"@type\":\"WebPage\",\"@id\":\"https:\\\/\\\/www.secureair.it\\\/prodotto\\\/tende-di-saldatura-tensal-conformi-alla-norma-en-iso-25980\\\/\",\"url\":\"https:\\\/\\\/www.secureair.it\\\/prodotto\\\/tende-di-saldatura-tensal-conformi-alla-norma-en-iso-25980\\\/\",\"name\":\"Rideaux de soudure TENSAL conformes \u00e0 la norme EN ISO 25980 - Secure Air\",\"isPartOf\":{\"@id\":\"https:\\\/\\\/www.secureair.it\\\/#website\"},\"primaryImageOfPage\":{\"@id\":\"https:\\\/\\\/www.secureair.it\\\/prodotto\\\/tende-di-saldatura-tensal-conformi-alla-norma-en-iso-25980\\\/#primaryimage\"},\"image\":{\"@id\":\"https:\\\/\\\/www.secureair.it\\\/prodotto\\\/tende-di-saldatura-tensal-conformi-alla-norma-en-iso-25980\\\/#primaryimage\"},\"thumbnailUrl\":\"https:\\\/\\\/www.secureair.it\\\/wp-content\\\/uploads\\\/onpage\\\/op_image_b6a9a628265110bcb512200d8f2fb08cd9c7ed25.1980x.webp\",\"datePublished\":\"2023-07-06T10:35:06+00:00\",\"dateModified\":\"2026-04-28T22:00:04+00:00\",\"description\":\"Cerchi un Rideaux de soudure TENSAL conformes \u00e0 la norme EN ISO 25980? Compralo ora su Secure Air\",\"breadcrumb\":{\"@id\":\"https:\\\/\\\/www.secureair.it\\\/prodotto\\\/tende-di-saldatura-tensal-conformi-alla-norma-en-iso-25980\\\/#breadcrumb\"},\"inLanguage\":\"fr-FR\",\"potentialAction\":[{\"@type\":\"ReadAction\",\"target\":[\"https:\\\/\\\/www.secureair.it\\\/prodotto\\\/tende-di-saldatura-tensal-conformi-alla-norma-en-iso-25980\\\/\"]}]},{\"@type\":\"ImageObject\",\"inLanguage\":\"fr-FR\",\"@id\":\"https:\\\/\\\/www.secureair.it\\\/prodotto\\\/tende-di-saldatura-tensal-conformi-alla-norma-en-iso-25980\\\/#primaryimage\",\"url\":\"https:\\\/\\\/www.secureair.it\\\/wp-content\\\/uploads\\\/onpage\\\/op_image_b6a9a628265110bcb512200d8f2fb08cd9c7ed25.1980x.webp\",\"contentUrl\":\"https:\\\/\\\/www.secureair.it\\\/wp-content\\\/uploads\\\/onpage\\\/op_image_b6a9a628265110bcb512200d8f2fb08cd9c7ed25.1980x.webp\",\"width\":1980,\"height\":2538},{\"@type\":\"BreadcrumbList\",\"@id\":\"https:\\\/\\\/www.secureair.it\\\/prodotto\\\/tende-di-saldatura-tensal-conformi-alla-norma-en-iso-25980\\\/#breadcrumb\",\"itemListElement\":[{\"@type\":\"ListItem\",\"position\":1,\"name\":\"Home\",\"item\":\"https:\\\/\\\/www.secureair.it\\\/fr\\\/\"},{\"@type\":\"ListItem\",\"position\":2,\"name\":\"Produits\",\"item\":\"https:\\\/\\\/www.secureair.it\\\/fr\\\/produits\\\/\"},{\"@type\":\"ListItem\",\"position\":3,\"name\":\"Rideaux de soudure TENSAL conformes \u00e0 la norme EN ISO 25980\"}]},{\"@type\":\"WebSite\",\"@id\":\"https:\\\/\\\/www.secureair.it\\\/#website\",\"url\":\"https:\\\/\\\/www.secureair.it\\\/\",\"name\":\"Secure Air\",\"description\":\"Sistemi di aspirazione professionali\",\"potentialAction\":[{\"@type\":\"SearchAction\",\"target\":{\"@type\":\"EntryPoint\",\"urlTemplate\":\"https:\\\/\\\/www.secureair.it\\\/?s={search_term_string}\"},\"query-input\":{\"@type\":\"PropertyValueSpecification\",\"valueRequired\":true,\"valueName\":\"search_term_string\"}}],\"inLanguage\":\"fr-FR\"}]}<\/script>\n<!-- \/ Yoast SEO plugin. -->","yoast_head_json":{"title":"Rideaux de soudure TENSAL conformes \u00e0 la norme EN ISO 25980 - Secure Air","description":"Cerchi un Rideaux de soudure TENSAL conformes \u00e0 la norme EN ISO 25980? Compralo ora su Secure Air","robots":{"index":"index","follow":"follow","max-snippet":"max-snippet:-1","max-image-preview":"max-image-preview:large","max-video-preview":"max-video-preview:-1"},"canonical":"https:\/\/www.secureair.it\/prodotto\/tende-di-saldatura-tensal-conformi-alla-norma-en-iso-25980\/","og_locale":"fr_FR","og_type":"article","og_title":"Rideaux de soudure TENSAL conformes \u00e0 la norme EN ISO 25980 - Secure Air","og_description":"Cerchi un Rideaux de soudure TENSAL conformes \u00e0 la norme EN ISO 25980? Compralo ora su Secure Air","og_url":"https:\/\/www.secureair.it\/prodotto\/tende-di-saldatura-tensal-conformi-alla-norma-en-iso-25980\/","og_site_name":"Secure Air","article_modified_time":"2026-04-28T22:00:04+00:00","twitter_card":"summary_large_image","schema":{"@context":"https:\/\/schema.org","@graph":[{"@type":"WebPage","@id":"https:\/\/www.secureair.it\/prodotto\/tende-di-saldatura-tensal-conformi-alla-norma-en-iso-25980\/","url":"https:\/\/www.secureair.it\/prodotto\/tende-di-saldatura-tensal-conformi-alla-norma-en-iso-25980\/","name":"Rideaux de soudure TENSAL conformes \u00e0 la norme EN ISO 25980 - Secure Air","isPartOf":{"@id":"https:\/\/www.secureair.it\/#website"},"primaryImageOfPage":{"@id":"https:\/\/www.secureair.it\/prodotto\/tende-di-saldatura-tensal-conformi-alla-norma-en-iso-25980\/#primaryimage"},"image":{"@id":"https:\/\/www.secureair.it\/prodotto\/tende-di-saldatura-tensal-conformi-alla-norma-en-iso-25980\/#primaryimage"},"thumbnailUrl":"https:\/\/www.secureair.it\/wp-content\/uploads\/onpage\/op_image_b6a9a628265110bcb512200d8f2fb08cd9c7ed25.1980x.webp","datePublished":"2023-07-06T10:35:06+00:00","dateModified":"2026-04-28T22:00:04+00:00","description":"Cerchi un Rideaux de soudure TENSAL conformes \u00e0 la norme EN ISO 25980? Compralo ora su Secure Air","breadcrumb":{"@id":"https:\/\/www.secureair.it\/prodotto\/tende-di-saldatura-tensal-conformi-alla-norma-en-iso-25980\/#breadcrumb"},"inLanguage":"fr-FR","potentialAction":[{"@type":"ReadAction","target":["https:\/\/www.secureair.it\/prodotto\/tende-di-saldatura-tensal-conformi-alla-norma-en-iso-25980\/"]}]},{"@type":"ImageObject","inLanguage":"fr-FR","@id":"https:\/\/www.secureair.it\/prodotto\/tende-di-saldatura-tensal-conformi-alla-norma-en-iso-25980\/#primaryimage","url":"https:\/\/www.secureair.it\/wp-content\/uploads\/onpage\/op_image_b6a9a628265110bcb512200d8f2fb08cd9c7ed25.1980x.webp","contentUrl":"https:\/\/www.secureair.it\/wp-content\/uploads\/onpage\/op_image_b6a9a628265110bcb512200d8f2fb08cd9c7ed25.1980x.webp","width":1980,"height":2538},{"@type":"BreadcrumbList","@id":"https:\/\/www.secureair.it\/prodotto\/tende-di-saldatura-tensal-conformi-alla-norma-en-iso-25980\/#breadcrumb","itemListElement":[{"@type":"ListItem","position":1,"name":"Home","item":"https:\/\/www.secureair.it\/fr\/"},{"@type":"ListItem","position":2,"name":"Produits","item":"https:\/\/www.secureair.it\/fr\/produits\/"},{"@type":"ListItem","position":3,"name":"Rideaux de soudure TENSAL conformes \u00e0 la norme EN ISO 25980"}]},{"@type":"WebSite","@id":"https:\/\/www.secureair.it\/#website","url":"https:\/\/www.secureair.it\/","name":"Secure Air","description":"Sistemi di aspirazione professionali","potentialAction":[{"@type":"SearchAction","target":{"@type":"EntryPoint","urlTemplate":"https:\/\/www.secureair.it\/?s={search_term_string}"},"query-input":{"@type":"PropertyValueSpecification","valueRequired":true,"valueName":"search_term_string"}}],"inLanguage":"fr-FR"}]}},"_links":{"self":[{"href":"https:\/\/www.secureair.it\/fr\/wp-json\/wp\/v2\/product\/27743","targetHints":{"allow":["GET"]}}],"collection":[{"href":"https:\/\/www.secureair.it\/fr\/wp-json\/wp\/v2\/product"}],"about":[{"href":"https:\/\/www.secureair.it\/fr\/wp-json\/wp\/v2\/types\/product"}],"replies":[{"embeddable":true,"href":"https:\/\/www.secureair.it\/fr\/wp-json\/wp\/v2\/comments?post=27743"}],"wp:featuredmedia":[{"embeddable":true,"href":"https:\/\/www.secureair.it\/fr\/wp-json\/wp\/v2\/media\/32992"}],"wp:attachment":[{"href":"https:\/\/www.secureair.it\/fr\/wp-json\/wp\/v2\/media?parent=27743"}],"wp:term":[{"taxonomy":"product_brand","embeddable":true,"href":"https:\/\/www.secureair.it\/fr\/wp-json\/wp\/v2\/product_brand?post=27743"},{"taxonomy":"product_cat","embeddable":true,"href":"https:\/\/www.secureair.it\/fr\/wp-json\/wp\/v2\/product_cat?post=27743"},{"taxonomy":"product_tag","embeddable":true,"href":"https:\/\/www.secureair.it\/fr\/wp-json\/wp\/v2\/product_tag?post=27743"}],"curies":[{"name":"wp","href":"https:\/\/api.w.org\/{rel}","templated":true}]}}