{"id":27771,"date":"2023-07-06T10:35:06","date_gmt":"2023-07-06T10:35:06","guid":{"rendered":""},"modified":"2026-04-28T22:00:04","modified_gmt":"2026-04-28T22:00:04","slug":"ventilateur-de-plafond-industriel-hvls-a-5-pales-apbg5s","status":"publish","type":"product","link":"https:\/\/www.secureair.it\/fr\/prodotto\/ventilateur-de-plafond-industriel-hvls-a-5-pales-apbg5s\/","title":{"rendered":"Ventilateur de plafond industriel HVLS \u00e0 5 pales APBG5S"},"content":{"rendered":"<p>HVLS Ventilateur de plafond industriel \u00e0 5 pales APBG5S<\/p>\n<ul>\n<li>5 pales profil\u00e9es en aluminium extrud\u00e9<\/li>\n<li>C\u00f4ne de distribution d&rsquo;air \u00e9troit<\/li>\n<li>Moteur EC triphas\u00e9 sans balais avec syst\u00e8me \u00e9lectronique int\u00e9gr\u00e9 et filtres CEM 3<\/li>\n<li>Dimensions avec diam\u00e8tres 4m \/ 5m \/ 6m<\/li>\n<li>D\u00e9bit d&rsquo;air jusqu&rsquo;\u00e0 529 464 m3\/h (AMCA230-99)<\/li>\n<li>120 RPM Max<\/li>\n<li>Puissance Max Abs. 1,4 kW<\/li>\n<li>Adapt\u00e9 au service continu S1<\/li>\n<\/ul>\n","protected":false},"excerpt":{"rendered":"<p>HVLS Ventilateur de plafond industriel \u00e0 5 pales APBG5S 5 pales profil\u00e9es en aluminium extrud\u00e9 C\u00f4ne de distribution d&rsquo;air \u00e9troit Moteur EC triphas\u00e9 sans balais avec syst\u00e8me \u00e9lectronique int\u00e9gr\u00e9 et filtres CEM 3 Dimensions avec diam\u00e8tres 4m \/ 5m \/ 6m D\u00e9bit d&rsquo;air jusqu&rsquo;\u00e0 529 464 m3\/h (AMCA230-99) 120 RPM Max Puissance Max Abs. 1,4 [&hellip;]<\/p>\n","protected":false},"featured_media":33058,"comment_status":"closed","ping_status":"closed","template":"","meta":{"_acf_changed":false},"product_brand":[],"product_cat":[],"product_tag":[],"class_list":{"0":"post-27771","1":"product","2":"type-product","3":"status-publish","4":"has-post-thumbnail","7":"first","8":"instock","9":"taxable","10":"shipping-taxable","11":"product-type-simple"},"acf":[],"yoast_head":"<!-- This site is optimized with the Yoast SEO plugin v27.4 - https:\/\/yoast.com\/product\/yoast-seo-wordpress\/ -->\n<title>Ventilateur de plafond industriel HVLS \u00e0 5 pales APBG5S - Secure Air<\/title>\n<meta name=\"description\" content=\"Cerchi un Ventilateur de plafond industriel HVLS \u00e0 5 pales APBG5S? Compralo ora su Secure Air\" \/>\n<meta name=\"robots\" content=\"index, follow, max-snippet:-1, max-image-preview:large, max-video-preview:-1\" \/>\n<link rel=\"canonical\" href=\"https:\/\/www.secureair.it\/prodotto\/ventilatore-industriale-hvls-a-soffitto-a-5-pale-apbg5s\/\" \/>\n<meta property=\"og:locale\" content=\"fr_FR\" \/>\n<meta property=\"og:type\" content=\"article\" \/>\n<meta property=\"og:title\" content=\"Ventilateur de plafond industriel HVLS \u00e0 5 pales APBG5S - Secure Air\" \/>\n<meta property=\"og:description\" content=\"Cerchi un Ventilateur de plafond industriel HVLS \u00e0 5 pales APBG5S? Compralo ora su Secure Air\" \/>\n<meta property=\"og:url\" content=\"https:\/\/www.secureair.it\/prodotto\/ventilatore-industriale-hvls-a-soffitto-a-5-pale-apbg5s\/\" \/>\n<meta property=\"og:site_name\" content=\"Secure Air\" \/>\n<meta property=\"article:modified_time\" content=\"2026-04-28T22:00:04+00:00\" \/>\n<meta name=\"twitter:card\" content=\"summary_large_image\" \/>\n<script type=\"application\/ld+json\" class=\"yoast-schema-graph\">{\"@context\":\"https:\\\/\\\/schema.org\",\"@graph\":[{\"@type\":\"WebPage\",\"@id\":\"https:\\\/\\\/www.secureair.it\\\/prodotto\\\/ventilatore-industriale-hvls-a-soffitto-a-5-pale-apbg5s\\\/\",\"url\":\"https:\\\/\\\/www.secureair.it\\\/prodotto\\\/ventilatore-industriale-hvls-a-soffitto-a-5-pale-apbg5s\\\/\",\"name\":\"Ventilateur de plafond industriel HVLS \u00e0 5 pales APBG5S - Secure Air\",\"isPartOf\":{\"@id\":\"https:\\\/\\\/www.secureair.it\\\/#website\"},\"primaryImageOfPage\":{\"@id\":\"https:\\\/\\\/www.secureair.it\\\/prodotto\\\/ventilatore-industriale-hvls-a-soffitto-a-5-pale-apbg5s\\\/#primaryimage\"},\"image\":{\"@id\":\"https:\\\/\\\/www.secureair.it\\\/prodotto\\\/ventilatore-industriale-hvls-a-soffitto-a-5-pale-apbg5s\\\/#primaryimage\"},\"thumbnailUrl\":\"https:\\\/\\\/www.secureair.it\\\/wp-content\\\/uploads\\\/onpage\\\/op_image_4d87de8bd1ddc806074fa1624f3a548745aca456.1980x.webp\",\"datePublished\":\"2023-07-06T10:35:06+00:00\",\"dateModified\":\"2026-04-28T22:00:04+00:00\",\"description\":\"Cerchi un Ventilateur de plafond industriel HVLS \u00e0 5 pales APBG5S? Compralo ora su Secure Air\",\"breadcrumb\":{\"@id\":\"https:\\\/\\\/www.secureair.it\\\/prodotto\\\/ventilatore-industriale-hvls-a-soffitto-a-5-pale-apbg5s\\\/#breadcrumb\"},\"inLanguage\":\"fr-FR\",\"potentialAction\":[{\"@type\":\"ReadAction\",\"target\":[\"https:\\\/\\\/www.secureair.it\\\/prodotto\\\/ventilatore-industriale-hvls-a-soffitto-a-5-pale-apbg5s\\\/\"]}]},{\"@type\":\"ImageObject\",\"inLanguage\":\"fr-FR\",\"@id\":\"https:\\\/\\\/www.secureair.it\\\/prodotto\\\/ventilatore-industriale-hvls-a-soffitto-a-5-pale-apbg5s\\\/#primaryimage\",\"url\":\"https:\\\/\\\/www.secureair.it\\\/wp-content\\\/uploads\\\/onpage\\\/op_image_4d87de8bd1ddc806074fa1624f3a548745aca456.1980x.webp\",\"contentUrl\":\"https:\\\/\\\/www.secureair.it\\\/wp-content\\\/uploads\\\/onpage\\\/op_image_4d87de8bd1ddc806074fa1624f3a548745aca456.1980x.webp\",\"width\":1980,\"height\":828},{\"@type\":\"BreadcrumbList\",\"@id\":\"https:\\\/\\\/www.secureair.it\\\/prodotto\\\/ventilatore-industriale-hvls-a-soffitto-a-5-pale-apbg5s\\\/#breadcrumb\",\"itemListElement\":[{\"@type\":\"ListItem\",\"position\":1,\"name\":\"Home\",\"item\":\"https:\\\/\\\/www.secureair.it\\\/fr\\\/\"},{\"@type\":\"ListItem\",\"position\":2,\"name\":\"Produits\",\"item\":\"https:\\\/\\\/www.secureair.it\\\/fr\\\/produits\\\/\"},{\"@type\":\"ListItem\",\"position\":3,\"name\":\"unnamed\"}]},{\"@type\":\"WebSite\",\"@id\":\"https:\\\/\\\/www.secureair.it\\\/#website\",\"url\":\"https:\\\/\\\/www.secureair.it\\\/\",\"name\":\"Secure Air\",\"description\":\"Sistemi di aspirazione professionali\",\"potentialAction\":[{\"@type\":\"SearchAction\",\"target\":{\"@type\":\"EntryPoint\",\"urlTemplate\":\"https:\\\/\\\/www.secureair.it\\\/?s={search_term_string}\"},\"query-input\":{\"@type\":\"PropertyValueSpecification\",\"valueRequired\":true,\"valueName\":\"search_term_string\"}}],\"inLanguage\":\"fr-FR\"}]}<\/script>\n<!-- \/ Yoast SEO plugin. -->","yoast_head_json":{"title":"Ventilateur de plafond industriel HVLS \u00e0 5 pales APBG5S - Secure Air","description":"Cerchi un Ventilateur de plafond industriel HVLS \u00e0 5 pales APBG5S? Compralo ora su Secure Air","robots":{"index":"index","follow":"follow","max-snippet":"max-snippet:-1","max-image-preview":"max-image-preview:large","max-video-preview":"max-video-preview:-1"},"canonical":"https:\/\/www.secureair.it\/prodotto\/ventilatore-industriale-hvls-a-soffitto-a-5-pale-apbg5s\/","og_locale":"fr_FR","og_type":"article","og_title":"Ventilateur de plafond industriel HVLS \u00e0 5 pales APBG5S - Secure Air","og_description":"Cerchi un Ventilateur de plafond industriel HVLS \u00e0 5 pales APBG5S? Compralo ora su Secure Air","og_url":"https:\/\/www.secureair.it\/prodotto\/ventilatore-industriale-hvls-a-soffitto-a-5-pale-apbg5s\/","og_site_name":"Secure Air","article_modified_time":"2026-04-28T22:00:04+00:00","twitter_card":"summary_large_image","schema":{"@context":"https:\/\/schema.org","@graph":[{"@type":"WebPage","@id":"https:\/\/www.secureair.it\/prodotto\/ventilatore-industriale-hvls-a-soffitto-a-5-pale-apbg5s\/","url":"https:\/\/www.secureair.it\/prodotto\/ventilatore-industriale-hvls-a-soffitto-a-5-pale-apbg5s\/","name":"Ventilateur de plafond industriel HVLS \u00e0 5 pales APBG5S - Secure Air","isPartOf":{"@id":"https:\/\/www.secureair.it\/#website"},"primaryImageOfPage":{"@id":"https:\/\/www.secureair.it\/prodotto\/ventilatore-industriale-hvls-a-soffitto-a-5-pale-apbg5s\/#primaryimage"},"image":{"@id":"https:\/\/www.secureair.it\/prodotto\/ventilatore-industriale-hvls-a-soffitto-a-5-pale-apbg5s\/#primaryimage"},"thumbnailUrl":"https:\/\/www.secureair.it\/wp-content\/uploads\/onpage\/op_image_4d87de8bd1ddc806074fa1624f3a548745aca456.1980x.webp","datePublished":"2023-07-06T10:35:06+00:00","dateModified":"2026-04-28T22:00:04+00:00","description":"Cerchi un Ventilateur de plafond industriel HVLS \u00e0 5 pales APBG5S? Compralo ora su Secure Air","breadcrumb":{"@id":"https:\/\/www.secureair.it\/prodotto\/ventilatore-industriale-hvls-a-soffitto-a-5-pale-apbg5s\/#breadcrumb"},"inLanguage":"fr-FR","potentialAction":[{"@type":"ReadAction","target":["https:\/\/www.secureair.it\/prodotto\/ventilatore-industriale-hvls-a-soffitto-a-5-pale-apbg5s\/"]}]},{"@type":"ImageObject","inLanguage":"fr-FR","@id":"https:\/\/www.secureair.it\/prodotto\/ventilatore-industriale-hvls-a-soffitto-a-5-pale-apbg5s\/#primaryimage","url":"https:\/\/www.secureair.it\/wp-content\/uploads\/onpage\/op_image_4d87de8bd1ddc806074fa1624f3a548745aca456.1980x.webp","contentUrl":"https:\/\/www.secureair.it\/wp-content\/uploads\/onpage\/op_image_4d87de8bd1ddc806074fa1624f3a548745aca456.1980x.webp","width":1980,"height":828},{"@type":"BreadcrumbList","@id":"https:\/\/www.secureair.it\/prodotto\/ventilatore-industriale-hvls-a-soffitto-a-5-pale-apbg5s\/#breadcrumb","itemListElement":[{"@type":"ListItem","position":1,"name":"Home","item":"https:\/\/www.secureair.it\/fr\/"},{"@type":"ListItem","position":2,"name":"Produits","item":"https:\/\/www.secureair.it\/fr\/produits\/"},{"@type":"ListItem","position":3,"name":"unnamed"}]},{"@type":"WebSite","@id":"https:\/\/www.secureair.it\/#website","url":"https:\/\/www.secureair.it\/","name":"Secure Air","description":"Sistemi di aspirazione professionali","potentialAction":[{"@type":"SearchAction","target":{"@type":"EntryPoint","urlTemplate":"https:\/\/www.secureair.it\/?s={search_term_string}"},"query-input":{"@type":"PropertyValueSpecification","valueRequired":true,"valueName":"search_term_string"}}],"inLanguage":"fr-FR"}]}},"_links":{"self":[{"href":"https:\/\/www.secureair.it\/fr\/wp-json\/wp\/v2\/product\/27771","targetHints":{"allow":["GET"]}}],"collection":[{"href":"https:\/\/www.secureair.it\/fr\/wp-json\/wp\/v2\/product"}],"about":[{"href":"https:\/\/www.secureair.it\/fr\/wp-json\/wp\/v2\/types\/product"}],"replies":[{"embeddable":true,"href":"https:\/\/www.secureair.it\/fr\/wp-json\/wp\/v2\/comments?post=27771"}],"wp:featuredmedia":[{"embeddable":true,"href":"https:\/\/www.secureair.it\/fr\/wp-json\/wp\/v2\/media\/33058"}],"wp:attachment":[{"href":"https:\/\/www.secureair.it\/fr\/wp-json\/wp\/v2\/media?parent=27771"}],"wp:term":[{"taxonomy":"product_brand","embeddable":true,"href":"https:\/\/www.secureair.it\/fr\/wp-json\/wp\/v2\/product_brand?post=27771"},{"taxonomy":"product_cat","embeddable":true,"href":"https:\/\/www.secureair.it\/fr\/wp-json\/wp\/v2\/product_cat?post=27771"},{"taxonomy":"product_tag","embeddable":true,"href":"https:\/\/www.secureair.it\/fr\/wp-json\/wp\/v2\/product_tag?post=27771"}],"curies":[{"name":"wp","href":"https:\/\/api.w.org\/{rel}","templated":true}]}}