{"id":27772,"date":"2023-07-06T10:35:06","date_gmt":"2023-07-06T10:35:06","guid":{"rendered":""},"modified":"2026-05-15T10:00:05","modified_gmt":"2026-05-15T10:00:05","slug":"ventilateur-de-plafond-industriel-a-3-pales-hvls3","status":"publish","type":"product","link":"https:\/\/www.secureair.it\/fr\/prodotto\/ventilateur-de-plafond-industriel-a-3-pales-hvls3\/","title":{"rendered":"Ventilateur de plafond industriel \u00e0 3 pales HVLS3"},"content":{"rendered":"<p>Ventilateurs de plafond industriels HVLS \u00e0 3 pales.<\/p>\n<ul>\n<li>3 pales extrud\u00e9es en aluminium anodis\u00e9 r\u00e9sistant \u00e0 la corrosion<\/li>\n<li>Moteur EC triphas\u00e9 sans balais pr\u00e9c\u00e2bl\u00e9 avec syst\u00e8me \u00e9lectronique int\u00e9gr\u00e9 et filtres EMC3<\/li>\n<li>Dimensions avec diam\u00e8tres 2,4m \/ 3m \/ 3,6m<\/li>\n<li>D\u00e9bit d&rsquo;air jusqu&rsquo;\u00e0 134 271 m3\/h (AMCA230-99)200<\/li>\n<li>Vitesse de rotation max<\/li>\n<li>Pot. Max Abs. 0,7 kW<\/li>\n<li>Convient pour le service continu S1.<\/li>\n<\/ul>\n","protected":false},"excerpt":{"rendered":"<p>Ventilateurs de plafond industriels HVLS \u00e0 3 pales. 3 pales extrud\u00e9es en aluminium anodis\u00e9 r\u00e9sistant \u00e0 la corrosion Moteur EC triphas\u00e9 sans balais pr\u00e9c\u00e2bl\u00e9 avec syst\u00e8me \u00e9lectronique int\u00e9gr\u00e9 et filtres EMC3 Dimensions avec diam\u00e8tres 2,4m \/ 3m \/ 3,6m D\u00e9bit d&rsquo;air jusqu&rsquo;\u00e0 134 271 m3\/h (AMCA230-99)200 Vitesse de rotation max Pot. Max Abs. 0,7 kW [&hellip;]<\/p>\n","protected":false},"featured_media":33061,"comment_status":"closed","ping_status":"closed","template":"","meta":{"_acf_changed":false},"product_brand":[],"product_cat":[],"product_tag":[],"class_list":{"0":"post-27772","1":"product","2":"type-product","3":"status-publish","4":"has-post-thumbnail","7":"first","8":"instock","9":"taxable","10":"shipping-taxable","11":"product-type-simple"},"acf":[],"yoast_head":"<!-- This site is optimized with the Yoast SEO plugin v27.6 - https:\/\/yoast.com\/product\/yoast-seo-wordpress\/ -->\n<title>Ventilateur de plafond industriel \u00e0 3 pales HVLS3 - Secure Air<\/title>\n<meta name=\"description\" content=\"Cerchi un Ventilateur de plafond industriel \u00e0 3 pales HVLS3? Compralo ora su Secure Air\" \/>\n<meta name=\"robots\" content=\"index, follow, max-snippet:-1, max-image-preview:large, max-video-preview:-1\" \/>\n<link rel=\"canonical\" href=\"https:\/\/www.secureair.it\/prodotto\/ventilatore-industriale-a-soffitto-a-3-pale-hvls3\/\" \/>\n<meta property=\"og:locale\" content=\"fr_FR\" \/>\n<meta property=\"og:type\" content=\"article\" \/>\n<meta property=\"og:title\" content=\"Ventilateur de plafond industriel \u00e0 3 pales HVLS3 - Secure Air\" \/>\n<meta property=\"og:description\" content=\"Cerchi un Ventilateur de plafond industriel \u00e0 3 pales HVLS3? Compralo ora su Secure Air\" \/>\n<meta property=\"og:url\" content=\"https:\/\/www.secureair.it\/prodotto\/ventilatore-industriale-a-soffitto-a-3-pale-hvls3\/\" \/>\n<meta property=\"og:site_name\" content=\"Secure Air\" \/>\n<meta property=\"article:modified_time\" content=\"2026-05-15T10:00:05+00:00\" \/>\n<meta name=\"twitter:card\" content=\"summary_large_image\" \/>\n<script type=\"application\/ld+json\" class=\"yoast-schema-graph\">{\"@context\":\"https:\\\/\\\/schema.org\",\"@graph\":[{\"@type\":\"WebPage\",\"@id\":\"https:\\\/\\\/www.secureair.it\\\/prodotto\\\/ventilatore-industriale-a-soffitto-a-3-pale-hvls3\\\/\",\"url\":\"https:\\\/\\\/www.secureair.it\\\/prodotto\\\/ventilatore-industriale-a-soffitto-a-3-pale-hvls3\\\/\",\"name\":\"Ventilateur de plafond industriel \u00e0 3 pales HVLS3 - Secure Air\",\"isPartOf\":{\"@id\":\"https:\\\/\\\/www.secureair.it\\\/#website\"},\"primaryImageOfPage\":{\"@id\":\"https:\\\/\\\/www.secureair.it\\\/prodotto\\\/ventilatore-industriale-a-soffitto-a-3-pale-hvls3\\\/#primaryimage\"},\"image\":{\"@id\":\"https:\\\/\\\/www.secureair.it\\\/prodotto\\\/ventilatore-industriale-a-soffitto-a-3-pale-hvls3\\\/#primaryimage\"},\"thumbnailUrl\":\"https:\\\/\\\/www.secureair.it\\\/wp-content\\\/uploads\\\/onpage\\\/op_image_5a8b713ff61a518d5f15ab4cb44a23f8a8c27546.1980x.webp\",\"datePublished\":\"2023-07-06T10:35:06+00:00\",\"dateModified\":\"2026-05-15T10:00:05+00:00\",\"description\":\"Cerchi un Ventilateur de plafond industriel \u00e0 3 pales HVLS3? Compralo ora su Secure Air\",\"breadcrumb\":{\"@id\":\"https:\\\/\\\/www.secureair.it\\\/prodotto\\\/ventilatore-industriale-a-soffitto-a-3-pale-hvls3\\\/#breadcrumb\"},\"inLanguage\":\"fr-FR\",\"potentialAction\":[{\"@type\":\"ReadAction\",\"target\":[\"https:\\\/\\\/www.secureair.it\\\/prodotto\\\/ventilatore-industriale-a-soffitto-a-3-pale-hvls3\\\/\"]}]},{\"@type\":\"ImageObject\",\"inLanguage\":\"fr-FR\",\"@id\":\"https:\\\/\\\/www.secureair.it\\\/prodotto\\\/ventilatore-industriale-a-soffitto-a-3-pale-hvls3\\\/#primaryimage\",\"url\":\"https:\\\/\\\/www.secureair.it\\\/wp-content\\\/uploads\\\/onpage\\\/op_image_5a8b713ff61a518d5f15ab4cb44a23f8a8c27546.1980x.webp\",\"contentUrl\":\"https:\\\/\\\/www.secureair.it\\\/wp-content\\\/uploads\\\/onpage\\\/op_image_5a8b713ff61a518d5f15ab4cb44a23f8a8c27546.1980x.webp\",\"width\":1980,\"height\":1302},{\"@type\":\"BreadcrumbList\",\"@id\":\"https:\\\/\\\/www.secureair.it\\\/prodotto\\\/ventilatore-industriale-a-soffitto-a-3-pale-hvls3\\\/#breadcrumb\",\"itemListElement\":[{\"@type\":\"ListItem\",\"position\":1,\"name\":\"Home\",\"item\":\"https:\\\/\\\/www.secureair.it\\\/fr\\\/\"},{\"@type\":\"ListItem\",\"position\":2,\"name\":\"Produits\",\"item\":\"https:\\\/\\\/www.secureair.it\\\/fr\\\/produits\\\/\"},{\"@type\":\"ListItem\",\"position\":3,\"name\":\"unnamed\"}]},{\"@type\":\"WebSite\",\"@id\":\"https:\\\/\\\/www.secureair.it\\\/#website\",\"url\":\"https:\\\/\\\/www.secureair.it\\\/\",\"name\":\"Secure Air\",\"description\":\"Sistemi di aspirazione professionali\",\"potentialAction\":[{\"@type\":\"SearchAction\",\"target\":{\"@type\":\"EntryPoint\",\"urlTemplate\":\"https:\\\/\\\/www.secureair.it\\\/?s={search_term_string}\"},\"query-input\":{\"@type\":\"PropertyValueSpecification\",\"valueRequired\":true,\"valueName\":\"search_term_string\"}}],\"inLanguage\":\"fr-FR\"}]}<\/script>\n<!-- \/ Yoast SEO plugin. -->","yoast_head_json":{"title":"Ventilateur de plafond industriel \u00e0 3 pales HVLS3 - Secure Air","description":"Cerchi un Ventilateur de plafond industriel \u00e0 3 pales HVLS3? Compralo ora su Secure Air","robots":{"index":"index","follow":"follow","max-snippet":"max-snippet:-1","max-image-preview":"max-image-preview:large","max-video-preview":"max-video-preview:-1"},"canonical":"https:\/\/www.secureair.it\/prodotto\/ventilatore-industriale-a-soffitto-a-3-pale-hvls3\/","og_locale":"fr_FR","og_type":"article","og_title":"Ventilateur de plafond industriel \u00e0 3 pales HVLS3 - Secure Air","og_description":"Cerchi un Ventilateur de plafond industriel \u00e0 3 pales HVLS3? Compralo ora su Secure Air","og_url":"https:\/\/www.secureair.it\/prodotto\/ventilatore-industriale-a-soffitto-a-3-pale-hvls3\/","og_site_name":"Secure Air","article_modified_time":"2026-05-15T10:00:05+00:00","twitter_card":"summary_large_image","schema":{"@context":"https:\/\/schema.org","@graph":[{"@type":"WebPage","@id":"https:\/\/www.secureair.it\/prodotto\/ventilatore-industriale-a-soffitto-a-3-pale-hvls3\/","url":"https:\/\/www.secureair.it\/prodotto\/ventilatore-industriale-a-soffitto-a-3-pale-hvls3\/","name":"Ventilateur de plafond industriel \u00e0 3 pales HVLS3 - Secure Air","isPartOf":{"@id":"https:\/\/www.secureair.it\/#website"},"primaryImageOfPage":{"@id":"https:\/\/www.secureair.it\/prodotto\/ventilatore-industriale-a-soffitto-a-3-pale-hvls3\/#primaryimage"},"image":{"@id":"https:\/\/www.secureair.it\/prodotto\/ventilatore-industriale-a-soffitto-a-3-pale-hvls3\/#primaryimage"},"thumbnailUrl":"https:\/\/www.secureair.it\/wp-content\/uploads\/onpage\/op_image_5a8b713ff61a518d5f15ab4cb44a23f8a8c27546.1980x.webp","datePublished":"2023-07-06T10:35:06+00:00","dateModified":"2026-05-15T10:00:05+00:00","description":"Cerchi un Ventilateur de plafond industriel \u00e0 3 pales HVLS3? Compralo ora su Secure Air","breadcrumb":{"@id":"https:\/\/www.secureair.it\/prodotto\/ventilatore-industriale-a-soffitto-a-3-pale-hvls3\/#breadcrumb"},"inLanguage":"fr-FR","potentialAction":[{"@type":"ReadAction","target":["https:\/\/www.secureair.it\/prodotto\/ventilatore-industriale-a-soffitto-a-3-pale-hvls3\/"]}]},{"@type":"ImageObject","inLanguage":"fr-FR","@id":"https:\/\/www.secureair.it\/prodotto\/ventilatore-industriale-a-soffitto-a-3-pale-hvls3\/#primaryimage","url":"https:\/\/www.secureair.it\/wp-content\/uploads\/onpage\/op_image_5a8b713ff61a518d5f15ab4cb44a23f8a8c27546.1980x.webp","contentUrl":"https:\/\/www.secureair.it\/wp-content\/uploads\/onpage\/op_image_5a8b713ff61a518d5f15ab4cb44a23f8a8c27546.1980x.webp","width":1980,"height":1302},{"@type":"BreadcrumbList","@id":"https:\/\/www.secureair.it\/prodotto\/ventilatore-industriale-a-soffitto-a-3-pale-hvls3\/#breadcrumb","itemListElement":[{"@type":"ListItem","position":1,"name":"Home","item":"https:\/\/www.secureair.it\/fr\/"},{"@type":"ListItem","position":2,"name":"Produits","item":"https:\/\/www.secureair.it\/fr\/produits\/"},{"@type":"ListItem","position":3,"name":"unnamed"}]},{"@type":"WebSite","@id":"https:\/\/www.secureair.it\/#website","url":"https:\/\/www.secureair.it\/","name":"Secure Air","description":"Sistemi di aspirazione professionali","potentialAction":[{"@type":"SearchAction","target":{"@type":"EntryPoint","urlTemplate":"https:\/\/www.secureair.it\/?s={search_term_string}"},"query-input":{"@type":"PropertyValueSpecification","valueRequired":true,"valueName":"search_term_string"}}],"inLanguage":"fr-FR"}]}},"_links":{"self":[{"href":"https:\/\/www.secureair.it\/fr\/wp-json\/wp\/v2\/product\/27772","targetHints":{"allow":["GET"]}}],"collection":[{"href":"https:\/\/www.secureair.it\/fr\/wp-json\/wp\/v2\/product"}],"about":[{"href":"https:\/\/www.secureair.it\/fr\/wp-json\/wp\/v2\/types\/product"}],"replies":[{"embeddable":true,"href":"https:\/\/www.secureair.it\/fr\/wp-json\/wp\/v2\/comments?post=27772"}],"wp:featuredmedia":[{"embeddable":true,"href":"https:\/\/www.secureair.it\/fr\/wp-json\/wp\/v2\/media\/33061"}],"wp:attachment":[{"href":"https:\/\/www.secureair.it\/fr\/wp-json\/wp\/v2\/media?parent=27772"}],"wp:term":[{"taxonomy":"product_brand","embeddable":true,"href":"https:\/\/www.secureair.it\/fr\/wp-json\/wp\/v2\/product_brand?post=27772"},{"taxonomy":"product_cat","embeddable":true,"href":"https:\/\/www.secureair.it\/fr\/wp-json\/wp\/v2\/product_cat?post=27772"},{"taxonomy":"product_tag","embeddable":true,"href":"https:\/\/www.secureair.it\/fr\/wp-json\/wp\/v2\/product_tag?post=27772"}],"curies":[{"name":"wp","href":"https:\/\/api.w.org\/{rel}","templated":true}]}}