{"id":27773,"date":"2023-07-06T10:35:06","date_gmt":"2023-07-06T10:35:06","guid":{"rendered":""},"modified":"2026-04-28T22:00:04","modified_gmt":"2026-04-28T22:00:04","slug":"aspirateur-de-toit-torrino-centrifuge-compact-stcq","status":"publish","type":"product","link":"https:\/\/www.secureair.it\/fr\/prodotto\/aspirateur-de-toit-torrino-centrifuge-compact-stcq\/","title":{"rendered":"Aspirateur de toit centrifuge compact STCQ"},"content":{"rendered":"<p>Les<strong>ventilateurs centrifuges compacts STCQ pour installation en tourelle sur le toit<\/strong> sont \u00e0 d\u00e9charge horizontale ou verticale (avec l&rsquo;accessoire appropri\u00e9) et conviennent \u00e0 l&rsquo;extraction d&rsquo;air directement ou par l&rsquo;interm\u00e9diaire de conduits dans des environnements o\u00f9 une hauteur de refoulement \u00e9lev\u00e9e est n\u00e9cessaire pour des applications commerciales et industrielles telles que les usines, les gymnases, les installations industrielles, les entrep\u00f4ts, les cuisines, etc.<\/p>\n","protected":false},"excerpt":{"rendered":"<p>Lesventilateurs centrifuges compacts STCQ pour installation en tourelle sur le toit sont \u00e0 d\u00e9charge horizontale ou verticale (avec l&rsquo;accessoire appropri\u00e9) et conviennent \u00e0 l&rsquo;extraction d&rsquo;air directement ou par l&rsquo;interm\u00e9diaire de conduits dans des environnements o\u00f9 une hauteur de refoulement \u00e9lev\u00e9e est n\u00e9cessaire pour des applications commerciales et industrielles telles que les usines, les gymnases, les [&hellip;]<\/p>\n","protected":false},"featured_media":33064,"comment_status":"closed","ping_status":"closed","template":"","meta":{"_acf_changed":false},"product_brand":[],"product_cat":[],"product_tag":[],"class_list":{"0":"post-27773","1":"product","2":"type-product","3":"status-publish","4":"has-post-thumbnail","7":"first","8":"instock","9":"taxable","10":"shipping-taxable","11":"product-type-simple"},"acf":[],"yoast_head":"<!-- This site is optimized with the Yoast SEO plugin v27.4 - https:\/\/yoast.com\/product\/yoast-seo-wordpress\/ -->\n<title>Aspirateur de toit centrifuge compact STCQ - Secure Air<\/title>\n<meta name=\"description\" content=\"Cerchi un Aspirateur de toit centrifuge compact STCQ? Compralo ora su Secure Air\" \/>\n<meta name=\"robots\" content=\"index, follow, max-snippet:-1, max-image-preview:large, max-video-preview:-1\" \/>\n<link rel=\"canonical\" href=\"https:\/\/www.secureair.it\/prodotto\/aspiratore-da-tetto-a-torrino-centrifugo-compatto-stcq\/\" \/>\n<meta property=\"og:locale\" content=\"fr_FR\" \/>\n<meta property=\"og:type\" content=\"article\" \/>\n<meta property=\"og:title\" content=\"Aspirateur de toit centrifuge compact STCQ - Secure Air\" \/>\n<meta property=\"og:description\" content=\"Cerchi un Aspirateur de toit centrifuge compact STCQ? Compralo ora su Secure Air\" \/>\n<meta property=\"og:url\" content=\"https:\/\/www.secureair.it\/prodotto\/aspiratore-da-tetto-a-torrino-centrifugo-compatto-stcq\/\" \/>\n<meta property=\"og:site_name\" content=\"Secure Air\" \/>\n<meta property=\"article:modified_time\" content=\"2026-04-28T22:00:04+00:00\" \/>\n<meta name=\"twitter:card\" content=\"summary_large_image\" \/>\n<script type=\"application\/ld+json\" class=\"yoast-schema-graph\">{\"@context\":\"https:\\\/\\\/schema.org\",\"@graph\":[{\"@type\":\"WebPage\",\"@id\":\"https:\\\/\\\/www.secureair.it\\\/prodotto\\\/aspiratore-da-tetto-a-torrino-centrifugo-compatto-stcq\\\/\",\"url\":\"https:\\\/\\\/www.secureair.it\\\/prodotto\\\/aspiratore-da-tetto-a-torrino-centrifugo-compatto-stcq\\\/\",\"name\":\"Aspirateur de toit centrifuge compact STCQ - Secure Air\",\"isPartOf\":{\"@id\":\"https:\\\/\\\/www.secureair.it\\\/#website\"},\"primaryImageOfPage\":{\"@id\":\"https:\\\/\\\/www.secureair.it\\\/prodotto\\\/aspiratore-da-tetto-a-torrino-centrifugo-compatto-stcq\\\/#primaryimage\"},\"image\":{\"@id\":\"https:\\\/\\\/www.secureair.it\\\/prodotto\\\/aspiratore-da-tetto-a-torrino-centrifugo-compatto-stcq\\\/#primaryimage\"},\"thumbnailUrl\":\"https:\\\/\\\/www.secureair.it\\\/wp-content\\\/uploads\\\/onpage\\\/op_image_e5f6eec790a66f0f10a9a9fc21b70c904d2f30ec.1980x.webp\",\"datePublished\":\"2023-07-06T10:35:06+00:00\",\"dateModified\":\"2026-04-28T22:00:04+00:00\",\"description\":\"Cerchi un Aspirateur de toit centrifuge compact STCQ? Compralo ora su Secure Air\",\"breadcrumb\":{\"@id\":\"https:\\\/\\\/www.secureair.it\\\/prodotto\\\/aspiratore-da-tetto-a-torrino-centrifugo-compatto-stcq\\\/#breadcrumb\"},\"inLanguage\":\"fr-FR\",\"potentialAction\":[{\"@type\":\"ReadAction\",\"target\":[\"https:\\\/\\\/www.secureair.it\\\/prodotto\\\/aspiratore-da-tetto-a-torrino-centrifugo-compatto-stcq\\\/\"]}]},{\"@type\":\"ImageObject\",\"inLanguage\":\"fr-FR\",\"@id\":\"https:\\\/\\\/www.secureair.it\\\/prodotto\\\/aspiratore-da-tetto-a-torrino-centrifugo-compatto-stcq\\\/#primaryimage\",\"url\":\"https:\\\/\\\/www.secureair.it\\\/wp-content\\\/uploads\\\/onpage\\\/op_image_e5f6eec790a66f0f10a9a9fc21b70c904d2f30ec.1980x.webp\",\"contentUrl\":\"https:\\\/\\\/www.secureair.it\\\/wp-content\\\/uploads\\\/onpage\\\/op_image_e5f6eec790a66f0f10a9a9fc21b70c904d2f30ec.1980x.webp\",\"width\":1980,\"height\":1311},{\"@type\":\"BreadcrumbList\",\"@id\":\"https:\\\/\\\/www.secureair.it\\\/prodotto\\\/aspiratore-da-tetto-a-torrino-centrifugo-compatto-stcq\\\/#breadcrumb\",\"itemListElement\":[{\"@type\":\"ListItem\",\"position\":1,\"name\":\"Home\",\"item\":\"https:\\\/\\\/www.secureair.it\\\/fr\\\/\"},{\"@type\":\"ListItem\",\"position\":2,\"name\":\"Produits\",\"item\":\"https:\\\/\\\/www.secureair.it\\\/fr\\\/produits\\\/\"},{\"@type\":\"ListItem\",\"position\":3,\"name\":\"unnamed\"}]},{\"@type\":\"WebSite\",\"@id\":\"https:\\\/\\\/www.secureair.it\\\/#website\",\"url\":\"https:\\\/\\\/www.secureair.it\\\/\",\"name\":\"Secure Air\",\"description\":\"Sistemi di aspirazione professionali\",\"potentialAction\":[{\"@type\":\"SearchAction\",\"target\":{\"@type\":\"EntryPoint\",\"urlTemplate\":\"https:\\\/\\\/www.secureair.it\\\/?s={search_term_string}\"},\"query-input\":{\"@type\":\"PropertyValueSpecification\",\"valueRequired\":true,\"valueName\":\"search_term_string\"}}],\"inLanguage\":\"fr-FR\"}]}<\/script>\n<!-- \/ Yoast SEO plugin. -->","yoast_head_json":{"title":"Aspirateur de toit centrifuge compact STCQ - Secure Air","description":"Cerchi un Aspirateur de toit centrifuge compact STCQ? Compralo ora su Secure Air","robots":{"index":"index","follow":"follow","max-snippet":"max-snippet:-1","max-image-preview":"max-image-preview:large","max-video-preview":"max-video-preview:-1"},"canonical":"https:\/\/www.secureair.it\/prodotto\/aspiratore-da-tetto-a-torrino-centrifugo-compatto-stcq\/","og_locale":"fr_FR","og_type":"article","og_title":"Aspirateur de toit centrifuge compact STCQ - Secure Air","og_description":"Cerchi un Aspirateur de toit centrifuge compact STCQ? Compralo ora su Secure Air","og_url":"https:\/\/www.secureair.it\/prodotto\/aspiratore-da-tetto-a-torrino-centrifugo-compatto-stcq\/","og_site_name":"Secure Air","article_modified_time":"2026-04-28T22:00:04+00:00","twitter_card":"summary_large_image","schema":{"@context":"https:\/\/schema.org","@graph":[{"@type":"WebPage","@id":"https:\/\/www.secureair.it\/prodotto\/aspiratore-da-tetto-a-torrino-centrifugo-compatto-stcq\/","url":"https:\/\/www.secureair.it\/prodotto\/aspiratore-da-tetto-a-torrino-centrifugo-compatto-stcq\/","name":"Aspirateur de toit centrifuge compact STCQ - Secure Air","isPartOf":{"@id":"https:\/\/www.secureair.it\/#website"},"primaryImageOfPage":{"@id":"https:\/\/www.secureair.it\/prodotto\/aspiratore-da-tetto-a-torrino-centrifugo-compatto-stcq\/#primaryimage"},"image":{"@id":"https:\/\/www.secureair.it\/prodotto\/aspiratore-da-tetto-a-torrino-centrifugo-compatto-stcq\/#primaryimage"},"thumbnailUrl":"https:\/\/www.secureair.it\/wp-content\/uploads\/onpage\/op_image_e5f6eec790a66f0f10a9a9fc21b70c904d2f30ec.1980x.webp","datePublished":"2023-07-06T10:35:06+00:00","dateModified":"2026-04-28T22:00:04+00:00","description":"Cerchi un Aspirateur de toit centrifuge compact STCQ? Compralo ora su Secure Air","breadcrumb":{"@id":"https:\/\/www.secureair.it\/prodotto\/aspiratore-da-tetto-a-torrino-centrifugo-compatto-stcq\/#breadcrumb"},"inLanguage":"fr-FR","potentialAction":[{"@type":"ReadAction","target":["https:\/\/www.secureair.it\/prodotto\/aspiratore-da-tetto-a-torrino-centrifugo-compatto-stcq\/"]}]},{"@type":"ImageObject","inLanguage":"fr-FR","@id":"https:\/\/www.secureair.it\/prodotto\/aspiratore-da-tetto-a-torrino-centrifugo-compatto-stcq\/#primaryimage","url":"https:\/\/www.secureair.it\/wp-content\/uploads\/onpage\/op_image_e5f6eec790a66f0f10a9a9fc21b70c904d2f30ec.1980x.webp","contentUrl":"https:\/\/www.secureair.it\/wp-content\/uploads\/onpage\/op_image_e5f6eec790a66f0f10a9a9fc21b70c904d2f30ec.1980x.webp","width":1980,"height":1311},{"@type":"BreadcrumbList","@id":"https:\/\/www.secureair.it\/prodotto\/aspiratore-da-tetto-a-torrino-centrifugo-compatto-stcq\/#breadcrumb","itemListElement":[{"@type":"ListItem","position":1,"name":"Home","item":"https:\/\/www.secureair.it\/fr\/"},{"@type":"ListItem","position":2,"name":"Produits","item":"https:\/\/www.secureair.it\/fr\/produits\/"},{"@type":"ListItem","position":3,"name":"unnamed"}]},{"@type":"WebSite","@id":"https:\/\/www.secureair.it\/#website","url":"https:\/\/www.secureair.it\/","name":"Secure Air","description":"Sistemi di aspirazione professionali","potentialAction":[{"@type":"SearchAction","target":{"@type":"EntryPoint","urlTemplate":"https:\/\/www.secureair.it\/?s={search_term_string}"},"query-input":{"@type":"PropertyValueSpecification","valueRequired":true,"valueName":"search_term_string"}}],"inLanguage":"fr-FR"}]}},"_links":{"self":[{"href":"https:\/\/www.secureair.it\/fr\/wp-json\/wp\/v2\/product\/27773","targetHints":{"allow":["GET"]}}],"collection":[{"href":"https:\/\/www.secureair.it\/fr\/wp-json\/wp\/v2\/product"}],"about":[{"href":"https:\/\/www.secureair.it\/fr\/wp-json\/wp\/v2\/types\/product"}],"replies":[{"embeddable":true,"href":"https:\/\/www.secureair.it\/fr\/wp-json\/wp\/v2\/comments?post=27773"}],"wp:featuredmedia":[{"embeddable":true,"href":"https:\/\/www.secureair.it\/fr\/wp-json\/wp\/v2\/media\/33064"}],"wp:attachment":[{"href":"https:\/\/www.secureair.it\/fr\/wp-json\/wp\/v2\/media?parent=27773"}],"wp:term":[{"taxonomy":"product_brand","embeddable":true,"href":"https:\/\/www.secureair.it\/fr\/wp-json\/wp\/v2\/product_brand?post=27773"},{"taxonomy":"product_cat","embeddable":true,"href":"https:\/\/www.secureair.it\/fr\/wp-json\/wp\/v2\/product_cat?post=27773"},{"taxonomy":"product_tag","embeddable":true,"href":"https:\/\/www.secureair.it\/fr\/wp-json\/wp\/v2\/product_tag?post=27773"}],"curies":[{"name":"wp","href":"https:\/\/api.w.org\/{rel}","templated":true}]}}