{"id":27785,"date":"2023-07-06T10:35:07","date_gmt":"2023-07-06T10:35:07","guid":{"rendered":""},"modified":"2026-04-14T10:00:14","modified_gmt":"2026-04-14T10:00:14","slug":"extensions-laterales-et-cabines-de-toit-galvanisees-wfd","status":"publish","type":"product","link":"https:\/\/www.secureair.it\/fr\/prodotto\/extensions-laterales-et-cabines-de-toit-galvanisees-wfd\/","title":{"rendered":"Extensions lat\u00e9rales et cabines de toit galvanis\u00e9es WFD"},"content":{"rendered":"<p>Paire de parois lat\u00e9rales et toit sup\u00e9rieur en t\u00f4le galvanis\u00e9e d&rsquo;une longueur standard de 900 mm (autres dimensions sur demande) pour cabines d&rsquo;aspiration de peinture et de poudre mod\u00e8le WFD. <\/p>\n","protected":false},"excerpt":{"rendered":"<p>Paire de parois lat\u00e9rales et toit sup\u00e9rieur en t\u00f4le galvanis\u00e9e d&rsquo;une longueur standard de 900 mm (autres dimensions sur demande) pour cabines d&rsquo;aspiration de peinture et de poudre mod\u00e8le WFD.<\/p>\n","protected":false},"featured_media":33100,"comment_status":"closed","ping_status":"closed","template":"","meta":{"_acf_changed":false},"product_brand":[],"product_cat":[],"product_tag":[],"class_list":{"0":"post-27785","1":"product","2":"type-product","3":"status-publish","4":"has-post-thumbnail","7":"first","8":"instock","9":"taxable","10":"shipping-taxable","11":"product-type-simple"},"acf":[],"yoast_head":"<!-- This site is optimized with the Yoast SEO plugin v27.4 - https:\/\/yoast.com\/product\/yoast-seo-wordpress\/ -->\n<title>Extensions lat\u00e9rales et cabines de toit galvanis\u00e9es WFD - Secure Air<\/title>\n<meta name=\"description\" content=\"Cerchi un Extensions lat\u00e9rales et cabines de toit galvanis\u00e9es WFD? Compralo ora su Secure Air\" \/>\n<meta name=\"robots\" content=\"index, follow, max-snippet:-1, max-image-preview:large, max-video-preview:-1\" \/>\n<link rel=\"canonical\" href=\"https:\/\/www.secureair.it\/prodotto\/prolunghe-laterali-zincate-e-tetto-cabine-wfd\/\" \/>\n<meta property=\"og:locale\" content=\"fr_FR\" \/>\n<meta property=\"og:type\" content=\"article\" \/>\n<meta property=\"og:title\" content=\"Extensions lat\u00e9rales et cabines de toit galvanis\u00e9es WFD - Secure Air\" \/>\n<meta property=\"og:description\" content=\"Cerchi un Extensions lat\u00e9rales et cabines de toit galvanis\u00e9es WFD? Compralo ora su Secure Air\" \/>\n<meta property=\"og:url\" content=\"https:\/\/www.secureair.it\/prodotto\/prolunghe-laterali-zincate-e-tetto-cabine-wfd\/\" \/>\n<meta property=\"og:site_name\" content=\"Secure Air\" \/>\n<meta property=\"article:modified_time\" content=\"2026-04-14T10:00:14+00:00\" \/>\n<meta name=\"twitter:card\" content=\"summary_large_image\" \/>\n<script type=\"application\/ld+json\" class=\"yoast-schema-graph\">{\"@context\":\"https:\\\/\\\/schema.org\",\"@graph\":[{\"@type\":\"WebPage\",\"@id\":\"https:\\\/\\\/www.secureair.it\\\/prodotto\\\/prolunghe-laterali-zincate-e-tetto-cabine-wfd\\\/\",\"url\":\"https:\\\/\\\/www.secureair.it\\\/prodotto\\\/prolunghe-laterali-zincate-e-tetto-cabine-wfd\\\/\",\"name\":\"Extensions lat\u00e9rales et cabines de toit galvanis\u00e9es WFD - Secure Air\",\"isPartOf\":{\"@id\":\"https:\\\/\\\/www.secureair.it\\\/#website\"},\"primaryImageOfPage\":{\"@id\":\"https:\\\/\\\/www.secureair.it\\\/prodotto\\\/prolunghe-laterali-zincate-e-tetto-cabine-wfd\\\/#primaryimage\"},\"image\":{\"@id\":\"https:\\\/\\\/www.secureair.it\\\/prodotto\\\/prolunghe-laterali-zincate-e-tetto-cabine-wfd\\\/#primaryimage\"},\"thumbnailUrl\":\"https:\\\/\\\/www.secureair.it\\\/wp-content\\\/uploads\\\/onpage\\\/op_image_f41088b5520ef0ec232bf582eadb8039fc740914.1980x.webp\",\"datePublished\":\"2023-07-06T10:35:07+00:00\",\"dateModified\":\"2026-04-14T10:00:14+00:00\",\"description\":\"Cerchi un Extensions lat\u00e9rales et cabines de toit galvanis\u00e9es WFD? Compralo ora su Secure Air\",\"breadcrumb\":{\"@id\":\"https:\\\/\\\/www.secureair.it\\\/prodotto\\\/prolunghe-laterali-zincate-e-tetto-cabine-wfd\\\/#breadcrumb\"},\"inLanguage\":\"fr-FR\",\"potentialAction\":[{\"@type\":\"ReadAction\",\"target\":[\"https:\\\/\\\/www.secureair.it\\\/prodotto\\\/prolunghe-laterali-zincate-e-tetto-cabine-wfd\\\/\"]}]},{\"@type\":\"ImageObject\",\"inLanguage\":\"fr-FR\",\"@id\":\"https:\\\/\\\/www.secureair.it\\\/prodotto\\\/prolunghe-laterali-zincate-e-tetto-cabine-wfd\\\/#primaryimage\",\"url\":\"https:\\\/\\\/www.secureair.it\\\/wp-content\\\/uploads\\\/onpage\\\/op_image_f41088b5520ef0ec232bf582eadb8039fc740914.1980x.webp\",\"contentUrl\":\"https:\\\/\\\/www.secureair.it\\\/wp-content\\\/uploads\\\/onpage\\\/op_image_f41088b5520ef0ec232bf582eadb8039fc740914.1980x.webp\",\"width\":1980,\"height\":2175},{\"@type\":\"BreadcrumbList\",\"@id\":\"https:\\\/\\\/www.secureair.it\\\/prodotto\\\/prolunghe-laterali-zincate-e-tetto-cabine-wfd\\\/#breadcrumb\",\"itemListElement\":[{\"@type\":\"ListItem\",\"position\":1,\"name\":\"Home\",\"item\":\"https:\\\/\\\/www.secureair.it\\\/fr\\\/\"},{\"@type\":\"ListItem\",\"position\":2,\"name\":\"Produits\",\"item\":\"https:\\\/\\\/www.secureair.it\\\/fr\\\/produits\\\/\"},{\"@type\":\"ListItem\",\"position\":3,\"name\":\"unnamed\"}]},{\"@type\":\"WebSite\",\"@id\":\"https:\\\/\\\/www.secureair.it\\\/#website\",\"url\":\"https:\\\/\\\/www.secureair.it\\\/\",\"name\":\"Secure Air\",\"description\":\"Sistemi di aspirazione professionali\",\"potentialAction\":[{\"@type\":\"SearchAction\",\"target\":{\"@type\":\"EntryPoint\",\"urlTemplate\":\"https:\\\/\\\/www.secureair.it\\\/?s={search_term_string}\"},\"query-input\":{\"@type\":\"PropertyValueSpecification\",\"valueRequired\":true,\"valueName\":\"search_term_string\"}}],\"inLanguage\":\"fr-FR\"}]}<\/script>\n<!-- \/ Yoast SEO plugin. -->","yoast_head_json":{"title":"Extensions lat\u00e9rales et cabines de toit galvanis\u00e9es WFD - Secure Air","description":"Cerchi un Extensions lat\u00e9rales et cabines de toit galvanis\u00e9es WFD? Compralo ora su Secure Air","robots":{"index":"index","follow":"follow","max-snippet":"max-snippet:-1","max-image-preview":"max-image-preview:large","max-video-preview":"max-video-preview:-1"},"canonical":"https:\/\/www.secureair.it\/prodotto\/prolunghe-laterali-zincate-e-tetto-cabine-wfd\/","og_locale":"fr_FR","og_type":"article","og_title":"Extensions lat\u00e9rales et cabines de toit galvanis\u00e9es WFD - Secure Air","og_description":"Cerchi un Extensions lat\u00e9rales et cabines de toit galvanis\u00e9es WFD? Compralo ora su Secure Air","og_url":"https:\/\/www.secureair.it\/prodotto\/prolunghe-laterali-zincate-e-tetto-cabine-wfd\/","og_site_name":"Secure Air","article_modified_time":"2026-04-14T10:00:14+00:00","twitter_card":"summary_large_image","schema":{"@context":"https:\/\/schema.org","@graph":[{"@type":"WebPage","@id":"https:\/\/www.secureair.it\/prodotto\/prolunghe-laterali-zincate-e-tetto-cabine-wfd\/","url":"https:\/\/www.secureair.it\/prodotto\/prolunghe-laterali-zincate-e-tetto-cabine-wfd\/","name":"Extensions lat\u00e9rales et cabines de toit galvanis\u00e9es WFD - Secure Air","isPartOf":{"@id":"https:\/\/www.secureair.it\/#website"},"primaryImageOfPage":{"@id":"https:\/\/www.secureair.it\/prodotto\/prolunghe-laterali-zincate-e-tetto-cabine-wfd\/#primaryimage"},"image":{"@id":"https:\/\/www.secureair.it\/prodotto\/prolunghe-laterali-zincate-e-tetto-cabine-wfd\/#primaryimage"},"thumbnailUrl":"https:\/\/www.secureair.it\/wp-content\/uploads\/onpage\/op_image_f41088b5520ef0ec232bf582eadb8039fc740914.1980x.webp","datePublished":"2023-07-06T10:35:07+00:00","dateModified":"2026-04-14T10:00:14+00:00","description":"Cerchi un Extensions lat\u00e9rales et cabines de toit galvanis\u00e9es WFD? Compralo ora su Secure Air","breadcrumb":{"@id":"https:\/\/www.secureair.it\/prodotto\/prolunghe-laterali-zincate-e-tetto-cabine-wfd\/#breadcrumb"},"inLanguage":"fr-FR","potentialAction":[{"@type":"ReadAction","target":["https:\/\/www.secureair.it\/prodotto\/prolunghe-laterali-zincate-e-tetto-cabine-wfd\/"]}]},{"@type":"ImageObject","inLanguage":"fr-FR","@id":"https:\/\/www.secureair.it\/prodotto\/prolunghe-laterali-zincate-e-tetto-cabine-wfd\/#primaryimage","url":"https:\/\/www.secureair.it\/wp-content\/uploads\/onpage\/op_image_f41088b5520ef0ec232bf582eadb8039fc740914.1980x.webp","contentUrl":"https:\/\/www.secureair.it\/wp-content\/uploads\/onpage\/op_image_f41088b5520ef0ec232bf582eadb8039fc740914.1980x.webp","width":1980,"height":2175},{"@type":"BreadcrumbList","@id":"https:\/\/www.secureair.it\/prodotto\/prolunghe-laterali-zincate-e-tetto-cabine-wfd\/#breadcrumb","itemListElement":[{"@type":"ListItem","position":1,"name":"Home","item":"https:\/\/www.secureair.it\/fr\/"},{"@type":"ListItem","position":2,"name":"Produits","item":"https:\/\/www.secureair.it\/fr\/produits\/"},{"@type":"ListItem","position":3,"name":"unnamed"}]},{"@type":"WebSite","@id":"https:\/\/www.secureair.it\/#website","url":"https:\/\/www.secureair.it\/","name":"Secure Air","description":"Sistemi di aspirazione professionali","potentialAction":[{"@type":"SearchAction","target":{"@type":"EntryPoint","urlTemplate":"https:\/\/www.secureair.it\/?s={search_term_string}"},"query-input":{"@type":"PropertyValueSpecification","valueRequired":true,"valueName":"search_term_string"}}],"inLanguage":"fr-FR"}]}},"_links":{"self":[{"href":"https:\/\/www.secureair.it\/fr\/wp-json\/wp\/v2\/product\/27785","targetHints":{"allow":["GET"]}}],"collection":[{"href":"https:\/\/www.secureair.it\/fr\/wp-json\/wp\/v2\/product"}],"about":[{"href":"https:\/\/www.secureair.it\/fr\/wp-json\/wp\/v2\/types\/product"}],"replies":[{"embeddable":true,"href":"https:\/\/www.secureair.it\/fr\/wp-json\/wp\/v2\/comments?post=27785"}],"wp:featuredmedia":[{"embeddable":true,"href":"https:\/\/www.secureair.it\/fr\/wp-json\/wp\/v2\/media\/33100"}],"wp:attachment":[{"href":"https:\/\/www.secureair.it\/fr\/wp-json\/wp\/v2\/media?parent=27785"}],"wp:term":[{"taxonomy":"product_brand","embeddable":true,"href":"https:\/\/www.secureair.it\/fr\/wp-json\/wp\/v2\/product_brand?post=27785"},{"taxonomy":"product_cat","embeddable":true,"href":"https:\/\/www.secureair.it\/fr\/wp-json\/wp\/v2\/product_cat?post=27785"},{"taxonomy":"product_tag","embeddable":true,"href":"https:\/\/www.secureair.it\/fr\/wp-json\/wp\/v2\/product_tag?post=27785"}],"curies":[{"name":"wp","href":"https:\/\/api.w.org\/{rel}","templated":true}]}}