{"id":27786,"date":"2023-07-06T10:35:07","date_gmt":"2023-07-06T10:35:07","guid":{"rendered":""},"modified":"2026-04-14T10:00:14","modified_gmt":"2026-04-14T10:00:14","slug":"bride-ronde-pour-ladaptation-de-levacuation-de-lair-sur-la-courbe-du-silencieux","status":"publish","type":"product","link":"https:\/\/www.secureair.it\/fr\/prodotto\/bride-ronde-pour-ladaptation-de-levacuation-de-lair-sur-la-courbe-du-silencieux\/","title":{"rendered":"Bride ronde d&rsquo;adaptation pour \u00e9vacuation d&rsquo;air sur coude silencieux pour bancs SBC\/SBV"},"content":{"rendered":"<p>Bride ronde en t\u00f4le galvanis\u00e9e de haute qualit\u00e9, \u00e0 fixer \u00e0 la sortie d&rsquo;air silencieuse verticale pour le raccordement aux conduits d&rsquo;\u00e9vacuation.<\/p>\n<p>Adapt\u00e9e aux tables aspirantes mod\u00e8les SBC et SBV.<\/p>\n","protected":false},"excerpt":{"rendered":"<p>Bride ronde en t\u00f4le galvanis\u00e9e de haute qualit\u00e9, \u00e0 fixer \u00e0 la sortie d&rsquo;air silencieuse verticale pour le raccordement aux conduits d&rsquo;\u00e9vacuation. Adapt\u00e9e aux tables aspirantes mod\u00e8les SBC et SBV.<\/p>\n","protected":false},"featured_media":33103,"comment_status":"closed","ping_status":"closed","template":"","meta":{"_acf_changed":false},"product_brand":[],"product_cat":[],"product_tag":[],"class_list":{"0":"post-27786","1":"product","2":"type-product","3":"status-publish","4":"has-post-thumbnail","7":"first","8":"instock","9":"taxable","10":"shipping-taxable","11":"product-type-simple"},"acf":[],"yoast_head":"<!-- This site is optimized with the Yoast SEO plugin v27.4 - https:\/\/yoast.com\/product\/yoast-seo-wordpress\/ -->\n<title>Bride ronde d&#039;adaptation pour \u00e9vacuation d&#039;air sur coude silencieux pour bancs SBC\/SBV - Secure Air<\/title>\n<meta name=\"description\" content=\"Cerchi un Bride ronde d&#039;adaptation pour \u00e9vacuation d&#039;air sur coude silencieux pour bancs SBC\/SBV? Compralo ora su Secure Air\" \/>\n<meta name=\"robots\" content=\"index, follow, max-snippet:-1, max-image-preview:large, max-video-preview:-1\" \/>\n<link rel=\"canonical\" href=\"https:\/\/www.secureair.it\/prodotto\/flangia-tonda-di-adattamento-scarico-aria-su-curva-silenziata\/\" \/>\n<meta property=\"og:locale\" content=\"fr_FR\" \/>\n<meta property=\"og:type\" content=\"article\" \/>\n<meta property=\"og:title\" content=\"Bride ronde d&#039;adaptation pour \u00e9vacuation d&#039;air sur coude silencieux pour bancs SBC\/SBV - Secure Air\" \/>\n<meta property=\"og:description\" content=\"Cerchi un Bride ronde d&#039;adaptation pour \u00e9vacuation d&#039;air sur coude silencieux pour bancs SBC\/SBV? Compralo ora su Secure Air\" \/>\n<meta property=\"og:url\" content=\"https:\/\/www.secureair.it\/prodotto\/flangia-tonda-di-adattamento-scarico-aria-su-curva-silenziata\/\" \/>\n<meta property=\"og:site_name\" content=\"Secure Air\" \/>\n<meta property=\"article:modified_time\" content=\"2026-04-14T10:00:14+00:00\" \/>\n<meta name=\"twitter:card\" content=\"summary_large_image\" \/>\n<script type=\"application\/ld+json\" class=\"yoast-schema-graph\">{\"@context\":\"https:\\\/\\\/schema.org\",\"@graph\":[{\"@type\":\"WebPage\",\"@id\":\"https:\\\/\\\/www.secureair.it\\\/prodotto\\\/flangia-tonda-di-adattamento-scarico-aria-su-curva-silenziata\\\/\",\"url\":\"https:\\\/\\\/www.secureair.it\\\/prodotto\\\/flangia-tonda-di-adattamento-scarico-aria-su-curva-silenziata\\\/\",\"name\":\"Bride ronde d'adaptation pour \u00e9vacuation d'air sur coude silencieux pour bancs SBC\\\/SBV - Secure Air\",\"isPartOf\":{\"@id\":\"https:\\\/\\\/www.secureair.it\\\/#website\"},\"primaryImageOfPage\":{\"@id\":\"https:\\\/\\\/www.secureair.it\\\/prodotto\\\/flangia-tonda-di-adattamento-scarico-aria-su-curva-silenziata\\\/#primaryimage\"},\"image\":{\"@id\":\"https:\\\/\\\/www.secureair.it\\\/prodotto\\\/flangia-tonda-di-adattamento-scarico-aria-su-curva-silenziata\\\/#primaryimage\"},\"thumbnailUrl\":\"https:\\\/\\\/www.secureair.it\\\/wp-content\\\/uploads\\\/onpage\\\/op_image_2c1670b2c1b3fe464197483a6b2931080ad46659.1980x.webp\",\"datePublished\":\"2023-07-06T10:35:07+00:00\",\"dateModified\":\"2026-04-14T10:00:14+00:00\",\"description\":\"Cerchi un Bride ronde d'adaptation pour \u00e9vacuation d'air sur coude silencieux pour bancs SBC\\\/SBV? Compralo ora su Secure Air\",\"breadcrumb\":{\"@id\":\"https:\\\/\\\/www.secureair.it\\\/prodotto\\\/flangia-tonda-di-adattamento-scarico-aria-su-curva-silenziata\\\/#breadcrumb\"},\"inLanguage\":\"fr-FR\",\"potentialAction\":[{\"@type\":\"ReadAction\",\"target\":[\"https:\\\/\\\/www.secureair.it\\\/prodotto\\\/flangia-tonda-di-adattamento-scarico-aria-su-curva-silenziata\\\/\"]}]},{\"@type\":\"ImageObject\",\"inLanguage\":\"fr-FR\",\"@id\":\"https:\\\/\\\/www.secureair.it\\\/prodotto\\\/flangia-tonda-di-adattamento-scarico-aria-su-curva-silenziata\\\/#primaryimage\",\"url\":\"https:\\\/\\\/www.secureair.it\\\/wp-content\\\/uploads\\\/onpage\\\/op_image_2c1670b2c1b3fe464197483a6b2931080ad46659.1980x.webp\",\"contentUrl\":\"https:\\\/\\\/www.secureair.it\\\/wp-content\\\/uploads\\\/onpage\\\/op_image_2c1670b2c1b3fe464197483a6b2931080ad46659.1980x.webp\",\"width\":1980,\"height\":1980},{\"@type\":\"BreadcrumbList\",\"@id\":\"https:\\\/\\\/www.secureair.it\\\/prodotto\\\/flangia-tonda-di-adattamento-scarico-aria-su-curva-silenziata\\\/#breadcrumb\",\"itemListElement\":[{\"@type\":\"ListItem\",\"position\":1,\"name\":\"Home\",\"item\":\"https:\\\/\\\/www.secureair.it\\\/fr\\\/\"},{\"@type\":\"ListItem\",\"position\":2,\"name\":\"Produits\",\"item\":\"https:\\\/\\\/www.secureair.it\\\/fr\\\/produits\\\/\"},{\"@type\":\"ListItem\",\"position\":3,\"name\":\"unnamed\"}]},{\"@type\":\"WebSite\",\"@id\":\"https:\\\/\\\/www.secureair.it\\\/#website\",\"url\":\"https:\\\/\\\/www.secureair.it\\\/\",\"name\":\"Secure Air\",\"description\":\"Sistemi di aspirazione professionali\",\"potentialAction\":[{\"@type\":\"SearchAction\",\"target\":{\"@type\":\"EntryPoint\",\"urlTemplate\":\"https:\\\/\\\/www.secureair.it\\\/?s={search_term_string}\"},\"query-input\":{\"@type\":\"PropertyValueSpecification\",\"valueRequired\":true,\"valueName\":\"search_term_string\"}}],\"inLanguage\":\"fr-FR\"}]}<\/script>\n<!-- \/ Yoast SEO plugin. -->","yoast_head_json":{"title":"Bride ronde d'adaptation pour \u00e9vacuation d'air sur coude silencieux pour bancs SBC\/SBV - Secure Air","description":"Cerchi un Bride ronde d'adaptation pour \u00e9vacuation d'air sur coude silencieux pour bancs SBC\/SBV? Compralo ora su Secure Air","robots":{"index":"index","follow":"follow","max-snippet":"max-snippet:-1","max-image-preview":"max-image-preview:large","max-video-preview":"max-video-preview:-1"},"canonical":"https:\/\/www.secureair.it\/prodotto\/flangia-tonda-di-adattamento-scarico-aria-su-curva-silenziata\/","og_locale":"fr_FR","og_type":"article","og_title":"Bride ronde d'adaptation pour \u00e9vacuation d'air sur coude silencieux pour bancs SBC\/SBV - Secure Air","og_description":"Cerchi un Bride ronde d'adaptation pour \u00e9vacuation d'air sur coude silencieux pour bancs SBC\/SBV? Compralo ora su Secure Air","og_url":"https:\/\/www.secureair.it\/prodotto\/flangia-tonda-di-adattamento-scarico-aria-su-curva-silenziata\/","og_site_name":"Secure Air","article_modified_time":"2026-04-14T10:00:14+00:00","twitter_card":"summary_large_image","schema":{"@context":"https:\/\/schema.org","@graph":[{"@type":"WebPage","@id":"https:\/\/www.secureair.it\/prodotto\/flangia-tonda-di-adattamento-scarico-aria-su-curva-silenziata\/","url":"https:\/\/www.secureair.it\/prodotto\/flangia-tonda-di-adattamento-scarico-aria-su-curva-silenziata\/","name":"Bride ronde d'adaptation pour \u00e9vacuation d'air sur coude silencieux pour bancs SBC\/SBV - Secure Air","isPartOf":{"@id":"https:\/\/www.secureair.it\/#website"},"primaryImageOfPage":{"@id":"https:\/\/www.secureair.it\/prodotto\/flangia-tonda-di-adattamento-scarico-aria-su-curva-silenziata\/#primaryimage"},"image":{"@id":"https:\/\/www.secureair.it\/prodotto\/flangia-tonda-di-adattamento-scarico-aria-su-curva-silenziata\/#primaryimage"},"thumbnailUrl":"https:\/\/www.secureair.it\/wp-content\/uploads\/onpage\/op_image_2c1670b2c1b3fe464197483a6b2931080ad46659.1980x.webp","datePublished":"2023-07-06T10:35:07+00:00","dateModified":"2026-04-14T10:00:14+00:00","description":"Cerchi un Bride ronde d'adaptation pour \u00e9vacuation d'air sur coude silencieux pour bancs SBC\/SBV? Compralo ora su Secure Air","breadcrumb":{"@id":"https:\/\/www.secureair.it\/prodotto\/flangia-tonda-di-adattamento-scarico-aria-su-curva-silenziata\/#breadcrumb"},"inLanguage":"fr-FR","potentialAction":[{"@type":"ReadAction","target":["https:\/\/www.secureair.it\/prodotto\/flangia-tonda-di-adattamento-scarico-aria-su-curva-silenziata\/"]}]},{"@type":"ImageObject","inLanguage":"fr-FR","@id":"https:\/\/www.secureair.it\/prodotto\/flangia-tonda-di-adattamento-scarico-aria-su-curva-silenziata\/#primaryimage","url":"https:\/\/www.secureair.it\/wp-content\/uploads\/onpage\/op_image_2c1670b2c1b3fe464197483a6b2931080ad46659.1980x.webp","contentUrl":"https:\/\/www.secureair.it\/wp-content\/uploads\/onpage\/op_image_2c1670b2c1b3fe464197483a6b2931080ad46659.1980x.webp","width":1980,"height":1980},{"@type":"BreadcrumbList","@id":"https:\/\/www.secureair.it\/prodotto\/flangia-tonda-di-adattamento-scarico-aria-su-curva-silenziata\/#breadcrumb","itemListElement":[{"@type":"ListItem","position":1,"name":"Home","item":"https:\/\/www.secureair.it\/fr\/"},{"@type":"ListItem","position":2,"name":"Produits","item":"https:\/\/www.secureair.it\/fr\/produits\/"},{"@type":"ListItem","position":3,"name":"unnamed"}]},{"@type":"WebSite","@id":"https:\/\/www.secureair.it\/#website","url":"https:\/\/www.secureair.it\/","name":"Secure Air","description":"Sistemi di aspirazione professionali","potentialAction":[{"@type":"SearchAction","target":{"@type":"EntryPoint","urlTemplate":"https:\/\/www.secureair.it\/?s={search_term_string}"},"query-input":{"@type":"PropertyValueSpecification","valueRequired":true,"valueName":"search_term_string"}}],"inLanguage":"fr-FR"}]}},"_links":{"self":[{"href":"https:\/\/www.secureair.it\/fr\/wp-json\/wp\/v2\/product\/27786","targetHints":{"allow":["GET"]}}],"collection":[{"href":"https:\/\/www.secureair.it\/fr\/wp-json\/wp\/v2\/product"}],"about":[{"href":"https:\/\/www.secureair.it\/fr\/wp-json\/wp\/v2\/types\/product"}],"replies":[{"embeddable":true,"href":"https:\/\/www.secureair.it\/fr\/wp-json\/wp\/v2\/comments?post=27786"}],"wp:featuredmedia":[{"embeddable":true,"href":"https:\/\/www.secureair.it\/fr\/wp-json\/wp\/v2\/media\/33103"}],"wp:attachment":[{"href":"https:\/\/www.secureair.it\/fr\/wp-json\/wp\/v2\/media?parent=27786"}],"wp:term":[{"taxonomy":"product_brand","embeddable":true,"href":"https:\/\/www.secureair.it\/fr\/wp-json\/wp\/v2\/product_brand?post=27786"},{"taxonomy":"product_cat","embeddable":true,"href":"https:\/\/www.secureair.it\/fr\/wp-json\/wp\/v2\/product_cat?post=27786"},{"taxonomy":"product_tag","embeddable":true,"href":"https:\/\/www.secureair.it\/fr\/wp-json\/wp\/v2\/product_tag?post=27786"}],"curies":[{"name":"wp","href":"https:\/\/api.w.org\/{rel}","templated":true}]}}