{"id":30374,"date":"2023-12-21T18:00:06","date_gmt":"2023-12-21T18:00:06","guid":{"rendered":""},"modified":"2026-04-28T22:00:04","modified_gmt":"2026-04-28T22:00:04","slug":"ventilateurs-axiaux-encastrables-afpx-atex","status":"publish","type":"product","link":"https:\/\/www.secureair.it\/fr\/prodotto\/ventilateurs-axiaux-encastrables-afpx-atex\/","title":{"rendered":"Ventilateurs axiaux encastrables AFPX ATEX"},"content":{"rendered":"<p>Les <strong>ventilateurs axiaux encastrables de la s\u00e9rie AFPX avec moteur triphas\u00e9 sont certifi\u00e9s Atex<\/strong> et sont disponibles dans une large gamme de mod\u00e8les d\u00e9velopp\u00e9s pour fournir une large gamme de performances et sont la solution id\u00e9ale pour la ventilation des locaux \u00e0 risque d&rsquo;explosion tels que les zones de chargement de batteries de chariots \u00e9l\u00e9vateurs, les zones de stockage de peinture ou d&rsquo;autres produits chimiques inflammables. <\/p>\n","protected":false},"excerpt":{"rendered":"<p>Les ventilateurs axiaux encastrables de la s\u00e9rie AFPX avec moteur triphas\u00e9 sont certifi\u00e9s Atex et sont disponibles dans une large gamme de mod\u00e8les d\u00e9velopp\u00e9s pour fournir une large gamme de performances et sont la solution id\u00e9ale pour la ventilation des locaux \u00e0 risque d&rsquo;explosion tels que les zones de chargement de batteries de chariots \u00e9l\u00e9vateurs, [&hellip;]<\/p>\n","protected":false},"featured_media":32923,"comment_status":"closed","ping_status":"closed","template":"","meta":{"_acf_changed":false},"product_brand":[],"product_cat":[],"product_tag":[],"class_list":{"0":"post-30374","1":"product","2":"type-product","3":"status-publish","4":"has-post-thumbnail","7":"first","8":"instock","9":"taxable","10":"shipping-taxable","11":"product-type-simple"},"acf":[],"yoast_head":"<!-- This site is optimized with the Yoast SEO plugin v27.4 - https:\/\/yoast.com\/product\/yoast-seo-wordpress\/ -->\n<title>Ventilateurs axiaux encastrables AFPX ATEX - Secure Air<\/title>\n<meta name=\"description\" content=\"Cerchi un Ventilateurs axiaux encastrables AFPX ATEX? Compralo ora su Secure Air\" \/>\n<meta name=\"robots\" content=\"index, follow, max-snippet:-1, max-image-preview:large, max-video-preview:-1\" \/>\n<link rel=\"canonical\" href=\"https:\/\/www.secureair.it\/prodotto\/ventilatori-assiali-afpx-atex-su-pannello\/\" \/>\n<meta property=\"og:locale\" content=\"fr_FR\" \/>\n<meta property=\"og:type\" content=\"article\" \/>\n<meta property=\"og:title\" content=\"Ventilateurs axiaux encastrables AFPX ATEX - Secure Air\" \/>\n<meta property=\"og:description\" content=\"Cerchi un Ventilateurs axiaux encastrables AFPX ATEX? Compralo ora su Secure Air\" \/>\n<meta property=\"og:url\" content=\"https:\/\/www.secureair.it\/prodotto\/ventilatori-assiali-afpx-atex-su-pannello\/\" \/>\n<meta property=\"og:site_name\" content=\"Secure Air\" \/>\n<meta property=\"article:modified_time\" content=\"2026-04-28T22:00:04+00:00\" \/>\n<meta name=\"twitter:card\" content=\"summary_large_image\" \/>\n<script type=\"application\/ld+json\" class=\"yoast-schema-graph\">{\"@context\":\"https:\\\/\\\/schema.org\",\"@graph\":[{\"@type\":\"WebPage\",\"@id\":\"https:\\\/\\\/www.secureair.it\\\/prodotto\\\/ventilatori-assiali-afpx-atex-su-pannello\\\/\",\"url\":\"https:\\\/\\\/www.secureair.it\\\/prodotto\\\/ventilatori-assiali-afpx-atex-su-pannello\\\/\",\"name\":\"Ventilateurs axiaux encastrables AFPX ATEX - Secure Air\",\"isPartOf\":{\"@id\":\"https:\\\/\\\/www.secureair.it\\\/#website\"},\"primaryImageOfPage\":{\"@id\":\"https:\\\/\\\/www.secureair.it\\\/prodotto\\\/ventilatori-assiali-afpx-atex-su-pannello\\\/#primaryimage\"},\"image\":{\"@id\":\"https:\\\/\\\/www.secureair.it\\\/prodotto\\\/ventilatori-assiali-afpx-atex-su-pannello\\\/#primaryimage\"},\"thumbnailUrl\":\"https:\\\/\\\/www.secureair.it\\\/wp-content\\\/uploads\\\/onpage\\\/op_image_40d9fe6982aeafed4e220b8030fdd464b2f059b1.1980x.webp\",\"datePublished\":\"2023-12-21T18:00:06+00:00\",\"dateModified\":\"2026-04-28T22:00:04+00:00\",\"description\":\"Cerchi un Ventilateurs axiaux encastrables AFPX ATEX? Compralo ora su Secure Air\",\"breadcrumb\":{\"@id\":\"https:\\\/\\\/www.secureair.it\\\/prodotto\\\/ventilatori-assiali-afpx-atex-su-pannello\\\/#breadcrumb\"},\"inLanguage\":\"fr-FR\",\"potentialAction\":[{\"@type\":\"ReadAction\",\"target\":[\"https:\\\/\\\/www.secureair.it\\\/prodotto\\\/ventilatori-assiali-afpx-atex-su-pannello\\\/\"]}]},{\"@type\":\"ImageObject\",\"inLanguage\":\"fr-FR\",\"@id\":\"https:\\\/\\\/www.secureair.it\\\/prodotto\\\/ventilatori-assiali-afpx-atex-su-pannello\\\/#primaryimage\",\"url\":\"https:\\\/\\\/www.secureair.it\\\/wp-content\\\/uploads\\\/onpage\\\/op_image_40d9fe6982aeafed4e220b8030fdd464b2f059b1.1980x.webp\",\"contentUrl\":\"https:\\\/\\\/www.secureair.it\\\/wp-content\\\/uploads\\\/onpage\\\/op_image_40d9fe6982aeafed4e220b8030fdd464b2f059b1.1980x.webp\",\"width\":1980,\"height\":1922},{\"@type\":\"BreadcrumbList\",\"@id\":\"https:\\\/\\\/www.secureair.it\\\/prodotto\\\/ventilatori-assiali-afpx-atex-su-pannello\\\/#breadcrumb\",\"itemListElement\":[{\"@type\":\"ListItem\",\"position\":1,\"name\":\"Home\",\"item\":\"https:\\\/\\\/www.secureair.it\\\/fr\\\/\"},{\"@type\":\"ListItem\",\"position\":2,\"name\":\"Produits\",\"item\":\"https:\\\/\\\/www.secureair.it\\\/fr\\\/produits\\\/\"},{\"@type\":\"ListItem\",\"position\":3,\"name\":\"Ventilateurs axiaux encastrables AFPX ATEX\"}]},{\"@type\":\"WebSite\",\"@id\":\"https:\\\/\\\/www.secureair.it\\\/#website\",\"url\":\"https:\\\/\\\/www.secureair.it\\\/\",\"name\":\"Secure Air\",\"description\":\"Sistemi di aspirazione professionali\",\"potentialAction\":[{\"@type\":\"SearchAction\",\"target\":{\"@type\":\"EntryPoint\",\"urlTemplate\":\"https:\\\/\\\/www.secureair.it\\\/?s={search_term_string}\"},\"query-input\":{\"@type\":\"PropertyValueSpecification\",\"valueRequired\":true,\"valueName\":\"search_term_string\"}}],\"inLanguage\":\"fr-FR\"}]}<\/script>\n<!-- \/ Yoast SEO plugin. -->","yoast_head_json":{"title":"Ventilateurs axiaux encastrables AFPX ATEX - Secure Air","description":"Cerchi un Ventilateurs axiaux encastrables AFPX ATEX? Compralo ora su Secure Air","robots":{"index":"index","follow":"follow","max-snippet":"max-snippet:-1","max-image-preview":"max-image-preview:large","max-video-preview":"max-video-preview:-1"},"canonical":"https:\/\/www.secureair.it\/prodotto\/ventilatori-assiali-afpx-atex-su-pannello\/","og_locale":"fr_FR","og_type":"article","og_title":"Ventilateurs axiaux encastrables AFPX ATEX - Secure Air","og_description":"Cerchi un Ventilateurs axiaux encastrables AFPX ATEX? Compralo ora su Secure Air","og_url":"https:\/\/www.secureair.it\/prodotto\/ventilatori-assiali-afpx-atex-su-pannello\/","og_site_name":"Secure Air","article_modified_time":"2026-04-28T22:00:04+00:00","twitter_card":"summary_large_image","schema":{"@context":"https:\/\/schema.org","@graph":[{"@type":"WebPage","@id":"https:\/\/www.secureair.it\/prodotto\/ventilatori-assiali-afpx-atex-su-pannello\/","url":"https:\/\/www.secureair.it\/prodotto\/ventilatori-assiali-afpx-atex-su-pannello\/","name":"Ventilateurs axiaux encastrables AFPX ATEX - Secure Air","isPartOf":{"@id":"https:\/\/www.secureair.it\/#website"},"primaryImageOfPage":{"@id":"https:\/\/www.secureair.it\/prodotto\/ventilatori-assiali-afpx-atex-su-pannello\/#primaryimage"},"image":{"@id":"https:\/\/www.secureair.it\/prodotto\/ventilatori-assiali-afpx-atex-su-pannello\/#primaryimage"},"thumbnailUrl":"https:\/\/www.secureair.it\/wp-content\/uploads\/onpage\/op_image_40d9fe6982aeafed4e220b8030fdd464b2f059b1.1980x.webp","datePublished":"2023-12-21T18:00:06+00:00","dateModified":"2026-04-28T22:00:04+00:00","description":"Cerchi un Ventilateurs axiaux encastrables AFPX ATEX? Compralo ora su Secure Air","breadcrumb":{"@id":"https:\/\/www.secureair.it\/prodotto\/ventilatori-assiali-afpx-atex-su-pannello\/#breadcrumb"},"inLanguage":"fr-FR","potentialAction":[{"@type":"ReadAction","target":["https:\/\/www.secureair.it\/prodotto\/ventilatori-assiali-afpx-atex-su-pannello\/"]}]},{"@type":"ImageObject","inLanguage":"fr-FR","@id":"https:\/\/www.secureair.it\/prodotto\/ventilatori-assiali-afpx-atex-su-pannello\/#primaryimage","url":"https:\/\/www.secureair.it\/wp-content\/uploads\/onpage\/op_image_40d9fe6982aeafed4e220b8030fdd464b2f059b1.1980x.webp","contentUrl":"https:\/\/www.secureair.it\/wp-content\/uploads\/onpage\/op_image_40d9fe6982aeafed4e220b8030fdd464b2f059b1.1980x.webp","width":1980,"height":1922},{"@type":"BreadcrumbList","@id":"https:\/\/www.secureair.it\/prodotto\/ventilatori-assiali-afpx-atex-su-pannello\/#breadcrumb","itemListElement":[{"@type":"ListItem","position":1,"name":"Home","item":"https:\/\/www.secureair.it\/fr\/"},{"@type":"ListItem","position":2,"name":"Produits","item":"https:\/\/www.secureair.it\/fr\/produits\/"},{"@type":"ListItem","position":3,"name":"Ventilateurs axiaux encastrables AFPX ATEX"}]},{"@type":"WebSite","@id":"https:\/\/www.secureair.it\/#website","url":"https:\/\/www.secureair.it\/","name":"Secure Air","description":"Sistemi di aspirazione professionali","potentialAction":[{"@type":"SearchAction","target":{"@type":"EntryPoint","urlTemplate":"https:\/\/www.secureair.it\/?s={search_term_string}"},"query-input":{"@type":"PropertyValueSpecification","valueRequired":true,"valueName":"search_term_string"}}],"inLanguage":"fr-FR"}]}},"_links":{"self":[{"href":"https:\/\/www.secureair.it\/fr\/wp-json\/wp\/v2\/product\/30374","targetHints":{"allow":["GET"]}}],"collection":[{"href":"https:\/\/www.secureair.it\/fr\/wp-json\/wp\/v2\/product"}],"about":[{"href":"https:\/\/www.secureair.it\/fr\/wp-json\/wp\/v2\/types\/product"}],"replies":[{"embeddable":true,"href":"https:\/\/www.secureair.it\/fr\/wp-json\/wp\/v2\/comments?post=30374"}],"wp:featuredmedia":[{"embeddable":true,"href":"https:\/\/www.secureair.it\/fr\/wp-json\/wp\/v2\/media\/32923"}],"wp:attachment":[{"href":"https:\/\/www.secureair.it\/fr\/wp-json\/wp\/v2\/media?parent=30374"}],"wp:term":[{"taxonomy":"product_brand","embeddable":true,"href":"https:\/\/www.secureair.it\/fr\/wp-json\/wp\/v2\/product_brand?post=30374"},{"taxonomy":"product_cat","embeddable":true,"href":"https:\/\/www.secureair.it\/fr\/wp-json\/wp\/v2\/product_cat?post=30374"},{"taxonomy":"product_tag","embeddable":true,"href":"https:\/\/www.secureair.it\/fr\/wp-json\/wp\/v2\/product_tag?post=30374"}],"curies":[{"name":"wp","href":"https:\/\/api.w.org\/{rel}","templated":true}]}}