{"id":34335,"date":"2025-08-24T00:00:06","date_gmt":"2025-08-24T00:00:06","guid":{"rendered":""},"modified":"2026-05-15T10:00:05","modified_gmt":"2026-05-15T10:00:05","slug":"panneau-de-commande-supplementaire-vt6-air-pour-les-tableaux-de-distribution-qei2","status":"publish","type":"product","link":"https:\/\/www.secureair.it\/fr\/prodotto\/panneau-de-commande-supplementaire-vt6-air-pour-les-tableaux-de-distribution-qei2\/","title":{"rendered":"\u00c9conomiseur d&rsquo;air comprim\u00e9 ECONAIR pour d\u00e9poussi\u00e9reurs \u00e0 nettoyage pneumatique"},"content":{"rendered":"<p>Les \u00e9conomiseurs ECONAIR sont des dispositifs \u00e9lectroniques permettant de commander le nettoyage pneumatique des installations de d\u00e9poussi\u00e9rage et de filtration industrielle directement depuis le tableau \u00e9lectrique. <\/p>\n","protected":false},"excerpt":{"rendered":"<p>Les \u00e9conomiseurs ECONAIR sont des dispositifs \u00e9lectroniques permettant de commander le nettoyage pneumatique des installations de d\u00e9poussi\u00e9rage et de filtration industrielle directement depuis le tableau \u00e9lectrique.<\/p>\n","protected":false},"featured_media":34338,"comment_status":"closed","ping_status":"closed","template":"","meta":{"_acf_changed":false},"product_brand":[],"product_cat":[],"product_tag":[],"class_list":{"0":"post-34335","1":"product","2":"type-product","3":"status-publish","4":"has-post-thumbnail","7":"first","8":"instock","9":"taxable","10":"shipping-taxable","11":"purchasable","12":"product-type-simple"},"acf":[],"yoast_head":"<!-- This site is optimized with the Yoast SEO plugin v27.6 - https:\/\/yoast.com\/product\/yoast-seo-wordpress\/ -->\n<title>\u00c9conomiseur d&#039;air comprim\u00e9 ECONAIR pour d\u00e9poussi\u00e9reurs \u00e0 nettoyage pneumatique - Secure Air<\/title>\n<meta name=\"description\" content=\"Cerchi un \u00c9conomiseur d&#039;air comprim\u00e9 ECONAIR pour d\u00e9poussi\u00e9reurs \u00e0 nettoyage pneumatique? Compralo ora su Secure Air\" \/>\n<meta name=\"robots\" content=\"index, follow, max-snippet:-1, max-image-preview:large, max-video-preview:-1\" \/>\n<link rel=\"canonical\" href=\"https:\/\/www.secureair.it\/fr\/prodotto\/panneau-de-commande-supplementaire-vt6-air-pour-les-tableaux-de-distribution-qei2\/\" \/>\n<meta property=\"og:locale\" content=\"fr_FR\" \/>\n<meta property=\"og:type\" content=\"article\" \/>\n<meta property=\"og:title\" content=\"\u00c9conomiseur d&#039;air comprim\u00e9 ECONAIR pour d\u00e9poussi\u00e9reurs \u00e0 nettoyage pneumatique - Secure Air\" \/>\n<meta property=\"og:description\" content=\"Cerchi un \u00c9conomiseur d&#039;air comprim\u00e9 ECONAIR pour d\u00e9poussi\u00e9reurs \u00e0 nettoyage pneumatique? Compralo ora su Secure Air\" \/>\n<meta property=\"og:url\" content=\"https:\/\/www.secureair.it\/fr\/prodotto\/panneau-de-commande-supplementaire-vt6-air-pour-les-tableaux-de-distribution-qei2\/\" \/>\n<meta property=\"og:site_name\" content=\"Secure Air\" \/>\n<meta property=\"article:modified_time\" content=\"2026-05-15T10:00:05+00:00\" \/>\n<meta property=\"og:image\" content=\"https:\/\/www.secureair.it\/wp-content\/uploads\/onpage\/op_image_839493ff21185ea25a7bbe95add9c3a09f8dc649.1980x.webp\" \/>\n\t<meta property=\"og:image:width\" content=\"1980\" \/>\n\t<meta property=\"og:image:height\" content=\"1980\" \/>\n\t<meta property=\"og:image:type\" content=\"image\/webp\" \/>\n<meta name=\"twitter:card\" content=\"summary_large_image\" \/>\n<script type=\"application\/ld+json\" class=\"yoast-schema-graph\">{\"@context\":\"https:\\\/\\\/schema.org\",\"@graph\":[{\"@type\":\"WebPage\",\"@id\":\"https:\\\/\\\/www.secureair.it\\\/fr\\\/prodotto\\\/panneau-de-commande-supplementaire-vt6-air-pour-les-tableaux-de-distribution-qei2\\\/\",\"url\":\"https:\\\/\\\/www.secureair.it\\\/fr\\\/prodotto\\\/panneau-de-commande-supplementaire-vt6-air-pour-les-tableaux-de-distribution-qei2\\\/\",\"name\":\"\u00c9conomiseur d'air comprim\u00e9 ECONAIR pour d\u00e9poussi\u00e9reurs \u00e0 nettoyage pneumatique - Secure Air\",\"isPartOf\":{\"@id\":\"https:\\\/\\\/www.secureair.it\\\/#website\"},\"primaryImageOfPage\":{\"@id\":\"https:\\\/\\\/www.secureair.it\\\/fr\\\/prodotto\\\/panneau-de-commande-supplementaire-vt6-air-pour-les-tableaux-de-distribution-qei2\\\/#primaryimage\"},\"image\":{\"@id\":\"https:\\\/\\\/www.secureair.it\\\/fr\\\/prodotto\\\/panneau-de-commande-supplementaire-vt6-air-pour-les-tableaux-de-distribution-qei2\\\/#primaryimage\"},\"thumbnailUrl\":\"https:\\\/\\\/www.secureair.it\\\/wp-content\\\/uploads\\\/onpage\\\/op_image_839493ff21185ea25a7bbe95add9c3a09f8dc649.1980x.webp\",\"datePublished\":\"2025-08-24T00:00:06+00:00\",\"dateModified\":\"2026-05-15T10:00:05+00:00\",\"description\":\"Cerchi un \u00c9conomiseur d'air comprim\u00e9 ECONAIR pour d\u00e9poussi\u00e9reurs \u00e0 nettoyage pneumatique? Compralo ora su Secure Air\",\"breadcrumb\":{\"@id\":\"https:\\\/\\\/www.secureair.it\\\/fr\\\/prodotto\\\/panneau-de-commande-supplementaire-vt6-air-pour-les-tableaux-de-distribution-qei2\\\/#breadcrumb\"},\"inLanguage\":\"fr-FR\",\"potentialAction\":[{\"@type\":\"ReadAction\",\"target\":[\"https:\\\/\\\/www.secureair.it\\\/fr\\\/prodotto\\\/panneau-de-commande-supplementaire-vt6-air-pour-les-tableaux-de-distribution-qei2\\\/\"]}]},{\"@type\":\"ImageObject\",\"inLanguage\":\"fr-FR\",\"@id\":\"https:\\\/\\\/www.secureair.it\\\/fr\\\/prodotto\\\/panneau-de-commande-supplementaire-vt6-air-pour-les-tableaux-de-distribution-qei2\\\/#primaryimage\",\"url\":\"https:\\\/\\\/www.secureair.it\\\/wp-content\\\/uploads\\\/onpage\\\/op_image_839493ff21185ea25a7bbe95add9c3a09f8dc649.1980x.webp\",\"contentUrl\":\"https:\\\/\\\/www.secureair.it\\\/wp-content\\\/uploads\\\/onpage\\\/op_image_839493ff21185ea25a7bbe95add9c3a09f8dc649.1980x.webp\",\"width\":1980,\"height\":1980,\"caption\":\"economizzatore per filtri a maniche\\\/cartucce\"},{\"@type\":\"BreadcrumbList\",\"@id\":\"https:\\\/\\\/www.secureair.it\\\/fr\\\/prodotto\\\/panneau-de-commande-supplementaire-vt6-air-pour-les-tableaux-de-distribution-qei2\\\/#breadcrumb\",\"itemListElement\":[{\"@type\":\"ListItem\",\"position\":1,\"name\":\"Home\",\"item\":\"https:\\\/\\\/www.secureair.it\\\/fr\\\/\"},{\"@type\":\"ListItem\",\"position\":2,\"name\":\"Produits\",\"item\":\"https:\\\/\\\/www.secureair.it\\\/fr\\\/produits\\\/\"},{\"@type\":\"ListItem\",\"position\":3,\"name\":\"Panneau de commande suppl\u00e9mentaire VT6 AIR pour les tableaux de distribution QEI\"}]},{\"@type\":\"WebSite\",\"@id\":\"https:\\\/\\\/www.secureair.it\\\/#website\",\"url\":\"https:\\\/\\\/www.secureair.it\\\/\",\"name\":\"Secure Air\",\"description\":\"Sistemi di aspirazione professionali\",\"potentialAction\":[{\"@type\":\"SearchAction\",\"target\":{\"@type\":\"EntryPoint\",\"urlTemplate\":\"https:\\\/\\\/www.secureair.it\\\/?s={search_term_string}\"},\"query-input\":{\"@type\":\"PropertyValueSpecification\",\"valueRequired\":true,\"valueName\":\"search_term_string\"}}],\"inLanguage\":\"fr-FR\"}]}<\/script>\n<!-- \/ Yoast SEO plugin. -->","yoast_head_json":{"title":"\u00c9conomiseur d'air comprim\u00e9 ECONAIR pour d\u00e9poussi\u00e9reurs \u00e0 nettoyage pneumatique - Secure Air","description":"Cerchi un \u00c9conomiseur d'air comprim\u00e9 ECONAIR pour d\u00e9poussi\u00e9reurs \u00e0 nettoyage pneumatique? Compralo ora su Secure Air","robots":{"index":"index","follow":"follow","max-snippet":"max-snippet:-1","max-image-preview":"max-image-preview:large","max-video-preview":"max-video-preview:-1"},"canonical":"https:\/\/www.secureair.it\/fr\/prodotto\/panneau-de-commande-supplementaire-vt6-air-pour-les-tableaux-de-distribution-qei2\/","og_locale":"fr_FR","og_type":"article","og_title":"\u00c9conomiseur d'air comprim\u00e9 ECONAIR pour d\u00e9poussi\u00e9reurs \u00e0 nettoyage pneumatique - Secure Air","og_description":"Cerchi un \u00c9conomiseur d'air comprim\u00e9 ECONAIR pour d\u00e9poussi\u00e9reurs \u00e0 nettoyage pneumatique? Compralo ora su Secure Air","og_url":"https:\/\/www.secureair.it\/fr\/prodotto\/panneau-de-commande-supplementaire-vt6-air-pour-les-tableaux-de-distribution-qei2\/","og_site_name":"Secure Air","article_modified_time":"2026-05-15T10:00:05+00:00","og_image":[{"width":1980,"height":1980,"url":"https:\/\/www.secureair.it\/wp-content\/uploads\/onpage\/op_image_839493ff21185ea25a7bbe95add9c3a09f8dc649.1980x.webp","type":"image\/webp"}],"twitter_card":"summary_large_image","schema":{"@context":"https:\/\/schema.org","@graph":[{"@type":"WebPage","@id":"https:\/\/www.secureair.it\/fr\/prodotto\/panneau-de-commande-supplementaire-vt6-air-pour-les-tableaux-de-distribution-qei2\/","url":"https:\/\/www.secureair.it\/fr\/prodotto\/panneau-de-commande-supplementaire-vt6-air-pour-les-tableaux-de-distribution-qei2\/","name":"\u00c9conomiseur d'air comprim\u00e9 ECONAIR pour d\u00e9poussi\u00e9reurs \u00e0 nettoyage pneumatique - Secure Air","isPartOf":{"@id":"https:\/\/www.secureair.it\/#website"},"primaryImageOfPage":{"@id":"https:\/\/www.secureair.it\/fr\/prodotto\/panneau-de-commande-supplementaire-vt6-air-pour-les-tableaux-de-distribution-qei2\/#primaryimage"},"image":{"@id":"https:\/\/www.secureair.it\/fr\/prodotto\/panneau-de-commande-supplementaire-vt6-air-pour-les-tableaux-de-distribution-qei2\/#primaryimage"},"thumbnailUrl":"https:\/\/www.secureair.it\/wp-content\/uploads\/onpage\/op_image_839493ff21185ea25a7bbe95add9c3a09f8dc649.1980x.webp","datePublished":"2025-08-24T00:00:06+00:00","dateModified":"2026-05-15T10:00:05+00:00","description":"Cerchi un \u00c9conomiseur d'air comprim\u00e9 ECONAIR pour d\u00e9poussi\u00e9reurs \u00e0 nettoyage pneumatique? Compralo ora su Secure Air","breadcrumb":{"@id":"https:\/\/www.secureair.it\/fr\/prodotto\/panneau-de-commande-supplementaire-vt6-air-pour-les-tableaux-de-distribution-qei2\/#breadcrumb"},"inLanguage":"fr-FR","potentialAction":[{"@type":"ReadAction","target":["https:\/\/www.secureair.it\/fr\/prodotto\/panneau-de-commande-supplementaire-vt6-air-pour-les-tableaux-de-distribution-qei2\/"]}]},{"@type":"ImageObject","inLanguage":"fr-FR","@id":"https:\/\/www.secureair.it\/fr\/prodotto\/panneau-de-commande-supplementaire-vt6-air-pour-les-tableaux-de-distribution-qei2\/#primaryimage","url":"https:\/\/www.secureair.it\/wp-content\/uploads\/onpage\/op_image_839493ff21185ea25a7bbe95add9c3a09f8dc649.1980x.webp","contentUrl":"https:\/\/www.secureair.it\/wp-content\/uploads\/onpage\/op_image_839493ff21185ea25a7bbe95add9c3a09f8dc649.1980x.webp","width":1980,"height":1980,"caption":"economizzatore per filtri a maniche\/cartucce"},{"@type":"BreadcrumbList","@id":"https:\/\/www.secureair.it\/fr\/prodotto\/panneau-de-commande-supplementaire-vt6-air-pour-les-tableaux-de-distribution-qei2\/#breadcrumb","itemListElement":[{"@type":"ListItem","position":1,"name":"Home","item":"https:\/\/www.secureair.it\/fr\/"},{"@type":"ListItem","position":2,"name":"Produits","item":"https:\/\/www.secureair.it\/fr\/produits\/"},{"@type":"ListItem","position":3,"name":"Panneau de commande suppl\u00e9mentaire VT6 AIR pour les tableaux de distribution QEI"}]},{"@type":"WebSite","@id":"https:\/\/www.secureair.it\/#website","url":"https:\/\/www.secureair.it\/","name":"Secure Air","description":"Sistemi di aspirazione professionali","potentialAction":[{"@type":"SearchAction","target":{"@type":"EntryPoint","urlTemplate":"https:\/\/www.secureair.it\/?s={search_term_string}"},"query-input":{"@type":"PropertyValueSpecification","valueRequired":true,"valueName":"search_term_string"}}],"inLanguage":"fr-FR"}]}},"_links":{"self":[{"href":"https:\/\/www.secureair.it\/fr\/wp-json\/wp\/v2\/product\/34335","targetHints":{"allow":["GET"]}}],"collection":[{"href":"https:\/\/www.secureair.it\/fr\/wp-json\/wp\/v2\/product"}],"about":[{"href":"https:\/\/www.secureair.it\/fr\/wp-json\/wp\/v2\/types\/product"}],"replies":[{"embeddable":true,"href":"https:\/\/www.secureair.it\/fr\/wp-json\/wp\/v2\/comments?post=34335"}],"wp:featuredmedia":[{"embeddable":true,"href":"https:\/\/www.secureair.it\/fr\/wp-json\/wp\/v2\/media\/34338"}],"wp:attachment":[{"href":"https:\/\/www.secureair.it\/fr\/wp-json\/wp\/v2\/media?parent=34335"}],"wp:term":[{"taxonomy":"product_brand","embeddable":true,"href":"https:\/\/www.secureair.it\/fr\/wp-json\/wp\/v2\/product_brand?post=34335"},{"taxonomy":"product_cat","embeddable":true,"href":"https:\/\/www.secureair.it\/fr\/wp-json\/wp\/v2\/product_cat?post=34335"},{"taxonomy":"product_tag","embeddable":true,"href":"https:\/\/www.secureair.it\/fr\/wp-json\/wp\/v2\/product_tag?post=34335"}],"curies":[{"name":"wp","href":"https:\/\/api.w.org\/{rel}","templated":true}]}}