{"id":35131,"date":"2026-01-22T15:00:06","date_gmt":"2026-01-22T15:00:06","guid":{"rendered":""},"modified":"2026-04-23T04:00:05","modified_gmt":"2026-04-23T04:00:05","slug":"banc-daspiration-sba-pour-systemes-centralises2","status":"publish","type":"product","link":"https:\/\/www.secureair.it\/fr\/prodotto\/banc-daspiration-sba-pour-systemes-centralises2\/","title":{"rendered":"Banc d&rsquo;aspiration SBA pour syst\u00e8mes centralis\u00e9s"},"content":{"rendered":"<p>Le <strong>banc d&rsquo;aspiration SBA<\/strong> est la solution id\u00e9ale pour aspirer les fum\u00e9es et les poussi\u00e8res et<strong> travailler en toute s\u00e9curit\u00e9<\/strong> lors du soudage, de l&rsquo;\u00e9bavurage, du pon\u00e7age ou du meulage des m\u00e9taux. Le plateau pratique et robuste de la table d&rsquo;aspiration assure une<strong>aspiration diffuse sur la surface de travail<\/strong> et frontale, prot\u00e9geant ainsi les voies respiratoires de l&rsquo;op\u00e9rateur.<\/p>\n","protected":false},"excerpt":{"rendered":"<p>Le banc d&rsquo;aspiration SBA est la solution id\u00e9ale pour aspirer les fum\u00e9es et les poussi\u00e8res et travailler en toute s\u00e9curit\u00e9 lors du soudage, de l&rsquo;\u00e9bavurage, du pon\u00e7age ou du meulage des m\u00e9taux. Le plateau pratique et robuste de la table d&rsquo;aspiration assure uneaspiration diffuse sur la surface de travail et frontale, prot\u00e9geant ainsi les voies [&hellip;]<\/p>\n","protected":false},"featured_media":32815,"comment_status":"closed","ping_status":"closed","template":"","meta":{"_acf_changed":false},"product_brand":[],"product_cat":[],"product_tag":[],"class_list":{"0":"post-35131","1":"product","2":"type-product","3":"status-publish","4":"has-post-thumbnail","7":"first","8":"instock","9":"taxable","10":"shipping-taxable","11":"product-type-simple"},"acf":[],"yoast_head":"<!-- This site is optimized with the Yoast SEO plugin v27.4 - https:\/\/yoast.com\/product\/yoast-seo-wordpress\/ -->\n<title>Banc d&#039;aspiration SBA pour syst\u00e8mes centralis\u00e9s - Secure Air<\/title>\n<meta name=\"description\" content=\"Cerchi un Banc d&#039;aspiration SBA pour syst\u00e8mes centralis\u00e9s? Compralo ora su Secure Air\" \/>\n<meta name=\"robots\" content=\"index, follow, max-snippet:-1, max-image-preview:large, max-video-preview:-1\" \/>\n<link rel=\"canonical\" href=\"https:\/\/www.secureair.it\/fr\/prodotto\/banc-daspiration-sba-pour-systemes-centralises2\/\" \/>\n<meta property=\"og:locale\" content=\"fr_FR\" \/>\n<meta property=\"og:type\" content=\"article\" \/>\n<meta property=\"og:title\" content=\"Banc d&#039;aspiration SBA pour syst\u00e8mes centralis\u00e9s - Secure Air\" \/>\n<meta property=\"og:description\" content=\"Cerchi un Banc d&#039;aspiration SBA pour syst\u00e8mes centralis\u00e9s? Compralo ora su Secure Air\" \/>\n<meta property=\"og:url\" content=\"https:\/\/www.secureair.it\/fr\/prodotto\/banc-daspiration-sba-pour-systemes-centralises2\/\" \/>\n<meta property=\"og:site_name\" content=\"Secure Air\" \/>\n<meta property=\"article:modified_time\" content=\"2026-04-23T04:00:05+00:00\" \/>\n<meta property=\"og:image\" content=\"https:\/\/www.secureair.it\/wp-content\/uploads\/onpage\/op_image_5b23fd08bc5c2727fe3fe942cdc3c11208c32319.1980x.webp\" \/>\n\t<meta property=\"og:image:width\" content=\"1980\" \/>\n\t<meta property=\"og:image:height\" content=\"1488\" \/>\n\t<meta property=\"og:image:type\" content=\"image\/webp\" \/>\n<meta name=\"twitter:card\" content=\"summary_large_image\" \/>\n<script type=\"application\/ld+json\" class=\"yoast-schema-graph\">{\"@context\":\"https:\\\/\\\/schema.org\",\"@graph\":[{\"@type\":\"WebPage\",\"@id\":\"https:\\\/\\\/www.secureair.it\\\/fr\\\/prodotto\\\/banc-daspiration-sba-pour-systemes-centralises2\\\/\",\"url\":\"https:\\\/\\\/www.secureair.it\\\/fr\\\/prodotto\\\/banc-daspiration-sba-pour-systemes-centralises2\\\/\",\"name\":\"Banc d'aspiration SBA pour syst\u00e8mes centralis\u00e9s - Secure Air\",\"isPartOf\":{\"@id\":\"https:\\\/\\\/www.secureair.it\\\/#website\"},\"primaryImageOfPage\":{\"@id\":\"https:\\\/\\\/www.secureair.it\\\/fr\\\/prodotto\\\/banc-daspiration-sba-pour-systemes-centralises2\\\/#primaryimage\"},\"image\":{\"@id\":\"https:\\\/\\\/www.secureair.it\\\/fr\\\/prodotto\\\/banc-daspiration-sba-pour-systemes-centralises2\\\/#primaryimage\"},\"thumbnailUrl\":\"https:\\\/\\\/www.secureair.it\\\/wp-content\\\/uploads\\\/onpage\\\/op_image_5b23fd08bc5c2727fe3fe942cdc3c11208c32319.1980x.webp\",\"datePublished\":\"2026-01-22T15:00:06+00:00\",\"dateModified\":\"2026-04-23T04:00:05+00:00\",\"description\":\"Cerchi un Banc d'aspiration SBA pour syst\u00e8mes centralis\u00e9s? Compralo ora su Secure Air\",\"breadcrumb\":{\"@id\":\"https:\\\/\\\/www.secureair.it\\\/fr\\\/prodotto\\\/banc-daspiration-sba-pour-systemes-centralises2\\\/#breadcrumb\"},\"inLanguage\":\"fr-FR\",\"potentialAction\":[{\"@type\":\"ReadAction\",\"target\":[\"https:\\\/\\\/www.secureair.it\\\/fr\\\/prodotto\\\/banc-daspiration-sba-pour-systemes-centralises2\\\/\"]}]},{\"@type\":\"ImageObject\",\"inLanguage\":\"fr-FR\",\"@id\":\"https:\\\/\\\/www.secureair.it\\\/fr\\\/prodotto\\\/banc-daspiration-sba-pour-systemes-centralises2\\\/#primaryimage\",\"url\":\"https:\\\/\\\/www.secureair.it\\\/wp-content\\\/uploads\\\/onpage\\\/op_image_5b23fd08bc5c2727fe3fe942cdc3c11208c32319.1980x.webp\",\"contentUrl\":\"https:\\\/\\\/www.secureair.it\\\/wp-content\\\/uploads\\\/onpage\\\/op_image_5b23fd08bc5c2727fe3fe942cdc3c11208c32319.1980x.webp\",\"width\":1980,\"height\":1488},{\"@type\":\"BreadcrumbList\",\"@id\":\"https:\\\/\\\/www.secureair.it\\\/fr\\\/prodotto\\\/banc-daspiration-sba-pour-systemes-centralises2\\\/#breadcrumb\",\"itemListElement\":[{\"@type\":\"ListItem\",\"position\":1,\"name\":\"Home\",\"item\":\"https:\\\/\\\/www.secureair.it\\\/fr\\\/\"},{\"@type\":\"ListItem\",\"position\":2,\"name\":\"Produits\",\"item\":\"https:\\\/\\\/www.secureair.it\\\/fr\\\/produits\\\/\"},{\"@type\":\"ListItem\",\"position\":3,\"name\":\"Banc d&rsquo;aspiration SBA pour syst\u00e8mes centralis\u00e9s\"}]},{\"@type\":\"WebSite\",\"@id\":\"https:\\\/\\\/www.secureair.it\\\/#website\",\"url\":\"https:\\\/\\\/www.secureair.it\\\/\",\"name\":\"Secure Air\",\"description\":\"Sistemi di aspirazione professionali\",\"potentialAction\":[{\"@type\":\"SearchAction\",\"target\":{\"@type\":\"EntryPoint\",\"urlTemplate\":\"https:\\\/\\\/www.secureair.it\\\/?s={search_term_string}\"},\"query-input\":{\"@type\":\"PropertyValueSpecification\",\"valueRequired\":true,\"valueName\":\"search_term_string\"}}],\"inLanguage\":\"fr-FR\"}]}<\/script>\n<!-- \/ Yoast SEO plugin. -->","yoast_head_json":{"title":"Banc d'aspiration SBA pour syst\u00e8mes centralis\u00e9s - Secure Air","description":"Cerchi un Banc d'aspiration SBA pour syst\u00e8mes centralis\u00e9s? Compralo ora su Secure Air","robots":{"index":"index","follow":"follow","max-snippet":"max-snippet:-1","max-image-preview":"max-image-preview:large","max-video-preview":"max-video-preview:-1"},"canonical":"https:\/\/www.secureair.it\/fr\/prodotto\/banc-daspiration-sba-pour-systemes-centralises2\/","og_locale":"fr_FR","og_type":"article","og_title":"Banc d'aspiration SBA pour syst\u00e8mes centralis\u00e9s - Secure Air","og_description":"Cerchi un Banc d'aspiration SBA pour syst\u00e8mes centralis\u00e9s? Compralo ora su Secure Air","og_url":"https:\/\/www.secureair.it\/fr\/prodotto\/banc-daspiration-sba-pour-systemes-centralises2\/","og_site_name":"Secure Air","article_modified_time":"2026-04-23T04:00:05+00:00","og_image":[{"width":1980,"height":1488,"url":"https:\/\/www.secureair.it\/wp-content\/uploads\/onpage\/op_image_5b23fd08bc5c2727fe3fe942cdc3c11208c32319.1980x.webp","type":"image\/webp"}],"twitter_card":"summary_large_image","schema":{"@context":"https:\/\/schema.org","@graph":[{"@type":"WebPage","@id":"https:\/\/www.secureair.it\/fr\/prodotto\/banc-daspiration-sba-pour-systemes-centralises2\/","url":"https:\/\/www.secureair.it\/fr\/prodotto\/banc-daspiration-sba-pour-systemes-centralises2\/","name":"Banc d'aspiration SBA pour syst\u00e8mes centralis\u00e9s - Secure Air","isPartOf":{"@id":"https:\/\/www.secureair.it\/#website"},"primaryImageOfPage":{"@id":"https:\/\/www.secureair.it\/fr\/prodotto\/banc-daspiration-sba-pour-systemes-centralises2\/#primaryimage"},"image":{"@id":"https:\/\/www.secureair.it\/fr\/prodotto\/banc-daspiration-sba-pour-systemes-centralises2\/#primaryimage"},"thumbnailUrl":"https:\/\/www.secureair.it\/wp-content\/uploads\/onpage\/op_image_5b23fd08bc5c2727fe3fe942cdc3c11208c32319.1980x.webp","datePublished":"2026-01-22T15:00:06+00:00","dateModified":"2026-04-23T04:00:05+00:00","description":"Cerchi un Banc d'aspiration SBA pour syst\u00e8mes centralis\u00e9s? Compralo ora su Secure Air","breadcrumb":{"@id":"https:\/\/www.secureair.it\/fr\/prodotto\/banc-daspiration-sba-pour-systemes-centralises2\/#breadcrumb"},"inLanguage":"fr-FR","potentialAction":[{"@type":"ReadAction","target":["https:\/\/www.secureair.it\/fr\/prodotto\/banc-daspiration-sba-pour-systemes-centralises2\/"]}]},{"@type":"ImageObject","inLanguage":"fr-FR","@id":"https:\/\/www.secureair.it\/fr\/prodotto\/banc-daspiration-sba-pour-systemes-centralises2\/#primaryimage","url":"https:\/\/www.secureair.it\/wp-content\/uploads\/onpage\/op_image_5b23fd08bc5c2727fe3fe942cdc3c11208c32319.1980x.webp","contentUrl":"https:\/\/www.secureair.it\/wp-content\/uploads\/onpage\/op_image_5b23fd08bc5c2727fe3fe942cdc3c11208c32319.1980x.webp","width":1980,"height":1488},{"@type":"BreadcrumbList","@id":"https:\/\/www.secureair.it\/fr\/prodotto\/banc-daspiration-sba-pour-systemes-centralises2\/#breadcrumb","itemListElement":[{"@type":"ListItem","position":1,"name":"Home","item":"https:\/\/www.secureair.it\/fr\/"},{"@type":"ListItem","position":2,"name":"Produits","item":"https:\/\/www.secureair.it\/fr\/produits\/"},{"@type":"ListItem","position":3,"name":"Banc d&rsquo;aspiration SBA pour syst\u00e8mes centralis\u00e9s"}]},{"@type":"WebSite","@id":"https:\/\/www.secureair.it\/#website","url":"https:\/\/www.secureair.it\/","name":"Secure Air","description":"Sistemi di aspirazione professionali","potentialAction":[{"@type":"SearchAction","target":{"@type":"EntryPoint","urlTemplate":"https:\/\/www.secureair.it\/?s={search_term_string}"},"query-input":{"@type":"PropertyValueSpecification","valueRequired":true,"valueName":"search_term_string"}}],"inLanguage":"fr-FR"}]}},"_links":{"self":[{"href":"https:\/\/www.secureair.it\/fr\/wp-json\/wp\/v2\/product\/35131","targetHints":{"allow":["GET"]}}],"collection":[{"href":"https:\/\/www.secureair.it\/fr\/wp-json\/wp\/v2\/product"}],"about":[{"href":"https:\/\/www.secureair.it\/fr\/wp-json\/wp\/v2\/types\/product"}],"replies":[{"embeddable":true,"href":"https:\/\/www.secureair.it\/fr\/wp-json\/wp\/v2\/comments?post=35131"}],"wp:featuredmedia":[{"embeddable":true,"href":"https:\/\/www.secureair.it\/fr\/wp-json\/wp\/v2\/media\/32815"}],"wp:attachment":[{"href":"https:\/\/www.secureair.it\/fr\/wp-json\/wp\/v2\/media?parent=35131"}],"wp:term":[{"taxonomy":"product_brand","embeddable":true,"href":"https:\/\/www.secureair.it\/fr\/wp-json\/wp\/v2\/product_brand?post=35131"},{"taxonomy":"product_cat","embeddable":true,"href":"https:\/\/www.secureair.it\/fr\/wp-json\/wp\/v2\/product_cat?post=35131"},{"taxonomy":"product_tag","embeddable":true,"href":"https:\/\/www.secureair.it\/fr\/wp-json\/wp\/v2\/product_tag?post=35131"}],"curies":[{"name":"wp","href":"https:\/\/api.w.org\/{rel}","templated":true}]}}