{"id":35167,"date":"2026-01-22T15:00:07","date_gmt":"2026-01-22T15:00:07","guid":{"rendered":""},"modified":"2026-04-28T22:00:04","modified_gmt":"2026-04-28T22:00:04","slug":"kit-daspiration-avec-filtre-hepa-integre-pour-les-bancs-sbv2","status":"publish","type":"product","link":"https:\/\/www.secureair.it\/fr\/prodotto\/kit-daspiration-avec-filtre-hepa-integre-pour-les-bancs-sbv2\/","title":{"rendered":"Kit d&rsquo;\u00e9vacuation avec filtre HEPA int\u00e9gr\u00e9 pour tables SBC-SBV"},"content":{"rendered":"<p><strong>Kit d&rsquo;\u00e9chappement avec filtre HEPA 13 int\u00e9gr\u00e9<\/strong> compatible avec tous les bancs SBC-SBV.<\/p>\n","protected":false},"excerpt":{"rendered":"<p>Kit d&rsquo;\u00e9chappement avec filtre HEPA 13 int\u00e9gr\u00e9 compatible avec tous les bancs SBC-SBV.<\/p>\n","protected":false},"featured_media":34347,"comment_status":"closed","ping_status":"closed","template":"","meta":{"_acf_changed":false},"product_brand":[],"product_cat":[],"product_tag":[],"class_list":{"0":"post-35167","1":"product","2":"type-product","3":"status-publish","4":"has-post-thumbnail","7":"first","8":"instock","9":"taxable","10":"shipping-taxable","11":"product-type-simple"},"acf":[],"yoast_head":"<!-- This site is optimized with the Yoast SEO plugin v27.4 - https:\/\/yoast.com\/product\/yoast-seo-wordpress\/ -->\n<title>Kit d&#039;\u00e9vacuation avec filtre HEPA int\u00e9gr\u00e9 pour tables SBC-SBV - Secure Air<\/title>\n<meta name=\"description\" content=\"Cerchi un Kit d&#039;\u00e9vacuation avec filtre HEPA int\u00e9gr\u00e9 pour tables SBC-SBV? Compralo ora su Secure Air\" \/>\n<meta name=\"robots\" content=\"index, follow, max-snippet:-1, max-image-preview:large, max-video-preview:-1\" \/>\n<link rel=\"canonical\" href=\"https:\/\/www.secureair.it\/fr\/prodotto\/kit-daspiration-avec-filtre-hepa-integre-pour-les-bancs-sbv2\/\" \/>\n<meta property=\"og:locale\" content=\"fr_FR\" \/>\n<meta property=\"og:type\" content=\"article\" \/>\n<meta property=\"og:title\" content=\"Kit d&#039;\u00e9vacuation avec filtre HEPA int\u00e9gr\u00e9 pour tables SBC-SBV - Secure Air\" \/>\n<meta property=\"og:description\" content=\"Cerchi un Kit d&#039;\u00e9vacuation avec filtre HEPA int\u00e9gr\u00e9 pour tables SBC-SBV? Compralo ora su Secure Air\" \/>\n<meta property=\"og:url\" content=\"https:\/\/www.secureair.it\/fr\/prodotto\/kit-daspiration-avec-filtre-hepa-integre-pour-les-bancs-sbv2\/\" \/>\n<meta property=\"og:site_name\" content=\"Secure Air\" \/>\n<meta property=\"article:modified_time\" content=\"2026-04-28T22:00:04+00:00\" \/>\n<meta property=\"og:image\" content=\"https:\/\/www.secureair.it\/wp-content\/uploads\/onpage\/op_image_4023c199c31715e4600c8293600336a06544aae6.1980x.webp\" \/>\n\t<meta property=\"og:image:width\" content=\"1980\" \/>\n\t<meta property=\"og:image:height\" content=\"3094\" \/>\n\t<meta property=\"og:image:type\" content=\"image\/webp\" \/>\n<meta name=\"twitter:card\" content=\"summary_large_image\" \/>\n<script type=\"application\/ld+json\" class=\"yoast-schema-graph\">{\"@context\":\"https:\\\/\\\/schema.org\",\"@graph\":[{\"@type\":\"WebPage\",\"@id\":\"https:\\\/\\\/www.secureair.it\\\/fr\\\/prodotto\\\/kit-daspiration-avec-filtre-hepa-integre-pour-les-bancs-sbv2\\\/\",\"url\":\"https:\\\/\\\/www.secureair.it\\\/fr\\\/prodotto\\\/kit-daspiration-avec-filtre-hepa-integre-pour-les-bancs-sbv2\\\/\",\"name\":\"Kit d'\u00e9vacuation avec filtre HEPA int\u00e9gr\u00e9 pour tables SBC-SBV - Secure Air\",\"isPartOf\":{\"@id\":\"https:\\\/\\\/www.secureair.it\\\/#website\"},\"primaryImageOfPage\":{\"@id\":\"https:\\\/\\\/www.secureair.it\\\/fr\\\/prodotto\\\/kit-daspiration-avec-filtre-hepa-integre-pour-les-bancs-sbv2\\\/#primaryimage\"},\"image\":{\"@id\":\"https:\\\/\\\/www.secureair.it\\\/fr\\\/prodotto\\\/kit-daspiration-avec-filtre-hepa-integre-pour-les-bancs-sbv2\\\/#primaryimage\"},\"thumbnailUrl\":\"https:\\\/\\\/www.secureair.it\\\/wp-content\\\/uploads\\\/onpage\\\/op_image_4023c199c31715e4600c8293600336a06544aae6.1980x.webp\",\"datePublished\":\"2026-01-22T15:00:07+00:00\",\"dateModified\":\"2026-04-28T22:00:04+00:00\",\"description\":\"Cerchi un Kit d'\u00e9vacuation avec filtre HEPA int\u00e9gr\u00e9 pour tables SBC-SBV? Compralo ora su Secure Air\",\"breadcrumb\":{\"@id\":\"https:\\\/\\\/www.secureair.it\\\/fr\\\/prodotto\\\/kit-daspiration-avec-filtre-hepa-integre-pour-les-bancs-sbv2\\\/#breadcrumb\"},\"inLanguage\":\"fr-FR\",\"potentialAction\":[{\"@type\":\"ReadAction\",\"target\":[\"https:\\\/\\\/www.secureair.it\\\/fr\\\/prodotto\\\/kit-daspiration-avec-filtre-hepa-integre-pour-les-bancs-sbv2\\\/\"]}]},{\"@type\":\"ImageObject\",\"inLanguage\":\"fr-FR\",\"@id\":\"https:\\\/\\\/www.secureair.it\\\/fr\\\/prodotto\\\/kit-daspiration-avec-filtre-hepa-integre-pour-les-bancs-sbv2\\\/#primaryimage\",\"url\":\"https:\\\/\\\/www.secureair.it\\\/wp-content\\\/uploads\\\/onpage\\\/op_image_4023c199c31715e4600c8293600336a06544aae6.1980x.webp\",\"contentUrl\":\"https:\\\/\\\/www.secureair.it\\\/wp-content\\\/uploads\\\/onpage\\\/op_image_4023c199c31715e4600c8293600336a06544aae6.1980x.webp\",\"width\":1980,\"height\":3094,\"caption\":\"canalizzazione aria esterno per banco aspirante\"},{\"@type\":\"BreadcrumbList\",\"@id\":\"https:\\\/\\\/www.secureair.it\\\/fr\\\/prodotto\\\/kit-daspiration-avec-filtre-hepa-integre-pour-les-bancs-sbv2\\\/#breadcrumb\",\"itemListElement\":[{\"@type\":\"ListItem\",\"position\":1,\"name\":\"Home\",\"item\":\"https:\\\/\\\/www.secureair.it\\\/fr\\\/\"},{\"@type\":\"ListItem\",\"position\":2,\"name\":\"Produits\",\"item\":\"https:\\\/\\\/www.secureair.it\\\/fr\\\/produits\\\/\"},{\"@type\":\"ListItem\",\"position\":3,\"name\":\"Kit d&rsquo;aspiration avec filtre HEPA int\u00e9gr\u00e9 pour les bancs SBV\"}]},{\"@type\":\"WebSite\",\"@id\":\"https:\\\/\\\/www.secureair.it\\\/#website\",\"url\":\"https:\\\/\\\/www.secureair.it\\\/\",\"name\":\"Secure Air\",\"description\":\"Sistemi di aspirazione professionali\",\"potentialAction\":[{\"@type\":\"SearchAction\",\"target\":{\"@type\":\"EntryPoint\",\"urlTemplate\":\"https:\\\/\\\/www.secureair.it\\\/?s={search_term_string}\"},\"query-input\":{\"@type\":\"PropertyValueSpecification\",\"valueRequired\":true,\"valueName\":\"search_term_string\"}}],\"inLanguage\":\"fr-FR\"}]}<\/script>\n<!-- \/ Yoast SEO plugin. -->","yoast_head_json":{"title":"Kit d'\u00e9vacuation avec filtre HEPA int\u00e9gr\u00e9 pour tables SBC-SBV - Secure Air","description":"Cerchi un Kit d'\u00e9vacuation avec filtre HEPA int\u00e9gr\u00e9 pour tables SBC-SBV? Compralo ora su Secure Air","robots":{"index":"index","follow":"follow","max-snippet":"max-snippet:-1","max-image-preview":"max-image-preview:large","max-video-preview":"max-video-preview:-1"},"canonical":"https:\/\/www.secureair.it\/fr\/prodotto\/kit-daspiration-avec-filtre-hepa-integre-pour-les-bancs-sbv2\/","og_locale":"fr_FR","og_type":"article","og_title":"Kit d'\u00e9vacuation avec filtre HEPA int\u00e9gr\u00e9 pour tables SBC-SBV - Secure Air","og_description":"Cerchi un Kit d'\u00e9vacuation avec filtre HEPA int\u00e9gr\u00e9 pour tables SBC-SBV? Compralo ora su Secure Air","og_url":"https:\/\/www.secureair.it\/fr\/prodotto\/kit-daspiration-avec-filtre-hepa-integre-pour-les-bancs-sbv2\/","og_site_name":"Secure Air","article_modified_time":"2026-04-28T22:00:04+00:00","og_image":[{"width":1980,"height":3094,"url":"https:\/\/www.secureair.it\/wp-content\/uploads\/onpage\/op_image_4023c199c31715e4600c8293600336a06544aae6.1980x.webp","type":"image\/webp"}],"twitter_card":"summary_large_image","schema":{"@context":"https:\/\/schema.org","@graph":[{"@type":"WebPage","@id":"https:\/\/www.secureair.it\/fr\/prodotto\/kit-daspiration-avec-filtre-hepa-integre-pour-les-bancs-sbv2\/","url":"https:\/\/www.secureair.it\/fr\/prodotto\/kit-daspiration-avec-filtre-hepa-integre-pour-les-bancs-sbv2\/","name":"Kit d'\u00e9vacuation avec filtre HEPA int\u00e9gr\u00e9 pour tables SBC-SBV - Secure Air","isPartOf":{"@id":"https:\/\/www.secureair.it\/#website"},"primaryImageOfPage":{"@id":"https:\/\/www.secureair.it\/fr\/prodotto\/kit-daspiration-avec-filtre-hepa-integre-pour-les-bancs-sbv2\/#primaryimage"},"image":{"@id":"https:\/\/www.secureair.it\/fr\/prodotto\/kit-daspiration-avec-filtre-hepa-integre-pour-les-bancs-sbv2\/#primaryimage"},"thumbnailUrl":"https:\/\/www.secureair.it\/wp-content\/uploads\/onpage\/op_image_4023c199c31715e4600c8293600336a06544aae6.1980x.webp","datePublished":"2026-01-22T15:00:07+00:00","dateModified":"2026-04-28T22:00:04+00:00","description":"Cerchi un Kit d'\u00e9vacuation avec filtre HEPA int\u00e9gr\u00e9 pour tables SBC-SBV? Compralo ora su Secure Air","breadcrumb":{"@id":"https:\/\/www.secureair.it\/fr\/prodotto\/kit-daspiration-avec-filtre-hepa-integre-pour-les-bancs-sbv2\/#breadcrumb"},"inLanguage":"fr-FR","potentialAction":[{"@type":"ReadAction","target":["https:\/\/www.secureair.it\/fr\/prodotto\/kit-daspiration-avec-filtre-hepa-integre-pour-les-bancs-sbv2\/"]}]},{"@type":"ImageObject","inLanguage":"fr-FR","@id":"https:\/\/www.secureair.it\/fr\/prodotto\/kit-daspiration-avec-filtre-hepa-integre-pour-les-bancs-sbv2\/#primaryimage","url":"https:\/\/www.secureair.it\/wp-content\/uploads\/onpage\/op_image_4023c199c31715e4600c8293600336a06544aae6.1980x.webp","contentUrl":"https:\/\/www.secureair.it\/wp-content\/uploads\/onpage\/op_image_4023c199c31715e4600c8293600336a06544aae6.1980x.webp","width":1980,"height":3094,"caption":"canalizzazione aria esterno per banco aspirante"},{"@type":"BreadcrumbList","@id":"https:\/\/www.secureair.it\/fr\/prodotto\/kit-daspiration-avec-filtre-hepa-integre-pour-les-bancs-sbv2\/#breadcrumb","itemListElement":[{"@type":"ListItem","position":1,"name":"Home","item":"https:\/\/www.secureair.it\/fr\/"},{"@type":"ListItem","position":2,"name":"Produits","item":"https:\/\/www.secureair.it\/fr\/produits\/"},{"@type":"ListItem","position":3,"name":"Kit d&rsquo;aspiration avec filtre HEPA int\u00e9gr\u00e9 pour les bancs SBV"}]},{"@type":"WebSite","@id":"https:\/\/www.secureair.it\/#website","url":"https:\/\/www.secureair.it\/","name":"Secure Air","description":"Sistemi di aspirazione professionali","potentialAction":[{"@type":"SearchAction","target":{"@type":"EntryPoint","urlTemplate":"https:\/\/www.secureair.it\/?s={search_term_string}"},"query-input":{"@type":"PropertyValueSpecification","valueRequired":true,"valueName":"search_term_string"}}],"inLanguage":"fr-FR"}]}},"_links":{"self":[{"href":"https:\/\/www.secureair.it\/fr\/wp-json\/wp\/v2\/product\/35167","targetHints":{"allow":["GET"]}}],"collection":[{"href":"https:\/\/www.secureair.it\/fr\/wp-json\/wp\/v2\/product"}],"about":[{"href":"https:\/\/www.secureair.it\/fr\/wp-json\/wp\/v2\/types\/product"}],"replies":[{"embeddable":true,"href":"https:\/\/www.secureair.it\/fr\/wp-json\/wp\/v2\/comments?post=35167"}],"wp:featuredmedia":[{"embeddable":true,"href":"https:\/\/www.secureair.it\/fr\/wp-json\/wp\/v2\/media\/34347"}],"wp:attachment":[{"href":"https:\/\/www.secureair.it\/fr\/wp-json\/wp\/v2\/media?parent=35167"}],"wp:term":[{"taxonomy":"product_brand","embeddable":true,"href":"https:\/\/www.secureair.it\/fr\/wp-json\/wp\/v2\/product_brand?post=35167"},{"taxonomy":"product_cat","embeddable":true,"href":"https:\/\/www.secureair.it\/fr\/wp-json\/wp\/v2\/product_cat?post=35167"},{"taxonomy":"product_tag","embeddable":true,"href":"https:\/\/www.secureair.it\/fr\/wp-json\/wp\/v2\/product_tag?post=35167"}],"curies":[{"name":"wp","href":"https:\/\/api.w.org\/{rel}","templated":true}]}}